{"id":9005,"date":"2024-10-28T20:04:33","date_gmt":"2024-10-28T12:04:33","guid":{"rendered":"https:\/\/shop.yipinqian.com\/product\/crafted-as-guanyin-with-yellow-natural-type-a-jadeite-jade-pendant-necklace-certificate-weighs-36-58-grams-measurement-53-5-36-9-12-mm-pendant310\/"},"modified":"2025-01-09T01:30:51","modified_gmt":"2025-01-08T17:30:51","slug":"crafted-as-guanyin-with-yellow-natural-type-a-jadeite-jade-pendant-necklace-certificate-weighs-36-58-grams-measurement-53-5-36-9-12-mm-pendant310","status":"publish","type":"product","link":"https:\/\/shop.yipinqian.com\/fr\/produit\/crafted-as-guanyin-with-yellow-natural-type-a-jadeite-jade-pendant-necklace-certificate-weighs-36-58-grams-measurement-53-5-36-9-12-mm-pendant310\/","title":{"rendered":"Collier pendentif en jade jad\u00e9ite naturelle de type A fabriqu\u00e9 en Guanyin, le certificat p\u00e8se 36,58 grammes, mesure 53,5 * 36,9 * 12 mm (pendentif310)"},"content":{"rendered":"<p>Ce collier exquis pr\u00e9sente un design Guanyin m\u00e9ticuleusement con\u00e7u, fabriqu\u00e9 avec un superbe jade jad\u00e9ite naturel jaune de type A.<\/p>\n<p><\/p>\n<p>Num\u00e9ros de certificat : ZGDTD080096<\/p>\n<p><img fetchpriority=\"high\" decoding=\"async\" src=\"https:\/\/shop.yipinqian.com\/wp-content\/uploads\/2024\/10\/2061698d6e62429583e3c7e3a8e146c6tplv-aphluv4xwc-origin-jpeg.jpeg?dr=15568&#038;nonce=13444&#038;refresh_token=49150d7a81063e8ab7d42d8b93439f9c&#038;from=476444299&#038;idc=my&#038;ps=933b5bde&#038;shcp=9b759fb9&#038;shp=1c65f68b&#038;t=555f072d\" width=\"1080\" height=\"1080\"><\/p>\n<ul>\n<li><strong>Caract\u00e9ristiques principales :<\/strong><\/li>\n<li>P\u00e8se 36,58 grammes<\/li>\n<li>Dimensions : 53,5 x 36,9 x 12 mm<\/li>\n<li>Livr\u00e9 avec un certificat (Oui)<\/li>\n<li>Originaire du Myanmar<\/li>\n<\/ul>\n<p><img decoding=\"async\" src=\"https:\/\/shop.yipinqian.com\/wp-content\/uploads\/2024\/10\/6ef593a6142d4a6391d95ab2a62b81aatplv-aphluv4xwc-origin-jpeg.jpeg?dr=15568&#038;nonce=54562&#038;refresh_token=7e86b90bd30ba0d2e62cad524b60aef3&#038;from=476444299&#038;idc=my&#038;ps=933b5bde&#038;shcp=9b759fb9&#038;shp=1c65f68b&#038;t=555f072d\" width=\"1080\" height=\"1080\"><\/p>\n<p>Le collier pendentif est con\u00e7u pour apporter des vibrations propices, parfait pour toutes les occasions et adapt\u00e9 aux hommes et aux femmes.<\/p>\n<ul>\n<li><strong>Informations Compl\u00e9mentaires:<\/strong><\/li>\n<li>Type de jade : Jad\u00e9ite<\/li>\n<li>Style de collier : D\u00e9contract\u00e9<\/li>\n<li>Aucune garantie<\/li>\n<\/ul>\n<p>Yi Pin Qian \u2013 N\u00e9gociant en pierres pr\u00e9cieuses et m\u00e9taux pr\u00e9cieux \u00e0 Singapour \u2013 Num\u00e9ro de licence PS20190000031<\/p>\n<p><\/p>\n<p>*Toutes les jad\u00e9ites achet\u00e9es chez Yi Pin Qian \u00e0 Singapour, les clients peuvent r\u00e9server des cr\u00e9neaux pour le polissage ou une r\u00e9paration mineure en cas de mauvaise manipulation - des frais s&#039;appliquent et uniquement pour les clients de Yi Pin Qian \u00e0 Singapour*<\/p>\n<p><\/p>\n<p><strong>**Types de certificats**<\/strong><\/p>\n<p><\/p>\n<p><strong>NGI (Nan Yang Gemmologie)<\/strong><\/p>\n<p>ou <strong>Certificats \u00e9trangers <\/strong>(Yi Pin Qian utilise uniquement des certificats authentiques provenant de laboratoires \u00e9trangers et contr\u00f4le \u00e9galement la qualit\u00e9 de chacun de nos produits avant de les mettre en vente \u00e0 Singapour)<\/p>\n<p><\/p>\n<p>Chaque produit sur TikTok aura le type de certificat fourni indiqu\u00e9 dans la description. Pour tout client souhaitant envoyer sa commande \u00e0 NGI Singapore, il y aura un d\u00e9lai d&#039;attente pour la livraison de la commande estim\u00e9 \u00e0 environ 4 semaines pour recevoir votre commande. <strong>Les demandes de rapport NGI Gemstone doivent \u00eatre effectu\u00e9es en nous envoyant un message.<\/strong> Merci, <strong><u>des frais suppl\u00e9mentaires s&#039;appliquent<\/u><\/strong>.<\/p>\n<p><\/p>\n<p><strong>La jad\u00e9ite naturelle n&#039;est pas parfaite, juste un petit rappel : notre jad\u00e9ite naturelle, comme toutes les belles choses de la nature, poss\u00e8de ses caract\u00e9ristiques et ses variations uniques. Nous invitons nos pr\u00e9cieux clients \u00e0 adopter ces variations naturelles. Bon shopping !<\/strong><\/p>\n<p><\/p>\n<p><strong><u>Aucune des photos et des s\u00e9quences vid\u00e9o n&#039;a \u00e9t\u00e9 filtr\u00e9e. Nous encourageons nos clients \u00e0 regarder \u00e9galement les vid\u00e9os d&#039;accompagnement pour une vue plus compl\u00e8te de nos produits<\/u><\/strong><\/p>\n<p><\/p>\n<ul>\n<li>Diff\u00e9rentes plates-formes ne peuvent visionner des vid\u00e9os que via le bureau<\/li>\n<\/ul>","protected":false},"excerpt":{"rendered":"<p>This exquisite necklace features a meticulously crafted Guanyin design, made with stunning Yellow Natural Type A Jadeite Jade. Certificate numbers: ZGDTD080096 Key Features: Weighs 36.58 grams Measurement: 53.5 * 36.9 * 12 mm Comes with a certificate (Yes) Originates from Myanmar The pendant necklace is designed to bring auspicious vibes, perfect for any occasion and [&hellip;]<\/p>","protected":false},"featured_media":9053,"comment_status":"open","ping_status":"closed","template":"","meta":[],"product_brand":[],"product_cat":[83,126,48],"product_tag":[52,107,65,55,82,56,58,75,60,68,62],"class_list":{"0":"post-9005","1":"product","2":"type-product","3":"status-publish","4":"has-post-thumbnail","6":"product_cat-jade-necklaces-pendants","7":"product_cat-new-arrivals","8":"product_cat-pendants","9":"product_tag-certified","10":"product_tag-guanyin","11":"product_tag-high-quality","12":"product_tag-jadeite","13":"product_tag-light-green","14":"product_tag-limited-editions","15":"product_tag-new-arrivals","16":"product_tag-traditional","17":"product_tag-type-a-jadeite","18":"product_tag-yellow","19":"product_tag-yi-pin-qian-exclusive","21":"first","22":"instock","23":"sale","24":"shipping-taxable","25":"purchasable","26":"product-type-simple"},"_links":{"self":[{"href":"https:\/\/shop.yipinqian.com\/fr\/wp-json\/wp\/v2\/product\/9005","targetHints":{"allow":["GET"]}}],"collection":[{"href":"https:\/\/shop.yipinqian.com\/fr\/wp-json\/wp\/v2\/product"}],"about":[{"href":"https:\/\/shop.yipinqian.com\/fr\/wp-json\/wp\/v2\/types\/product"}],"replies":[{"embeddable":true,"href":"https:\/\/shop.yipinqian.com\/fr\/wp-json\/wp\/v2\/comments?post=9005"}],"version-history":[{"count":0,"href":"https:\/\/shop.yipinqian.com\/fr\/wp-json\/wp\/v2\/product\/9005\/revisions"}],"wp:featuredmedia":[{"embeddable":true,"href":"https:\/\/shop.yipinqian.com\/fr\/wp-json\/wp\/v2\/media\/9053"}],"wp:attachment":[{"href":"https:\/\/shop.yipinqian.com\/fr\/wp-json\/wp\/v2\/media?parent=9005"}],"wp:term":[{"taxonomy":"product_brand","embeddable":true,"href":"https:\/\/shop.yipinqian.com\/fr\/wp-json\/wp\/v2\/product_brand?post=9005"},{"taxonomy":"product_cat","embeddable":true,"href":"https:\/\/shop.yipinqian.com\/fr\/wp-json\/wp\/v2\/product_cat?post=9005"},{"taxonomy":"product_tag","embeddable":true,"href":"https:\/\/shop.yipinqian.com\/fr\/wp-json\/wp\/v2\/product_tag?post=9005"}],"curies":[{"name":"wp","href":"https:\/\/api.w.org\/{rel}","templated":true}]}}