{"id":9004,"date":"2024-10-28T20:04:32","date_gmt":"2024-10-28T12:04:32","guid":{"rendered":"https:\/\/shop.yipinqian.com\/product\/crafted-as-faceless-buddha-with-natural-type-a-jadeite-jade-as-pendant-certificate-weighs-40-68-grams-measurement-69-5-29-5-11-6-mm-pendant314\/"},"modified":"2025-01-09T01:31:19","modified_gmt":"2025-01-08T17:31:19","slug":"crafted-as-faceless-buddha-with-natural-type-a-jadeite-jade-as-pendant-certificate-weighs-40-68-grams-measurement-69-5-29-5-11-6-mm-pendant314","status":"publish","type":"product","link":"https:\/\/shop.yipinqian.com\/fr\/produit\/crafted-as-faceless-buddha-with-natural-type-a-jadeite-jade-as-pendant-certificate-weighs-40-68-grams-measurement-69-5-29-5-11-6-mm-pendant314\/","title":{"rendered":"Fabriqu\u00e9 en tant que Bouddha sans visage avec du jade jad\u00e9ite naturel de type A comme pendentif, le certificat p\u00e8se 40,68 grammes, mesure 69,5 * 29,5 * 11,6 mm (pendentif314)"},"content":{"rendered":"<p>Ce pendentif exquis, connu sous le nom de Bouddha sans visage, est m\u00e9ticuleusement fabriqu\u00e9 avec de la jad\u00e9ite naturelle de type A<\/p>\n<p><\/p>\n<p>Certificate numbers: ZS24030500592<\/p>\n<p><img fetchpriority=\"high\" decoding=\"async\" src=\"https:\/\/shop.yipinqian.com\/wp-content\/uploads\/2024\/10\/ea8b4276614c4440ad661e0c06e8a693tplv-aphluv4xwc-origin-jpeg.jpeg?dr=15568&#038;nonce=19853&#038;refresh_token=1c847aac1eef35425bc9b2322ac5220e&#038;from=476444299&#038;idc=my&#038;ps=933b5bde&#038;shcp=9b759fb9&#038;shp=1c65f68b&#038;t=555f072d\" width=\"1080\" height=\"1080\"><\/p>\n<ul>\n<li>\n<strong>Poids:<\/strong> 40.68 grams<\/li>\n<li>\n<strong>Mesures:<\/strong> 69.5 * 29.5 * 11.6 mm<\/li>\n<li>\n<strong>Certificat:<\/strong> Oui<\/li>\n<li>\n<strong>Type de jade :<\/strong> Jad\u00e9ite<\/li>\n<li>Style de collier : D\u00e9contract\u00e9<\/li>\n<\/ul>\n<p><img decoding=\"async\" src=\"https:\/\/shop.yipinqian.com\/wp-content\/uploads\/2024\/10\/acf3d92e4fb846fa8e08ded900eadaf7tplv-aphluv4xwc-origin-jpeg.jpeg?dr=15568&#038;nonce=20128&#038;refresh_token=27af883eaf68093e1905c8e2f39eeb60&#038;from=476444299&#038;idc=my&#038;ps=933b5bde&#038;shcp=9b759fb9&#038;shp=1c65f68b&#038;t=555f072d\" width=\"1080\" height=\"1080\"><\/p>\n<p>The pendant showcases fine craftsmanship and intricate details, making it a unique and auspicious piece suitable for any occasion.<\/p>\n<p>This stunning pendant originates from Myanmar, known for its high-quality jade production.<\/p>\n<p>The Gender of this product is\/are Unisex. The Warranty Type of this product is\/are No.<\/p>\n<p><strong>La jad\u00e9ite naturelle n&#039;est pas parfaite, juste un petit rappel : notre jad\u00e9ite naturelle, comme toutes les belles choses de la nature, poss\u00e8de ses caract\u00e9ristiques et ses variations uniques. Nous invitons nos pr\u00e9cieux clients \u00e0 adopter ces variations naturelles. Bon shopping !<\/strong><\/p>\n<p><\/p>\n<p><strong><u>Aucune des photos et des s\u00e9quences vid\u00e9o n&#039;a \u00e9t\u00e9 filtr\u00e9e. Nous encourageons nos clients \u00e0 regarder \u00e9galement les vid\u00e9os d&#039;accompagnement pour une vue plus compl\u00e8te de nos produits<\/u><\/strong><\/p>\n<p><\/p>\n<ul>\n<li>Diff\u00e9rentes plates-formes ne peuvent visionner des vid\u00e9os que via le bureau<\/li>\n<\/ul>","protected":false},"excerpt":{"rendered":"<p>Ce pendentif exquis, connu sous le nom de Bouddha sans visage, est m\u00e9ticuleusement fabriqu\u00e9 avec du jade jad\u00e9ite naturel de type A. Num\u00e9ros de certificat : ZS24030500592 Poids : 40,68 grammes Dimensions : 69,5 * 29,5 * 11,6 mm Certificat : Oui Type de jade : jad\u00e9ite Style de collier : D\u00e9contract\u00e9 Le pendentif pr\u00e9sente un savoir-faire raffin\u00e9 et des d\u00e9tails complexes, ce qui en fait une pi\u00e8ce unique et propice adapt\u00e9e \u00e0 tout [\u2026]<\/p>","protected":false},"featured_media":9040,"comment_status":"open","ping_status":"closed","template":"","meta":[],"product_brand":[],"product_cat":[83,126,48],"product_tag":[51,52,55,58,73,75,60,61],"class_list":{"0":"post-9004","1":"product","2":"type-product","3":"status-publish","4":"has-post-thumbnail","6":"product_cat-jade-necklaces-pendants","7":"product_cat-new-arrivals","8":"product_cat-pendants","9":"product_tag-buddha","10":"product_tag-certified","11":"product_tag-jadeite","12":"product_tag-new-arrivals","13":"product_tag-pendant","14":"product_tag-traditional","15":"product_tag-type-a-jadeite","16":"product_tag-unisex","18":"first","19":"instock","20":"sale","21":"shipping-taxable","22":"purchasable","23":"product-type-simple"},"_links":{"self":[{"href":"https:\/\/shop.yipinqian.com\/fr\/wp-json\/wp\/v2\/product\/9004","targetHints":{"allow":["GET"]}}],"collection":[{"href":"https:\/\/shop.yipinqian.com\/fr\/wp-json\/wp\/v2\/product"}],"about":[{"href":"https:\/\/shop.yipinqian.com\/fr\/wp-json\/wp\/v2\/types\/product"}],"replies":[{"embeddable":true,"href":"https:\/\/shop.yipinqian.com\/fr\/wp-json\/wp\/v2\/comments?post=9004"}],"version-history":[{"count":0,"href":"https:\/\/shop.yipinqian.com\/fr\/wp-json\/wp\/v2\/product\/9004\/revisions"}],"wp:featuredmedia":[{"embeddable":true,"href":"https:\/\/shop.yipinqian.com\/fr\/wp-json\/wp\/v2\/media\/9040"}],"wp:attachment":[{"href":"https:\/\/shop.yipinqian.com\/fr\/wp-json\/wp\/v2\/media?parent=9004"}],"wp:term":[{"taxonomy":"product_brand","embeddable":true,"href":"https:\/\/shop.yipinqian.com\/fr\/wp-json\/wp\/v2\/product_brand?post=9004"},{"taxonomy":"product_cat","embeddable":true,"href":"https:\/\/shop.yipinqian.com\/fr\/wp-json\/wp\/v2\/product_cat?post=9004"},{"taxonomy":"product_tag","embeddable":true,"href":"https:\/\/shop.yipinqian.com\/fr\/wp-json\/wp\/v2\/product_tag?post=9004"}],"curies":[{"name":"wp","href":"https:\/\/api.w.org\/{rel}","templated":true}]}}