{"id":9001,"date":"2024-10-28T20:04:31","date_gmt":"2024-10-28T12:04:31","guid":{"rendered":"https:\/\/shop.yipinqian.com\/product\/burma-premium-quality-icy-translucent-natural-type-a-jadeite-jade-crafted-as-milo-buddha-added-18k-gold-clasp-as-pendant-certificate-weighs-4-9-grams-measurement-18-25-1-7-mm-18kp69\/"},"modified":"2025-02-24T01:17:24","modified_gmt":"2025-02-23T17:17:24","slug":"burma-premium-quality-icy-translucent-natural-type-a-jadeite-jade-crafted-as-milo-buddha-added-18k-gold-clasp-as-pendant-certificate-weighs-4-9-grams-measurement-18-25-1-7-mm-18kp69","status":"publish","type":"product","link":"https:\/\/shop.yipinqian.com\/fr\/produit\/burma-premium-quality-icy-translucent-natural-type-a-jadeite-jade-crafted-as-milo-buddha-added-18k-gold-clasp-as-pendant-certificate-weighs-4-9-grams-measurement-18-25-1-7-mm-18kp69\/","title":{"rendered":"Jade jad\u00e9ite translucide de qualit\u00e9 sup\u00e9rieure de Birmanie, type A naturel, fa\u00e7onn\u00e9 en forme de Bouddha Milo, avec fermoir en or 18 carats ajout\u00e9 comme pendentif, certificat pesant 4,9 grammes, mesurant 18 * 25,1 * 7 mm (18kp69)"},"content":{"rendered":"<p>Ce pendentif en jade jad\u00e9ite naturel translucide glac\u00e9 de type A de qualit\u00e9 sup\u00e9rieure de Birmanie est con\u00e7u de mani\u00e8re experte en forme de Bouddha Milo, accentu\u00e9 d&#039;un \u00e9l\u00e9gant fermoir en or 18 carats.<\/p>\n<p><\/p>\n<p>Num\u00e9ros de certificat : GD2112H009376<\/p>\n<p><img fetchpriority=\"high\" decoding=\"async\" src=\"https:\/\/shop.yipinqian.com\/wp-content\/uploads\/2024\/10\/06fe784420b44943b78406e1e5bdb485tplv-aphluv4xwc-origin-jpeg.jpeg?dr=15568&#038;nonce=1927&#038;refresh_token=b94d1869ea8b06d72179b1d2ca313e98&#038;from=476444299&#038;idc=my&#038;ps=933b5bde&#038;shcp=9b759fb9&#038;shp=1c65f68b&#038;t=555f072d\" width=\"1080\" height=\"1080\"><\/p>\n<ul>\n<li>Mat\u00e9riau : PT\/Carat Or : 0,3 gramme<\/li>\n<li>Poids : 4,9 grammes<\/li>\n<li>Mesure: 18 * 25,1 * 7 mm<\/li>\n<li>Type de jade : Jad\u00e9ite<\/li>\n<li>Certificat inclus : Oui<\/li>\n<li>Pays d&#039;origine : Myanmar<\/li>\n<li>Occasion : de bon augure, parfait pour un usage quotidien ou pour des occasions sp\u00e9ciales.<\/li>\n<\/ul>\n<p><img decoding=\"async\" src=\"https:\/\/shop.yipinqian.com\/wp-content\/uploads\/2024\/10\/3be0c7310746406f967a9c0873e683e9tplv-aphluv4xwc-origin-jpeg.jpeg?dr=15568&#038;nonce=26934&#038;refresh_token=78f7c54cdbabe4474b3434450f5471d8&#038;from=476444299&#038;idc=my&#038;ps=933b5bde&#038;shcp=9b759fb9&#038;shp=1c65f68b&#038;t=555f072d\" width=\"1080\" height=\"1080\"><\/p>\n<p>Ce pendentif unique d\u00e9gage un sentiment d&#039;\u00e9l\u00e9gance et de spiritualit\u00e9, adapt\u00e9 aussi bien aux hommes qu&#039;aux femmes avec un design unisexe. La qualit\u00e9 translucide glac\u00e9e du jade jad\u00e9ite ajoute une touche de sophistication \u00e0 n&#039;importe quelle tenue.<\/p>\n<ul>\n<li>Style de collier : D\u00e9contract\u00e9, suffisamment polyvalent pour compl\u00e9ter diff\u00e9rents styles et tenues sans effort.<\/li>\n<\/ul>\n<p>Yi Pin Qian \u2013 N\u00e9gociant en pierres pr\u00e9cieuses et m\u00e9taux pr\u00e9cieux \u00e0 Singapour \u2013 Num\u00e9ro de licence PS20190000031<\/p>\n<p><\/p>\n<p>*Toutes les jad\u00e9ites achet\u00e9es chez Yi Pin Qian \u00e0 Singapour, les clients peuvent r\u00e9server des cr\u00e9neaux pour le polissage ou une r\u00e9paration mineure en cas de mauvaise manipulation - des frais s&#039;appliquent et uniquement pour les clients de Yi Pin Qian \u00e0 Singapour*<\/p>\n<p><\/p>\n<p><strong>**Types de certificats**<\/strong><\/p>\n<p><\/p>\n<p><strong>NGI (Nan Yang Gemmologie)<\/strong><\/p>\n<p>ou <strong>Certificats \u00e9trangers <\/strong>(Yi Pin Qian utilise uniquement des certificats authentiques provenant de laboratoires \u00e9trangers et contr\u00f4le \u00e9galement la qualit\u00e9 de chacun de nos produits avant de les mettre en vente \u00e0 Singapour)<\/p>\n<p><\/p>\n<p>Chaque produit sur TikTok aura le type de certificat fourni indiqu\u00e9 dans la description. Pour tout client souhaitant envoyer sa commande \u00e0 NGI Singapore, il y aura un d\u00e9lai d&#039;attente pour la livraison de la commande estim\u00e9 \u00e0 environ 4 semaines pour recevoir votre commande. <strong>Les demandes de rapport NGI Gemstone doivent \u00eatre effectu\u00e9es en nous envoyant un message.<\/strong> Merci, <strong><u>des frais suppl\u00e9mentaires s&#039;appliquent<\/u><\/strong>.<\/p>\n<p><\/p>\n<p><strong>La jad\u00e9ite naturelle n&#039;est pas parfaite, juste un petit rappel : notre jad\u00e9ite naturelle, comme toutes les belles choses de la nature, poss\u00e8de ses caract\u00e9ristiques et ses variations uniques. Nous invitons nos pr\u00e9cieux clients \u00e0 adopter ces variations naturelles. Bon shopping !<\/strong><\/p>\n<p><\/p>\n<p><strong><u>Aucune des photos et des s\u00e9quences vid\u00e9o n&#039;a \u00e9t\u00e9 filtr\u00e9e. Nous encourageons nos clients \u00e0 regarder \u00e9galement les vid\u00e9os d&#039;accompagnement pour une vue plus compl\u00e8te de nos produits<\/u><\/strong><\/p>\n<p><\/p>\n<ul>\n<li>Diff\u00e9rentes plates-formes ne peuvent visionner des vid\u00e9os que via le bureau<\/li>\n<\/ul>","protected":false},"excerpt":{"rendered":"<p>This Burma Premium Quality Icy Translucent Natural Type A Jadeite Jade pendant is expertly crafted in the shape of Milo Buddha, accented with an elegant 18k Gold Clasp. Certificate numbers: GD2112H009376 Material: PT\/Carat Gold: 0.3 grams Weight: 4.9 grams Measurement: 18 * 25.1 * 7 mm Jade Type: Jadeite Certificate Included: Yes Country of Origin: [&hellip;]<\/p>","protected":false},"featured_media":9027,"comment_status":"open","ping_status":"closed","template":"","meta":[],"product_brand":[],"product_cat":[195],"product_tag":[50,51,52,53,65,54,55,56,57,58,73,59,60,61,62],"class_list":{"0":"post-9001","1":"product","2":"type-product","3":"status-publish","4":"has-post-thumbnail","6":"product_cat-heirloom-grade","7":"product_tag-18k-gold","8":"product_tag-buddha","9":"product_tag-certified","10":"product_tag-fine-quality","11":"product_tag-high-quality","12":"product_tag-icy","13":"product_tag-jadeite","14":"product_tag-limited-editions","15":"product_tag-milo-buddha","16":"product_tag-new-arrivals","17":"product_tag-pendant","18":"product_tag-translucent","19":"product_tag-type-a-jadeite","20":"product_tag-unisex","21":"product_tag-yi-pin-qian-exclusive","23":"first","24":"instock","25":"sale","26":"shipping-taxable","27":"purchasable","28":"product-type-simple"},"_links":{"self":[{"href":"https:\/\/shop.yipinqian.com\/fr\/wp-json\/wp\/v2\/product\/9001","targetHints":{"allow":["GET"]}}],"collection":[{"href":"https:\/\/shop.yipinqian.com\/fr\/wp-json\/wp\/v2\/product"}],"about":[{"href":"https:\/\/shop.yipinqian.com\/fr\/wp-json\/wp\/v2\/types\/product"}],"replies":[{"embeddable":true,"href":"https:\/\/shop.yipinqian.com\/fr\/wp-json\/wp\/v2\/comments?post=9001"}],"version-history":[{"count":0,"href":"https:\/\/shop.yipinqian.com\/fr\/wp-json\/wp\/v2\/product\/9001\/revisions"}],"wp:featuredmedia":[{"embeddable":true,"href":"https:\/\/shop.yipinqian.com\/fr\/wp-json\/wp\/v2\/media\/9027"}],"wp:attachment":[{"href":"https:\/\/shop.yipinqian.com\/fr\/wp-json\/wp\/v2\/media?parent=9001"}],"wp:term":[{"taxonomy":"product_brand","embeddable":true,"href":"https:\/\/shop.yipinqian.com\/fr\/wp-json\/wp\/v2\/product_brand?post=9001"},{"taxonomy":"product_cat","embeddable":true,"href":"https:\/\/shop.yipinqian.com\/fr\/wp-json\/wp\/v2\/product_cat?post=9001"},{"taxonomy":"product_tag","embeddable":true,"href":"https:\/\/shop.yipinqian.com\/fr\/wp-json\/wp\/v2\/product_tag?post=9001"}],"curies":[{"name":"wp","href":"https:\/\/api.w.org\/{rel}","templated":true}]}}