{"id":8997,"date":"2024-10-28T20:04:28","date_gmt":"2024-10-28T12:04:28","guid":{"rendered":"https:\/\/shop.yipinqian.com\/product\/58-77-mm-light-lavender-black-wuji-peace-bangle-natural-type-a-jadeite-jade-certificate-weighs-57-84-grams-width-13-9-mm-thickness-7-5-mm-bangle15\/"},"modified":"2025-02-24T00:49:49","modified_gmt":"2025-02-23T16:49:49","slug":"58-77-mm-light-lavender-black-wuji-peace-bangle-natural-type-a-jadeite-jade-certificate-weighs-57-84-grams-width-13-9-mm-thickness-7-5-mm-bangle15","status":"publish","type":"product","link":"https:\/\/shop.yipinqian.com\/fr\/produit\/58-77-mm-light-lavender-black-wuji-peace-bangle-natural-type-a-jadeite-jade-certificate-weighs-57-84-grams-width-13-9-mm-thickness-7-5-mm-bangle15\/","title":{"rendered":"Bracelet Wuji Peace lavande clair 58,77 mm, jade jad\u00e9ite naturel de type A, certificat p\u00e8se 57,84 grammes, largeur : 13,9 mm, \u00e9paisseur : 7,5 mm (bracelet 15)"},"content":{"rendered":"<p>Ce bracelet exquis pr\u00e9sente un design de bracelet Wuji Peace lavande clair et noir de 58,77 mm, fabriqu\u00e9 \u00e0 partir de jade jad\u00e9ite naturel de type A.<\/p>\n<p>Num\u00e9ros de certificat : GD2011H014800<\/p>\n<ul>\n<li>\n<strong>Poids et dimensions :<\/strong> Avec un poids de 57,84 grammes, ce bracelet a une largeur de 13,9 mm et une \u00e9paisseur de 7,5 mm. Taille : 58,77 mm<\/li>\n<li><strong>Attributs du produit :<\/strong><\/li>\n<\/ul>\n<p><img fetchpriority=\"high\" decoding=\"async\" src=\"https:\/\/shop.yipinqian.com\/wp-content\/uploads\/2024\/10\/f99d368ae4584ce49eb52c476835fd82tplv-aphluv4xwc-origin-jpeg.jpeg?dr=15568&#038;nonce=81914&#038;refresh_token=6db907a672306ca530a8006442120a5c&#038;from=476444299&#038;idc=my&#038;ps=933b5bde&#038;shcp=9b759fb9&#038;shp=1c65f68b&#038;t=555f072d\" width=\"526\" height=\"362\"><br \/><img decoding=\"async\" src=\"https:\/\/shop.yipinqian.com\/wp-content\/uploads\/2024\/10\/0b100c0ce9844d98a272636a3996cfaftplv-aphluv4xwc-origin-jpeg.jpeg?dr=15568&#038;nonce=26612&#038;refresh_token=749bfbe682ce014d52e8f2b597a89cfd&#038;from=476444299&#038;idc=my&#038;ps=933b5bde&#038;shcp=9b759fb9&#038;shp=1c65f68b&#038;t=555f072d\" width=\"1080\" height=\"1080\"><br \/><img decoding=\"async\" src=\"https:\/\/shop.yipinqian.com\/wp-content\/uploads\/2024\/10\/792141f31ea645d085a2725445123d6etplv-aphluv4xwc-origin-jpeg.jpeg?dr=15568&#038;nonce=37406&#038;refresh_token=ae085c6edce881022fb5ef2cafc55aa5&#038;from=476444299&#038;idc=my&#038;ps=933b5bde&#038;shcp=9b759fb9&#038;shp=1c65f68b&#038;t=555f072d\" width=\"1080\" height=\"1080\"><\/p>\n<p>Le bracelet est accompagn\u00e9 d&#039;un certificat confirmant son authenticit\u00e9. Le pays d&#039;origine de cette superbe pi\u00e8ce est le Myanmar, adapt\u00e9e \u00e0 un usage quotidien car elle est con\u00e7ue comme un accessoire unisexe sans aucune garantie.<\/p>\n<p><\/p>\n<p><strong>La jad\u00e9ite naturelle n&#039;est pas parfaite, juste un petit rappel : notre jad\u00e9ite naturelle, comme toutes les belles choses de la nature, poss\u00e8de ses caract\u00e9ristiques et ses variations uniques. Nous invitons nos pr\u00e9cieux clients \u00e0 adopter ces variations naturelles. Bon shopping !<\/strong><\/p>\n<p><\/p>\n<p><strong><u>Aucune des photos et des s\u00e9quences vid\u00e9o n&#039;a \u00e9t\u00e9 filtr\u00e9e. Nous encourageons nos clients \u00e0 regarder \u00e9galement les vid\u00e9os d&#039;accompagnement pour une vue plus compl\u00e8te de nos produits<\/u><\/strong><\/p>\n<p><\/p>\n<ul>\n<li>Diff\u00e9rentes plates-formes ne peuvent visionner des vid\u00e9os que via le bureau<\/li>\n<\/ul>","protected":false},"excerpt":{"rendered":"<p>Ce bracelet exquis pr\u00e9sente un design de bracelet de paix Wuji lavande clair et noir de 58,77 mm, fabriqu\u00e9 en jade jad\u00e9ite naturel de type A. Num\u00e9ros de certificat : GD2011H014800 Poids et dimensions : Pesant 57,84 grammes, ce bracelet a une largeur de 13,9 mm et une \u00e9paisseur de 7,5 mm. Taille : 58,77 mm Attributs du produit : Le bracelet est livr\u00e9 avec un [\u2026]<\/p>","protected":false},"featured_media":9008,"comment_status":"open","ping_status":"closed","template":"","meta":[],"product_brand":[],"product_cat":[194],"product_tag":[86,140,102,52,65,55,108,58,113,75,60,61,62],"class_list":{"0":"post-8997","1":"product","2":"type-product","3":"status-publish","4":"has-post-thumbnail","6":"product_cat-value-picks","7":"product_tag-bangle","8":"product_tag-black-wuji","9":"product_tag-bracelet","10":"product_tag-certified","11":"product_tag-high-quality","12":"product_tag-jadeite","13":"product_tag-light-lavender","14":"product_tag-new-arrivals","15":"product_tag-peace-bangle","16":"product_tag-traditional","17":"product_tag-type-a-jadeite","18":"product_tag-unisex","19":"product_tag-yi-pin-qian-exclusive","21":"first","22":"instock","23":"sale","24":"shipping-taxable","25":"purchasable","26":"product-type-simple"},"_links":{"self":[{"href":"https:\/\/shop.yipinqian.com\/fr\/wp-json\/wp\/v2\/product\/8997","targetHints":{"allow":["GET"]}}],"collection":[{"href":"https:\/\/shop.yipinqian.com\/fr\/wp-json\/wp\/v2\/product"}],"about":[{"href":"https:\/\/shop.yipinqian.com\/fr\/wp-json\/wp\/v2\/types\/product"}],"replies":[{"embeddable":true,"href":"https:\/\/shop.yipinqian.com\/fr\/wp-json\/wp\/v2\/comments?post=8997"}],"version-history":[{"count":0,"href":"https:\/\/shop.yipinqian.com\/fr\/wp-json\/wp\/v2\/product\/8997\/revisions"}],"wp:featuredmedia":[{"embeddable":true,"href":"https:\/\/shop.yipinqian.com\/fr\/wp-json\/wp\/v2\/media\/9008"}],"wp:attachment":[{"href":"https:\/\/shop.yipinqian.com\/fr\/wp-json\/wp\/v2\/media?parent=8997"}],"wp:term":[{"taxonomy":"product_brand","embeddable":true,"href":"https:\/\/shop.yipinqian.com\/fr\/wp-json\/wp\/v2\/product_brand?post=8997"},{"taxonomy":"product_cat","embeddable":true,"href":"https:\/\/shop.yipinqian.com\/fr\/wp-json\/wp\/v2\/product_cat?post=8997"},{"taxonomy":"product_tag","embeddable":true,"href":"https:\/\/shop.yipinqian.com\/fr\/wp-json\/wp\/v2\/product_tag?post=8997"}],"curies":[{"name":"wp","href":"https:\/\/api.w.org\/{rel}","templated":true}]}}