{"id":8962,"date":"2024-10-28T20:03:19","date_gmt":"2024-10-28T12:03:19","guid":{"rendered":"https:\/\/shop.yipinqian.com\/product\/53-5-mm-light-green-with-brown-patch-quality-burma-natural-type-a-jadeite-jade-crafted-as-peace-bangle-certificate-weighs-50-76-grams-width-13-mm-thickness-7-6-mm-bangle16\/"},"modified":"2025-01-26T00:00:48","modified_gmt":"2025-01-25T16:00:48","slug":"53-5-mm-light-green-with-brown-patch-quality-burma-natural-type-a-jadeite-jade-crafted-as-peace-bangle-certificate-weighs-50-76-grams-width-13-mm-thickness-7-6-mm-bangle16","status":"publish","type":"product","link":"https:\/\/shop.yipinqian.com\/fr\/produit\/53-5-mm-light-green-with-brown-patch-quality-burma-natural-type-a-jadeite-jade-crafted-as-peace-bangle-certificate-weighs-50-76-grams-width-13-mm-thickness-7-6-mm-bangle16\/","title":{"rendered":"Bracelet jonc de paix en jade jad\u00e9ite naturelle de Birmanie de type A de 53,5 mm de qualit\u00e9, vert clair avec des taches brunes, certificat pesant 50,76 grammes, largeur : 13 mm, \u00e9paisseur : 7,6 mm (bracelet 16)"},"content":{"rendered":"<p>Ce bracelet jonc Peace en jade jad\u00e9ite naturelle de Birmanie de type A de 53,5 mm de qualit\u00e9 vert clair avec des taches marron est un superbe accessoire \u00e0 porter au quotidien.<\/p>\n<p><img fetchpriority=\"high\" decoding=\"async\" src=\"https:\/\/shop.yipinqian.com\/wp-content\/uploads\/2024\/10\/f6f26c1bb42547438edc388f1d27d78atplv-aphluv4xwc-origin-jpeg.jpeg?dr=15568&#038;nonce=43413&#038;refresh_token=4328647e38270977f295ad4d91e5a601&#038;from=476444299&#038;idc=my&#038;ps=933b5bde&#038;shcp=9b759fb9&#038;shp=1c65f68b&#038;t=555f072d\" width=\"526\" height=\"362\"><\/p>\n<p>Num\u00e9ros de certificat : GD2110H002973<\/p>\n<p><img decoding=\"async\" src=\"https:\/\/shop.yipinqian.com\/wp-content\/uploads\/2024\/10\/545161e044d04ac0a2e0f55dfc0b3c46tplv-aphluv4xwc-origin-jpeg.jpeg?dr=15568&#038;nonce=96430&#038;refresh_token=a2ec0cf7049ec7cc2940264b9cadaa0e&#038;from=476444299&#038;idc=my&#038;ps=933b5bde&#038;shcp=9b759fb9&#038;shp=1c65f68b&#038;t=555f072d\" width=\"1080\" height=\"1080\"><\/p>\n<ul>\n<li>Fabriqu\u00e9 avec du v\u00e9ritable jade jad\u00e9ite de type A<\/li>\n<li>P\u00e8se 50,76 grammes<\/li>\n<li>Largeur : 13 mm, \u00e9paisseur : 7,6 mm (bangle16)<\/li>\n<\/ul>\n<p><img decoding=\"async\" src=\"https:\/\/shop.yipinqian.com\/wp-content\/uploads\/2024\/10\/043a65da8f34416fb1821cb27c1f691atplv-aphluv4xwc-origin-jpeg.jpeg?dr=15568&#038;nonce=65905&#038;refresh_token=3c7150fc51a41617356aa5255ba0cd90&#038;from=476444299&#038;idc=my&#038;ps=933b5bde&#038;shcp=9b759fb9&#038;shp=1c65f68b&#038;t=555f072d\" width=\"1080\" height=\"1080\"><\/p>\n<p>Originaire du Myanmar, ce bracelet respire l&#039;\u00e9l\u00e9gance et le style, parfait pour les femmes.<\/p>\n<ul>\n<li>Livr\u00e9 avec un certificat d&#039;authenticit\u00e9<\/li>\n<li>Le bracelet de type jonc assure un ajustement s\u00fbr et confortable<\/li>\n<\/ul>","protected":false},"excerpt":{"rendered":"<p>Ce bracelet Peace en jade jad\u00e9ite de Birmanie de type A de qualit\u00e9 naturelle de 53,5 mm, vert clair avec des taches brunes, est un superbe accessoire \u00e0 porter au quotidien. Num\u00e9ros de certificat : GD2110H002973 Fabriqu\u00e9 en v\u00e9ritable jade jad\u00e9ite de type A P\u00e8se 50,76 grammes Largeur : 13 mm, \u00e9paisseur : 7,6 mm (bracelet 16) Originaire du Myanmar, ce bracelet respire l&#039;\u00e9l\u00e9gance et le style, parfait pour [\u2026]<\/p>","protected":false},"featured_media":8988,"comment_status":"open","ping_status":"closed","template":"","meta":[],"product_brand":[],"product_cat":[121,87,126],"product_tag":[86,102,139,52,65,55,82,58,113,75,60],"class_list":{"0":"post-8962","1":"product","2":"type-product","3":"status-publish","4":"has-post-thumbnail","6":"product_cat-bracelets-bangles","7":"product_cat-jade-bracelets-anklets","8":"product_cat-new-arrivals","9":"product_tag-bangle","10":"product_tag-bracelet","11":"product_tag-brown","12":"product_tag-certified","13":"product_tag-high-quality","14":"product_tag-jadeite","15":"product_tag-light-green","16":"product_tag-new-arrivals","17":"product_tag-peace-bangle","18":"product_tag-traditional","19":"product_tag-type-a-jadeite","21":"first","22":"instock","23":"sale","24":"shipping-taxable","25":"purchasable","26":"product-type-simple"},"_links":{"self":[{"href":"https:\/\/shop.yipinqian.com\/fr\/wp-json\/wp\/v2\/product\/8962","targetHints":{"allow":["GET"]}}],"collection":[{"href":"https:\/\/shop.yipinqian.com\/fr\/wp-json\/wp\/v2\/product"}],"about":[{"href":"https:\/\/shop.yipinqian.com\/fr\/wp-json\/wp\/v2\/types\/product"}],"replies":[{"embeddable":true,"href":"https:\/\/shop.yipinqian.com\/fr\/wp-json\/wp\/v2\/comments?post=8962"}],"version-history":[{"count":0,"href":"https:\/\/shop.yipinqian.com\/fr\/wp-json\/wp\/v2\/product\/8962\/revisions"}],"wp:featuredmedia":[{"embeddable":true,"href":"https:\/\/shop.yipinqian.com\/fr\/wp-json\/wp\/v2\/media\/8988"}],"wp:attachment":[{"href":"https:\/\/shop.yipinqian.com\/fr\/wp-json\/wp\/v2\/media?parent=8962"}],"wp:term":[{"taxonomy":"product_brand","embeddable":true,"href":"https:\/\/shop.yipinqian.com\/fr\/wp-json\/wp\/v2\/product_brand?post=8962"},{"taxonomy":"product_cat","embeddable":true,"href":"https:\/\/shop.yipinqian.com\/fr\/wp-json\/wp\/v2\/product_cat?post=8962"},{"taxonomy":"product_tag","embeddable":true,"href":"https:\/\/shop.yipinqian.com\/fr\/wp-json\/wp\/v2\/product_tag?post=8962"}],"curies":[{"name":"wp","href":"https:\/\/api.w.org\/{rel}","templated":true}]}}