{"id":1886,"date":"2024-10-24T23:23:26","date_gmt":"2024-10-24T15:23:26","guid":{"rendered":"https:\/\/shop.yipinqian.com\/product\/yellow-with-a-bit-reddish-natural-type-a-jadeite-jade-cabochon-8-6-7-3-6-mm-set-on-18k-gold-as-ring-adding-2-diamonds-with-certificate-weigh-2-08-grams-finger-size-16-8-mm-18kring13\/"},"modified":"2025-02-17T00:04:19","modified_gmt":"2025-02-16T16:04:19","slug":"yellow-with-a-bit-reddish-natural-type-a-jadeite-jade-cabochon-8-6-7-3-6-mm-set-on-18k-gold-as-ring-adding-2-diamonds-with-certificate-weigh-2-08-grams-finger-size-16-8-mm-18kring13","status":"publish","type":"product","link":"https:\/\/shop.yipinqian.com\/fr\/produit\/yellow-with-a-bit-reddish-natural-type-a-jadeite-jade-cabochon-8-6-7-3-6-mm-set-on-18k-gold-as-ring-adding-2-diamonds-with-certificate-weigh-2-08-grams-finger-size-16-8-mm-18kring13\/","title":{"rendered":"Cabochon de jade jad\u00e9ite naturelle de type A jaune l\u00e9g\u00e8rement rouge\u00e2tre 8,6 * 7 * 3,6 mm serti sur or 18 carats comme bague ajoutant 2 diamants avec certificat p\u00e8se 2,08 grammes, taille de doigt 16,8 mm (18kring13)"},"content":{"rendered":"<p>Cette superbe bague en cabochon de jade jad\u00e9ite naturelle de type A jaune l\u00e9g\u00e8rement rouge\u00e2tre est un v\u00e9ritable chef-d&#039;\u0153uvre.<strong> 8,6 * 7 * 3,6 mm<\/strong> le cabochon est parfaitement plac\u00e9 sur un <strong>Or 18 carats<\/strong> bande qui ajoute \u00e0 son charme.<\/p>\n<ul>\n<li>Les diamants <strong>2 * 0,006 carat<\/strong> de chaque c\u00f4t\u00e9 du cabochon accentuent encore davantage la beaut\u00e9 de cette superbe bague.<\/li>\n<li>Cette bague p\u00e8se \u00e0 peine <strong>2,08 grammes<\/strong> et a une taille de doigt de 16,8 mm, ce qui le rend confortable \u00e0 porter au quotidien.<\/li>\n<\/ul>\n<ul>\n<li><strong>Num\u00e9ros de certificat : GD2203H013240<\/strong><\/li>\n<li><strong>Poids de l&#039;or 18 carats : 1,65 gramme<\/strong><\/li>\n<li><strong>Jade jad\u00e9ite Poids : 0,43 gramme<\/strong><\/li>\n<\/ul>\n<p>Le mat\u00e9riau principal utilis\u00e9 dans cette pi\u00e8ce est le jade jad\u00e9ite naturel de type A, originaire du Myanmar, et a \u00e9t\u00e9 savamment fa\u00e7onn\u00e9 pour en faire un bijou exquis que toute femme aimerait poss\u00e9der.<\/p>\n<ul>\n<li>En gage de son authenticit\u00e9 et de sa qualit\u00e9, il est accompagn\u00e9 d&#039;une certification afin que vous puissiez \u00eatre s\u00fbr de votre d\u00e9cision d&#039;achat<\/li>\n<li>Les diamants utilis\u00e9s dans la conception sont des mat\u00e9riaux secondaires qui compl\u00e8tent parfaitement la beaut\u00e9 naturelle du jade,<\/li>\n<\/ul>\n<p>Le mat\u00e9riau de monture de ce chef-d&#039;\u0153uvre est l&#039;or PT\/Carat, ce qui ajoute \u00e9norm\u00e9ment \u00e0 son attrait ainsi qu&#039;\u00e0 sa long\u00e9vit\u00e9. Il peut \u00eatre port\u00e9 en toute occasion, ce qui en fait une alternative id\u00e9ale aux bijoux \u00e0 porter au quotidien pour votre garde-robe<\/p>\n<ul>\n<li>Remarque : Type de garantie : Non ; Sexe : Femme ; Occasion : Quotidien ;<\/li>\n<\/ul>\n<p>Yi Pin Qian \u2013 N\u00e9gociant en pierres pr\u00e9cieuses et m\u00e9taux pr\u00e9cieux \u00e0 Singapour \u2013 Num\u00e9ro de licence PS20190000031<\/p>\n<p><\/p>\n<p>*Toutes les jad\u00e9ites achet\u00e9es chez Yi Pin Qian \u00e0 Singapour, les clients peuvent r\u00e9server des cr\u00e9neaux pour le polissage ou une r\u00e9paration mineure en cas de mauvaise manipulation - des frais s&#039;appliquent et uniquement pour les clients de Yi Pin Qian \u00e0 Singapour*<\/p>\n<p><\/p>\n<p><strong>**Types de certificats**<\/strong><\/p>\n<p><\/p>\n<p><strong>NGI (Nan Yang Gemmologie)<\/strong><\/p>\n<p>ou <strong>Certificats \u00e9trangers <\/strong>(Yi Pin Qian utilise uniquement des certificats authentiques provenant de laboratoires \u00e9trangers et contr\u00f4le \u00e9galement la qualit\u00e9 de chacun de nos produits avant de les mettre en vente \u00e0 Singapour)<\/p>\n<p><\/p>\n<p>Chaque produit sur TikTok aura le type de certificat fourni indiqu\u00e9 dans la description. Pour tout client souhaitant envoyer sa commande \u00e0 NGI Singapore, il y aura un d\u00e9lai d&#039;attente pour la livraison de la commande estim\u00e9 \u00e0 environ 4 semaines pour recevoir votre commande. <strong>Les demandes de rapport sur les pierres pr\u00e9cieuses NGI doivent \u00eatre effectu\u00e9es en envoyant un message \u00e0 la boutique TikTok de Yi Pin Qian.<\/strong> Merci, <strong><u>des frais suppl\u00e9mentaires s&#039;appliquent<\/u><\/strong>.<\/p>\n<p><\/p>\n<p><strong>La jad\u00e9ite naturelle n&#039;est pas parfaite, juste un petit rappel : notre jad\u00e9ite naturelle, comme toutes les belles choses de la nature, poss\u00e8de ses caract\u00e9ristiques et ses variations uniques. Nous invitons nos pr\u00e9cieux clients \u00e0 adopter ces variations naturelles. Bon shopping !<\/strong><\/p>\n<p><\/p>\n<p><strong><u>Aucune des photos et des s\u00e9quences vid\u00e9o n&#039;a \u00e9t\u00e9 filtr\u00e9e. Nous encourageons nos clients \u00e0 regarder \u00e9galement les vid\u00e9os d&#039;accompagnement pour une vue plus compl\u00e8te de nos produits<\/u><\/strong><\/p>","protected":false},"excerpt":{"rendered":"<p>This exquisite Yellow with a bit reddish Natural Type A Jadeite Jade Cabochon ring is a true masterpiece. The 8.6 * 7 * 3.6 mm cabochon is set perfectly on an 18k Gold band that adds to its charm. The diamonds 2 * 0.006 carats on either side of the cabochon further accentuate the beauty [&hellip;]<\/p>","protected":false},"featured_media":1941,"comment_status":"open","ping_status":"closed","template":"","meta":[],"product_brand":[],"product_cat":[119,49],"product_tag":[],"class_list":{"0":"post-1886","1":"product","2":"type-product","3":"status-publish","4":"has-post-thumbnail","6":"product_cat-18k-gold-ring-setting","7":"product_cat-rings","9":"first","10":"instock","11":"sale","12":"shipping-taxable","13":"purchasable","14":"product-type-simple"},"_links":{"self":[{"href":"https:\/\/shop.yipinqian.com\/fr\/wp-json\/wp\/v2\/product\/1886","targetHints":{"allow":["GET"]}}],"collection":[{"href":"https:\/\/shop.yipinqian.com\/fr\/wp-json\/wp\/v2\/product"}],"about":[{"href":"https:\/\/shop.yipinqian.com\/fr\/wp-json\/wp\/v2\/types\/product"}],"replies":[{"embeddable":true,"href":"https:\/\/shop.yipinqian.com\/fr\/wp-json\/wp\/v2\/comments?post=1886"}],"version-history":[{"count":0,"href":"https:\/\/shop.yipinqian.com\/fr\/wp-json\/wp\/v2\/product\/1886\/revisions"}],"wp:featuredmedia":[{"embeddable":true,"href":"https:\/\/shop.yipinqian.com\/fr\/wp-json\/wp\/v2\/media\/1941"}],"wp:attachment":[{"href":"https:\/\/shop.yipinqian.com\/fr\/wp-json\/wp\/v2\/media?parent=1886"}],"wp:term":[{"taxonomy":"product_brand","embeddable":true,"href":"https:\/\/shop.yipinqian.com\/fr\/wp-json\/wp\/v2\/product_brand?post=1886"},{"taxonomy":"product_cat","embeddable":true,"href":"https:\/\/shop.yipinqian.com\/fr\/wp-json\/wp\/v2\/product_cat?post=1886"},{"taxonomy":"product_tag","embeddable":true,"href":"https:\/\/shop.yipinqian.com\/fr\/wp-json\/wp\/v2\/product_tag?post=1886"}],"curies":[{"name":"wp","href":"https:\/\/api.w.org\/{rel}","templated":true}]}}