{"id":1884,"date":"2024-10-24T23:23:25","date_gmt":"2024-10-24T15:23:25","guid":{"rendered":"https:\/\/shop.yipinqian.com\/product\/yellow-natural-type-a-jadeite-pendant-carved-as-fish-with-certificate-weigh-28-33-grams-55-50-2-7-mm-meaning-many-sons-and-many-blessings-full-of-children-and-grandchildren-and-life-is-harmonious-and\/"},"modified":"2025-02-17T00:04:19","modified_gmt":"2025-02-16T16:04:19","slug":"yellow-natural-type-a-jadeite-pendant-carved-as-fish-with-certificate-weigh-28-33-grams-55-50-2-7-mm-meaning-many-sons-and-many-blessings-full-of-children-and-grandchildren-and-life-is-harmonious-and","status":"publish","type":"product","link":"https:\/\/shop.yipinqian.com\/fr\/produit\/yellow-natural-type-a-jadeite-pendant-carved-as-fish-with-certificate-weigh-28-33-grams-55-50-2-7-mm-meaning-many-sons-and-many-blessings-full-of-children-and-grandchildren-and-life-is-harmonious-and\/","title":{"rendered":"Yellow Natural Type A Jadeite Pendant carved as Fish with certificate weigh 28.33 grams, 55 * 50.2 * 7 mm, meaning Many sons and many blessings, full of children and grandchildren and Life is harmonious and smooth,free from worries and sorrows (pendant77)"},"content":{"rendered":"<ul>\n<li>This Yellow Natural Type A Jadeite Pendant is truly a work of art, carved in the shape of a fish and weighing 28.33 grams, with dimensions of 55 * 50.2 * 7 mm.<\/li>\n<\/ul>\n<ul>\n<li>It comes with a certificate which confirms its authenticity.<\/li>\n<\/ul>\n<p><strong>Certificate numbers: GD2110H018515<\/strong><\/p>\n<ul>\n<li>The pendant is believed to bring good luck to the wearer, as it signifies &#8220;Many sons and many blessings, full of children and grandchildren&#8221; as well as &#8220;Life is harmonious and smooth, free from worries and sorrows.&#8221;<\/li>\n<\/ul>\n<p><img fetchpriority=\"high\" decoding=\"async\" height=\"1080\" src=\"https:\/\/shop.yipinqian.com\/wp-content\/uploads\/2024\/10\/93675bf5c1fcfe47bb987fb113f4a129-1.jpg?from=476444299\" width=\"1080\"><\/p>\n<ul>\n<li>This makes it an ideal accessory for daily wear. This unisex pendant has been crafted using Jadeite which gives it an air of elegance.<\/li>\n<\/ul>\n<ul>\n<li>The necklace style can be best described as casual but can complement any outfit without being too loud or overpowering.<\/li>\n<\/ul>\n<ul>\n<li>If you&#8217;re looking for an accessory that will add some charm to your outfit while bringing good fortune your way \u2013 this Yellow Natural Type A Jadeite Pendant carved as Fish could be just what you need!<\/li>\n<\/ul>\n<p>Yi Pin Qian \u2013 N\u00e9gociant en pierres pr\u00e9cieuses et m\u00e9taux pr\u00e9cieux \u00e0 Singapour \u2013 Num\u00e9ro de licence PS20190000031<\/p>\n<p>*Toutes les jad\u00e9ites achet\u00e9es chez Yi Pin Qian \u00e0 Singapour, les clients peuvent r\u00e9server des cr\u00e9neaux pour le polissage ou une r\u00e9paration mineure en cas de mauvaise manipulation - des frais s&#039;appliquent et uniquement pour les clients de Yi Pin Qian \u00e0 Singapour*<\/p>\n<p><strong>**Types de certificats**<\/strong><\/p>\n<p><strong>NGI (Nan Yang Gemmologie)<\/strong><\/p>\n<p>ou <strong>Certificats \u00e9trangers <\/strong>(Yi Pin Qian utilise uniquement des certificats authentiques provenant de laboratoires \u00e9trangers et contr\u00f4le \u00e9galement la qualit\u00e9 de chacun de nos produits avant de les mettre en vente \u00e0 Singapour)<\/p>\n<p>Chaque produit sur TikTok aura le type de certificat fourni indiqu\u00e9 dans la description. Pour tout client souhaitant envoyer sa commande \u00e0 NGI Singapore, il y aura un d\u00e9lai d&#039;attente pour la livraison de la commande estim\u00e9 \u00e0 environ 4 semaines pour recevoir votre commande. <strong>Les demandes de rapport sur les pierres pr\u00e9cieuses NGI doivent \u00eatre effectu\u00e9es en envoyant un message \u00e0 la boutique TikTok de Yi Pin Qian.<\/strong> Merci, <strong><u>des frais suppl\u00e9mentaires s&#039;appliquent<\/u><\/strong>.<\/p>\n<p><strong>La jad\u00e9ite naturelle n&#039;est pas parfaite, juste un petit rappel : notre jad\u00e9ite naturelle, comme toutes les belles choses de la nature, poss\u00e8de ses caract\u00e9ristiques et ses variations uniques. Nous invitons nos pr\u00e9cieux clients \u00e0 adopter ces variations naturelles. Bon shopping !<\/strong><\/p>\n<p><strong><u>Aucune des photos et des s\u00e9quences vid\u00e9o n&#039;a \u00e9t\u00e9 filtr\u00e9e. Nous encourageons nos clients \u00e0 regarder \u00e9galement les vid\u00e9os d&#039;accompagnement pour une vue plus compl\u00e8te de nos produits<\/u><\/strong><\/p>","protected":false},"excerpt":{"rendered":"<p>This Yellow Natural Type A Jadeite Pendant is truly a work of art, carved in the shape of a fish and weighing 28.33 grams, with dimensions of 55 * 50.2 * 7 mm. It comes with a certificate which confirms its authenticity. Certificate numbers: GD2110H018515 The pendant is believed to bring good luck to the [&hellip;]<\/p>","protected":false},"featured_media":1929,"comment_status":"open","ping_status":"closed","template":"","meta":[],"product_brand":[],"product_cat":[48],"product_tag":[],"class_list":{"0":"post-1884","1":"product","2":"type-product","3":"status-publish","4":"has-post-thumbnail","6":"product_cat-pendants","8":"first","9":"instock","10":"sale","11":"shipping-taxable","12":"purchasable","13":"product-type-simple"},"_links":{"self":[{"href":"https:\/\/shop.yipinqian.com\/fr\/wp-json\/wp\/v2\/product\/1884","targetHints":{"allow":["GET"]}}],"collection":[{"href":"https:\/\/shop.yipinqian.com\/fr\/wp-json\/wp\/v2\/product"}],"about":[{"href":"https:\/\/shop.yipinqian.com\/fr\/wp-json\/wp\/v2\/types\/product"}],"replies":[{"embeddable":true,"href":"https:\/\/shop.yipinqian.com\/fr\/wp-json\/wp\/v2\/comments?post=1884"}],"version-history":[{"count":0,"href":"https:\/\/shop.yipinqian.com\/fr\/wp-json\/wp\/v2\/product\/1884\/revisions"}],"wp:featuredmedia":[{"embeddable":true,"href":"https:\/\/shop.yipinqian.com\/fr\/wp-json\/wp\/v2\/media\/1929"}],"wp:attachment":[{"href":"https:\/\/shop.yipinqian.com\/fr\/wp-json\/wp\/v2\/media?parent=1884"}],"wp:term":[{"taxonomy":"product_brand","embeddable":true,"href":"https:\/\/shop.yipinqian.com\/fr\/wp-json\/wp\/v2\/product_brand?post=1884"},{"taxonomy":"product_cat","embeddable":true,"href":"https:\/\/shop.yipinqian.com\/fr\/wp-json\/wp\/v2\/product_cat?post=1884"},{"taxonomy":"product_tag","embeddable":true,"href":"https:\/\/shop.yipinqian.com\/fr\/wp-json\/wp\/v2\/product_tag?post=1884"}],"curies":[{"name":"wp","href":"https:\/\/api.w.org\/{rel}","templated":true}]}}