{"id":1880,"date":"2024-10-24T23:23:22","date_gmt":"2024-10-24T15:23:22","guid":{"rendered":"https:\/\/shop.yipinqian.com\/product\/yellow-icy-translucent-natural-type-a-jadeite-jade-crafted-with-shape-of-ginseng-as-pendant-set-with-18k-gold-clasp-certificate-weighs-4-85-grams-18kp39\/"},"modified":"2025-02-24T00:49:49","modified_gmt":"2025-02-23T16:49:49","slug":"yellow-icy-translucent-natural-type-a-jadeite-jade-crafted-with-shape-of-ginseng-as-pendant-set-with-18k-gold-clasp-certificate-weighs-4-85-grams-18kp39","status":"publish","type":"product","link":"https:\/\/shop.yipinqian.com\/fr\/produit\/yellow-icy-translucent-natural-type-a-jadeite-jade-crafted-with-shape-of-ginseng-as-pendant-set-with-18k-gold-clasp-certificate-weighs-4-85-grams-18kp39\/","title":{"rendered":"Jade jad\u00e9ite translucide naturelle de type A de couleur jaune glac\u00e9, fabriqu\u00e9e en forme de ginseng, sertie d&#039;un fermoir en or 18 carats, le certificat p\u00e8se 4,85 grammes (18kp39)"},"content":{"rendered":"<p>Ce pendentif en jade jad\u00e9ite naturelle translucide de type A jaune glac\u00e9 est un superbe bijou fabriqu\u00e9 en forme de ginseng et serti d&#039;un \u00e9l\u00e9gant fermoir en or 18 carats.<\/p>\n<p data-pm-slice=\"1 1 []\">Mesure de la jad\u00e9ite : 34,6 *<em> 14.5 *<\/em> 5,9 mm<\/p>\n<p>Num\u00e9ros de certificat : GD2111H018855<\/p>\n<p>Fermoir en or 18 carats : 0,33 gramme<\/p>\n<p>Diamants : 0,003 carats<\/p>\n<ul>\n<li>Certificat inclus<\/li>\n<li>P\u00e8se 4,85 grammes<\/li>\n<\/ul>\n<p>Le jade jad\u00e9ite utilis\u00e9 dans ce pendentif est de haute qualit\u00e9, originaire du Myanmar, et d\u00e9gage une belle teinte jaune glac\u00e9e translucide.<\/p>\n<ul>\n<li>Avec certificat : Oui<\/li>\n<li>Mat\u00e9riau secondaire : diamant<\/li>\n<li>Mat\u00e9riau de la monture : PT\/Carat Gold<\/li>\n<li>Occasion : \u00c0 porter au quotidien<\/li>\n<\/ul>\n<p>Ce style de collier est parfait pour une tenue d\u00e9contract\u00e9e, ajoutant une touche d&#039;\u00e9l\u00e9gance \u00e0 vos tenues de tous les jours.<\/p>\n<p>\u00a0<\/p>\n<p><strong>La jad\u00e9ite naturelle n&#039;est pas parfaite, juste un petit rappel : notre jad\u00e9ite naturelle, comme toutes les belles choses de la nature, poss\u00e8de ses caract\u00e9ristiques et ses variations uniques. Nous invitons nos pr\u00e9cieux clients \u00e0 adopter ces variations naturelles. Bon shopping !<\/strong><\/p>\n<p>\u00a0<\/p>\n<p><strong><u>Aucune des photos et des s\u00e9quences vid\u00e9o n&#039;a \u00e9t\u00e9 filtr\u00e9e. Nous encourageons nos clients \u00e0 regarder \u00e9galement les vid\u00e9os d&#039;accompagnement pour une vue plus compl\u00e8te de nos produits<\/u><\/strong><\/p>","protected":false},"excerpt":{"rendered":"<p>Ce pendentif en jade jad\u00e9ite translucide de type A naturel jaune glac\u00e9 est un superbe bijou fabriqu\u00e9 en forme de ginseng et serti d&#039;un \u00e9l\u00e9gant fermoir en or 18 carats. Mesure de la jad\u00e9ite : 34,6 * 14,5 * 5,9 mm Num\u00e9ros de certificat : GD2111H018855 Fermoir en or 18 carats : 0,33 gramme Diamants : 0,003 carat Certificat inclus P\u00e8se 4,85 grammes [\u2026]<\/p>","protected":false},"featured_media":8706,"comment_status":"open","ping_status":"closed","template":"","meta":[],"product_brand":[],"product_cat":[194],"product_tag":[],"class_list":{"0":"post-1880","1":"product","2":"type-product","3":"status-publish","4":"has-post-thumbnail","6":"product_cat-value-picks","8":"first","9":"instock","10":"sale","11":"shipping-taxable","12":"purchasable","13":"product-type-simple"},"_links":{"self":[{"href":"https:\/\/shop.yipinqian.com\/fr\/wp-json\/wp\/v2\/product\/1880","targetHints":{"allow":["GET"]}}],"collection":[{"href":"https:\/\/shop.yipinqian.com\/fr\/wp-json\/wp\/v2\/product"}],"about":[{"href":"https:\/\/shop.yipinqian.com\/fr\/wp-json\/wp\/v2\/types\/product"}],"replies":[{"embeddable":true,"href":"https:\/\/shop.yipinqian.com\/fr\/wp-json\/wp\/v2\/comments?post=1880"}],"version-history":[{"count":0,"href":"https:\/\/shop.yipinqian.com\/fr\/wp-json\/wp\/v2\/product\/1880\/revisions"}],"wp:featuredmedia":[{"embeddable":true,"href":"https:\/\/shop.yipinqian.com\/fr\/wp-json\/wp\/v2\/media\/8706"}],"wp:attachment":[{"href":"https:\/\/shop.yipinqian.com\/fr\/wp-json\/wp\/v2\/media?parent=1880"}],"wp:term":[{"taxonomy":"product_brand","embeddable":true,"href":"https:\/\/shop.yipinqian.com\/fr\/wp-json\/wp\/v2\/product_brand?post=1880"},{"taxonomy":"product_cat","embeddable":true,"href":"https:\/\/shop.yipinqian.com\/fr\/wp-json\/wp\/v2\/product_cat?post=1880"},{"taxonomy":"product_tag","embeddable":true,"href":"https:\/\/shop.yipinqian.com\/fr\/wp-json\/wp\/v2\/product_tag?post=1880"}],"curies":[{"name":"wp","href":"https:\/\/api.w.org\/{rel}","templated":true}]}}