{"id":1879,"date":"2024-10-24T23:23:22","date_gmt":"2024-10-24T15:23:22","guid":{"rendered":"https:\/\/shop.yipinqian.com\/product\/yellow-cabochon-natural-type-a-jadeite-jade-crafted-as-shape-of-oval-set-with-size-adjustable-s925-ring-certificate-weighs-2-53-grams-measurement-13-3-9-3-2-mm-s925ring19\/"},"modified":"2025-01-09T01:35:30","modified_gmt":"2025-01-08T17:35:30","slug":"yellow-cabochon-natural-type-a-jadeite-jade-crafted-as-shape-of-oval-set-with-size-adjustable-s925-ring-certificate-weighs-2-53-grams-measurement-13-3-9-3-2-mm-s925ring19","status":"publish","type":"product","link":"https:\/\/shop.yipinqian.com\/fr\/produit\/yellow-cabochon-natural-type-a-jadeite-jade-crafted-as-shape-of-oval-set-with-size-adjustable-s925-ring-certificate-weighs-2-53-grams-measurement-13-3-9-3-2-mm-s925ring19\/","title":{"rendered":"Cabochon jaune naturel de type A en jad\u00e9ite-jade fabriqu\u00e9 sous forme d&#039;ovale serti avec une bague S925 de taille r\u00e9glable, le certificat p\u00e8se 2,53 grammes, mesure 13,3 * 9 * 3,2 mm (s925ring19)"},"content":{"rendered":"<p>Cette bague en jad\u00e9ite-jade naturelle de type A \u00e0 cabochon jaune est un ajout \u00e9poustouflant \u00e0 votre collection de bijoux.<\/p>\n<p><\/p>\n<p>Num\u00e9ros de certificat : Y-BICL651159<\/p>\n<p><\/p>\n<p>Pas de tableau des tailles car il s&#039;agit d&#039;une bague r\u00e9glable de taille unique<\/p>\n<p><img fetchpriority=\"high\" decoding=\"async\" src=\"https:\/\/shop.yipinqian.com\/wp-content\/uploads\/2024\/10\/c3786ed199c84fe3a90287dca40604aftplv-aphluv4xwc-origin-jpeg.jpeg?dr=15568&amp;nonce=84994&amp;refresh_token=6f58070d33d9b30acaa1abf948c83ac4&amp;from=476444299&amp;idc=my&amp;ps=933b5bde&amp;shcp=9b759fb9&amp;shp=1c65f68b&amp;t=555f072d\" width=\"1080\" height=\"1080\"><\/p>\n<ul>\n<li>\n<strong>Mat\u00e9riel:<\/strong> Fabriqu\u00e9 avec du jade jad\u00e9ite de type A et serti dans de l&#039;argent S925<\/li>\n<li>\n<strong>Conception:<\/strong> Forme ovale avec une bande r\u00e9glable en taille pour un ajustement parfait<\/li>\n<li>\n<strong>Certificat:<\/strong> Livr\u00e9 avec un certificat confirmant l&#039;authenticit\u00e9 du jade<\/li>\n<li>\n<strong>Mesures:<\/strong> P\u00e8se 2,53 grammes et mesure 13,3 * 9 * 3,2 mm<\/li>\n<\/ul>\n<p><img decoding=\"async\" src=\"https:\/\/shop.yipinqian.com\/wp-content\/uploads\/2024\/10\/1496d7a0cd1e4ecb83ee52f2d66191fctplv-aphluv4xwc-origin-jpeg.jpeg?dr=15568&amp;nonce=96111&amp;refresh_token=47d0f209e71e6b491940058b759f858f&amp;from=476444299&amp;idc=my&amp;ps=933b5bde&amp;shcp=9b759fb9&amp;shp=1c65f68b&amp;t=555f072d\" width=\"1080\" height=\"1080\"><\/p>\n<p>Cette bague exquise est parfaite pour un usage quotidien, ajoutant une touche d&#039;\u00e9l\u00e9gance \u00e0 n&#039;importe quelle tenue.<\/p>\n<ul>\n<li><strong>Type de jade : Jad\u00e9ite, connue pour ses couleurs vives et sa haute qualit\u00e9 d&#039;origine birmane<\/strong><\/li>\n<li><strong><em>Le mat\u00e9riau secondaire utilis\u00e9 dans cette bague est le CZ, rehaussant la beaut\u00e9 de la pierre de jade.<\/em> Un beau cadeau pour toute femme qui appr\u00e9cie les beaux bijoux, cette bague en jad\u00e9ite-jade S925 naturelle de type A en cabochon jaune respire la f\u00e9minit\u00e9 et la gr\u00e2ce. Les alertant \u00e0 tout moment tout en assurant la durabilit\u00e9. <\/strong><\/li>\n<li><strong>Remarque : le type de garantie pour ce produit n&#039;est pas inclus. <\/strong><\/li>\n<\/ul>\n<p><strong>La jad\u00e9ite naturelle n&#039;est pas parfaite, juste un petit rappel : notre jad\u00e9ite naturelle, comme toutes les belles choses de la nature, poss\u00e8de ses caract\u00e9ristiques et ses variations uniques. Nous invitons nos pr\u00e9cieux clients \u00e0 adopter ces variations naturelles. Bon shopping !<\/strong><\/p>\n<p><\/p>\n<p><strong><u>Aucune des photos et des s\u00e9quences vid\u00e9o n&#039;a \u00e9t\u00e9 filtr\u00e9e. Nous encourageons nos clients \u00e0 regarder \u00e9galement les vid\u00e9os d&#039;accompagnement pour une vue plus compl\u00e8te de nos produits<\/u><\/strong><\/p>\n<p><\/p>\n<ul>\n<li>Diff\u00e9rentes plates-formes ne peuvent visionner des vid\u00e9os que via le bureau<\/li>\n<\/ul>","protected":false},"excerpt":{"rendered":"<p>Cette bague en jad\u00e9ite-jade naturelle de type A en cabochon jaune est un ajout \u00e9tonnant \u00e0 votre collection de bijoux. Num\u00e9ros de certificat : Y-BICL651159 Pas de tableau des tailles car elle est r\u00e9glable en taille unique Mat\u00e9riau de la bague : Fabriqu\u00e9e en jad\u00e9ite-jade de type A et sertie en argent S925 Design : Forme ovale avec une bande r\u00e9glable en taille pour un ajustement parfait Certificat : Livr\u00e9 avec [\u2026]<\/p>","protected":false},"featured_media":8697,"comment_status":"open","ping_status":"closed","template":"","meta":[],"product_brand":[],"product_cat":[80,126,149,125],"product_tag":[101,64,52,72,92,65,58,71,67,60,68,62],"class_list":{"0":"post-1879","1":"product","2":"type-product","3":"status-publish","4":"has-post-thumbnail","6":"product_cat-jade-rings","7":"product_cat-new-arrivals","8":"product_cat-s925-rings","9":"product_cat-s925-settings-jadeites","10":"product_tag-adjustable","11":"product_tag-cabochon","12":"product_tag-certified","13":"product_tag-female","14":"product_tag-free-size","15":"product_tag-high-quality","16":"product_tag-new-arrivals","17":"product_tag-ring","18":"product_tag-s925","19":"product_tag-type-a-jadeite","20":"product_tag-yellow","21":"product_tag-yi-pin-qian-exclusive","23":"first","24":"instock","25":"sale","26":"shipping-taxable","27":"purchasable","28":"product-type-simple"},"_links":{"self":[{"href":"https:\/\/shop.yipinqian.com\/fr\/wp-json\/wp\/v2\/product\/1879","targetHints":{"allow":["GET"]}}],"collection":[{"href":"https:\/\/shop.yipinqian.com\/fr\/wp-json\/wp\/v2\/product"}],"about":[{"href":"https:\/\/shop.yipinqian.com\/fr\/wp-json\/wp\/v2\/types\/product"}],"replies":[{"embeddable":true,"href":"https:\/\/shop.yipinqian.com\/fr\/wp-json\/wp\/v2\/comments?post=1879"}],"version-history":[{"count":0,"href":"https:\/\/shop.yipinqian.com\/fr\/wp-json\/wp\/v2\/product\/1879\/revisions"}],"wp:featuredmedia":[{"embeddable":true,"href":"https:\/\/shop.yipinqian.com\/fr\/wp-json\/wp\/v2\/media\/8697"}],"wp:attachment":[{"href":"https:\/\/shop.yipinqian.com\/fr\/wp-json\/wp\/v2\/media?parent=1879"}],"wp:term":[{"taxonomy":"product_brand","embeddable":true,"href":"https:\/\/shop.yipinqian.com\/fr\/wp-json\/wp\/v2\/product_brand?post=1879"},{"taxonomy":"product_cat","embeddable":true,"href":"https:\/\/shop.yipinqian.com\/fr\/wp-json\/wp\/v2\/product_cat?post=1879"},{"taxonomy":"product_tag","embeddable":true,"href":"https:\/\/shop.yipinqian.com\/fr\/wp-json\/wp\/v2\/product_tag?post=1879"}],"curies":[{"name":"wp","href":"https:\/\/api.w.org\/{rel}","templated":true}]}}