{"id":1877,"date":"2024-10-24T23:23:21","date_gmt":"2024-10-24T15:23:21","guid":{"rendered":"https:\/\/shop.yipinqian.com\/product\/yellow-and-white-semi-icy-natural-type-a-jadeite-pendant-necklace-crafted-with-nine-tail-fox-symbols-of-love-charisma-and-good-luck-gic-labs-approved-certificate-included-weigh-32-9-grams-44-36-9-mm-s\/"},"modified":"2025-02-24T00:49:49","modified_gmt":"2025-02-23T16:49:49","slug":"yellow-and-white-semi-icy-natural-type-a-jadeite-pendant-necklace-crafted-with-nine-tail-fox-symbols-of-love-charisma-and-good-luck-gic-labs-approved-certificate-included-weigh-32-9-grams-44-36-9-mm-s","status":"publish","type":"product","link":"https:\/\/shop.yipinqian.com\/fr\/produit\/yellow-and-white-semi-icy-natural-type-a-jadeite-pendant-necklace-crafted-with-nine-tail-fox-symbols-of-love-charisma-and-good-luck-gic-labs-approved-certificate-included-weigh-32-9-grams-44-36-9-mm-s\/","title":{"rendered":"Collier pendentif en jad\u00e9ite naturelle semi-glac\u00e9e de type A jaune et blanc fabriqu\u00e9 avec des symboles de renard \u00e0 neuf queues d&#039;amour, de charisme et de bonne chance, certificat approuv\u00e9 par QIC Labs inclus p\u00e8se 32,9 grammes, 44 * 36 * 9 mm, convient \u00e0 un usage quotidien"},"content":{"rendered":"<p>Ce collier pendentif en jad\u00e9ite naturelle semi-glac\u00e9e de type A jaune et blanc est un superbe accessoire de bijouterie qui vous apportera amour, charisme et chance. Les symboles du renard \u00e0 neuf queues sont magnifiquement con\u00e7us pour cr\u00e9er une pi\u00e8ce \u00e9l\u00e9gante adapt\u00e9e \u00e0 un usage quotidien.<\/p>\n<ul>\n<li>Conception symbolique : les symboles du renard \u00e0 neuf queues repr\u00e9sentent l&#039;amour, le charisme et la chance.<\/li>\n<li>Haute qualit\u00e9 : ce collier pendentif est fabriqu\u00e9 \u00e0 partir de jad\u00e9ite naturelle de type A semi-glac\u00e9e jaune et blanche.<\/li>\n<li>Certificat d&#039;authenticit\u00e9 : Ce collier est livr\u00e9 avec un certificat approuv\u00e9 par QIC Labs pour votre tranquillit\u00e9 d&#039;esprit.<\/li>\n<\/ul>\n<p><strong>Num\u00e9ros de certificat : SD24022006513<\/strong><\/p>\n<p><img fetchpriority=\"high\" decoding=\"async\" src=\"https:\/\/shop.yipinqian.com\/wp-content\/uploads\/2024\/10\/d88bf61c310353f736d044ad7ac09c4e.jpg?from=476444299\" width=\"1080\" height=\"1080\" \/><\/p>\n<p>Avec un poids de 32,9 grammes et des dimensions de 44 * 36 * 9 mm, ce collier unisexe est parfait pour une tenue d\u00e9contract\u00e9e en toute occasion. Fabriqu\u00e9 \u00e0 partir de jad\u00e9ite de haute qualit\u00e9 provenant du Myanmar dans un collier de style d\u00e9contract\u00e9 qui promet de rehausser votre look sans compromettre le confort ou la qualit\u00e9.<\/p>\n<p>\u00a0<\/p>\n<p>Yi Pin Qian \u2013 N\u00e9gociant en pierres pr\u00e9cieuses et m\u00e9taux pr\u00e9cieux \u00e0 Singapour \u2013 Num\u00e9ro de licence PS20190000031<\/p>\n<p>\u00a0<\/p>\n<p>*Toutes les jad\u00e9ites achet\u00e9es chez Yi Pin Qian \u00e0 Singapour, les clients peuvent r\u00e9server des cr\u00e9neaux pour le polissage ou une r\u00e9paration mineure en cas de mauvaise manipulation - des frais s&#039;appliquent et uniquement pour les clients de Yi Pin Qian \u00e0 Singapour*<\/p>\n<p>\u00a0<\/p>\n<p><strong>**Types de certificats**<\/strong><\/p>\n<p>\u00a0<\/p>\n<p><strong>NGI (Nan Yang Gemmologie)<\/strong><\/p>\n<p>ou <strong>Certificats \u00e9trangers <\/strong>(Yi Pin Qian utilise uniquement des certificats authentiques provenant de laboratoires \u00e9trangers et contr\u00f4le \u00e9galement la qualit\u00e9 de chacun de nos produits avant de les mettre en vente \u00e0 Singapour)<\/p>\n<p>\u00a0<\/p>\n<p>Chaque produit sur TikTok aura le type de certificat fourni indiqu\u00e9 dans la description. Pour tout client souhaitant envoyer sa commande \u00e0 NGI Singapore, il y aura un d\u00e9lai d&#039;attente pour la livraison de la commande estim\u00e9 \u00e0 environ 4 semaines pour recevoir votre commande. <strong>Les demandes de rapport sur les pierres pr\u00e9cieuses NGI doivent \u00eatre effectu\u00e9es en envoyant un message \u00e0 la boutique TikTok de Yi Pin Qian.<\/strong> Merci, <strong><u>des frais suppl\u00e9mentaires s&#039;appliquent<\/u><\/strong>.<\/p>\n<p>\u00a0<\/p>\n<p><strong>La jad\u00e9ite naturelle n&#039;est pas parfaite, juste un petit rappel : notre jad\u00e9ite naturelle, comme toutes les belles choses de la nature, poss\u00e8de ses caract\u00e9ristiques et ses variations uniques. Nous invitons nos pr\u00e9cieux clients \u00e0 adopter ces variations naturelles. Bon shopping !<\/strong><\/p>\n<p>\u00a0<\/p>\n<p><strong><u>Aucune des photos et des s\u00e9quences vid\u00e9o n&#039;a \u00e9t\u00e9 filtr\u00e9e. Nous encourageons nos clients \u00e0 regarder \u00e9galement les vid\u00e9os d&#039;accompagnement pour une vue plus compl\u00e8te de nos produits<\/u><\/strong><\/p>\n<p>\u00a0<\/p>\n<p>.<\/p>","protected":false},"excerpt":{"rendered":"<p>This Yellow and White Semi Icy Natural Type A Jadeite Pendant Necklace is a stunning Jewelry Accessory that will bring you Love, Charisma, and Good Luck. The nine tail fox symbols are beautifully crafted to create an elegant piece suitable for Daily wear. Symbolic Design: The nine tail fox symbols represent Love, Charisma, and Good [&hellip;]<\/p>","protected":false},"featured_media":8684,"comment_status":"open","ping_status":"closed","template":"","meta":[],"product_brand":[],"product_cat":[194],"product_tag":[],"class_list":{"0":"post-1877","1":"product","2":"type-product","3":"status-publish","4":"has-post-thumbnail","6":"product_cat-value-picks","8":"first","9":"instock","10":"sale","11":"shipping-taxable","12":"purchasable","13":"product-type-simple"},"_links":{"self":[{"href":"https:\/\/shop.yipinqian.com\/fr\/wp-json\/wp\/v2\/product\/1877","targetHints":{"allow":["GET"]}}],"collection":[{"href":"https:\/\/shop.yipinqian.com\/fr\/wp-json\/wp\/v2\/product"}],"about":[{"href":"https:\/\/shop.yipinqian.com\/fr\/wp-json\/wp\/v2\/types\/product"}],"replies":[{"embeddable":true,"href":"https:\/\/shop.yipinqian.com\/fr\/wp-json\/wp\/v2\/comments?post=1877"}],"version-history":[{"count":0,"href":"https:\/\/shop.yipinqian.com\/fr\/wp-json\/wp\/v2\/product\/1877\/revisions"}],"wp:featuredmedia":[{"embeddable":true,"href":"https:\/\/shop.yipinqian.com\/fr\/wp-json\/wp\/v2\/media\/8684"}],"wp:attachment":[{"href":"https:\/\/shop.yipinqian.com\/fr\/wp-json\/wp\/v2\/media?parent=1877"}],"wp:term":[{"taxonomy":"product_brand","embeddable":true,"href":"https:\/\/shop.yipinqian.com\/fr\/wp-json\/wp\/v2\/product_brand?post=1877"},{"taxonomy":"product_cat","embeddable":true,"href":"https:\/\/shop.yipinqian.com\/fr\/wp-json\/wp\/v2\/product_cat?post=1877"},{"taxonomy":"product_tag","embeddable":true,"href":"https:\/\/shop.yipinqian.com\/fr\/wp-json\/wp\/v2\/product_tag?post=1877"}],"curies":[{"name":"wp","href":"https:\/\/api.w.org\/{rel}","templated":true}]}}