{"id":1874,"date":"2024-10-24T23:23:19","date_gmt":"2024-10-24T15:23:19","guid":{"rendered":"https:\/\/shop.yipinqian.com\/product\/yellow-and-purple-with-some-spreads-of-red-patches-natural-type-a-jadeite-pendant-necklace-crafted-with-double-pixiu-coin-and-bat-boosting-your-luck-money-and-blessing-certificate-included-weigh-41-87\/"},"modified":"2025-02-17T00:04:19","modified_gmt":"2025-02-16T16:04:19","slug":"yellow-and-purple-with-some-spreads-of-red-patches-natural-type-a-jadeite-pendant-necklace-crafted-with-double-pixiu-coin-and-bat-boosting-your-luck-money-and-blessing-certificate-included-weigh-41-87","status":"publish","type":"product","link":"https:\/\/shop.yipinqian.com\/fr\/produit\/yellow-and-purple-with-some-spreads-of-red-patches-natural-type-a-jadeite-pendant-necklace-crafted-with-double-pixiu-coin-and-bat-boosting-your-luck-money-and-blessing-certificate-included-weigh-41-87\/","title":{"rendered":"Collier pendentif en jad\u00e9ite naturelle de type A jaune et violet avec quelques taches rouges, fabriqu\u00e9 avec un double pixiu, une pi\u00e8ce de monnaie et une chauve-souris augmentant votre chance, votre argent et votre b\u00e9n\u00e9diction, certificat inclus, p\u00e8se 41,87 grammes, 45 * 44,9 * 13 mm"},"content":{"rendered":"<p>Augmentez votre chance, votre richesse et vos b\u00e9n\u00e9dictions avec ce collier pendentif en jad\u00e9ite naturelle de type A jaune et lavande. Fabriqu\u00e9 avec des d\u00e9tails complexes, ce pendentif comporte un double pixiu, une pi\u00e8ce de monnaie et une chauve-souris pour symboliser la bonne fortune. Les taches rouges ajoutent une touche de couleur au design unique du pendentif.<\/p>\n<ul>\n<li>Augmente la chance : le design double pixiu sur le pendentif invite la chance dans votre vie.<\/li>\n<li>Augmenter la richesse : Le symbole de la pi\u00e8ce sur le pendentif est cens\u00e9 attirer la richesse et la prosp\u00e9rit\u00e9.<\/li>\n<li>B\u00e9n\u00e9dictions : Le symbole de la chauve-souris sur la jad\u00e9ite est li\u00e9 aux b\u00e9n\u00e9dictions du ciel<\/li>\n<\/ul>\n<p><strong>Num\u00e9ros de certificat : GD2110H010761<\/strong><\/p>\n<p><img fetchpriority=\"high\" decoding=\"async\" height=\"1080\" src=\"https:\/\/shop.yipinqian.com\/wp-content\/uploads\/2024\/10\/cfdc29f0476e4c899b3af5886e542dc3.jpg?from=476444299\" width=\"1080\"><\/p>\n<p>Pesant 41,87 grammes, mesure \u00e0 45*<em> 44.9 *<\/em> Ce collier unisexe de 13 mm est accompagn\u00e9 d&#039;un certificat d&#039;authenticit\u00e9 confirmant qu&#039;il est fabriqu\u00e9 \u00e0 partir de jad\u00e9ite naturelle de type A provenant du Myanmar. Son style d\u00e9contract\u00e9 le rend parfait pour un usage quotidien ou pour ajouter une touche d&#039;\u00e9l\u00e9gance \u00e0 n&#039;importe quelle tenue.<\/p>\n<p>Collier pendentif en jad\u00e9ite naturelle de type A jaune et violet avec quelques taches rouges, fabriqu\u00e9 avec un double pixiu, une pi\u00e8ce de monnaie et une chauve-souris augmentant votre chance, votre argent et votre b\u00e9n\u00e9diction, certificat inclus, p\u00e8se 41,87 grammes, 45 * 44,9 * 13 mm<\/p>","protected":false},"excerpt":{"rendered":"<p>Elevate your luck, wealth and blessings with this Yellow and Lavender Natural Type A Jadeite Pendant Necklace. Crafted with intricate details, this pendant feature double pixiu, coin and bat to symbolize good fortune. The red patches add a pop of color to the pendant&#8217;s unique design. Boosts Luck: The double pixiu design on the pendant [&hellip;]<\/p>","protected":false},"featured_media":8664,"comment_status":"open","ping_status":"closed","template":"","meta":[],"product_brand":[],"product_cat":[48],"product_tag":[],"class_list":{"0":"post-1874","1":"product","2":"type-product","3":"status-publish","4":"has-post-thumbnail","6":"product_cat-pendants","8":"first","9":"instock","10":"sale","11":"shipping-taxable","12":"purchasable","13":"product-type-simple"},"_links":{"self":[{"href":"https:\/\/shop.yipinqian.com\/fr\/wp-json\/wp\/v2\/product\/1874","targetHints":{"allow":["GET"]}}],"collection":[{"href":"https:\/\/shop.yipinqian.com\/fr\/wp-json\/wp\/v2\/product"}],"about":[{"href":"https:\/\/shop.yipinqian.com\/fr\/wp-json\/wp\/v2\/types\/product"}],"replies":[{"embeddable":true,"href":"https:\/\/shop.yipinqian.com\/fr\/wp-json\/wp\/v2\/comments?post=1874"}],"version-history":[{"count":0,"href":"https:\/\/shop.yipinqian.com\/fr\/wp-json\/wp\/v2\/product\/1874\/revisions"}],"wp:featuredmedia":[{"embeddable":true,"href":"https:\/\/shop.yipinqian.com\/fr\/wp-json\/wp\/v2\/media\/8664"}],"wp:attachment":[{"href":"https:\/\/shop.yipinqian.com\/fr\/wp-json\/wp\/v2\/media?parent=1874"}],"wp:term":[{"taxonomy":"product_brand","embeddable":true,"href":"https:\/\/shop.yipinqian.com\/fr\/wp-json\/wp\/v2\/product_brand?post=1874"},{"taxonomy":"product_cat","embeddable":true,"href":"https:\/\/shop.yipinqian.com\/fr\/wp-json\/wp\/v2\/product_cat?post=1874"},{"taxonomy":"product_tag","embeddable":true,"href":"https:\/\/shop.yipinqian.com\/fr\/wp-json\/wp\/v2\/product_tag?post=1874"}],"curies":[{"name":"wp","href":"https:\/\/api.w.org\/{rel}","templated":true}]}}