{"id":1873,"date":"2024-10-24T23:23:18","date_gmt":"2024-10-24T15:23:18","guid":{"rendered":"https:\/\/shop.yipinqian.com\/product\/wuji-black-natural-type-a-jadeite-bracelet-crafted-with-tao-tie-symbols-of-power-and-abundance-and-money-with-certificate-weigh-mm-11-17-grams-48-8-13-3-6-9-bracelet7\/"},"modified":"2025-02-17T00:04:19","modified_gmt":"2025-02-16T16:04:19","slug":"wuji-black-natural-type-a-jadeite-bracelet-crafted-with-tao-tie-symbols-of-power-and-abundance-and-money-with-certificate-weigh-mm-11-17-grams-48-8-13-3-6-9-bracelet7","status":"publish","type":"product","link":"https:\/\/shop.yipinqian.com\/fr\/produit\/wuji-black-natural-type-a-jadeite-bracelet-crafted-with-tao-tie-symbols-of-power-and-abundance-and-money-with-certificate-weigh-mm-11-17-grams-48-8-13-3-6-9-bracelet7\/","title":{"rendered":"Bracelet en jad\u00e9ite naturelle noire de type A de Wuji fabriqu\u00e9 avec Tao Tie, symboles de pouvoir, d&#039;abondance et d&#039;argent, avec certificat pesant, mm 11,17 grammes, 48,8 * 13,3 * 6,9 (bracelet7)"},"content":{"rendered":"<p>Rehaussez votre style avec ce superbe bracelet en jad\u00e9ite naturelle noire Wuji de type A. Fabriqu\u00e9e avec Tao Tie, symboles de pouvoir, d&#039;abondance et d&#039;argent, cette pi\u00e8ce est vraiment unique.<\/p>\n<ul>\n<li>\n<strong>Symbolisme:<\/strong> Les symboles Tao Tie repr\u00e9sentent le pouvoir et l&#039;abondance ainsi qu&#039;un flux constant d&#039;argent dans votre vie.<\/li>\n<li>\n<strong>Certificat:<\/strong> Livr\u00e9 avec un certificat d&#039;authenticit\u00e9 pour garantir la qualit\u00e9 et l&#039;authenticit\u00e9 de la jad\u00e9ite.<\/li>\n<\/ul>\n<p><strong>Num\u00e9ros de certificat : ZS240109028<\/strong><\/p>\n<p><img fetchpriority=\"high\" decoding=\"async\" height=\"1080\" src=\"https:\/\/shop.yipinqian.com\/wp-content\/uploads\/2024\/10\/9602ba940927b086d182073067a25369.jpg?from=476444299\" width=\"1080\"><\/p>\n<ul>\n<li>\n<strong>Type de jade :<\/strong> Fabriqu\u00e9 \u00e0 partir de jad\u00e9ite naturelle de type A de haute qualit\u00e9 provenant du Myanmar, garantissant sa qualit\u00e9 sup\u00e9rieure.<\/li>\n<li>\n<strong>Poids et taille :<\/strong> Pesant 11,17 grammes, le bracelet mesure 48,8 * 13,3 * 6,9 mm, ce qui en fait un ajustement parfait pour une utilisation quotidienne par les hommes et les femmes.<\/li>\n<\/ul>\n<p>Ce bracelet est parfait pour un usage quotidien, que vous soyez habill\u00e9 ou non, car il ajoute une touche \u00e9l\u00e9gante \u00e0 n&#039;importe quelle tenue ou occasion sans compromettre la qualit\u00e9 ou le style !<\/p>\n<p>\u00a0<\/p>\n<p>Yi Pin Qian \u2013 N\u00e9gociant en pierres pr\u00e9cieuses et m\u00e9taux pr\u00e9cieux \u00e0 Singapour \u2013 Num\u00e9ro de licence PS20190000031<\/p>\n<p>\u00a0<\/p>\n<p>*Toutes les jad\u00e9ites achet\u00e9es chez Yi Pin Qian \u00e0 Singapour, les clients peuvent r\u00e9server des cr\u00e9neaux pour le polissage ou une r\u00e9paration mineure en cas de mauvaise manipulation - des frais s&#039;appliquent et uniquement pour les clients de Yi Pin Qian \u00e0 Singapour*<\/p>\n<p>\u00a0<\/p>\n<p><strong>**Types de certificats**<\/strong><\/p>\n<p>\u00a0<\/p>\n<p><strong>NGI (Nan Yang Gemmologie)<\/strong><\/p>\n<p>ou <strong>Certificats \u00e9trangers <\/strong>(Yi Pin Qian utilise uniquement des certificats authentiques provenant de laboratoires \u00e9trangers et contr\u00f4le \u00e9galement la qualit\u00e9 de chacun de nos produits avant de les mettre en vente \u00e0 Singapour)<\/p>\n<p>\u00a0<\/p>\n<p>Chaque produit sur TikTok aura le type de certificat fourni indiqu\u00e9 dans la description. Pour tout client souhaitant envoyer sa commande \u00e0 NGI Singapore, il y aura un d\u00e9lai d&#039;attente pour la livraison de la commande estim\u00e9 \u00e0 environ 4 semaines pour recevoir votre commande. <strong>Les demandes de rapport sur les pierres pr\u00e9cieuses NGI doivent \u00eatre effectu\u00e9es en envoyant un message \u00e0 la boutique TikTok de Yi Pin Qian.<\/strong> Merci, <strong><u>des frais suppl\u00e9mentaires s&#039;appliquent<\/u><\/strong>.<\/p>\n<p>\u00a0<\/p>\n<p><strong>La jad\u00e9ite naturelle n&#039;est pas parfaite, juste un petit rappel : notre jad\u00e9ite naturelle, comme toutes les belles choses de la nature, poss\u00e8de ses caract\u00e9ristiques et ses variations uniques. Nous invitons nos pr\u00e9cieux clients \u00e0 adopter ces variations naturelles. Bon shopping !<\/strong><\/p>\n<p>\u00a0<\/p>\n<p><strong><u>Aucune des photos et des s\u00e9quences vid\u00e9o n&#039;a \u00e9t\u00e9 filtr\u00e9e. Nous encourageons nos clients \u00e0 regarder \u00e9galement les vid\u00e9os d&#039;accompagnement pour une vue plus compl\u00e8te de nos produits<\/u><\/strong><\/p>","protected":false},"excerpt":{"rendered":"<p>Rehaussez votre style avec ce superbe bracelet en jad\u00e9ite naturelle noire de type A Wuji. Fabriqu\u00e9 avec Tao Tie, symboles de pouvoir, d&#039;abondance et d&#039;argent, cette pi\u00e8ce est vraiment unique. Symbolisme : Les symboles Tao Tie repr\u00e9sentent le pouvoir et l&#039;abondance ainsi qu&#039;un flux constant d&#039;argent dans votre vie. Certificat : Livr\u00e9 avec un certificat d&#039;authenticit\u00e9 \u00e0 [\u2026]<\/p>","protected":false},"featured_media":8654,"comment_status":"open","ping_status":"closed","template":"","meta":[],"product_brand":[],"product_cat":[121,84],"product_tag":[],"class_list":{"0":"post-1873","1":"product","2":"type-product","3":"status-publish","4":"has-post-thumbnail","6":"product_cat-bracelets-bangles","7":"product_cat-charms-and-charm-bracelet","9":"first","10":"instock","11":"sale","12":"shipping-taxable","13":"purchasable","14":"product-type-simple"},"_links":{"self":[{"href":"https:\/\/shop.yipinqian.com\/fr\/wp-json\/wp\/v2\/product\/1873","targetHints":{"allow":["GET"]}}],"collection":[{"href":"https:\/\/shop.yipinqian.com\/fr\/wp-json\/wp\/v2\/product"}],"about":[{"href":"https:\/\/shop.yipinqian.com\/fr\/wp-json\/wp\/v2\/types\/product"}],"replies":[{"embeddable":true,"href":"https:\/\/shop.yipinqian.com\/fr\/wp-json\/wp\/v2\/comments?post=1873"}],"version-history":[{"count":0,"href":"https:\/\/shop.yipinqian.com\/fr\/wp-json\/wp\/v2\/product\/1873\/revisions"}],"wp:featuredmedia":[{"embeddable":true,"href":"https:\/\/shop.yipinqian.com\/fr\/wp-json\/wp\/v2\/media\/8654"}],"wp:attachment":[{"href":"https:\/\/shop.yipinqian.com\/fr\/wp-json\/wp\/v2\/media?parent=1873"}],"wp:term":[{"taxonomy":"product_brand","embeddable":true,"href":"https:\/\/shop.yipinqian.com\/fr\/wp-json\/wp\/v2\/product_brand?post=1873"},{"taxonomy":"product_cat","embeddable":true,"href":"https:\/\/shop.yipinqian.com\/fr\/wp-json\/wp\/v2\/product_cat?post=1873"},{"taxonomy":"product_tag","embeddable":true,"href":"https:\/\/shop.yipinqian.com\/fr\/wp-json\/wp\/v2\/product_tag?post=1873"}],"curies":[{"name":"wp","href":"https:\/\/api.w.org\/{rel}","templated":true}]}}