{"id":1868,"date":"2024-10-24T23:23:15","date_gmt":"2024-10-24T15:23:15","guid":{"rendered":"https:\/\/shop.yipinqian.com\/product\/very-unique-yellow-and-green-patches-natural-type-a-jadeite-jade-crafted-as-pixiu-for-jade-display-or-hand-held-piece-with-certificate-weigh-74-61-grams-measurement-57-30-3-31-8-mm-hand6\/"},"modified":"2025-02-24T00:49:49","modified_gmt":"2025-02-23T16:49:49","slug":"very-unique-yellow-and-green-patches-natural-type-a-jadeite-jade-crafted-as-pixiu-for-jade-display-or-hand-held-piece-with-certificate-weigh-74-61-grams-measurement-57-30-3-31-8-mm-hand6","status":"publish","type":"product","link":"https:\/\/shop.yipinqian.com\/fr\/produit\/very-unique-yellow-and-green-patches-natural-type-a-jadeite-jade-crafted-as-pixiu-for-jade-display-or-hand-held-piece-with-certificate-weigh-74-61-grams-measurement-57-30-3-31-8-mm-hand6\/","title":{"rendered":"Very Unique Yellow and Green Patches Natural Type A Jadeite Jade crafted as Pixiu for jade display or hand-held piece with certificate weigh 74.61 grams, measurement 57 * 30.3 * 31.8 mm (hand6)"},"content":{"rendered":"<p>Elevate your home decor with this Very Unique Yellow and Green Patches Natural Type A Jadeite Jade Pixiu. This exquisite piece can be displayed or held in hand and is sure to impress.<\/p>\n<p><\/p>\n<p>Certificate numbers: GD2201H011080<\/p>\n<ul>\n<li>\n<strong>Jad\u00e9ite naturelle de type A :<\/strong> Crafted from high-quality natural Type A jadeite, this piece is not only visually stunning but also durable.<\/li>\n<li>\n<strong>Avec certificat :<\/strong> This jade Pixiu comes with a certificate of authenticity, ensuring its quality and origin.<\/li>\n<li>\n<strong>Jade Decoration:<\/strong> Perfect as a home ornament, this jade Pixiu will add a touch of elegance to any space.<\/li>\n<\/ul>\n<p>Weighing 74.61 grams and measuring 57 * 30.3 * 31.8 mm (hand6), this unique piece of jewelry accessory has been crafted with attention to detail making it perfect for display or as a hand-held item for good luck charm purposes.<\/p>\n<p>Sourced from Myanmar, the Yellow and Green Patches Natural Type A Jadeite is highly sought after by collectors due to its rarity.<\/p>\n<p>Bring the beauty of natural jade into your home or office today!<\/p>\n<p><\/p>\n<p><strong>La jad\u00e9ite naturelle n&#039;est pas parfaite, juste un petit rappel : notre jad\u00e9ite naturelle, comme toutes les belles choses de la nature, poss\u00e8de ses caract\u00e9ristiques et ses variations uniques. Nous invitons nos pr\u00e9cieux clients \u00e0 adopter ces variations naturelles. Bon shopping !<\/strong><\/p>\n<p><\/p>\n<p><strong><u>Aucune des photos et des s\u00e9quences vid\u00e9o n&#039;a \u00e9t\u00e9 filtr\u00e9e. Nous encourageons nos clients \u00e0 regarder \u00e9galement les vid\u00e9os d&#039;accompagnement pour une vue plus compl\u00e8te de nos produits<\/u><\/strong><\/p>\n<p><\/p>\n<p>.<\/p>","protected":false},"excerpt":{"rendered":"<p>Elevate your home decor with this Very Unique Yellow and Green Patches Natural Type A Jadeite Jade Pixiu. This exquisite piece can be displayed or held in hand and is sure to impress. Certificate numbers: GD2201H011080 Natural Type A Jadeite: Crafted from high-quality natural Type A jadeite, this piece is not only visually stunning but [&hellip;]<\/p>","protected":false},"featured_media":8610,"comment_status":"open","ping_status":"closed","template":"","meta":[],"product_brand":[],"product_cat":[194],"product_tag":[],"class_list":{"0":"post-1868","1":"product","2":"type-product","3":"status-publish","4":"has-post-thumbnail","6":"product_cat-value-picks","8":"first","9":"instock","10":"sale","11":"shipping-taxable","12":"purchasable","13":"product-type-simple"},"_links":{"self":[{"href":"https:\/\/shop.yipinqian.com\/fr\/wp-json\/wp\/v2\/product\/1868","targetHints":{"allow":["GET"]}}],"collection":[{"href":"https:\/\/shop.yipinqian.com\/fr\/wp-json\/wp\/v2\/product"}],"about":[{"href":"https:\/\/shop.yipinqian.com\/fr\/wp-json\/wp\/v2\/types\/product"}],"replies":[{"embeddable":true,"href":"https:\/\/shop.yipinqian.com\/fr\/wp-json\/wp\/v2\/comments?post=1868"}],"version-history":[{"count":0,"href":"https:\/\/shop.yipinqian.com\/fr\/wp-json\/wp\/v2\/product\/1868\/revisions"}],"wp:featuredmedia":[{"embeddable":true,"href":"https:\/\/shop.yipinqian.com\/fr\/wp-json\/wp\/v2\/media\/8610"}],"wp:attachment":[{"href":"https:\/\/shop.yipinqian.com\/fr\/wp-json\/wp\/v2\/media?parent=1868"}],"wp:term":[{"taxonomy":"product_brand","embeddable":true,"href":"https:\/\/shop.yipinqian.com\/fr\/wp-json\/wp\/v2\/product_brand?post=1868"},{"taxonomy":"product_cat","embeddable":true,"href":"https:\/\/shop.yipinqian.com\/fr\/wp-json\/wp\/v2\/product_cat?post=1868"},{"taxonomy":"product_tag","embeddable":true,"href":"https:\/\/shop.yipinqian.com\/fr\/wp-json\/wp\/v2\/product_tag?post=1868"}],"curies":[{"name":"wp","href":"https:\/\/api.w.org\/{rel}","templated":true}]}}