{"id":1862,"date":"2024-10-24T23:23:11","date_gmt":"2024-10-24T15:23:11","guid":{"rendered":"https:\/\/shop.yipinqian.com\/product\/very-rare-premium-natural-type-a-jadeite-jade-with-green-and-green-hue-good-translucent-set-with-18k-gold-crafted-as-swan-pendant-certificate-weighs-3-55-grams-measurement-37-20-6-5-mm-18kp67\/"},"modified":"2025-02-24T01:34:16","modified_gmt":"2025-02-23T17:34:16","slug":"very-rare-premium-natural-type-a-jadeite-jade-with-green-and-green-hue-good-translucent-set-with-18k-gold-crafted-as-swan-pendant-certificate-weighs-3-55-grams-measurement-37-20-6-5-mm-18kp67","status":"publish","type":"product","link":"https:\/\/shop.yipinqian.com\/fr\/produit\/very-rare-premium-natural-type-a-jadeite-jade-with-green-and-green-hue-good-translucent-set-with-18k-gold-crafted-as-swan-pendant-certificate-weighs-3-55-grams-measurement-37-20-6-5-mm-18kp67\/","title":{"rendered":"Jadeite-jade naturelle de type A de qualit\u00e9 sup\u00e9rieure tr\u00e8s rare avec des teintes vertes et vertes, bonne translucidit\u00e9, sertie d&#039;or 18 carats, fabriqu\u00e9e en pendentif cygne, le certificat p\u00e8se 3,55 grammes, mesure 37 * 20 * 6,5 mm (18kp67)"},"content":{"rendered":"<p>This Very Rare Premium Natural Type A Jadeite-Jade necklace features a stunning green and green hue with good translucency, set with 18k gold in a beautifully crafted Swan Pendant design.<\/p>\n<p><\/p>\n<p>Certificate numbers: GD2205H004255<\/p>\n<p>18k gold: 1.99 grams<\/p>\n<p>Diamonds: 0.08 * 1, 0.005 * 23, 0.008 * 6 ~ Total = 0.243 carats<\/p>\n<p>Jadeite measurement: 15.3 * 18.1 * 2.9 mm<\/p>\n<p>Overall measurement: 37 * 20 * 6.5 mm<\/p>\n<p><img fetchpriority=\"high\" decoding=\"async\" src=\"https:\/\/shop.yipinqian.com\/wp-content\/uploads\/2024\/10\/85a2eb9be1994063a384f708860016fetplv-aphluv4xwc-origin-jpeg.jpeg?dr=15568&amp;nonce=60700&amp;refresh_token=ca2963d3f224ac762686891daa94cdda&amp;from=476444299&amp;idc=my&amp;ps=933b5bde&amp;shcp=9b759fb9&amp;shp=1c65f68b&amp;t=555f072d\" width=\"1080\" height=\"1080\"><\/p>\n<ul>\n<li>\n<strong>Mat\u00e9riel:<\/strong> Type A Jadeite-Jade, 18k Gold<\/li>\n<li>\n<strong>Poids:<\/strong> 3.55 grams<\/li>\n<li>\n<strong>Mesures:<\/strong> 37 x 20 x 6.5 mm<\/li>\n<li>\n<strong>Certificat:<\/strong> Oui (inclus)<\/li>\n<\/ul>\n<p><img decoding=\"async\" src=\"https:\/\/shop.yipinqian.com\/wp-content\/uploads\/2024\/10\/b9bdc7959d494c72975ea9c077493432tplv-aphluv4xwc-origin-jpeg.jpeg?dr=15568&amp;nonce=17715&amp;refresh_token=a71cc0b2e4c65e3d19832b3897930cd0&amp;from=476444299&amp;idc=my&amp;ps=933b5bde&amp;shcp=9b759fb9&amp;shp=1c65f68b&amp;t=555f072d\" width=\"1080\" height=\"1080\"><img decoding=\"async\" src=\"https:\/\/shop.yipinqian.com\/wp-content\/uploads\/2024\/10\/bd1906275a7e45f690687683131657d5tplv-aphluv4xwc-origin-jpeg.jpeg?dr=15568&amp;nonce=8360&amp;refresh_token=ea26d310c5fbfac6a72eaa920de4be7e&amp;from=476444299&amp;idc=my&amp;ps=933b5bde&amp;shcp=9b759fb9&amp;shp=1c65f68b&amp;t=555f072d\" width=\"1080\" height=\"1080\"><\/p>\n<p>This exquisite piece of jewelry is perfect for daily wear, adding a touch of elegance to any outfit. The necklace is unisex in design and makes for a unique accessory.<\/p>\n<ul>\n<li><strong>Type de jade : Jad\u00e9ite<\/strong><\/li>\n<li><strong>Le mat\u00e9riau secondaire de ce pendentif est le diamant.<\/strong><\/li>\n<li><strong>Le mat\u00e9riau de montage est l&#039;or PT\/Carat.<\/strong><\/li>\n<li><strong>The country of origin for this piece is Myanmar.<\/strong><\/li>\n<li><strong>No warranty type provided<\/strong><\/li>\n<li><strong>Casual necklace style<\/strong><\/li>\n<\/ul>\n<p>Yi Pin Qian \u2013 N\u00e9gociant en pierres pr\u00e9cieuses et m\u00e9taux pr\u00e9cieux \u00e0 Singapour \u2013 Num\u00e9ro de licence PS20190000031<\/p>\n<p><\/p>\n<p>*Toutes les jad\u00e9ites achet\u00e9es chez Yi Pin Qian \u00e0 Singapour, les clients peuvent r\u00e9server des cr\u00e9neaux pour le polissage ou une r\u00e9paration mineure en cas de mauvaise manipulation - des frais s&#039;appliquent et uniquement pour les clients de Yi Pin Qian \u00e0 Singapour*<\/p>\n<p><\/p>\n<p><strong>**Types de certificats**<\/strong><\/p>\n<p><\/p>\n<p><strong>NGI (Nan Yang Gemmologie)<\/strong><\/p>\n<p>ou <strong>Certificats \u00e9trangers <\/strong>(Yi Pin Qian utilise uniquement des certificats authentiques provenant de laboratoires \u00e9trangers et contr\u00f4le \u00e9galement la qualit\u00e9 de chacun de nos produits avant de les mettre en vente \u00e0 Singapour)<\/p>\n<p><\/p>\n<p>Chaque produit sur TikTok aura le type de certificat fourni indiqu\u00e9 dans la description. Pour tout client souhaitant envoyer sa commande \u00e0 NGI Singapore, il y aura un d\u00e9lai d&#039;attente pour la livraison de la commande estim\u00e9 \u00e0 environ 4 semaines pour recevoir votre commande. <strong>Les demandes de rapport NGI Gemstone doivent \u00eatre effectu\u00e9es en nous envoyant un message.<\/strong> Merci, <strong><u>des frais suppl\u00e9mentaires s&#039;appliquent<\/u><\/strong>.<\/p>\n<p><\/p>\n<p><strong>La jad\u00e9ite naturelle n&#039;est pas parfaite, juste un petit rappel : notre jad\u00e9ite naturelle, comme toutes les belles choses de la nature, poss\u00e8de ses caract\u00e9ristiques et ses variations uniques. Nous invitons nos pr\u00e9cieux clients \u00e0 adopter ces variations naturelles. Bon shopping !<\/strong><\/p>\n<p><\/p>\n<p><strong><u>Aucune des photos et des s\u00e9quences vid\u00e9o n&#039;a \u00e9t\u00e9 filtr\u00e9e. Nous encourageons nos clients \u00e0 regarder \u00e9galement les vid\u00e9os d&#039;accompagnement pour une vue plus compl\u00e8te de nos produits<\/u><\/strong><\/p>\n<p><\/p>\n<ul>\n<li>Diff\u00e9rentes plates-formes ne peuvent visionner des vid\u00e9os que via le bureau<\/li>\n<\/ul>","protected":false},"excerpt":{"rendered":"<p>This Very Rare Premium Natural Type A Jadeite-Jade necklace features a stunning green and green hue with good translucency, set with 18k gold in a beautifully crafted Swan Pendant design. Certificate numbers: GD2205H004255 18k gold: 1.99 grams Diamonds: 0.08 * 1, 0.005 * 23, 0.008 * 6 ~ Total = 0.243 carats Jadeite measurement: 15.3 [&hellip;]<\/p>","protected":false},"featured_media":4275,"comment_status":"open","ping_status":"closed","template":"","meta":[],"product_brand":[],"product_cat":[196],"product_tag":[50,52,88,53,70,79,54,55,56,58,73,109,59,60,62],"class_list":{"0":"post-1862","1":"product","2":"type-product","3":"status-publish","4":"has-post-thumbnail","6":"product_cat-vault-collection","7":"product_tag-18k-gold","8":"product_tag-certified","9":"product_tag-diamonds","10":"product_tag-fine-quality","11":"product_tag-green","12":"product_tag-green-hue","13":"product_tag-icy","14":"product_tag-jadeite","15":"product_tag-limited-editions","16":"product_tag-new-arrivals","17":"product_tag-pendant","18":"product_tag-swan","19":"product_tag-translucent","20":"product_tag-type-a-jadeite","21":"product_tag-yi-pin-qian-exclusive","23":"first","24":"instock","25":"sale","26":"shipping-taxable","27":"purchasable","28":"product-type-simple"},"_links":{"self":[{"href":"https:\/\/shop.yipinqian.com\/fr\/wp-json\/wp\/v2\/product\/1862","targetHints":{"allow":["GET"]}}],"collection":[{"href":"https:\/\/shop.yipinqian.com\/fr\/wp-json\/wp\/v2\/product"}],"about":[{"href":"https:\/\/shop.yipinqian.com\/fr\/wp-json\/wp\/v2\/types\/product"}],"replies":[{"embeddable":true,"href":"https:\/\/shop.yipinqian.com\/fr\/wp-json\/wp\/v2\/comments?post=1862"}],"version-history":[{"count":0,"href":"https:\/\/shop.yipinqian.com\/fr\/wp-json\/wp\/v2\/product\/1862\/revisions"}],"wp:featuredmedia":[{"embeddable":true,"href":"https:\/\/shop.yipinqian.com\/fr\/wp-json\/wp\/v2\/media\/4275"}],"wp:attachment":[{"href":"https:\/\/shop.yipinqian.com\/fr\/wp-json\/wp\/v2\/media?parent=1862"}],"wp:term":[{"taxonomy":"product_brand","embeddable":true,"href":"https:\/\/shop.yipinqian.com\/fr\/wp-json\/wp\/v2\/product_brand?post=1862"},{"taxonomy":"product_cat","embeddable":true,"href":"https:\/\/shop.yipinqian.com\/fr\/wp-json\/wp\/v2\/product_cat?post=1862"},{"taxonomy":"product_tag","embeddable":true,"href":"https:\/\/shop.yipinqian.com\/fr\/wp-json\/wp\/v2\/product_tag?post=1862"}],"curies":[{"name":"wp","href":"https:\/\/api.w.org\/{rel}","templated":true}]}}