{"id":1854,"date":"2024-10-24T23:23:06","date_gmt":"2024-10-24T15:23:06","guid":{"rendered":"https:\/\/shop.yipinqian.com\/product\/very-rare-light-lavender-and-lemon-yellow-with-brown-natural-type-a-jadeite-pendant-carved-with-baby-buddha-certificate-included-weighs-20-13-grams-57-90-26-80-11-20-mm-suitable-for-daily-wear-pendant\/"},"modified":"2025-02-24T01:17:25","modified_gmt":"2025-02-23T17:17:25","slug":"very-rare-light-lavender-and-lemon-yellow-with-brown-natural-type-a-jadeite-pendant-carved-with-baby-buddha-certificate-included-weighs-20-13-grams-57-90-26-80-11-20-mm-suitable-for-daily-wear-pendant","status":"publish","type":"product","link":"https:\/\/shop.yipinqian.com\/fr\/produit\/very-rare-light-lavender-and-lemon-yellow-with-brown-natural-type-a-jadeite-pendant-carved-with-baby-buddha-certificate-included-weighs-20-13-grams-57-90-26-80-11-20-mm-suitable-for-daily-wear-pendant\/","title":{"rendered":"Very Rare Light Lavender and Lemon Yellow with Brown Natural Type A Jadeite pendant carved with baby buddha pendant, certificate included weighs 20.13 grams, 57.90 * 26.80 * 11.20 mm, suitable for daily wear (pendant86)"},"content":{"rendered":"<p>This Very Rare Light Lavender and Lemon Yellow with Brown Natural Type A Jadeite pendant is a stunning addition to any jewelry collection. The pendant is carved with a beautiful baby buddha and comes with a certificate of authenticity. Weighing 20.13 grams and measuring 57.90 * 26.80 * 11.20 mm, this piece is suitable for daily wear.<\/p>\n<ul>\n<li>\n<strong>Unique Colors:<\/strong> The<strong><u> light lavender, lemon yellow, and brown<\/u><\/strong> hues of this jadeite are very rare.<\/li>\n<li>\n<strong>Natural Type A Jade:<\/strong> This pendant is made from high-quality natural jadeite that has not been treated or enhanced in any way.<\/li>\n<li>\n<strong>Certificat inclus :<\/strong> You can be sure that you&#8217;re getting an authentic piece of jade jewelry thanks to the included certificate of authenticity.<\/li>\n<\/ul>\n<p><strong>Certificate numbers: 920870012902<\/strong><\/p>\n<p><img fetchpriority=\"high\" decoding=\"async\" height=\"1080\" src=\"https:\/\/shop.yipinqian.com\/wp-content\/uploads\/2024\/10\/17fe24126f6da66801f28ead5bfaa3b7.jpg?from=476444299\" width=\"1080\"><\/p>\n<p>This casual necklace style makes it easy to wear this stunning pendant every day as an expression of your unique style sense or as a symbol for protection, good luck, or peace in your life.<\/p>\n<ul>\n<li>\n<strong>Aucune garantie incluse\u00a0:<\/strong> Please note that there no warranty included with purchase<\/li>\n<li>\n<strong>Suitable for All Genders:<\/strong> This unisex necklace can be worn by anyone who appreciates high-quality natural gemstones.<\/li>\n<\/ul>\n<p>Add some color to your wardrobe today by adding this rare light lavender &amp; lemon-yellow plus brown, type-A natural jadeite pendent carved into baby buddha form!<\/p>\n<p>\u00a0<\/p>\n<p>Yi Pin Qian \u2013 N\u00e9gociant en pierres pr\u00e9cieuses et m\u00e9taux pr\u00e9cieux \u00e0 Singapour \u2013 Num\u00e9ro de licence PS20190000031<\/p>\n<p>\u00a0<\/p>\n<p>*Toutes les jad\u00e9ites achet\u00e9es chez Yi Pin Qian \u00e0 Singapour, les clients peuvent r\u00e9server des cr\u00e9neaux pour le polissage ou une r\u00e9paration mineure en cas de mauvaise manipulation - des frais s&#039;appliquent et uniquement pour les clients de Yi Pin Qian \u00e0 Singapour*<\/p>\n<p>\u00a0<\/p>\n<p><strong>**Types de certificats**<\/strong><\/p>\n<p>\u00a0<\/p>\n<p><strong>NGI (Nan Yang Gemmologie)<\/strong><\/p>\n<p>ou <strong>Certificats \u00e9trangers <\/strong>(Yi Pin Qian utilise uniquement des certificats authentiques provenant de laboratoires \u00e9trangers et contr\u00f4le \u00e9galement la qualit\u00e9 de chacun de nos produits avant de les mettre en vente \u00e0 Singapour)<\/p>\n<p>\u00a0<\/p>\n<p>Chaque produit sur TikTok aura le type de certificat fourni indiqu\u00e9 dans la description. Pour tout client souhaitant envoyer sa commande \u00e0 NGI Singapore, il y aura un d\u00e9lai d&#039;attente pour la livraison de la commande estim\u00e9 \u00e0 environ 4 semaines pour recevoir votre commande. <strong>Les demandes de rapport sur les pierres pr\u00e9cieuses NGI doivent \u00eatre effectu\u00e9es en envoyant un message \u00e0 la boutique TikTok de Yi Pin Qian.<\/strong> Merci, <strong><u>des frais suppl\u00e9mentaires s&#039;appliquent<\/u><\/strong>.<\/p>\n<p>\u00a0<\/p>\n<p><strong>Natural jadeite is not flawless, Just a gentle reminder, our natural jadeite, like all beautiful things in nature, comes with its unique characteristics and variations. We invite our valued customers to embrace these natural variations. Happy shopping!<\/strong><\/p>\n<p>\u00a0<\/p>\n<p>.<\/p>","protected":false},"excerpt":{"rendered":"<p>This Very Rare Light Lavender and Lemon Yellow with Brown Natural Type A Jadeite pendant is a stunning addition to any jewelry collection. The pendant is carved with a beautiful baby buddha and comes with a certificate of authenticity. Weighing 20.13 grams and measuring 57.90 * 26.80 * 11.20 mm, this piece is suitable for [&hellip;]<\/p>","protected":false},"featured_media":8496,"comment_status":"open","ping_status":"closed","template":"","meta":[],"product_brand":[],"product_cat":[195],"product_tag":[],"class_list":{"0":"post-1854","1":"product","2":"type-product","3":"status-publish","4":"has-post-thumbnail","6":"product_cat-heirloom-grade","8":"first","9":"instock","10":"sale","11":"shipping-taxable","12":"purchasable","13":"product-type-simple"},"_links":{"self":[{"href":"https:\/\/shop.yipinqian.com\/fr\/wp-json\/wp\/v2\/product\/1854","targetHints":{"allow":["GET"]}}],"collection":[{"href":"https:\/\/shop.yipinqian.com\/fr\/wp-json\/wp\/v2\/product"}],"about":[{"href":"https:\/\/shop.yipinqian.com\/fr\/wp-json\/wp\/v2\/types\/product"}],"replies":[{"embeddable":true,"href":"https:\/\/shop.yipinqian.com\/fr\/wp-json\/wp\/v2\/comments?post=1854"}],"version-history":[{"count":0,"href":"https:\/\/shop.yipinqian.com\/fr\/wp-json\/wp\/v2\/product\/1854\/revisions"}],"wp:featuredmedia":[{"embeddable":true,"href":"https:\/\/shop.yipinqian.com\/fr\/wp-json\/wp\/v2\/media\/8496"}],"wp:attachment":[{"href":"https:\/\/shop.yipinqian.com\/fr\/wp-json\/wp\/v2\/media?parent=1854"}],"wp:term":[{"taxonomy":"product_brand","embeddable":true,"href":"https:\/\/shop.yipinqian.com\/fr\/wp-json\/wp\/v2\/product_brand?post=1854"},{"taxonomy":"product_cat","embeddable":true,"href":"https:\/\/shop.yipinqian.com\/fr\/wp-json\/wp\/v2\/product_cat?post=1854"},{"taxonomy":"product_tag","embeddable":true,"href":"https:\/\/shop.yipinqian.com\/fr\/wp-json\/wp\/v2\/product_tag?post=1854"}],"curies":[{"name":"wp","href":"https:\/\/api.w.org\/{rel}","templated":true}]}}