{"id":1853,"date":"2024-10-24T23:23:06","date_gmt":"2024-10-24T15:23:06","guid":{"rendered":"https:\/\/shop.yipinqian.com\/product\/very-rare-lemon-yellow-patch-natural-type-a-jadeite-jade-crafted-as-peace-bangle-certificate-weighs-58-76-grams-measurement-15-3-7-1-56-4-mm-bangle9\/"},"modified":"2025-02-24T01:17:25","modified_gmt":"2025-02-23T17:17:25","slug":"very-rare-lemon-yellow-patch-natural-type-a-jadeite-jade-crafted-as-peace-bangle-certificate-weighs-58-76-grams-measurement-15-3-7-1-56-4-mm-bangle9","status":"publish","type":"product","link":"https:\/\/shop.yipinqian.com\/fr\/produit\/very-rare-lemon-yellow-patch-natural-type-a-jadeite-jade-crafted-as-peace-bangle-certificate-weighs-58-76-grams-measurement-15-3-7-1-56-4-mm-bangle9\/","title":{"rendered":"Jade jad\u00e9ite naturelle de type A jaune citron tr\u00e8s rare fabriqu\u00e9 comme bracelet de paix, le certificat p\u00e8se 58,76 grammes, mesure 15,3 * 7,1 * 56,4 mm (bangle9)"},"content":{"rendered":"<p>Ce bracelet de paix en jade jad\u00e9ite naturelle de type A jaune citron tr\u00e8s rare est un superbe bijou qui respire l&#039;\u00e9l\u00e9gance et la sophistication.<\/p>\n<p>*** La largeur et l&#039;\u00e9paisseur sont deux des facteurs importants, tout comme le pendentif ou tout autre accessoire pour les jad\u00e9ites, car ces deux facteurs d\u00e9terminent \u00e9galement la fourchette de prix ***<\/p>\n<p>Num\u00e9ros de certificat : 920870006529<\/p>\n<p>Bracelet Taille int\u00e9rieure : 56,4 mm<\/p>\n<p>Largeur : 15,3 mm<\/p>\n<p>\u00c9paisseur : 7,1 mm<\/p>\n<p><img fetchpriority=\"high\" decoding=\"async\" height=\"1080\" src=\"https:\/\/shop.yipinqian.com\/wp-content\/uploads\/2024\/10\/4e356d9607325bda55a17c916850a235.jpg?from=476444299\" width=\"1080\"><\/p>\n<ul>\n<li>\n<strong>Conception exquise :<\/strong> Fabriqu\u00e9 avec pr\u00e9cision et soin, le bracelet met en valeur la beaut\u00e9 du jade naturel avec ses taches jaune citron uniques.<\/li>\n<li>\n<strong>Qualit\u00e9 sup\u00e9rieure :<\/strong> Fabriqu\u00e9 en jade jad\u00e9ite de type A, ce bracelet est non seulement beau mais \u00e9galement durable, garantissant une utilisation longue dur\u00e9e.<\/li>\n<li>\n<strong>Certificat inclus :<\/strong> Livr\u00e9 avec un certificat v\u00e9rifiant l&#039;authenticit\u00e9 et la qualit\u00e9 du jade utilis\u00e9 dans cette pi\u00e8ce.<\/li>\n<\/ul>\n<p>Pesant 58,76 grammes et mesurant 15,3 * 7,1 * 56,4 mm (bangle8), ce bracelet est une trouvaille rare qui ajoutera une touche de luxe \u00e0 n&#039;importe quelle tenue.<\/p>\n<ul>\n<li>\n<strong>Pays d&#039;origine :<\/strong> Cette pi\u00e8ce exquise provient du Myanmar, connu pour sa production de jade de haute qualit\u00e9.<\/li>\n<li>DailydurabiliOccasionStyle : Femme ou usage quotidien, ce bracelet est parfait pour ajouter de la sophistication \u00e0 n&#039;importe quelle occasion.<\/li>\n<\/ul>\n<p>un bracelet magnifiquement con\u00e7u respire la gr\u00e2ce<\/p>\n<p>L&#039;accessoire parfait pour les amateurs de bijoux qui appr\u00e9cient les pi\u00e8ces uniques qui font une d\u00e9claration sans compromettre la qualit\u00e9 ou le style. Une d\u00e9claration magnifiquement \u00e9l\u00e9gante sans compromettre la qualit\u00e9 ou le style.<\/p>","protected":false},"excerpt":{"rendered":"<p>Ce bracelet de paix en jade jad\u00e9ite naturelle de type A jaune citron tr\u00e8s rare est un superbe bijou qui respire l&#039;\u00e9l\u00e9gance et la sophistication. *** La largeur et l&#039;\u00e9paisseur sont deux des facteurs importants, tout comme le pendentif ou tout autre accessoire pour les jad\u00e9ites, car ces deux facteurs d\u00e9terminent \u00e9galement la fourchette de prix *** Num\u00e9ros de certificat : [\u2026]<\/p>","protected":false},"featured_media":8476,"comment_status":"open","ping_status":"closed","template":"","meta":[],"product_brand":[],"product_cat":[195],"product_tag":[],"class_list":{"0":"post-1853","1":"product","2":"type-product","3":"status-publish","4":"has-post-thumbnail","6":"product_cat-heirloom-grade","8":"first","9":"instock","10":"sale","11":"shipping-taxable","12":"purchasable","13":"product-type-simple"},"_links":{"self":[{"href":"https:\/\/shop.yipinqian.com\/fr\/wp-json\/wp\/v2\/product\/1853","targetHints":{"allow":["GET"]}}],"collection":[{"href":"https:\/\/shop.yipinqian.com\/fr\/wp-json\/wp\/v2\/product"}],"about":[{"href":"https:\/\/shop.yipinqian.com\/fr\/wp-json\/wp\/v2\/types\/product"}],"replies":[{"embeddable":true,"href":"https:\/\/shop.yipinqian.com\/fr\/wp-json\/wp\/v2\/comments?post=1853"}],"version-history":[{"count":0,"href":"https:\/\/shop.yipinqian.com\/fr\/wp-json\/wp\/v2\/product\/1853\/revisions"}],"wp:featuredmedia":[{"embeddable":true,"href":"https:\/\/shop.yipinqian.com\/fr\/wp-json\/wp\/v2\/media\/8476"}],"wp:attachment":[{"href":"https:\/\/shop.yipinqian.com\/fr\/wp-json\/wp\/v2\/media?parent=1853"}],"wp:term":[{"taxonomy":"product_brand","embeddable":true,"href":"https:\/\/shop.yipinqian.com\/fr\/wp-json\/wp\/v2\/product_brand?post=1853"},{"taxonomy":"product_cat","embeddable":true,"href":"https:\/\/shop.yipinqian.com\/fr\/wp-json\/wp\/v2\/product_cat?post=1853"},{"taxonomy":"product_tag","embeddable":true,"href":"https:\/\/shop.yipinqian.com\/fr\/wp-json\/wp\/v2\/product_tag?post=1853"}],"curies":[{"name":"wp","href":"https:\/\/api.w.org\/{rel}","templated":true}]}}