{"id":1851,"date":"2024-10-24T23:23:05","date_gmt":"2024-10-24T15:23:05","guid":{"rendered":"https:\/\/shop.yipinqian.com\/product\/very-rare-green-red-and-yellow-natural-type-a-jadeite-jade-pendant-necklace-with-sceneries-certificate-included-weigh-29-84-grams-measurement-61-6-39-7-5-8-mm-pendant183\/"},"modified":"2025-02-24T01:17:25","modified_gmt":"2025-02-23T17:17:25","slug":"very-rare-green-red-and-yellow-natural-type-a-jadeite-jade-pendant-necklace-with-sceneries-certificate-included-weigh-29-84-grams-measurement-61-6-39-7-5-8-mm-pendant183","status":"publish","type":"product","link":"https:\/\/shop.yipinqian.com\/fr\/produit\/very-rare-green-red-and-yellow-natural-type-a-jadeite-jade-pendant-necklace-with-sceneries-certificate-included-weigh-29-84-grams-measurement-61-6-39-7-5-8-mm-pendant183\/","title":{"rendered":"Collier pendentif en jade jad\u00e9ite naturelle de type A, vert, rouge et jaune, tr\u00e8s rare, avec paysages, certificat inclus, p\u00e8se 29,84 grammes, mesure 61,6 * 39,7 * 5,8 mm (pendentif183)"},"content":{"rendered":"<p>Rehaussez votre collection de bijoux avec ce collier pendentif en jade jad\u00e9ite de type A naturel vert, rouge et jaune tr\u00e8s rare avec d\u00e9cors. Ce collier est un exemple \u00e9poustouflant de la beaut\u00e9 du jade jad\u00e9ite, avec une combinaison de couleurs vertes, rouges et jaunes.<\/p>\n<p><\/p>\n<p><strong>Num\u00e9ros de certificat : ZS22090100086<\/strong><\/p>\n<ul>\n<li>Conception unique : le pendentif est con\u00e7u avec de beaux paysages qui le distinguent des autres colliers.<\/li>\n<li>Mat\u00e9riau de haute qualit\u00e9 : fabriqu\u00e9 \u00e0 partir de jade jad\u00e9ite naturel de type A, ce collier est durable et r\u00e9sistant.<\/li>\n<li>Certificat inclus : Ce collier est livr\u00e9 avec un certificat pour garantir son authenticit\u00e9.<\/li>\n<\/ul>\n<p>Pes\u00e9e <strong>29,84 grammes<\/strong> et mesurer <strong>61,6 * 39,7 * 5,8 mm<\/strong> (pendentif183), ce collier unisexe a un style \u00e9l\u00e9gant qui le rend parfait pour un usage quotidien ou des occasions sp\u00e9ciales.<\/p>\n<ul>\n<li>Fabriqu\u00e9 au Myanmar : Le pays d&#039;origine de ce produit est le Myanmar o\u00f9 l&#039;on trouve les pierres de jade de la meilleure qualit\u00e9<\/li>\n<\/ul>\n<p>Ajoutez ce collier pendentif en jade jad\u00e9ite naturelle de type A vert, rouge et jaune tr\u00e8s rare \u00e0 votre collection d\u00e8s aujourd&#039;hui pour rehausser n&#039;importe quelle tenue sans effort !<\/p>\n<p><\/p>\n<p>Yi Pin Qian \u2013 N\u00e9gociant en pierres pr\u00e9cieuses et m\u00e9taux pr\u00e9cieux \u00e0 Singapour \u2013 Num\u00e9ro de licence PS20190000031<\/p>\n<p><\/p>\n<p>*Toutes les jad\u00e9ites achet\u00e9es chez Yi Pin Qian \u00e0 Singapour, les clients peuvent r\u00e9server des cr\u00e9neaux pour le polissage ou une r\u00e9paration mineure en cas de mauvaise manipulation - des frais s&#039;appliquent et uniquement pour les clients de Yi Pin Qian \u00e0 Singapour*<\/p>\n<p><\/p>\n<p><strong>**Types de certificats**<\/strong><\/p>\n<p><\/p>\n<p><strong>NGI (Nan Yang Gemmologie)<\/strong><\/p>\n<p>ou <strong>Certificats \u00e9trangers <\/strong>(Yi Pin Qian utilise uniquement des certificats authentiques provenant de laboratoires \u00e9trangers et contr\u00f4le \u00e9galement la qualit\u00e9 de chacun de nos produits avant de les mettre en vente \u00e0 Singapour)<\/p>\n<p><\/p>\n<p>Chaque produit sur TikTok aura le type de certificat fourni indiqu\u00e9 dans la description. Pour tout client souhaitant envoyer sa commande \u00e0 NGI Singapore, il y aura un d\u00e9lai d&#039;attente pour la livraison de la commande estim\u00e9 \u00e0 environ 4 semaines pour recevoir votre commande. <strong>Les demandes de rapport sur les pierres pr\u00e9cieuses NGI doivent \u00eatre effectu\u00e9es en envoyant un message \u00e0 la boutique TikTok de Yi Pin Qian.<\/strong> Merci, <strong><u>des frais suppl\u00e9mentaires s&#039;appliquent<\/u><\/strong>.<\/p>\n<p><\/p>\n<p><strong>La jad\u00e9ite naturelle n&#039;est pas parfaite, juste un petit rappel : notre jad\u00e9ite naturelle, comme toutes les belles choses de la nature, poss\u00e8de ses caract\u00e9ristiques et ses variations uniques. Nous invitons nos pr\u00e9cieux clients \u00e0 adopter ces variations naturelles. Bon shopping !<\/strong><\/p>\n<p><\/p>\n<p><strong><u>Aucune des photos et des s\u00e9quences vid\u00e9o n&#039;a \u00e9t\u00e9 filtr\u00e9e. Nous encourageons nos clients \u00e0 regarder \u00e9galement les vid\u00e9os d&#039;accompagnement pour une vue plus compl\u00e8te de nos produits<\/u><\/strong><\/p>","protected":false},"excerpt":{"rendered":"<p>Rehaussez votre collection de bijoux avec ce collier pendentif en jade jad\u00e9ite de type A naturel vert, rouge et jaune tr\u00e8s rare avec des paysages. Ce collier est un exemple \u00e9poustouflant de la beaut\u00e9 du jade jad\u00e9ite, avec une combinaison de couleurs vertes, rouges et jaunes. Num\u00e9ros de certificat : ZS22090100086 Conception unique : le pendentif est con\u00e7u avec de beaux paysages qui [\u2026]<\/p>","protected":false},"featured_media":8454,"comment_status":"open","ping_status":"closed","template":"","meta":[],"product_brand":[],"product_cat":[195],"product_tag":[],"class_list":{"0":"post-1851","1":"product","2":"type-product","3":"status-publish","4":"has-post-thumbnail","6":"product_cat-heirloom-grade","8":"first","9":"instock","10":"sale","11":"shipping-taxable","12":"purchasable","13":"product-type-simple"},"_links":{"self":[{"href":"https:\/\/shop.yipinqian.com\/fr\/wp-json\/wp\/v2\/product\/1851","targetHints":{"allow":["GET"]}}],"collection":[{"href":"https:\/\/shop.yipinqian.com\/fr\/wp-json\/wp\/v2\/product"}],"about":[{"href":"https:\/\/shop.yipinqian.com\/fr\/wp-json\/wp\/v2\/types\/product"}],"replies":[{"embeddable":true,"href":"https:\/\/shop.yipinqian.com\/fr\/wp-json\/wp\/v2\/comments?post=1851"}],"version-history":[{"count":0,"href":"https:\/\/shop.yipinqian.com\/fr\/wp-json\/wp\/v2\/product\/1851\/revisions"}],"wp:featuredmedia":[{"embeddable":true,"href":"https:\/\/shop.yipinqian.com\/fr\/wp-json\/wp\/v2\/media\/8454"}],"wp:attachment":[{"href":"https:\/\/shop.yipinqian.com\/fr\/wp-json\/wp\/v2\/media?parent=1851"}],"wp:term":[{"taxonomy":"product_brand","embeddable":true,"href":"https:\/\/shop.yipinqian.com\/fr\/wp-json\/wp\/v2\/product_brand?post=1851"},{"taxonomy":"product_cat","embeddable":true,"href":"https:\/\/shop.yipinqian.com\/fr\/wp-json\/wp\/v2\/product_cat?post=1851"},{"taxonomy":"product_tag","embeddable":true,"href":"https:\/\/shop.yipinqian.com\/fr\/wp-json\/wp\/v2\/product_tag?post=1851"}],"curies":[{"name":"wp","href":"https:\/\/api.w.org\/{rel}","templated":true}]}}