{"id":1849,"date":"2024-10-24T23:23:04","date_gmt":"2024-10-24T15:23:04","guid":{"rendered":"https:\/\/shop.yipinqian.com\/product\/very-rare-green-tiger-natural-type-a-jadeite-pendant-with-certificate-weight-32-24-grams-62-70-41-7-60-mm-excellent-for-the-tigers-lover-collection-for-your-daily-wear-pendant113\/"},"modified":"2025-02-24T01:17:25","modified_gmt":"2025-02-23T17:17:25","slug":"very-rare-green-tiger-natural-type-a-jadeite-pendant-with-certificate-weight-32-24-grams-62-70-41-7-60-mm-excellent-for-the-tigers-lover-collection-for-your-daily-wear-pendant113","status":"publish","type":"product","link":"https:\/\/shop.yipinqian.com\/fr\/produit\/very-rare-green-tiger-natural-type-a-jadeite-pendant-with-certificate-weight-32-24-grams-62-70-41-7-60-mm-excellent-for-the-tigers-lover-collection-for-your-daily-wear-pendant113\/","title":{"rendered":"Pendentif en jad\u00e9ite naturelle de type A de tigre vert tr\u00e8s rare avec certificat pesant 32,24 grammes, 62,70 * 41 * 7,60 mm, excellent pour la collection des amoureux du tigre pour votre usage quotidien (pendentif113)"},"content":{"rendered":"<p>Si vous \u00eates un amoureux des tigres et des bijoux rares, ce pendentif en jad\u00e9ite naturelle de type A de tigre vert tr\u00e8s rare est un incontournable pour votre collection.<\/p>\n<ul>\n<li>\n<strong>Naturel et rare :<\/strong> Fabriqu\u00e9 \u00e0 partir de jad\u00e9ite naturelle de type A, ce pendentif est tr\u00e8s rare et unique.<\/li>\n<li>\n<strong>Avec certificat :<\/strong> Il est livr\u00e9 avec un certificat prouvant son authenticit\u00e9.<\/li>\n<li>\n<strong>Un cadeau parfait :<\/strong> Ce pendentif est un excellent cadeau pour tous ceux qui aiment les tigres ou les bijoux rares.<\/li>\n<\/ul>\n<p>Le pendentif p\u00e8se 32,24 grammes et mesure 62,70 * 41 * 7,60 mm, ce qui en fait une excellente taille \u00e0 porter au quotidien dans le cadre de votre collection de colliers d\u00e9contract\u00e9s.<\/p>\n<p>\u00a0<\/p>\n<p><strong>Num\u00e9ros de certificat : 920460003758<\/strong><\/p>\n<p><img fetchpriority=\"high\" decoding=\"async\" height=\"1080\" src=\"https:\/\/shop.yipinqian.com\/wp-content\/uploads\/2024\/10\/ac8c0b33016f09357455ba8b813b73a3.jpg?from=476444299\" width=\"1080\"><\/p>\n<ul>\n<li>\n<strong>Fabriqu\u00e9 au Myanmar :<\/strong> Le pays d&#039;origine de ce produit est le Myanmar.<\/li>\n<li>\n<strong>Style de collier d\u00e9contract\u00e9 : <\/strong>Le style de collier de ce produit est d\u00e9contract\u00e9, ce qui le rend parfait pour un usage quotidien<\/li>\n<li>.<\/li>\n<\/ul>\n<p>Cette pi\u00e8ce unisexe n&#039;a aucun type de garantie qui lui est attach\u00e9e, mais sa beaut\u00e9 naturelle durera pour toujours avec les soins appropri\u00e9s !<\/p>\n<p>\u00a0<\/p>\n<p>Yi Pin Qian \u2013 N\u00e9gociant en pierres pr\u00e9cieuses et m\u00e9taux pr\u00e9cieux \u00e0 Singapour \u2013 Num\u00e9ro de licence PS20190000031<\/p>\n<p>\u00a0<\/p>\n<p>*Toutes les jad\u00e9ites achet\u00e9es chez Yi Pin Qian \u00e0 Singapour, les clients peuvent r\u00e9server des cr\u00e9neaux pour le polissage ou une r\u00e9paration mineure en cas de mauvaise manipulation - des frais s&#039;appliquent et uniquement pour les clients de Yi Pin Qian \u00e0 Singapour*<\/p>\n<p>\u00a0<\/p>\n<p><strong>**Types de certificats**<\/strong><\/p>\n<p>\u00a0<\/p>\n<p><strong>NGI (Nan Yang Gemmologie)<\/strong><\/p>\n<p>ou <strong>Certificats \u00e9trangers <\/strong>(Yi Pin Qian utilise uniquement des certificats authentiques provenant de laboratoires \u00e9trangers et contr\u00f4le \u00e9galement la qualit\u00e9 de chacun de nos produits avant de les mettre en vente \u00e0 Singapour)<\/p>\n<p>\u00a0<\/p>\n<p>Chaque produit sur TikTok aura le type de certificat fourni indiqu\u00e9 dans la description. Pour tout client souhaitant envoyer sa commande \u00e0 NGI Singapore, il y aura un d\u00e9lai d&#039;attente pour la livraison de la commande estim\u00e9 \u00e0 environ 4 semaines pour recevoir votre commande. <strong>Les demandes de rapport sur les pierres pr\u00e9cieuses NGI doivent \u00eatre effectu\u00e9es en envoyant un message \u00e0 la boutique TikTok de Yi Pin Qian.<\/strong> Merci, <strong><u>des frais suppl\u00e9mentaires s&#039;appliquent<\/u><\/strong>.<\/p>","protected":false},"excerpt":{"rendered":"<p>If you&#8217;re a lover of tigers and rare jewelry, this Very Rare Green Tiger Natural Type A Jadeite Pendant is a must-have for your collection. Natural and Rare: Made from natural Type A jadeite, this pendant is very rare and unique. With Certificate: It comes with a certificate to prove its authenticity. A Perfect Gift: [&hellip;]<\/p>","protected":false},"featured_media":8446,"comment_status":"open","ping_status":"closed","template":"","meta":[],"product_brand":[],"product_cat":[195],"product_tag":[],"class_list":{"0":"post-1849","1":"product","2":"type-product","3":"status-publish","4":"has-post-thumbnail","6":"product_cat-heirloom-grade","8":"first","9":"instock","10":"sale","11":"shipping-taxable","12":"purchasable","13":"product-type-simple"},"_links":{"self":[{"href":"https:\/\/shop.yipinqian.com\/fr\/wp-json\/wp\/v2\/product\/1849","targetHints":{"allow":["GET"]}}],"collection":[{"href":"https:\/\/shop.yipinqian.com\/fr\/wp-json\/wp\/v2\/product"}],"about":[{"href":"https:\/\/shop.yipinqian.com\/fr\/wp-json\/wp\/v2\/types\/product"}],"replies":[{"embeddable":true,"href":"https:\/\/shop.yipinqian.com\/fr\/wp-json\/wp\/v2\/comments?post=1849"}],"version-history":[{"count":0,"href":"https:\/\/shop.yipinqian.com\/fr\/wp-json\/wp\/v2\/product\/1849\/revisions"}],"wp:featuredmedia":[{"embeddable":true,"href":"https:\/\/shop.yipinqian.com\/fr\/wp-json\/wp\/v2\/media\/8446"}],"wp:attachment":[{"href":"https:\/\/shop.yipinqian.com\/fr\/wp-json\/wp\/v2\/media?parent=1849"}],"wp:term":[{"taxonomy":"product_brand","embeddable":true,"href":"https:\/\/shop.yipinqian.com\/fr\/wp-json\/wp\/v2\/product_brand?post=1849"},{"taxonomy":"product_cat","embeddable":true,"href":"https:\/\/shop.yipinqian.com\/fr\/wp-json\/wp\/v2\/product_cat?post=1849"},{"taxonomy":"product_tag","embeddable":true,"href":"https:\/\/shop.yipinqian.com\/fr\/wp-json\/wp\/v2\/product_tag?post=1849"}],"curies":[{"name":"wp","href":"https:\/\/api.w.org\/{rel}","templated":true}]}}