{"id":1847,"date":"2024-10-24T23:23:02","date_gmt":"2024-10-24T15:23:02","guid":{"rendered":"https:\/\/shop.yipinqian.com\/product\/very-rare-green-and-yellow-with-red-patches-praying-mantis-pendant-necklace-natural-type-a-jadeite-with-certificate-included-weigh-53-96-grams-72-5-35-5-12-8-mm-collectible-item\/"},"modified":"2025-02-24T01:34:17","modified_gmt":"2025-02-23T17:34:17","slug":"very-rare-green-and-yellow-with-red-patches-praying-mantis-pendant-necklace-natural-type-a-jadeite-with-certificate-included-weigh-53-96-grams-72-5-35-5-12-8-mm-collectible-item","status":"publish","type":"product","link":"https:\/\/shop.yipinqian.com\/fr\/produit\/very-rare-green-and-yellow-with-red-patches-praying-mantis-pendant-necklace-natural-type-a-jadeite-with-certificate-included-weigh-53-96-grams-72-5-35-5-12-8-mm-collectible-item\/","title":{"rendered":"Collier pendentif mante religieuse vert et jaune tr\u00e8s rare avec des taches rouges en jad\u00e9ite naturelle de type A avec certificat inclus p\u00e8se 53,96 grammes, 72,5 * 35,5 * 12,8 mm, objet de collection"},"content":{"rendered":"<p>Rehaussez votre collection de bijoux avec ce superbe collier pendentif mante religieuse fabriqu\u00e9 \u00e0 partir de jad\u00e9ite naturelle de type A. Le collier pr\u00e9sente une couleur verte et jaune tr\u00e8s rare avec des taches rouges frappantes, ce qui en fait un v\u00e9ritable objet de collection.<\/p>\n<ul>\n<li>\n<strong>Rare et unique :<\/strong> Ce collier pendentif est unique en son genre, ce qui en fait un excellent ajout \u00e0 toute collection de bijoux.<\/li>\n<li>\n<strong>Jad\u00e9ite naturelle de type A :<\/strong> Fabriqu\u00e9 \u00e0 partir de jad\u00e9ite naturelle de type A de haute qualit\u00e9, ce collier est durable et r\u00e9sistant.<\/li>\n<li>\n<strong>Certificat inclus :<\/strong> Ce pendentif est accompagn\u00e9 d&#039;un certificat d&#039;authenticit\u00e9 pour votre tranquillit\u00e9 d&#039;esprit.<\/li>\n<\/ul>\n<p>Le collier pendentif mante religieuse p\u00e8se 53,96 grammes et mesure 72,5 * 35,5 * 12,8 mm, ce qui en fait la taille parfaite \u00e0 porter au quotidien dans le cadre de votre look d\u00e9contract\u00e9 ou lors d&#039;occasions sp\u00e9ciales.<\/p>\n<ul>\n<li>\n<strong>Collier et pendentif en jade Style :<\/strong> Le style d\u00e9contract\u00e9 rend ce collier pendentif polyvalent pour n&#039;importe quelle tenue ou occasion !<\/li>\n<\/ul>\n<p>Cette pi\u00e8ce unisexe vient du Myanmar \u2013 le pays r\u00e9put\u00e9 pour son jade de haute qualit\u00e9 \u2013 ajoutant \u00e0 son allure unique qui vous permettra de vous d\u00e9marquer dans n&#039;importe quelle foule !<\/p>\n<ul>\n<li>\n<strong>OCCASION DE PORT : <\/strong>Cette pi\u00e8ce est parfaite comme accessoire de tous les jours gr\u00e2ce \u00e0 son design simple mais unique !<\/li>\n<\/ul>\n<p>Remarque : ce produit n&#039;est pas couvert par une garantie<\/p>\n<p>\u00a0<\/p>\n<p>Yi Pin Qian \u2013 N\u00e9gociant en pierres pr\u00e9cieuses et m\u00e9taux pr\u00e9cieux \u00e0 Singapour \u2013 Num\u00e9ro de licence PS20190000031<\/p>\n<p>\u00a0<\/p>\n<p>*Toutes les jad\u00e9ites achet\u00e9es chez Yi Pin Qian \u00e0 Singapour, les clients peuvent r\u00e9server des cr\u00e9neaux pour le polissage ou une r\u00e9paration mineure en cas de mauvaise manipulation - des frais s&#039;appliquent et uniquement pour les clients de Yi Pin Qian \u00e0 Singapour*<\/p>\n<p>\u00a0<\/p>\n<p><strong>**Types de certificats**<\/strong><\/p>\n<p>\u00a0<\/p>\n<p><strong>NGI (Nan Yang Gemmologie)<\/strong><\/p>\n<p>ou <strong>Certificats \u00e9trangers <\/strong>(Yi Pin Qian utilise uniquement des certificats authentiques provenant de laboratoires \u00e9trangers et contr\u00f4le \u00e9galement la qualit\u00e9 de chacun de nos produits avant de les mettre en vente \u00e0 Singapour)<\/p>\n<p>\u00a0<\/p>\n<p>Chaque produit sur TikTok aura le type de certificat fourni indiqu\u00e9 dans la description. Pour tout client souhaitant envoyer sa commande \u00e0 NGI Singapore, il y aura un d\u00e9lai d&#039;attente pour la livraison de la commande estim\u00e9 \u00e0 environ 4 semaines pour recevoir votre commande. <strong>Les demandes de rapport sur les pierres pr\u00e9cieuses NGI doivent \u00eatre effectu\u00e9es en envoyant un message \u00e0 la boutique TikTok de Yi Pin Qian.<\/strong> Merci, <strong><u>des frais suppl\u00e9mentaires s&#039;appliquent<\/u><\/strong>.<\/p>\n<p>\u00a0<\/p>\n<p><strong>La jad\u00e9ite naturelle n&#039;est pas parfaite, juste un petit rappel : notre jad\u00e9ite naturelle, comme toutes les belles choses de la nature, poss\u00e8de ses caract\u00e9ristiques et ses variations uniques. Nous invitons nos pr\u00e9cieux clients \u00e0 adopter ces variations naturelles. Bon shopping !<\/strong><\/p>\n<p>\u00a0<\/p>\n<p><strong><u>Aucune des photos et des s\u00e9quences vid\u00e9o n&#039;a \u00e9t\u00e9 filtr\u00e9e. Nous encourageons nos clients \u00e0 regarder \u00e9galement les vid\u00e9os d&#039;accompagnement pour une vue plus compl\u00e8te de nos produits<\/u><\/strong><\/p>","protected":false},"excerpt":{"rendered":"<p>Rehaussez votre collection de bijoux avec ce superbe collier pendentif mante religieuse fabriqu\u00e9 \u00e0 partir de jad\u00e9ite naturelle de type A. Le collier pr\u00e9sente une couleur verte et jaune tr\u00e8s rare avec des taches rouges frappantes, ce qui en fait un v\u00e9ritable objet de collection. Rare et unique : ce collier pendentif est unique en son genre, ce qui en fait un excellent ajout \u00e0 toute collection de bijoux. [\u2026]<\/p>","protected":false},"featured_media":8436,"comment_status":"open","ping_status":"closed","template":"","meta":[],"product_brand":[],"product_cat":[196],"product_tag":[],"class_list":{"0":"post-1847","1":"product","2":"type-product","3":"status-publish","4":"has-post-thumbnail","6":"product_cat-vault-collection","8":"first","9":"instock","10":"sale","11":"shipping-taxable","12":"purchasable","13":"product-type-simple"},"_links":{"self":[{"href":"https:\/\/shop.yipinqian.com\/fr\/wp-json\/wp\/v2\/product\/1847","targetHints":{"allow":["GET"]}}],"collection":[{"href":"https:\/\/shop.yipinqian.com\/fr\/wp-json\/wp\/v2\/product"}],"about":[{"href":"https:\/\/shop.yipinqian.com\/fr\/wp-json\/wp\/v2\/types\/product"}],"replies":[{"embeddable":true,"href":"https:\/\/shop.yipinqian.com\/fr\/wp-json\/wp\/v2\/comments?post=1847"}],"version-history":[{"count":0,"href":"https:\/\/shop.yipinqian.com\/fr\/wp-json\/wp\/v2\/product\/1847\/revisions"}],"wp:featuredmedia":[{"embeddable":true,"href":"https:\/\/shop.yipinqian.com\/fr\/wp-json\/wp\/v2\/media\/8436"}],"wp:attachment":[{"href":"https:\/\/shop.yipinqian.com\/fr\/wp-json\/wp\/v2\/media?parent=1847"}],"wp:term":[{"taxonomy":"product_brand","embeddable":true,"href":"https:\/\/shop.yipinqian.com\/fr\/wp-json\/wp\/v2\/product_brand?post=1847"},{"taxonomy":"product_cat","embeddable":true,"href":"https:\/\/shop.yipinqian.com\/fr\/wp-json\/wp\/v2\/product_cat?post=1847"},{"taxonomy":"product_tag","embeddable":true,"href":"https:\/\/shop.yipinqian.com\/fr\/wp-json\/wp\/v2\/product_tag?post=1847"}],"curies":[{"name":"wp","href":"https:\/\/api.w.org\/{rel}","templated":true}]}}