{"id":1846,"date":"2024-10-24T23:23:02","date_gmt":"2024-10-24T15:23:02","guid":{"rendered":"https:\/\/shop.yipinqian.com\/product\/very-rare-good-quality-reddish-yellow-and-light-green-natural-type-a-jadeite-jade-crafted-with-milo-buddha-as-pendant-with-certificate-weigh-37-43-grams-measurement-50-18-5-20-3-mm-pendant235\/"},"modified":"2025-02-24T01:17:25","modified_gmt":"2025-02-23T17:17:25","slug":"very-rare-good-quality-reddish-yellow-and-light-green-natural-type-a-jadeite-jade-crafted-with-milo-buddha-as-pendant-with-certificate-weigh-37-43-grams-measurement-50-18-5-20-3-mm-pendant235","status":"publish","type":"product","link":"https:\/\/shop.yipinqian.com\/fr\/produit\/very-rare-good-quality-reddish-yellow-and-light-green-natural-type-a-jadeite-jade-crafted-with-milo-buddha-as-pendant-with-certificate-weigh-37-43-grams-measurement-50-18-5-20-3-mm-pendant235\/","title":{"rendered":"Jade jad\u00e9ite naturelle de type A de tr\u00e8s bonne qualit\u00e9, jaune rouge\u00e2tre et vert clair, fabriqu\u00e9 avec le Bouddha Milo comme pendentif avec certificat, p\u00e8se 37,43 grammes, mesure 50 * 18,5 * 20,3 mm (pendentif235)"},"content":{"rendered":"<p>Ce superbe pendentif est compos\u00e9 d&#039;un jade jad\u00e9ite naturel de type A de couleur jaune rouge\u00e2tre et vert clair, tr\u00e8s rare et de haute qualit\u00e9, fabriqu\u00e9 de mani\u00e8re experte avec un motif de Bouddha Milo. Le pendentif est livr\u00e9 avec un certificat, pesant 37,43 grammes et mesurant 50 * 18,5 * 20,3 mm.<\/p>\n<p><\/p>\n<p>Num\u00e9ros de certificat : GD2203H010383<\/p>\n<ul>\n<li>\n<strong>Jad\u00e9ite rare de type A :<\/strong> Fabriqu\u00e9 \u00e0 partir de jad\u00e9ite naturelle de type A, rare et de haute qualit\u00e9, de couleur jaune rouge\u00e2tre et vert clair.<\/li>\n<li>\n<strong>Conception du Bouddha Milo :<\/strong> Fabriqu\u00e9 de mani\u00e8re complexe avec des d\u00e9tails exquis du Bouddha Milo.<\/li>\n<li>\n<strong>Certificat inclus :<\/strong> Livr\u00e9 avec un certificat d&#039;assurance d&#039;authenticit\u00e9.<\/li>\n<li>\n<strong>P\u00e8se 37,43 grammes :<\/strong> Poids substantiel pour une sensation luxueuse lorsqu&#039;il est port\u00e9.<\/li>\n<\/ul>\n<p>Yi Pin Qian \u2013 N\u00e9gociant en pierres pr\u00e9cieuses et m\u00e9taux pr\u00e9cieux \u00e0 Singapour \u2013 Num\u00e9ro de licence PS20190000031<\/p>\n<p><\/p>\n<p>*Toutes les jad\u00e9ites achet\u00e9es chez Yi Pin Qian \u00e0 Singapour, les clients peuvent r\u00e9server des cr\u00e9neaux pour le polissage ou une r\u00e9paration mineure en cas de mauvaise manipulation - des frais s&#039;appliquent et uniquement pour les clients de Yi Pin Qian \u00e0 Singapour*<\/p>\n<p><\/p>\n<p><strong>**Types de certificats**<\/strong><\/p>\n<p><\/p>\n<p><strong>NGI (Nan Yang Gemmologie)<\/strong><\/p>\n<p>ou <strong>Certificats \u00e9trangers <\/strong>(Yi Pin Qian utilise uniquement des certificats authentiques provenant de laboratoires \u00e9trangers et contr\u00f4le \u00e9galement la qualit\u00e9 de chacun de nos produits avant de les mettre en vente \u00e0 Singapour)<\/p>\n<p><\/p>\n<p>Chaque produit sur TikTok aura le type de certificat fourni indiqu\u00e9 dans la description. Pour tout client souhaitant envoyer sa commande \u00e0 NGI Singapore, il y aura un d\u00e9lai d&#039;attente pour la livraison de la commande estim\u00e9 \u00e0 environ 4 semaines pour recevoir votre commande. <strong>Les demandes de rapport sur les pierres pr\u00e9cieuses NGI doivent \u00eatre effectu\u00e9es en envoyant un message \u00e0 la boutique TikTok de Yi Pin Qian.<\/strong> Merci, <strong><u>des frais suppl\u00e9mentaires s&#039;appliquent<\/u><\/strong>.<\/p>\n<p><\/p>\n<p><strong>La jad\u00e9ite naturelle n&#039;est pas parfaite, juste un petit rappel : notre jad\u00e9ite naturelle, comme toutes les belles choses de la nature, poss\u00e8de ses caract\u00e9ristiques et ses variations uniques. Nous invitons nos pr\u00e9cieux clients \u00e0 adopter ces variations naturelles. Bon shopping !<\/strong><\/p>\n<p><\/p>\n<p><strong><u>Aucune des photos et des s\u00e9quences vid\u00e9o n&#039;a \u00e9t\u00e9 filtr\u00e9e. Nous encourageons nos clients \u00e0 regarder \u00e9galement les vid\u00e9os d&#039;accompagnement pour une vue plus compl\u00e8te de nos produits<\/u><\/strong><\/p>","protected":false},"excerpt":{"rendered":"<p>Ce superbe pendentif est compos\u00e9 d&#039;un jade jad\u00e9ite de type A naturel de couleur jaune rouge\u00e2tre et vert clair, tr\u00e8s rare et de haute qualit\u00e9, fabriqu\u00e9 de mani\u00e8re experte avec un motif de Bouddha Milo. Le pendentif est livr\u00e9 avec un certificat, pesant 37,43 grammes et mesurant 50 * 18,5 * 20,3 mm. Num\u00e9ros de certificat : GD2203H010383 Jad\u00e9ite de type A rare : Fabriqu\u00e9 \u00e0 partir de jade [\u2026]<\/p>","protected":false},"featured_media":8419,"comment_status":"open","ping_status":"closed","template":"","meta":[],"product_brand":[],"product_cat":[195],"product_tag":[],"class_list":{"0":"post-1846","1":"product","2":"type-product","3":"status-publish","4":"has-post-thumbnail","6":"product_cat-heirloom-grade","8":"first","9":"instock","10":"sale","11":"shipping-taxable","12":"purchasable","13":"product-type-simple"},"_links":{"self":[{"href":"https:\/\/shop.yipinqian.com\/fr\/wp-json\/wp\/v2\/product\/1846","targetHints":{"allow":["GET"]}}],"collection":[{"href":"https:\/\/shop.yipinqian.com\/fr\/wp-json\/wp\/v2\/product"}],"about":[{"href":"https:\/\/shop.yipinqian.com\/fr\/wp-json\/wp\/v2\/types\/product"}],"replies":[{"embeddable":true,"href":"https:\/\/shop.yipinqian.com\/fr\/wp-json\/wp\/v2\/comments?post=1846"}],"version-history":[{"count":0,"href":"https:\/\/shop.yipinqian.com\/fr\/wp-json\/wp\/v2\/product\/1846\/revisions"}],"wp:featuredmedia":[{"embeddable":true,"href":"https:\/\/shop.yipinqian.com\/fr\/wp-json\/wp\/v2\/media\/8419"}],"wp:attachment":[{"href":"https:\/\/shop.yipinqian.com\/fr\/wp-json\/wp\/v2\/media?parent=1846"}],"wp:term":[{"taxonomy":"product_brand","embeddable":true,"href":"https:\/\/shop.yipinqian.com\/fr\/wp-json\/wp\/v2\/product_brand?post=1846"},{"taxonomy":"product_cat","embeddable":true,"href":"https:\/\/shop.yipinqian.com\/fr\/wp-json\/wp\/v2\/product_cat?post=1846"},{"taxonomy":"product_tag","embeddable":true,"href":"https:\/\/shop.yipinqian.com\/fr\/wp-json\/wp\/v2\/product_tag?post=1846"}],"curies":[{"name":"wp","href":"https:\/\/api.w.org\/{rel}","templated":true}]}}