{"id":1844,"date":"2024-10-24T23:23:01","date_gmt":"2024-10-24T15:23:01","guid":{"rendered":"https:\/\/shop.yipinqian.com\/product\/very-fine-and-old-full-yellow-natural-type-a-jadeite-pendant-carved-as-a-leave-and-a-mythical-beast-on-it-with-certificate-weight-16-02-grams-44-26-10-mm-meaning-good-luck-and-auspiciousness-pendant10\/"},"modified":"2025-02-24T01:17:25","modified_gmt":"2025-02-23T17:17:25","slug":"very-fine-and-old-full-yellow-natural-type-a-jadeite-pendant-carved-as-a-leave-and-a-mythical-beast-on-it-with-certificate-weight-16-02-grams-44-26-10-mm-meaning-good-luck-and-auspiciousness-pendant10","status":"publish","type":"product","link":"https:\/\/shop.yipinqian.com\/fr\/produit\/very-fine-and-old-full-yellow-natural-type-a-jadeite-pendant-carved-as-a-leave-and-a-mythical-beast-on-it-with-certificate-weight-16-02-grams-44-26-10-mm-meaning-good-luck-and-auspiciousness-pendant10\/","title":{"rendered":"Very fine and old full Yellow Natural Type A Jadeite Pendant carved as a leaf and a Mythical Beast on it with certificate weight 16.02 grams, 44 * 26 * 10 mm meaning Good luck and auspiciousness (pendant107)"},"content":{"rendered":"<p>This very fine and old full Yellow Natural Type A Jadeite Pendant is a rare and exquisite piece of jewelry accessory that belongs to the Jade Necklaces &amp; Pendants category.<\/p>\n<ul>\n<li>\n<strong>Authenticit\u00e9 garantie :<\/strong> This pendant comes with a certificate of authenticity, ensuring that it is 100% genuine.<\/li>\n<\/ul>\n<p><strong>Certificate numbers: GD2110H008718<\/strong><\/p>\n<p><img fetchpriority=\"high\" decoding=\"async\" height=\"1080\" src=\"https:\/\/shop.yipinqian.com\/wp-content\/uploads\/2024\/10\/921cec096cacf5d5c325ac5180bb4443.jpg?from=476444299\" width=\"1080\"><\/p>\n<ul>\n<li>\n<strong>Conception propice :<\/strong> Carved as a leaf with a mythical beast on it, this pendant symbolizes good luck and auspiciousness.<\/li>\n<li>\n<strong>Qualit\u00e9 sup\u00e9rieure :<\/strong> Made from high-quality Yellow Natural Type A Jadeite, this pendant has an exceptional finish and shine.<\/li>\n<\/ul>\n<p>This stunning piece weighs 16.02 grams and measures 44 * 26 * 10 mm. The casual Necklace Style makes it perfect for daily wear, while the unisex design makes it versatile for both men and women to flaunt their style.<\/p>\n<ul>\n<li>\n<strong>Fabriqu\u00e9 au Myanmar : <\/strong>This product comes from Myanmar<\/li>\n<\/ul>\n<p>Add this beautiful Yellow Natural Type A Jadeite Pendant to your jewelry collection for an elegant yet meaningful accessory that will always be in style!<\/p>\n<p>\u00a0<\/p>\n<p>Yi Pin Qian \u2013 N\u00e9gociant en pierres pr\u00e9cieuses et m\u00e9taux pr\u00e9cieux \u00e0 Singapour \u2013 Num\u00e9ro de licence PS20190000031<\/p>\n<p>\u00a0<\/p>\n<p>*Toutes les jad\u00e9ites achet\u00e9es chez Yi Pin Qian \u00e0 Singapour, les clients peuvent r\u00e9server des cr\u00e9neaux pour le polissage ou une r\u00e9paration mineure en cas de mauvaise manipulation - des frais s&#039;appliquent et uniquement pour les clients de Yi Pin Qian \u00e0 Singapour*<\/p>\n<p>\u00a0<\/p>\n<p><strong>**Types de certificats**<\/strong><\/p>\n<p>\u00a0<\/p>\n<p><strong>NGI (Nan Yang Gemmologie)<\/strong><\/p>\n<p>ou <strong>Certificats \u00e9trangers <\/strong>(Yi Pin Qian utilise uniquement des certificats authentiques provenant de laboratoires \u00e9trangers et contr\u00f4le \u00e9galement la qualit\u00e9 de chacun de nos produits avant de les mettre en vente \u00e0 Singapour)<\/p>\n<p>\u00a0<\/p>\n<p>Chaque produit sur TikTok aura le type de certificat fourni indiqu\u00e9 dans la description. Pour tout client souhaitant envoyer sa commande \u00e0 NGI Singapore, il y aura un d\u00e9lai d&#039;attente pour la livraison de la commande estim\u00e9 \u00e0 environ 4 semaines pour recevoir votre commande. <strong>Les demandes de rapport sur les pierres pr\u00e9cieuses NGI doivent \u00eatre effectu\u00e9es en envoyant un message \u00e0 la boutique TikTok de Yi Pin Qian.<\/strong> Merci, <strong><u>des frais suppl\u00e9mentaires s&#039;appliquent<\/u><\/strong>.<\/p>","protected":false},"excerpt":{"rendered":"<p>This very fine and old full Yellow Natural Type A Jadeite Pendant is a rare and exquisite piece of jewelry accessory that belongs to the Jade Necklaces &amp; Pendants category. Authenticity Guaranteed: This pendant comes with a certificate of authenticity, ensuring that it is 100% genuine. Certificate numbers: GD2110H008718 Auspicious Design: Carved as a leaf [&hellip;]<\/p>","protected":false},"featured_media":8401,"comment_status":"open","ping_status":"closed","template":"","meta":[],"product_brand":[],"product_cat":[195],"product_tag":[],"class_list":{"0":"post-1844","1":"product","2":"type-product","3":"status-publish","4":"has-post-thumbnail","6":"product_cat-heirloom-grade","8":"first","9":"instock","10":"sale","11":"shipping-taxable","12":"purchasable","13":"product-type-simple"},"_links":{"self":[{"href":"https:\/\/shop.yipinqian.com\/fr\/wp-json\/wp\/v2\/product\/1844","targetHints":{"allow":["GET"]}}],"collection":[{"href":"https:\/\/shop.yipinqian.com\/fr\/wp-json\/wp\/v2\/product"}],"about":[{"href":"https:\/\/shop.yipinqian.com\/fr\/wp-json\/wp\/v2\/types\/product"}],"replies":[{"embeddable":true,"href":"https:\/\/shop.yipinqian.com\/fr\/wp-json\/wp\/v2\/comments?post=1844"}],"version-history":[{"count":0,"href":"https:\/\/shop.yipinqian.com\/fr\/wp-json\/wp\/v2\/product\/1844\/revisions"}],"wp:featuredmedia":[{"embeddable":true,"href":"https:\/\/shop.yipinqian.com\/fr\/wp-json\/wp\/v2\/media\/8401"}],"wp:attachment":[{"href":"https:\/\/shop.yipinqian.com\/fr\/wp-json\/wp\/v2\/media?parent=1844"}],"wp:term":[{"taxonomy":"product_brand","embeddable":true,"href":"https:\/\/shop.yipinqian.com\/fr\/wp-json\/wp\/v2\/product_brand?post=1844"},{"taxonomy":"product_cat","embeddable":true,"href":"https:\/\/shop.yipinqian.com\/fr\/wp-json\/wp\/v2\/product_cat?post=1844"},{"taxonomy":"product_tag","embeddable":true,"href":"https:\/\/shop.yipinqian.com\/fr\/wp-json\/wp\/v2\/product_tag?post=1844"}],"curies":[{"name":"wp","href":"https:\/\/api.w.org\/{rel}","templated":true}]}}