{"id":1841,"date":"2024-10-24T23:22:58","date_gmt":"2024-10-24T15:22:58","guid":{"rendered":"https:\/\/shop.yipinqian.com\/product\/very-beautiful-full-green-and-light-green-hue-natural-type-a-jadeite-jade-crafted-with-three-legs-toad-with-coin-and-ruyi-with-certificate-weigh-16-97-grams-measurement-52-8-21-2-10-7-mm-pendant180\/"},"modified":"2025-02-17T00:04:18","modified_gmt":"2025-02-16T16:04:18","slug":"very-beautiful-full-green-and-light-green-hue-natural-type-a-jadeite-jade-crafted-with-three-legs-toad-with-coin-and-ruyi-with-certificate-weigh-16-97-grams-measurement-52-8-21-2-10-7-mm-pendant180","status":"publish","type":"product","link":"https:\/\/shop.yipinqian.com\/fr\/produit\/very-beautiful-full-green-and-light-green-hue-natural-type-a-jadeite-jade-crafted-with-three-legs-toad-with-coin-and-ruyi-with-certificate-weigh-16-97-grams-measurement-52-8-21-2-10-7-mm-pendant180\/","title":{"rendered":"Tr\u00e8s beau jade jad\u00e9ite naturel de type A de teinte verte et vert clair fabriqu\u00e9 avec un crapaud \u00e0 trois pattes avec pi\u00e8ce de monnaie et Ruyi avec certificat pesant 16,97 grammes, mesure 52,8 * 21,2 * 10,7 mm (pendentif 180)"},"content":{"rendered":"<p>Ce pendentif en jade jad\u00e9ite de type A naturel est un bel ajout \u00e0 toute collection de bijoux. La teinte vert intense et vert clair lui conf\u00e8re une apparence unique et accrocheuse, tandis que le crapaud \u00e0 trois pattes avec pi\u00e8ce de monnaie et motif Ruyi ajoute une signification symbolique.<\/p>\n<p><\/p>\n<p><strong>Num\u00e9ros de certificat : GD2112H009368<\/strong><\/p>\n<ul>\n<li>\n<strong>Conception:<\/strong> Le pendentif est fabriqu\u00e9 avec un crapaud \u00e0 trois pattes avec une pi\u00e8ce de monnaie et un motif Ruyi, qui sont consid\u00e9r\u00e9s comme des symboles porte-bonheur dans la culture chinoise.<\/li>\n<li>\n<strong>Poids:<\/strong> Ce pendentif p\u00e8se 16,97 grammes, ce qui le rend l\u00e9ger et confortable \u00e0 porter.<\/li>\n<li>\n<strong>Certificat:<\/strong> Ce produit est accompagn\u00e9 d&#039;un certificat d&#039;authenticit\u00e9 garantissant que le jade est une jad\u00e9ite naturelle de type A<\/li>\n<\/ul>\n<p>Le pendentif a des mesures de 52,8 * 21,2 * 10,7 mm (pendentif 180), ce qui en fait une taille id\u00e9ale pour un usage quotidien ou comme accessoire pour des occasions d\u00e9contract\u00e9es.<\/p>\n<ul>\n<li>\n<strong>Occasion:<\/strong>Le style de collier polyvalent le rend adapt\u00e9 \u00e0 un usage quotidien ou \u00e0 des occasions d\u00e9contract\u00e9es<\/li>\n<li>.<\/li>\n<\/ul>\n<p>Ce collier unisexe n&#039;est accompagn\u00e9 d&#039;aucune garantie mais constitue une excellente option de cadeau pour vos proches qui appr\u00e9cient les bijoux uniques riches en symbolisme !<\/p>\n<p>.<\/p>\n<p>Yi Pin Qian \u2013 N\u00e9gociant en pierres pr\u00e9cieuses et m\u00e9taux pr\u00e9cieux \u00e0 Singapour \u2013 Num\u00e9ro de licence PS20190000031<\/p>\n<p><\/p>\n<p>*Toutes les jad\u00e9ites achet\u00e9es chez Yi Pin Qian \u00e0 Singapour, les clients peuvent r\u00e9server des cr\u00e9neaux pour le polissage ou une r\u00e9paration mineure en cas de mauvaise manipulation - des frais s&#039;appliquent et uniquement pour les clients de Yi Pin Qian \u00e0 Singapour*<\/p>\n<p><\/p>\n<p><strong>**Types de certificats**<\/strong><\/p>\n<p><\/p>\n<p><strong>NGI (Nan Yang Gemmologie)<\/strong><\/p>\n<p>ou <strong>Certificats \u00e9trangers <\/strong>(Yi Pin Qian utilise uniquement des certificats authentiques provenant de laboratoires \u00e9trangers et contr\u00f4le \u00e9galement la qualit\u00e9 de chacun de nos produits avant de les mettre en vente \u00e0 Singapour)<\/p>\n<p><\/p>\n<p>Chaque produit sur TikTok aura le type de certificat fourni indiqu\u00e9 dans la description. Pour tout client souhaitant envoyer sa commande \u00e0 NGI Singapore, il y aura un d\u00e9lai d&#039;attente pour la livraison de la commande estim\u00e9 \u00e0 environ 4 semaines pour recevoir votre commande. <strong>Les demandes de rapport sur les pierres pr\u00e9cieuses NGI doivent \u00eatre effectu\u00e9es en envoyant un message \u00e0 la boutique TikTok de Yi Pin Qian.<\/strong> Merci, <strong><u>des frais suppl\u00e9mentaires s&#039;appliquent<\/u><\/strong>.<\/p>\n<p><\/p>\n<p><strong>La jad\u00e9ite naturelle n&#039;est pas parfaite, juste un petit rappel : notre jad\u00e9ite naturelle, comme toutes les belles choses de la nature, poss\u00e8de ses caract\u00e9ristiques et ses variations uniques. Nous invitons nos pr\u00e9cieux clients \u00e0 adopter ces variations naturelles. Bon shopping !<\/strong><\/p>\n<p><\/p>\n<p><strong><u>Aucune des photos et des s\u00e9quences vid\u00e9o n&#039;a \u00e9t\u00e9 filtr\u00e9e. Nous encourageons nos clients \u00e0 regarder \u00e9galement les vid\u00e9os d&#039;accompagnement pour une vue plus compl\u00e8te de nos produits<\/u><\/strong><\/p>","protected":false},"excerpt":{"rendered":"<p>This Natural Type A Jadeite Jade pendant is a beautiful addition to any jewelry collection. The Full Green and Light Green Hue gives it a unique and eye-catching appearance, while the Three Legs Toad with coin and Ruyi design adds symbolic significance. Certificate numbers: GD2112H009368 Design: The pendant is crafted with Three Legs Toad with [&hellip;]<\/p>","protected":false},"featured_media":8381,"comment_status":"open","ping_status":"closed","template":"","meta":[],"product_brand":[],"product_cat":[48],"product_tag":[],"class_list":{"0":"post-1841","1":"product","2":"type-product","3":"status-publish","4":"has-post-thumbnail","6":"product_cat-pendants","8":"first","9":"instock","10":"sale","11":"shipping-taxable","12":"purchasable","13":"product-type-simple"},"_links":{"self":[{"href":"https:\/\/shop.yipinqian.com\/fr\/wp-json\/wp\/v2\/product\/1841","targetHints":{"allow":["GET"]}}],"collection":[{"href":"https:\/\/shop.yipinqian.com\/fr\/wp-json\/wp\/v2\/product"}],"about":[{"href":"https:\/\/shop.yipinqian.com\/fr\/wp-json\/wp\/v2\/types\/product"}],"replies":[{"embeddable":true,"href":"https:\/\/shop.yipinqian.com\/fr\/wp-json\/wp\/v2\/comments?post=1841"}],"version-history":[{"count":0,"href":"https:\/\/shop.yipinqian.com\/fr\/wp-json\/wp\/v2\/product\/1841\/revisions"}],"wp:featuredmedia":[{"embeddable":true,"href":"https:\/\/shop.yipinqian.com\/fr\/wp-json\/wp\/v2\/media\/8381"}],"wp:attachment":[{"href":"https:\/\/shop.yipinqian.com\/fr\/wp-json\/wp\/v2\/media?parent=1841"}],"wp:term":[{"taxonomy":"product_brand","embeddable":true,"href":"https:\/\/shop.yipinqian.com\/fr\/wp-json\/wp\/v2\/product_brand?post=1841"},{"taxonomy":"product_cat","embeddable":true,"href":"https:\/\/shop.yipinqian.com\/fr\/wp-json\/wp\/v2\/product_cat?post=1841"},{"taxonomy":"product_tag","embeddable":true,"href":"https:\/\/shop.yipinqian.com\/fr\/wp-json\/wp\/v2\/product_tag?post=1841"}],"curies":[{"name":"wp","href":"https:\/\/api.w.org\/{rel}","templated":true}]}}