{"id":1838,"date":"2024-10-24T23:22:57","date_gmt":"2024-10-24T15:22:57","guid":{"rendered":"https:\/\/shop.yipinqian.com\/product\/unique-yellow-ruyi-chayote-natural-type-a-jadeite-pendant-with-qic-approved-labs-certificate-weight-25-27-grams-40-25-15-20-mm-originate-from-myanmar-very-suitable-for-daily-wear-pendant119\/"},"modified":"2025-02-24T00:49:49","modified_gmt":"2025-02-23T16:49:49","slug":"unique-yellow-ruyi-chayote-natural-type-a-jadeite-pendant-with-qic-approved-labs-certificate-weight-25-27-grams-40-25-15-20-mm-originate-from-myanmar-very-suitable-for-daily-wear-pendant119","status":"publish","type":"product","link":"https:\/\/shop.yipinqian.com\/fr\/produit\/unique-yellow-ruyi-chayote-natural-type-a-jadeite-pendant-with-qic-approved-labs-certificate-weight-25-27-grams-40-25-15-20-mm-originate-from-myanmar-very-suitable-for-daily-wear-pendant119\/","title":{"rendered":"Pendentif unique en jad\u00e9ite naturelle de type A en chayote jaune Ruyi avec certificat de laboratoire approuv\u00e9 par QIC pesant 25,27 grammes, 40 * 25 * 15,20 mm originaire du Myanmar, tr\u00e8s appropri\u00e9 pour un usage quotidien (pendentif119)"},"content":{"rendered":"<p>Ce pendentif unique en jad\u00e9ite naturelle de type A en chayote jaune Ruyi est un superbe bijou adapt\u00e9 \u00e0 un usage quotidien. Avec son <strong>Certificat de laboratoire approuv\u00e9 par QIC<\/strong>, vous pouvez \u00eatre s\u00fbr de son authenticit\u00e9 et de sa qualit\u00e9. Pesant 25,27 grammes et mesurant 40 * 25 * 15,20 mm, c&#039;est la taille parfaite pour un usage quotidien.<\/p>\n<ul>\n<li>\n<strong>Jad\u00e9ite authentique de type A :<\/strong> Ce pendentif est fabriqu\u00e9 en jad\u00e9ite naturelle de type A, originaire du Myanmar.<\/li>\n<li>\n<strong>Conception unique :<\/strong> Le design jaune Ruyi Chayote ajoute une touche unique \u00e0 ce pendentif.<\/li>\n<li>\n<strong>Convient pour un usage quotidien :<\/strong> Avec son style de collier d\u00e9contract\u00e9 et son design unisexe, ce pendentif peut \u00eatre port\u00e9 au quotidien sans \u00eatre trop voyant ou exag\u00e9r\u00e9.<\/li>\n<\/ul>\n<p><strong>Num\u00e9ros de certificat : NT2402012859<\/strong><\/p>\n<p>\u00a0<\/p>\n<p>Ce produit est accompagn\u00e9 d&#039;un certificat d&#039;authenticit\u00e9 d\u00e9livr\u00e9 par les laboratoires agr\u00e9\u00e9s QIC, vous pouvez donc \u00eatre s\u00fbr d&#039;obtenir la vraie affaire. Le collier n&#039;a pas de type de garantie sp\u00e9cifi\u00e9, mais il vaut la peine d&#039;\u00eatre achet\u00e9 en raison des attributs uniques du produit, ce qui en fait une option de cadeau id\u00e9ale \u00e0 diverses occasions, en particulier lorsque vous cherchez \u00e0 offrir quelque chose qui durera longtemps dans le temps, rendant les souvenirs avec vos proches parfaits au fil du temps<\/p>\n<p><img fetchpriority=\"high\" decoding=\"async\" height=\"1080\" src=\"https:\/\/shop.yipinqian.com\/wp-content\/uploads\/2024\/10\/91794bed45b0bd35d158d8e116236391.jpg?from=476444299\" width=\"1080\"><\/p>\n<p>Yi Pin Qian \u2013 N\u00e9gociant en pierres pr\u00e9cieuses et m\u00e9taux pr\u00e9cieux \u00e0 Singapour \u2013 Num\u00e9ro de licence PS20190000031<\/p>\n<p>\u00a0<\/p>\n<p>*Toutes les jad\u00e9ites achet\u00e9es chez Yi Pin Qian \u00e0 Singapour, les clients peuvent r\u00e9server des cr\u00e9neaux pour le polissage ou une r\u00e9paration mineure en cas de mauvaise manipulation - des frais s&#039;appliquent et uniquement pour les clients de Yi Pin Qian \u00e0 Singapour*<\/p>\n<p>\u00a0<\/p>\n<p><strong>**Types de certificats**<\/strong><\/p>\n<p>\u00a0<\/p>\n<p><strong>NGI (Nan Yang Gemmologie)<\/strong><\/p>\n<p>ou <strong>Certificats \u00e9trangers <\/strong>(Yi Pin Qian utilise uniquement des certificats authentiques provenant de laboratoires \u00e9trangers et contr\u00f4le \u00e9galement la qualit\u00e9 de chacun de nos produits avant de les mettre en vente \u00e0 Singapour)<\/p>\n<p>\u00a0<\/p>\n<p>Chaque produit sur TikTok aura le type de certificat fourni indiqu\u00e9 dans la description. Pour tout client souhaitant envoyer sa commande \u00e0 NGI Singapore, il y aura un d\u00e9lai d&#039;attente pour la livraison de la commande estim\u00e9 \u00e0 environ 4 semaines pour recevoir votre commande. <strong>Les demandes de rapport sur les pierres pr\u00e9cieuses NGI doivent \u00eatre effectu\u00e9es en envoyant un message \u00e0 la boutique TikTok de Yi Pin Qian.<\/strong> Merci, <strong><u>des frais suppl\u00e9mentaires s&#039;appliquent<\/u><\/strong>.<\/p>\n<p>\u00a0<\/p>\n<p>.<\/p>","protected":false},"excerpt":{"rendered":"<p>This Unique Yellow Ruyi Chayote Natural Type A Jadeite Pendant is a stunning piece of jewelry suitable for daily wear. With its QIC approved labs certificate, you can be sure of its authenticity and quality. Weighing 25.27 grams and measuring 40 * 25 * 15.20 mm, it is the perfect size for everyday use. Authentic [&hellip;]<\/p>","protected":false},"featured_media":8363,"comment_status":"open","ping_status":"closed","template":"","meta":[],"product_brand":[],"product_cat":[194],"product_tag":[],"class_list":{"0":"post-1838","1":"product","2":"type-product","3":"status-publish","4":"has-post-thumbnail","6":"product_cat-value-picks","8":"first","9":"instock","10":"sale","11":"shipping-taxable","12":"purchasable","13":"product-type-simple"},"_links":{"self":[{"href":"https:\/\/shop.yipinqian.com\/fr\/wp-json\/wp\/v2\/product\/1838","targetHints":{"allow":["GET"]}}],"collection":[{"href":"https:\/\/shop.yipinqian.com\/fr\/wp-json\/wp\/v2\/product"}],"about":[{"href":"https:\/\/shop.yipinqian.com\/fr\/wp-json\/wp\/v2\/types\/product"}],"replies":[{"embeddable":true,"href":"https:\/\/shop.yipinqian.com\/fr\/wp-json\/wp\/v2\/comments?post=1838"}],"version-history":[{"count":0,"href":"https:\/\/shop.yipinqian.com\/fr\/wp-json\/wp\/v2\/product\/1838\/revisions"}],"wp:featuredmedia":[{"embeddable":true,"href":"https:\/\/shop.yipinqian.com\/fr\/wp-json\/wp\/v2\/media\/8363"}],"wp:attachment":[{"href":"https:\/\/shop.yipinqian.com\/fr\/wp-json\/wp\/v2\/media?parent=1838"}],"wp:term":[{"taxonomy":"product_brand","embeddable":true,"href":"https:\/\/shop.yipinqian.com\/fr\/wp-json\/wp\/v2\/product_brand?post=1838"},{"taxonomy":"product_cat","embeddable":true,"href":"https:\/\/shop.yipinqian.com\/fr\/wp-json\/wp\/v2\/product_cat?post=1838"},{"taxonomy":"product_tag","embeddable":true,"href":"https:\/\/shop.yipinqian.com\/fr\/wp-json\/wp\/v2\/product_tag?post=1838"}],"curies":[{"name":"wp","href":"https:\/\/api.w.org\/{rel}","templated":true}]}}