{"id":1836,"date":"2024-10-24T23:22:57","date_gmt":"2024-10-24T15:22:57","guid":{"rendered":"https:\/\/shop.yipinqian.com\/product\/unique-lavender-natural-type-a-jadeite-pendant-carved-with-scene-come-with-certificate-weight-19-55-grams-53-80-27-50-5-50-mmm-suitable-for-daily-wear-pendant121\/"},"modified":"2025-02-24T00:49:49","modified_gmt":"2025-02-23T16:49:49","slug":"unique-lavender-natural-type-a-jadeite-pendant-carved-with-scene-come-with-certificate-weight-19-55-grams-53-80-27-50-5-50-mmm-suitable-for-daily-wear-pendant121","status":"publish","type":"product","link":"https:\/\/shop.yipinqian.com\/fr\/produit\/unique-lavender-natural-type-a-jadeite-pendant-carved-with-scene-come-with-certificate-weight-19-55-grams-53-80-27-50-5-50-mmm-suitable-for-daily-wear-pendant121\/","title":{"rendered":"Pendentif unique en jad\u00e9ite naturelle de type A lavande sculpt\u00e9 avec une sc\u00e8ne, livr\u00e9 avec un certificat pesant 19,55 grammes, 53,80 * 27,50 * 5,50 mm, adapt\u00e9 \u00e0 un usage quotidien (pendentif121)"},"content":{"rendered":"<p>Ce pendentif unique en jad\u00e9ite naturelle de type A couleur lavande est un ajout \u00e9tonnant \u00e0 votre collection de bijoux. Sculpt\u00e9 d&#039;une sc\u00e8ne complexe, ce pendentif est accompagn\u00e9 d&#039;un certificat garantissant son authenticit\u00e9 et p\u00e8se 19,55 grammes.<\/p>\n<ul>\n<li>\n<strong>Mat\u00e9riel:<\/strong> Fabriqu\u00e9 \u00e0 partir de belle jad\u00e9ite de type A, ce pendentif est de la plus haute qualit\u00e9.<\/li>\n<li>\n<strong>Dimensions:<\/strong> Avec des dimensions de 53,80 x 27,50 x 5,50 mm, ce pendentif est parfaitement dimensionn\u00e9 pour \u00eatre port\u00e9 au quotidien.<\/li>\n<li>\n<strong>Convient \u00e0 tous :<\/strong> Ce pendentif unisexe convient \u00e0 tous ceux qui cherchent \u00e0 ajouter une touche d&#039;\u00e9l\u00e9gance \u00e0 leur tenue.<\/li>\n<\/ul>\n<p><strong>Num\u00e9ro de certificat : ZJ23013107050<\/strong><\/p>\n<p><img fetchpriority=\"high\" decoding=\"async\" height=\"1080\" src=\"https:\/\/shop.yipinqian.com\/wp-content\/uploads\/2024\/10\/03dce99f603da944ab65e5044d0727fe.jpg?from=476444299\" width=\"1080\"><\/p>\n<p>Fabriqu\u00e9 au Myanmar et parfait pour un usage quotidien, l&#039;\u00e9l\u00e9gance subtile de ce collier en jad\u00e9ite lavande ajoute du style et de la sophistication \u00e0 n&#039;importe quelle tenue. Investissez en vous-m\u00eame ou surprenez quelqu&#039;un de sp\u00e9cial en lui offrant quelque chose d&#039;unique !<\/p>\n<p>\u00a0<\/p>\n<p>Yi Pin Qian \u2013 N\u00e9gociant en pierres pr\u00e9cieuses et m\u00e9taux pr\u00e9cieux \u00e0 Singapour \u2013 Num\u00e9ro de licence PS20190000031<\/p>\n<p>\u00a0<\/p>\n<p>*Toutes les jad\u00e9ites achet\u00e9es chez Yi Pin Qian \u00e0 Singapour, les clients peuvent r\u00e9server des cr\u00e9neaux pour le polissage ou une r\u00e9paration mineure en cas de mauvaise manipulation - des frais s&#039;appliquent et uniquement pour les clients de Yi Pin Qian \u00e0 Singapour*<\/p>\n<p>\u00a0<\/p>\n<p><strong>**Types de certificats**<\/strong><\/p>\n<p>\u00a0<\/p>\n<p><strong>NGI (Nan Yang Gemmologie)<\/strong><\/p>\n<p>ou <strong>Certificats \u00e9trangers <\/strong>(Yi Pin Qian utilise uniquement des certificats authentiques provenant de laboratoires \u00e9trangers et contr\u00f4le \u00e9galement la qualit\u00e9 de chacun de nos produits avant de les mettre en vente \u00e0 Singapour)<\/p>\n<p>\u00a0<\/p>\n<p>Chaque produit sur TikTok aura le type de certificat fourni indiqu\u00e9 dans la description. Pour tout client souhaitant envoyer sa commande \u00e0 NGI Singapore, il y aura un d\u00e9lai d&#039;attente pour la livraison de la commande estim\u00e9 \u00e0 environ 4 semaines pour recevoir votre commande. <strong>Les demandes de rapport sur les pierres pr\u00e9cieuses NGI doivent \u00eatre effectu\u00e9es en envoyant un message \u00e0 la boutique TikTok de Yi Pin Qian.<\/strong> Merci, <strong><u>des frais suppl\u00e9mentaires s&#039;appliquent<\/u><\/strong>.<\/p>","protected":false},"excerpt":{"rendered":"<p>This Unique Lavender Natural Type A Jadeite Pendant is a stunning addition to your jewelry collection. Carved with an intricate scene, this pendant comes with a certificate to ensure authenticity and has a weight of 19.55 grams. Material: Made from beautiful Type A Jadeite, this pendant is of the highest quality. Dimensions: At 53.80 *27.50 [&hellip;]<\/p>","protected":false},"featured_media":8345,"comment_status":"open","ping_status":"closed","template":"","meta":[],"product_brand":[],"product_cat":[194],"product_tag":[],"class_list":{"0":"post-1836","1":"product","2":"type-product","3":"status-publish","4":"has-post-thumbnail","6":"product_cat-value-picks","8":"first","9":"instock","10":"sale","11":"shipping-taxable","12":"purchasable","13":"product-type-simple"},"_links":{"self":[{"href":"https:\/\/shop.yipinqian.com\/fr\/wp-json\/wp\/v2\/product\/1836","targetHints":{"allow":["GET"]}}],"collection":[{"href":"https:\/\/shop.yipinqian.com\/fr\/wp-json\/wp\/v2\/product"}],"about":[{"href":"https:\/\/shop.yipinqian.com\/fr\/wp-json\/wp\/v2\/types\/product"}],"replies":[{"embeddable":true,"href":"https:\/\/shop.yipinqian.com\/fr\/wp-json\/wp\/v2\/comments?post=1836"}],"version-history":[{"count":0,"href":"https:\/\/shop.yipinqian.com\/fr\/wp-json\/wp\/v2\/product\/1836\/revisions"}],"wp:featuredmedia":[{"embeddable":true,"href":"https:\/\/shop.yipinqian.com\/fr\/wp-json\/wp\/v2\/media\/8345"}],"wp:attachment":[{"href":"https:\/\/shop.yipinqian.com\/fr\/wp-json\/wp\/v2\/media?parent=1836"}],"wp:term":[{"taxonomy":"product_brand","embeddable":true,"href":"https:\/\/shop.yipinqian.com\/fr\/wp-json\/wp\/v2\/product_brand?post=1836"},{"taxonomy":"product_cat","embeddable":true,"href":"https:\/\/shop.yipinqian.com\/fr\/wp-json\/wp\/v2\/product_cat?post=1836"},{"taxonomy":"product_tag","embeddable":true,"href":"https:\/\/shop.yipinqian.com\/fr\/wp-json\/wp\/v2\/product_tag?post=1836"}],"curies":[{"name":"wp","href":"https:\/\/api.w.org\/{rel}","templated":true}]}}