{"id":1834,"date":"2024-10-24T23:22:54","date_gmt":"2024-10-24T15:22:54","guid":{"rendered":"https:\/\/shop.yipinqian.com\/product\/unique-design-with-10-quality-green-natural-type-a-jadeite-jade-cabochons-set-on-quality-s925-silver-as-pendant-certificate-weigh-2-39-grams-s925p1\/"},"modified":"2025-02-24T00:49:49","modified_gmt":"2025-02-23T16:49:49","slug":"unique-design-with-10-quality-green-natural-type-a-jadeite-jade-cabochons-set-on-quality-s925-silver-as-pendant-certificate-weigh-2-39-grams-s925p1","status":"publish","type":"product","link":"https:\/\/shop.yipinqian.com\/fr\/produit\/unique-design-with-10-quality-green-natural-type-a-jadeite-jade-cabochons-set-on-quality-s925-silver-as-pendant-certificate-weigh-2-39-grams-s925p1\/","title":{"rendered":"Conception unique avec 10 cabochons de jade jad\u00e9ite de type A naturel vert de qualit\u00e9 sertis sur de l&#039;argent S925 de qualit\u00e9 comme pendentif, le certificat p\u00e8se 2,39 grammes (s925p1)"},"content":{"rendered":"<p>Ajoutez une touche d&#039;\u00e9l\u00e9gance \u00e0 votre collection de bijoux avec ce pendentif au design unique compos\u00e9 de 10 cabochons de jade jad\u00e9ite de type A naturel vert de qualit\u00e9 sertis sur de l&#039;argent S925 de qualit\u00e9.<\/p>\n<p><\/p>\n<p>Num\u00e9ros de certificat : GD2201H010168<\/p>\n<p><\/p>\n<p><strong><u>Mesures des cabochons<\/u><\/strong><\/p>\n<ol>\n<li><strong>5,9 * 4 * 2 mm<\/strong><\/li>\n<li><strong>4,6 * 3,9 * 2,4 mm<\/strong><\/li>\n<li><strong>4,6 * 3,9 * 1,9 mm<\/strong><\/li>\n<li><strong>4,1 * 4,1 * 2,2 mm<\/strong><\/li>\n<li><strong>5 * 3,9 * 2,1 mm<\/strong><\/li>\n<li><strong>3,4 * 3,2 * 2 mm<\/strong><\/li>\n<li><strong>4,3 * 4,2 * 2 mm<\/strong><\/li>\n<li><strong>3,1 * 3,2 * 1,6 mm<\/strong><\/li>\n<li><strong>3,9 * 3,6 * 1,7 mm<\/strong><\/li>\n<li><strong>4,6 * 3,7 * 1,6 mm<\/strong><\/li>\n<\/ol>\n<p><\/p>\n<ul>\n<li>\n<strong>Mat\u00e9riau de haute qualit\u00e9 :<\/strong> Ce pendentif est fabriqu\u00e9 en argent S925, ce qui lui conf\u00e8re une qualit\u00e9 durable et durable.<\/li>\n<li>\n<strong>Jade naturel :<\/strong> Le pendentif comporte 10 cabochons de jade jad\u00e9ite vert naturel de type A qui lui conf\u00e8rent une apparence unique et magnifique.<\/li>\n<li>\n<strong>Certificat inclus :<\/strong> Ce produit est accompagn\u00e9 d&#039;un certificat prouvant l&#039;authenticit\u00e9 du jade utilis\u00e9 dans le pendentif.<\/li>\n<\/ul>\n<p>Ce pendentif au design unique p\u00e8se environ 2,39 grammes, ce qui le rend l\u00e9ger et confortable \u00e0 porter. C&#039;est un accessoire id\u00e9al pour toute occasion formelle, ajoutant une touche \u00e9l\u00e9gante \u00e0 votre tenue.<\/p>\n<ul>\n<li>\n<strong>Style f\u00e9minin :<\/strong> Le style de collier de ce produit est \u00e9l\u00e9gant et f\u00e9minin \u2013 parfait pour toutes les femmes qui veulent quelque chose de sp\u00e9cial dans leur collection de bijoux<\/li>\n<\/ul>\n<p>Ce pendentif au design unique serait un excellent cadeau pour vos proches lors d&#039;occasions sp\u00e9ciales comme les anniversaires ou m\u00eame en guise de remerciement. Dans l&#039;ensemble, si vous recherchez un artisanat de qualit\u00e9 qui vous durera des ann\u00e9es sans vous ruiner, ne cherchez pas plus loin que cette magnifique pi\u00e8ce !<\/p>\n<p><\/p>\n<p>Yi Pin Qian \u2013 N\u00e9gociant en pierres pr\u00e9cieuses et m\u00e9taux pr\u00e9cieux \u00e0 Singapour \u2013 Num\u00e9ro de licence PS20190000031<\/p>\n<p><\/p>\n<p>*Toutes les jad\u00e9ites achet\u00e9es chez Yi Pin Qian \u00e0 Singapour, les clients peuvent r\u00e9server des cr\u00e9neaux pour le polissage ou une r\u00e9paration mineure en cas de mauvaise manipulation - des frais s&#039;appliquent et uniquement pour les clients de Yi Pin Qian \u00e0 Singapour*<\/p>\n<p><\/p>\n<p><strong>**Types de certificats**<\/strong><\/p>\n<p><\/p>\n<p><strong>NGI (Nan Yang Gemmologie)<\/strong><\/p>\n<p>ou <strong>Certificats \u00e9trangers <\/strong>(Yi Pin Qian utilise uniquement des certificats authentiques provenant de laboratoires \u00e9trangers et contr\u00f4le \u00e9galement la qualit\u00e9 de chacun de nos produits avant de les mettre en vente \u00e0 Singapour)<\/p>\n<p><\/p>\n<p>Chaque produit sur TikTok aura le type de certificat fourni indiqu\u00e9 dans la description. Pour tout client souhaitant envoyer sa commande \u00e0 NGI Singapore, il y aura un d\u00e9lai d&#039;attente pour la livraison de la commande estim\u00e9 \u00e0 environ 4 semaines pour recevoir votre commande. <strong>Les demandes de rapport sur les pierres pr\u00e9cieuses NGI doivent \u00eatre effectu\u00e9es en envoyant un message \u00e0 la boutique TikTok de Yi Pin Qian.<\/strong> Merci, <strong><u>des frais suppl\u00e9mentaires s&#039;appliquent<\/u><\/strong>.<\/p>\n<p><\/p>\n<p><strong>La jad\u00e9ite naturelle n&#039;est pas parfaite, juste un petit rappel : notre jad\u00e9ite naturelle, comme toutes les belles choses de la nature, poss\u00e8de ses caract\u00e9ristiques et ses variations uniques. Nous invitons nos pr\u00e9cieux clients \u00e0 adopter ces variations naturelles. Bon shopping !<\/strong><\/p>\n<p><\/p>\n<p><strong><u>Aucune des photos et des s\u00e9quences vid\u00e9o n&#039;a \u00e9t\u00e9 filtr\u00e9e. Nous encourageons nos clients \u00e0 regarder \u00e9galement les vid\u00e9os d&#039;accompagnement pour une vue plus compl\u00e8te de nos produits<\/u><\/strong><\/p>\n<p><\/p>\n<p>.<\/p>","protected":false},"excerpt":{"rendered":"<p>Ajoutez une touche d&#039;\u00e9l\u00e9gance \u00e0 votre collection de bijoux avec ce pendentif au design unique compos\u00e9 de 10 cabochons de jade jad\u00e9ite de type A naturel vert de qualit\u00e9 sertis sur de l&#039;argent S925 de qualit\u00e9. Num\u00e9ros de certificat : GD2201H010168 Dimensions du cabochon 5,9 * 4 * 2 mm 4,6 * 3,9 * 2,4 mm 4,6 * 3,9 * 1,9 mm 4,1 * 4,1 [\u2026]<\/p>","protected":false},"featured_media":8335,"comment_status":"open","ping_status":"closed","template":"","meta":[],"product_brand":[],"product_cat":[194],"product_tag":[],"class_list":{"0":"post-1834","1":"product","2":"type-product","3":"status-publish","4":"has-post-thumbnail","6":"product_cat-value-picks","8":"first","9":"instock","10":"sale","11":"shipping-taxable","12":"purchasable","13":"product-type-simple"},"_links":{"self":[{"href":"https:\/\/shop.yipinqian.com\/fr\/wp-json\/wp\/v2\/product\/1834","targetHints":{"allow":["GET"]}}],"collection":[{"href":"https:\/\/shop.yipinqian.com\/fr\/wp-json\/wp\/v2\/product"}],"about":[{"href":"https:\/\/shop.yipinqian.com\/fr\/wp-json\/wp\/v2\/types\/product"}],"replies":[{"embeddable":true,"href":"https:\/\/shop.yipinqian.com\/fr\/wp-json\/wp\/v2\/comments?post=1834"}],"version-history":[{"count":0,"href":"https:\/\/shop.yipinqian.com\/fr\/wp-json\/wp\/v2\/product\/1834\/revisions"}],"wp:featuredmedia":[{"embeddable":true,"href":"https:\/\/shop.yipinqian.com\/fr\/wp-json\/wp\/v2\/media\/8335"}],"wp:attachment":[{"href":"https:\/\/shop.yipinqian.com\/fr\/wp-json\/wp\/v2\/media?parent=1834"}],"wp:term":[{"taxonomy":"product_brand","embeddable":true,"href":"https:\/\/shop.yipinqian.com\/fr\/wp-json\/wp\/v2\/product_brand?post=1834"},{"taxonomy":"product_cat","embeddable":true,"href":"https:\/\/shop.yipinqian.com\/fr\/wp-json\/wp\/v2\/product_cat?post=1834"},{"taxonomy":"product_tag","embeddable":true,"href":"https:\/\/shop.yipinqian.com\/fr\/wp-json\/wp\/v2\/product_tag?post=1834"}],"curies":[{"name":"wp","href":"https:\/\/api.w.org\/{rel}","templated":true}]}}