{"id":1833,"date":"2024-10-24T23:22:54","date_gmt":"2024-10-24T15:22:54","guid":{"rendered":"https:\/\/shop.yipinqian.com\/product\/type-a-natural-jadeite-jade-with-golden-yellow-patches-high-quality-crafted-as-pixiu-for-stamp-or-display-certificate-weighs-15-79-and-15-76-grams-measurement-37-7-15-6-10-and-39-1-14-7-9-3-mmhand8\/"},"modified":"2025-02-24T00:49:49","modified_gmt":"2025-02-23T16:49:49","slug":"type-a-natural-jadeite-jade-with-golden-yellow-patches-high-quality-crafted-as-pixiu-for-stamp-or-display-certificate-weighs-15-79-and-15-76-grams-measurement-37-7-15-6-10-and-39-1-14-7-9-3-mmhand8","status":"publish","type":"product","link":"https:\/\/shop.yipinqian.com\/fr\/produit\/type-a-natural-jadeite-jade-with-golden-yellow-patches-high-quality-crafted-as-pixiu-for-stamp-or-display-certificate-weighs-15-79-and-15-76-grams-measurement-37-7-15-6-10-and-39-1-14-7-9-3-mmhand8\/","title":{"rendered":"Jade jad\u00e9ite naturelle de type A avec taches jaune dor\u00e9 de haute qualit\u00e9 - Fabriqu\u00e9 en pixiu pour tampon ou affichage, le certificat p\u00e8se 15,79 et 15,76 grammes, mesure 37,7 * 15,6 * 10 et 39,1 * 14,7 * 9,3 mm (main 8)"},"content":{"rendered":"<p>Am\u00e9liorez votre espace avec ce magnifique jade jad\u00e9ite naturel de type A orn\u00e9 de taches jaune dor\u00e9, con\u00e7u comme un pixiu pour l&#039;estampage ou l&#039;affichage.<\/p>\n<p><\/p>\n<p>Num\u00e9ros de certificat : GD2111H016761 , GD2111H016762<\/p>\n<p><img fetchpriority=\"high\" decoding=\"async\" src=\"https:\/\/shop.yipinqian.com\/wp-content\/uploads\/2024\/10\/5d0f12a7aa9a41dd9d33cacbb38ed9f8tplv-aphluv4xwc-origin-jpeg.jpeg?from=476444299\" width=\"1080\" height=\"1080\"><\/p>\n<ul>\n<li>\n<strong>Fabrication de haute qualit\u00e9 :<\/strong> Soigneusement con\u00e7ue \u00e0 la perfection, cette pi\u00e8ce de jade respire l&#039;\u00e9l\u00e9gance et le style.<\/li>\n<li>\n<strong>Certification Premium :<\/strong> Chaque jade jad\u00e9ite est accompagn\u00e9 d&#039;un certificat garantissant son authenticit\u00e9 et sa qualit\u00e9.<\/li>\n<li>\n<strong>Mesures m\u00e9ticuleuses :<\/strong> Disponible en deux tailles \u2013 37,7 x 15,6 x 10 mm et 39,1 x 14,7 x 9,3 mm (main8).<\/li>\n<li><strong>P\u00e8se 15,79 et 15,76 grammes<\/strong><\/li>\n<\/ul>\n<p><img decoding=\"async\" src=\"https:\/\/shop.yipinqian.com\/wp-content\/uploads\/2024\/10\/9b4c84b4a20e4eaba5f9598a4b2260c9tplv-aphluv4xwc-origin-jpeg.jpeg?from=476444299\" width=\"1080\" height=\"1080\"><\/p>\n<p>Id\u00e9al pour la d\u00e9coration de la maison, cette pi\u00e8ce de jade jad\u00e9ite naturelle de type A est un ajout \u00e9poustouflant \u00e0 votre collection ou comme cadeau attentionn\u00e9 pour vos proches qui appr\u00e9cient l&#039;artisanat raffin\u00e9.<\/p>\n<p><\/p>\n<p>Yi Pin Qian \u2013 N\u00e9gociant en pierres pr\u00e9cieuses et m\u00e9taux pr\u00e9cieux \u00e0 Singapour \u2013 Num\u00e9ro de licence PS20190000031<\/p>\n<p><\/p>\n<p>*Toutes les jad\u00e9ites achet\u00e9es chez Yi Pin Qian \u00e0 Singapour, les clients peuvent r\u00e9server des cr\u00e9neaux pour le polissage ou une r\u00e9paration mineure en cas de mauvaise manipulation - des frais s&#039;appliquent et uniquement pour les clients de Yi Pin Qian \u00e0 Singapour*<\/p>\n<p><\/p>\n<p><strong>**Types de certificats**<\/strong><\/p>\n<p><\/p>\n<p><strong>NGI (Nan Yang Gemmologie)<\/strong><\/p>\n<p>ou <strong>Certificats \u00e9trangers <\/strong>(Yi Pin Qian utilise uniquement des certificats authentiques provenant de laboratoires \u00e9trangers et contr\u00f4le \u00e9galement la qualit\u00e9 de chacun de nos produits avant de les mettre en vente \u00e0 Singapour)<\/p>\n<p><\/p>\n<p>Chaque produit sur TikTok aura le type de certificat fourni indiqu\u00e9 dans la description. Pour tout client souhaitant envoyer sa commande \u00e0 NGI Singapore, il y aura un d\u00e9lai d&#039;attente pour la livraison de la commande estim\u00e9 \u00e0 environ 4 semaines pour recevoir votre commande. <strong>Les demandes de rapport NGI Gemstone doivent \u00eatre effectu\u00e9es en nous envoyant un message.<\/strong> Merci, <strong><u>des frais suppl\u00e9mentaires s&#039;appliquent<\/u><\/strong>.<\/p>\n<p><\/p>\n<p><strong>La jad\u00e9ite naturelle n&#039;est pas parfaite, juste un petit rappel : notre jad\u00e9ite naturelle, comme toutes les belles choses de la nature, poss\u00e8de ses caract\u00e9ristiques et ses variations uniques. Nous invitons nos pr\u00e9cieux clients \u00e0 adopter ces variations naturelles. Bon shopping !<\/strong><\/p>\n<p><\/p>\n<p><strong><u>Aucune des photos et des s\u00e9quences vid\u00e9o n&#039;a \u00e9t\u00e9 filtr\u00e9e. Nous encourageons nos clients \u00e0 regarder \u00e9galement les vid\u00e9os d&#039;accompagnement pour une vue plus compl\u00e8te de nos produits<\/u><\/strong><\/p>\n<p><\/p>\n<ul>\n<li>Diff\u00e9rentes plates-formes ne peuvent visionner des vid\u00e9os que via le bureau<\/li>\n<\/ul>","protected":false},"excerpt":{"rendered":"<p>Enhance your space with this exquisite Type A Natural Jadeite Jade adorned with Golden Yellow Patches, designed as a pixiu for stamping or display. Certificate numbers: GD2111H016761 , GD2111H016762 High-Quality Craftsmanship: Carefully crafted to perfection, this jade piece exudes elegance and style. Premium Certification: Each jadeite jade comes with a certificate ensuring its authenticity and [&hellip;]<\/p>","protected":false},"featured_media":8326,"comment_status":"open","ping_status":"closed","template":"","meta":[],"product_brand":[],"product_cat":[194],"product_tag":[52,93,94,65,55,58,85,99,60,62],"class_list":{"0":"post-1833","1":"product","2":"type-product","3":"status-publish","4":"has-post-thumbnail","6":"product_cat-value-picks","7":"product_tag-certified","8":"product_tag-display","9":"product_tag-hand-piece","10":"product_tag-high-quality","11":"product_tag-jadeite","12":"product_tag-new-arrivals","13":"product_tag-pixiu","14":"product_tag-stamp","15":"product_tag-type-a-jadeite","16":"product_tag-yi-pin-qian-exclusive","18":"first","19":"instock","20":"sale","21":"shipping-taxable","22":"purchasable","23":"product-type-simple"},"_links":{"self":[{"href":"https:\/\/shop.yipinqian.com\/fr\/wp-json\/wp\/v2\/product\/1833","targetHints":{"allow":["GET"]}}],"collection":[{"href":"https:\/\/shop.yipinqian.com\/fr\/wp-json\/wp\/v2\/product"}],"about":[{"href":"https:\/\/shop.yipinqian.com\/fr\/wp-json\/wp\/v2\/types\/product"}],"replies":[{"embeddable":true,"href":"https:\/\/shop.yipinqian.com\/fr\/wp-json\/wp\/v2\/comments?post=1833"}],"version-history":[{"count":0,"href":"https:\/\/shop.yipinqian.com\/fr\/wp-json\/wp\/v2\/product\/1833\/revisions"}],"wp:featuredmedia":[{"embeddable":true,"href":"https:\/\/shop.yipinqian.com\/fr\/wp-json\/wp\/v2\/media\/8326"}],"wp:attachment":[{"href":"https:\/\/shop.yipinqian.com\/fr\/wp-json\/wp\/v2\/media?parent=1833"}],"wp:term":[{"taxonomy":"product_brand","embeddable":true,"href":"https:\/\/shop.yipinqian.com\/fr\/wp-json\/wp\/v2\/product_brand?post=1833"},{"taxonomy":"product_cat","embeddable":true,"href":"https:\/\/shop.yipinqian.com\/fr\/wp-json\/wp\/v2\/product_cat?post=1833"},{"taxonomy":"product_tag","embeddable":true,"href":"https:\/\/shop.yipinqian.com\/fr\/wp-json\/wp\/v2\/product_tag?post=1833"}],"curies":[{"name":"wp","href":"https:\/\/api.w.org\/{rel}","templated":true}]}}