{"id":1831,"date":"2024-10-24T23:22:53","date_gmt":"2024-10-24T15:22:53","guid":{"rendered":"https:\/\/shop.yipinqian.com\/product\/type-a-natural-jadeite-jade-good-quality-light-green-cabochon-set-on-s925-as-free-size-adjustable-ring-with-qic-labs-approved-certificate-weighs-3-89-grams-measurement-13-9-11-6-3-3-mm-s925ring16\/"},"modified":"2025-02-17T00:04:18","modified_gmt":"2025-02-16T16:04:18","slug":"type-a-natural-jadeite-jade-good-quality-light-green-cabochon-set-on-s925-as-free-size-adjustable-ring-with-qic-labs-approved-certificate-weighs-3-89-grams-measurement-13-9-11-6-3-3-mm-s925ring16","status":"publish","type":"product","link":"https:\/\/shop.yipinqian.com\/fr\/produit\/type-a-natural-jadeite-jade-good-quality-light-green-cabochon-set-on-s925-as-free-size-adjustable-ring-with-qic-labs-approved-certificate-weighs-3-89-grams-measurement-13-9-11-6-3-3-mm-s925ring16\/","title":{"rendered":"Jade jad\u00e9ite naturelle de type A - Cabochon vert clair de bonne qualit\u00e9 serti sur S925 comme bague r\u00e9glable de taille libre avec certificat approuv\u00e9 par les laboratoires QIC p\u00e8se 3,89 grammes, mesure 13,9 * 11,6 * 3,3 mm (s925ring16)"},"content":{"rendered":"<p>Enhance your jewelry collection with this exquisite Type A Natural Jadeite Jade ring. The light green cabochon is of good quality and set on S925, offering a timeless and elegant look.<\/p>\n<p><\/p>\n<p>Certificate numbers: YJC2309183279<\/p>\n<p><img fetchpriority=\"high\" decoding=\"async\" src=\"https:\/\/shop.yipinqian.com\/wp-content\/uploads\/2024\/10\/1697b2bda12748b895ff3aef0bff0b2ctplv-aphluv4xwc-origin-jpeg.jpeg?from=476444299\" width=\"1080\" height=\"1080\"><\/p>\n<ul>\n<li>\n<strong>Jad\u00e9ite naturelle de type A :<\/strong> Features a high-quality light green cabochon.<\/li>\n<li>\n<strong>R\u00e9glage S925 :<\/strong> Crafted with durable and lustrous S925 material.<\/li>\n<li>\n<strong>Adjustable Ring:<\/strong> Free size design for a comfortable fit on any finger.<\/li>\n<li>\n<strong>Certificat inclus :<\/strong> QIC labs approved certificate for authenticity assurance.<\/li>\n<\/ul>\n<p>Weighing 3.89 grams and measuring 13.9 * 11.6 * 3.3 mm, this ring exudes charm and sophistication suitable for daily wear or special occasions.<\/p>\n<ul>\n<li>Certificate Included: This product comes with QIC labs approved certificate<\/li>\n<\/ul>\n<p><strong>La jad\u00e9ite naturelle n&#039;est pas parfaite, juste un petit rappel : notre jad\u00e9ite naturelle, comme toutes les belles choses de la nature, poss\u00e8de ses caract\u00e9ristiques et ses variations uniques. Nous invitons nos pr\u00e9cieux clients \u00e0 adopter ces variations naturelles. Bon shopping !<\/strong><\/p>\n<p><\/p>\n<p><strong><u>Aucune des photos et des s\u00e9quences vid\u00e9o n&#039;a \u00e9t\u00e9 filtr\u00e9e. Nous encourageons nos clients \u00e0 regarder \u00e9galement les vid\u00e9os d&#039;accompagnement pour une vue plus compl\u00e8te de nos produits<\/u><\/strong><\/p>\n<p><\/p>\n<ul>\n<li>Diff\u00e9rentes plates-formes ne peuvent visionner des vid\u00e9os que via le bureau<\/li>\n<\/ul>","protected":false},"excerpt":{"rendered":"<p>Am\u00e9liorez votre collection de bijoux avec cette superbe bague en jade jad\u00e9ite naturelle de type A. Le cabochon vert clair est de bonne qualit\u00e9 et serti sur S925, offrant un look intemporel et \u00e9l\u00e9gant. Num\u00e9ros de certificat : YJC2309183279 Jad\u00e9ite naturelle de type A : pr\u00e9sente un cabochon vert clair de haute qualit\u00e9. Sertissage S925 : fabriqu\u00e9 avec un mat\u00e9riau S925 durable et brillant. Bague r\u00e9glable : [\u2026]<\/p>","protected":false},"featured_media":8300,"comment_status":"open","ping_status":"closed","template":"","meta":[],"product_brand":[],"product_cat":[80,126,149,125],"product_tag":[101,64,52,72,92,70,65,66,55,58,74,71,67,60,62],"class_list":{"0":"post-1831","1":"product","2":"type-product","3":"status-publish","4":"has-post-thumbnail","6":"product_cat-jade-rings","7":"product_cat-new-arrivals","8":"product_cat-s925-rings","9":"product_cat-s925-settings-jadeites","10":"product_tag-adjustable","11":"product_tag-cabochon","12":"product_tag-certified","13":"product_tag-female","14":"product_tag-free-size","15":"product_tag-green","16":"product_tag-high-quality","17":"product_tag-jade-ring","18":"product_tag-jadeite","19":"product_tag-new-arrivals","20":"product_tag-qic-approved-certificate","21":"product_tag-ring","22":"product_tag-s925","23":"product_tag-type-a-jadeite","24":"product_tag-yi-pin-qian-exclusive","26":"first","27":"instock","28":"sale","29":"shipping-taxable","30":"purchasable","31":"product-type-simple"},"_links":{"self":[{"href":"https:\/\/shop.yipinqian.com\/fr\/wp-json\/wp\/v2\/product\/1831","targetHints":{"allow":["GET"]}}],"collection":[{"href":"https:\/\/shop.yipinqian.com\/fr\/wp-json\/wp\/v2\/product"}],"about":[{"href":"https:\/\/shop.yipinqian.com\/fr\/wp-json\/wp\/v2\/types\/product"}],"replies":[{"embeddable":true,"href":"https:\/\/shop.yipinqian.com\/fr\/wp-json\/wp\/v2\/comments?post=1831"}],"version-history":[{"count":0,"href":"https:\/\/shop.yipinqian.com\/fr\/wp-json\/wp\/v2\/product\/1831\/revisions"}],"wp:featuredmedia":[{"embeddable":true,"href":"https:\/\/shop.yipinqian.com\/fr\/wp-json\/wp\/v2\/media\/8300"}],"wp:attachment":[{"href":"https:\/\/shop.yipinqian.com\/fr\/wp-json\/wp\/v2\/media?parent=1831"}],"wp:term":[{"taxonomy":"product_brand","embeddable":true,"href":"https:\/\/shop.yipinqian.com\/fr\/wp-json\/wp\/v2\/product_brand?post=1831"},{"taxonomy":"product_cat","embeddable":true,"href":"https:\/\/shop.yipinqian.com\/fr\/wp-json\/wp\/v2\/product_cat?post=1831"},{"taxonomy":"product_tag","embeddable":true,"href":"https:\/\/shop.yipinqian.com\/fr\/wp-json\/wp\/v2\/product_tag?post=1831"}],"curies":[{"name":"wp","href":"https:\/\/api.w.org\/{rel}","templated":true}]}}