{"id":1829,"date":"2024-10-24T23:22:53","date_gmt":"2024-10-24T15:22:53","guid":{"rendered":"https:\/\/shop.yipinqian.com\/product\/three-legs-toad-natural-type-a-jadeite-pendant-necklace-come-with-certificate-weighs-31-86-grams-40-8-25-5-18-2-mm-symbols-of-good-fortune-with-money-very-suitable-for-daily-wear-pendant57\/"},"modified":"2025-02-17T00:04:18","modified_gmt":"2025-02-16T16:04:18","slug":"three-legs-toad-natural-type-a-jadeite-pendant-necklace-come-with-certificate-weighs-31-86-grams-40-8-25-5-18-2-mm-symbols-of-good-fortune-with-money-very-suitable-for-daily-wear-pendant57","status":"publish","type":"product","link":"https:\/\/shop.yipinqian.com\/fr\/produit\/three-legs-toad-natural-type-a-jadeite-pendant-necklace-come-with-certificate-weighs-31-86-grams-40-8-25-5-18-2-mm-symbols-of-good-fortune-with-money-very-suitable-for-daily-wear-pendant57\/","title":{"rendered":"Three legs Toad Natural Type A Jadeite Pendant Necklace come with certificate weighs 31.86 grams, 40.8 * 25.5 * 18.2 mm, symbols of good fortune with money, very suitable for daily wear (pendant57)"},"content":{"rendered":"<p>This Three legs Toad Natural Type A Jadeite Pendant Necklace is a stunning piece of jewelry that will bring you good fortune and wealth.<\/p>\n<ul>\n<li>\n<strong>Jad\u00e9ite naturelle de type A :<\/strong> Made from the finest quality natural type A jadeite from Myanmar, this necklace is a symbol of elegance and beauty.<\/li>\n<li>\n<strong>Symbols of Good Fortune:<\/strong> The Three legs Toad design on the pendant represents good fortune with money, making it perfect for wear on any occasion.<\/li>\n<li>\n<strong>Certificat inclus :<\/strong> The necklace comes with a certificate for your assurance that it&#8217;s made from genuine natural type A jadeite.<\/li>\n<\/ul>\n<p><strong>Certificate numbers: ZS24030203560<\/strong><\/p>\n<p><img fetchpriority=\"high\" decoding=\"async\" height=\"1080\" src=\"https:\/\/shop.yipinqian.com\/wp-content\/uploads\/2024\/10\/352a64b0b457d90cd1f6eb00bd58faf0.jpg?from=476444299\" width=\"1080\"><\/p>\n<p>Weighing 31.86 grams and measuring 40.8 * 25.5 * 18.2 mm, this pendant necklace is suitable for daily wear as well as special occasions.<\/p>\n<ul>\n<li>\n<strong>Style d\u00e9contract\u00e9 :<\/strong> The casual style of the necklace makes it perfect to be paired with any outfit, adding an elegant touch to your look.<\/li>\n<\/ul>\n<p>This unisex piece makes an excellent gift for yourself or someone special who appreciates fine jewelry! Please note that this product comes without warranty but we assure you its durability and quality!<\/p>\n<p>\u00a0<\/p>\n<p>Yi Pin Qian \u2013 N\u00e9gociant en pierres pr\u00e9cieuses et m\u00e9taux pr\u00e9cieux \u00e0 Singapour \u2013 Num\u00e9ro de licence PS20190000031<\/p>\n<p>\u00a0<\/p>\n<p>*Toutes les jad\u00e9ites achet\u00e9es chez Yi Pin Qian \u00e0 Singapour, les clients peuvent r\u00e9server des cr\u00e9neaux pour le polissage ou une r\u00e9paration mineure en cas de mauvaise manipulation - des frais s&#039;appliquent et uniquement pour les clients de Yi Pin Qian \u00e0 Singapour*<\/p>\n<p>\u00a0<\/p>\n<p><strong>**Types de certificats**<\/strong><\/p>\n<p>\u00a0<\/p>\n<p><strong>NGI (Nan Yang Gemmologie)<\/strong><\/p>\n<p>ou <strong>Certificats \u00e9trangers <\/strong>(Yi Pin Qian utilise uniquement des certificats authentiques provenant de laboratoires \u00e9trangers et contr\u00f4le \u00e9galement la qualit\u00e9 de chacun de nos produits avant de les mettre en vente \u00e0 Singapour)<\/p>\n<p>\u00a0<\/p>\n<p>Chaque produit sur TikTok aura le type de certificat fourni indiqu\u00e9 dans la description. Pour tout client souhaitant envoyer sa commande \u00e0 NGI Singapore, il y aura un d\u00e9lai d&#039;attente pour la livraison de la commande estim\u00e9 \u00e0 environ 4 semaines pour recevoir votre commande. <strong>Les demandes de rapport sur les pierres pr\u00e9cieuses NGI doivent \u00eatre effectu\u00e9es en envoyant un message \u00e0 la boutique TikTok de Yi Pin Qian.<\/strong> Merci, <strong><u>des frais suppl\u00e9mentaires s&#039;appliquent<\/u><\/strong>.<\/p>\n<p>\u00a0<\/p>\n<p><strong>La jad\u00e9ite naturelle n&#039;est pas parfaite, juste un petit rappel : notre jad\u00e9ite naturelle, comme toutes les belles choses de la nature, poss\u00e8de ses caract\u00e9ristiques et ses variations uniques. Nous invitons nos pr\u00e9cieux clients \u00e0 adopter ces variations naturelles. Bon shopping !<\/strong><\/p>\n<p>\u00a0<\/p>\n<p><strong><u>Aucune des photos et des s\u00e9quences vid\u00e9o n&#039;a \u00e9t\u00e9 filtr\u00e9e. Nous encourageons nos clients \u00e0 regarder \u00e9galement les vid\u00e9os d&#039;accompagnement pour une vue plus compl\u00e8te de nos produits<\/u><\/strong><\/p>","protected":false},"excerpt":{"rendered":"<p>This Three legs Toad Natural Type A Jadeite Pendant Necklace is a stunning piece of jewelry that will bring you good fortune and wealth. Natural Type A Jadeite: Made from the finest quality natural type A jadeite from Myanmar, this necklace is a symbol of elegance and beauty. Symbols of Good Fortune: The Three legs [&hellip;]<\/p>","protected":false},"featured_media":8290,"comment_status":"open","ping_status":"closed","template":"","meta":[],"product_brand":[],"product_cat":[48],"product_tag":[],"class_list":{"0":"post-1829","1":"product","2":"type-product","3":"status-publish","4":"has-post-thumbnail","6":"product_cat-pendants","8":"first","9":"instock","10":"sale","11":"shipping-taxable","12":"purchasable","13":"product-type-simple"},"_links":{"self":[{"href":"https:\/\/shop.yipinqian.com\/fr\/wp-json\/wp\/v2\/product\/1829","targetHints":{"allow":["GET"]}}],"collection":[{"href":"https:\/\/shop.yipinqian.com\/fr\/wp-json\/wp\/v2\/product"}],"about":[{"href":"https:\/\/shop.yipinqian.com\/fr\/wp-json\/wp\/v2\/types\/product"}],"replies":[{"embeddable":true,"href":"https:\/\/shop.yipinqian.com\/fr\/wp-json\/wp\/v2\/comments?post=1829"}],"version-history":[{"count":0,"href":"https:\/\/shop.yipinqian.com\/fr\/wp-json\/wp\/v2\/product\/1829\/revisions"}],"wp:featuredmedia":[{"embeddable":true,"href":"https:\/\/shop.yipinqian.com\/fr\/wp-json\/wp\/v2\/media\/8290"}],"wp:attachment":[{"href":"https:\/\/shop.yipinqian.com\/fr\/wp-json\/wp\/v2\/media?parent=1829"}],"wp:term":[{"taxonomy":"product_brand","embeddable":true,"href":"https:\/\/shop.yipinqian.com\/fr\/wp-json\/wp\/v2\/product_brand?post=1829"},{"taxonomy":"product_cat","embeddable":true,"href":"https:\/\/shop.yipinqian.com\/fr\/wp-json\/wp\/v2\/product_cat?post=1829"},{"taxonomy":"product_tag","embeddable":true,"href":"https:\/\/shop.yipinqian.com\/fr\/wp-json\/wp\/v2\/product_tag?post=1829"}],"curies":[{"name":"wp","href":"https:\/\/api.w.org\/{rel}","templated":true}]}}