{"id":1826,"date":"2024-10-24T23:22:49","date_gmt":"2024-10-24T15:22:49","guid":{"rendered":"https:\/\/shop.yipinqian.com\/product\/the-moonlight-light-bangle-light-lavender-natural-type-a-jadeite-jade-crafted-as-peace-bracelet-bangle-certificate-weigh-56-46-grams-measurements-width-13mm-thickness-8-1mm-inner-diameter-54-6mm-bangl\/"},"modified":"2025-02-24T01:17:25","modified_gmt":"2025-02-23T17:17:25","slug":"the-moonlight-light-bangle-light-lavender-natural-type-a-jadeite-jade-crafted-as-peace-bracelet-bangle-certificate-weigh-56-46-grams-measurements-width-13mm-thickness-8-1mm-inner-diameter-54-6mm-bangl","status":"publish","type":"product","link":"https:\/\/shop.yipinqian.com\/fr\/produit\/the-moonlight-light-bangle-light-lavender-natural-type-a-jadeite-jade-crafted-as-peace-bracelet-bangle-certificate-weigh-56-46-grams-measurements-width-13mm-thickness-8-1mm-inner-diameter-54-6mm-bangl\/","title":{"rendered":"Le bracelet Moonlight \u2013 Jade jad\u00e9ite naturelle de type A lavande clair fabriqu\u00e9 comme bracelet de paix, poids certifi\u00e9 56,46 grammes, dimensions : largeur 13 mm, \u00e9paisseur 8,1 mm, diam\u00e8tre int\u00e9rieur 54,6 mm (bracelet 1)"},"content":{"rendered":"<article class=\"lzd-article\">\n<p style=\"line-height: 1.7;text-align: left;text-indent: 0;margin-left: 0;margin-top: 0;margin-bottom: 0\"><span>Le bracelet White Moonlight Light est un bracelet Peace magnifiquement con\u00e7u en jade jad\u00e9ite naturel de type A dans une teinte lavande claire. Ce superbe bracelet jonc pr\u00e9sente un diam\u00e8tre int\u00e9rieur de <\/span><span style=\"font-weight: bold\">54,6 mm<\/span><span> et a \u00e9t\u00e9 mesur\u00e9 avec un <\/span><span style=\"font-weight: bold\">Largeur de 13 mm<\/span><span> et <\/span><span style=\"font-weight: bold\">\u00c9paisseur de 8,1 mm<\/span><span>.<\/span><\/p>\n<p style=\"line-height: 1.7;text-align: left;text-indent: 0;margin-left: 0;margin-top: 0;margin-bottom: 0\"><span><\/span><\/p>\n<p style=\"line-height: 1.7;text-align: left;text-indent: 0;margin-left: 0;margin-top: 0;margin-bottom: 0\"><span style=\"font-weight: bold\">Bracelet clair de lune blanc \u2013 Les teintes lavande dansent dans la lumi\u00e8re, une illusion de clair de lune blanc<\/span><\/p>\n<p style=\"line-height: 1.7;text-align: left;text-indent: 0;margin-left: 0;margin-top: 0;margin-bottom: 0\"><span><\/span><\/p>\n<p style=\"line-height: 1.7;text-align: left;text-indent: 0;margin-left: 0;margin-top: 0;margin-bottom: 0\"><span style=\"font-weight: bold\">[Soyez authentique \u2013 sans regrets]<\/span><\/p>\n<p style=\"line-height: 1.7;text-align: left;text-indent: 0;margin-left: 0;margin-top: 0;margin-bottom: 0\"><span><\/span><\/p>\n<p style=\"line-height: 1.7;text-align: left;text-indent: 0;margin-left: 0;margin-top: 0;margin-bottom: 0\"><span style=\"font-weight: bold\">Bracelet de paix \u2013 La surface int\u00e9rieure est plate ou en forme d\u2019arc progressif, la surface ext\u00e9rieure est en forme d\u2019arc de cercle convexe<\/span><span>.<\/span><\/p>\n<p style=\"line-height: 1.7;text-align: left;text-indent: 0;margin-left: 0;margin-top: 0;margin-bottom: 0\"><span><\/span><\/p>\n<p style=\"line-height: 1.7;text-align: left;text-indent: 0;margin-left: 0;margin-top: 0;margin-bottom: 0\"><span style=\"font-weight: bold\">Num\u00e9ros de certificat : GD2110H014376<\/span><\/p>\n<p style=\"line-height: 1.7;text-align: left;text-indent: 0;margin-left: 0;margin-top: 0;margin-bottom: 0\"><span style=\"font-weight: bold\"> <\/span><\/p>\n<ul>\n<li>\n<div style=\"line-height: 1.7;text-align: left;text-indent: 0\"><span>Mat\u00e9riau de haute qualit\u00e9 : le bracelet est fabriqu\u00e9 \u00e0 partir de jade jad\u00e9ite naturel de type A, connu pour sa durabilit\u00e9 et son \u00e9l\u00e9gance.<\/span><\/div>\n<\/li>\n<li>\n<div style=\"line-height: 1.7;text-align: left;text-indent: 0\"><span>Conception paisible : le bracelet Moonlight Light pr\u00e9sente le design parfait qui cr\u00e9e la paix \u00e0 chaque fois que vous le portez.<\/span><\/div>\n<\/li>\n<li>\n<div style=\"line-height: 1.7;text-align: left;text-indent: 0\"><span>Certificat inclus : Ce produit est livr\u00e9 avec un certificat d&#039;authenticit\u00e9, ce qui en fait le cadeau parfait pour quelqu&#039;un de sp\u00e9cial ou \u00e0 ajouter \u00e0 votre propre collection.<\/span><\/div>\n<\/li>\n<\/ul>\n<p style=\"line-height: 1.7;text-align: left;text-indent: 0;margin-left: 0;margin-top: 0;margin-bottom: 0\"><span><\/span><img decoding=\"async\" src=\"https:\/\/shop.yipinqian.com\/wp-content\/uploads\/2024\/10\/Sebb0310554b44285b943af2ae35f1d68a.jpg\" style=\"width: 526.0px;height: 362.0px;vertical-align: middle\"><span> <\/span><\/p>\n<p style=\"line-height: 1.7;text-align: left;text-indent: 0;margin-left: 0;margin-top: 0;margin-bottom: 0\"><span><\/span><\/p>\n<p style=\"line-height: 1.7;text-align: left;text-indent: 0;margin-left: 0;margin-top: 0;margin-bottom: 0\"><span>Ce magnifique bracelet en jade lavande a \u00e9t\u00e9 confectionn\u00e9 avec une grande attention aux d\u00e9tails, ce qui en fait l&#039;accessoire parfait \u00e0 porter au quotidien ou pour des occasions sp\u00e9ciales telles que les mariages et les f\u00eates. Il provient du Myanmar, connu pour produire certains des meilleurs jades au monde. Vous pouvez donc \u00eatre s\u00fbr que ce produit est \u00e0 la fois de haute qualit\u00e9 et authentique.<\/span><\/p>\n<ul>\n<li>\n<div style=\"line-height: 1.7;text-align: left;text-indent: 0\"><span>Con\u00e7u pour durer : Fabriqu\u00e9 \u00e0 partir de mat\u00e9riaux durables, ce bracelet de haute qualit\u00e9 durera de nombreuses ann\u00e9es sans perdre son \u00e9clat ni son lustre<\/span><\/div>\n<\/li>\n<\/ul>\n<p style=\"line-height: 1.7;text-align: left;text-indent: 0;margin-left: 0;margin-top: 0;margin-bottom: 0\"><span>Ce bracelet pour femme compl\u00e8te parfaitement toutes les tenues tout en ajoutant de l&#039;\u00e9l\u00e9gance \u00e0 votre poignet sans effort. Procurez-vous le bracelet Moonlight Light d\u00e8s aujourd&#039;hui !<\/span><\/p>\n<p style=\"line-height: 1.7;text-align: left;text-indent: 0;margin-left: 0;margin-top: 0;margin-bottom: 0\"><span><\/span><\/p>\n<p style=\"line-height: 1.7;text-align: left;text-indent: 0;margin-left: 0;margin-top: 0;margin-bottom: 0\"><span>Yi Pin Qian \u2013 N\u00e9gociant en pierres pr\u00e9cieuses et m\u00e9taux pr\u00e9cieux \u00e0 Singapour \u2013 Num\u00e9ro de licence PS20190000031<\/span><\/p>\n<p style=\"line-height: 1.7;text-align: left;text-indent: 0;margin-left: 0;margin-top: 0;margin-bottom: 0\"><span><\/span><\/p>\n<p style=\"line-height: 1.7;text-align: left;text-indent: 0;margin-left: 0;margin-top: 0;margin-bottom: 0\"><span>*Toutes les jad\u00e9ites achet\u00e9es chez Yi Pin Qian \u00e0 Singapour, les clients peuvent r\u00e9server des cr\u00e9neaux pour le polissage ou une r\u00e9paration mineure en cas de mauvaise manipulation - des frais s&#039;appliquent et uniquement pour les clients de Yi Pin Qian \u00e0 Singapour*<\/span><\/p>\n<p style=\"line-height: 1.7;text-align: left;text-indent: 0;margin-left: 0;margin-top: 0;margin-bottom: 0\"><span><\/span><\/p>\n<p style=\"line-height: 1.7;text-align: left;text-indent: 0;margin-left: 0;margin-top: 0;margin-bottom: 0\"><span style=\"font-weight: bold\">**Types de certificats**<\/span><\/p>\n<p style=\"line-height: 1.7;text-align: left;text-indent: 0;margin-left: 0;margin-top: 0;margin-bottom: 0\"><span><\/span><\/p>\n<p style=\"line-height: 1.7;text-align: left;text-indent: 0;margin-left: 0;margin-top: 0;margin-bottom: 0\"><span style=\"font-weight: bold\">NGI (Nan Yang Gemmologie)<\/span><\/p>\n<p style=\"line-height: 1.7;text-align: left;text-indent: 0;margin-left: 0;margin-top: 0;margin-bottom: 0\"><span>ou <\/span><span style=\"font-weight: bold\">Certificats \u00e9trangers <\/span><span>(Yi Pin Qian utilise uniquement des certificats authentiques provenant de laboratoires \u00e9trangers et contr\u00f4le \u00e9galement la qualit\u00e9 de chacun de nos produits avant de les mettre en vente \u00e0 Singapour)<\/span><\/p>\n<p style=\"line-height: 1.7;text-align: left;text-indent: 0;margin-left: 0;margin-top: 0;margin-bottom: 0\"><span><\/span><\/p>\n<p style=\"line-height: 1.7;text-align: left;text-indent: 0;margin-left: 0;margin-top: 0;margin-bottom: 0\"><span>Chaque produit sur TikTok aura le type de certificat fourni indiqu\u00e9 dans la description. Pour tout client souhaitant envoyer sa commande \u00e0 NGI Singapore, il y aura un d\u00e9lai d&#039;attente pour la livraison de la commande estim\u00e9 \u00e0 environ 4 semaines pour recevoir votre commande. <\/span><span style=\"font-weight: bold\">Les demandes de rapport sur les pierres pr\u00e9cieuses NGI doivent \u00eatre effectu\u00e9es en envoyant un message \u00e0 la boutique TikTok de Yi Pin Qian.<\/span><span> Merci, <\/span><span style=\"font-weight: bold;text-decoration: underline\">des frais suppl\u00e9mentaires s&#039;appliquent<\/span><span>.<\/span><\/p>\n<p style=\"line-height: 1.7;text-align: left;text-indent: 0;margin-left: 0;margin-top: 0;margin-bottom: 0\"><span><\/span><\/p>\n<p style=\"line-height: 1.7;text-align: left;text-indent: 0;margin-left: 0;margin-top: 0;margin-bottom: 0\"><span style=\"font-weight: bold\">La jad\u00e9ite naturelle n&#039;est pas parfaite, juste un petit rappel : notre jad\u00e9ite naturelle, comme toutes les belles choses de la nature, poss\u00e8de ses caract\u00e9ristiques et ses variations uniques. Nous invitons nos pr\u00e9cieux clients \u00e0 adopter ces variations naturelles. Bon shopping !<\/span><\/p>\n<p style=\"line-height: 1.7;text-align: left;text-indent: 0;margin-left: 0;margin-top: 0;margin-bottom: 0\"><span><\/span><\/p>\n<p style=\"line-height: 1.7;text-align: left;text-indent: 0;margin-left: 0;margin-top: 0;margin-bottom: 0\"><span style=\"font-weight: bold;text-decoration: underline\">Aucune des photos et des s\u00e9quences vid\u00e9o n&#039;a \u00e9t\u00e9 filtr\u00e9e. Nous encourageons nos clients \u00e0 regarder \u00e9galement les vid\u00e9os d&#039;accompagnement pour une vue plus compl\u00e8te de nos produits<\/span><\/p>\n<\/article>","protected":false},"excerpt":{"rendered":"<p>Le bracelet White Moonlight Light est un bracelet Peace magnifiquement con\u00e7u en jade jad\u00e9ite naturel de type A dans une teinte lavande claire. Ce superbe bracelet jonc pr\u00e9sente un diam\u00e8tre int\u00e9rieur de 54,6 mm et a \u00e9t\u00e9 mesur\u00e9 avec une largeur de 13 mm et une \u00e9paisseur de 8,1 mm. Bracelet White Moonlight \u2013 Les teintes lavande dansent dans [\u2026]<\/p>","protected":false},"featured_media":8268,"comment_status":"open","ping_status":"closed","template":"","meta":[],"product_brand":[],"product_cat":[195],"product_tag":[],"class_list":{"0":"post-1826","1":"product","2":"type-product","3":"status-publish","4":"has-post-thumbnail","6":"product_cat-heirloom-grade","8":"first","9":"instock","10":"sale","11":"shipping-taxable","12":"purchasable","13":"product-type-simple"},"_links":{"self":[{"href":"https:\/\/shop.yipinqian.com\/fr\/wp-json\/wp\/v2\/product\/1826","targetHints":{"allow":["GET"]}}],"collection":[{"href":"https:\/\/shop.yipinqian.com\/fr\/wp-json\/wp\/v2\/product"}],"about":[{"href":"https:\/\/shop.yipinqian.com\/fr\/wp-json\/wp\/v2\/types\/product"}],"replies":[{"embeddable":true,"href":"https:\/\/shop.yipinqian.com\/fr\/wp-json\/wp\/v2\/comments?post=1826"}],"version-history":[{"count":0,"href":"https:\/\/shop.yipinqian.com\/fr\/wp-json\/wp\/v2\/product\/1826\/revisions"}],"wp:featuredmedia":[{"embeddable":true,"href":"https:\/\/shop.yipinqian.com\/fr\/wp-json\/wp\/v2\/media\/8268"}],"wp:attachment":[{"href":"https:\/\/shop.yipinqian.com\/fr\/wp-json\/wp\/v2\/media?parent=1826"}],"wp:term":[{"taxonomy":"product_brand","embeddable":true,"href":"https:\/\/shop.yipinqian.com\/fr\/wp-json\/wp\/v2\/product_brand?post=1826"},{"taxonomy":"product_cat","embeddable":true,"href":"https:\/\/shop.yipinqian.com\/fr\/wp-json\/wp\/v2\/product_cat?post=1826"},{"taxonomy":"product_tag","embeddable":true,"href":"https:\/\/shop.yipinqian.com\/fr\/wp-json\/wp\/v2\/product_tag?post=1826"}],"curies":[{"name":"wp","href":"https:\/\/api.w.org\/{rel}","templated":true}]}}