{"id":1825,"date":"2024-10-24T23:22:48","date_gmt":"2024-10-24T15:22:48","guid":{"rendered":"https:\/\/shop.yipinqian.com\/product\/the-four-divine-beasts-with-qiankun-yin-and-yang-eight-trigrams-black-natural-type-a-jadeite-pendant-with-certificate-weigh-31-14-grams-57-3-57-3-5-3-mm-suitable-for-daily-wear-or-hang-in-your-car-or\/"},"modified":"2025-02-17T00:04:18","modified_gmt":"2025-02-16T16:04:18","slug":"the-four-divine-beasts-with-qiankun-yin-and-yang-eight-trigrams-black-natural-type-a-jadeite-pendant-with-certificate-weigh-31-14-grams-57-3-57-3-5-3-mm-suitable-for-daily-wear-or-hang-in-your-car-or","status":"publish","type":"product","link":"https:\/\/shop.yipinqian.com\/fr\/produit\/the-four-divine-beasts-with-qiankun-yin-and-yang-eight-trigrams-black-natural-type-a-jadeite-pendant-with-certificate-weigh-31-14-grams-57-3-57-3-5-3-mm-suitable-for-daily-wear-or-hang-in-your-car-or\/","title":{"rendered":"Les quatre b\u00eates divines avec les huit trigrammes Qiankun Yin et Yang Pendentif en jad\u00e9ite naturelle noire de type A avec certificat p\u00e8se 31,14 grammes, 57,3 * 57,3 * 5,3 mm, convient pour un usage quotidien ou pour accrocher dans votre voiture ou votre maison (pendentif60)"},"content":{"rendered":"<p>Am\u00e9liorez votre style quotidien avec le pendentif en jad\u00e9ite naturelle noire de type A des quatre b\u00eates divines avec les huit trigrammes Qian Kun Yin et Yang.<\/p>\n<ul>\n<li>Design exquis : le pendentif pr\u00e9sente les quatre b\u00eates divines et les huit trigrammes Qian Kun Yin et Yang, fabriqu\u00e9s en jad\u00e9ite naturelle noire de type A, ce qui en fait un accessoire \u00e9l\u00e9gant.<\/li>\n<li>Convient \u00e0 tous : pesant 31,14 grammes et mesurant 57,3 * 57,3 * 5,3 mm, ce pendentif unisexe est parfait pour un usage quotidien ou \u00e0 accrocher dans votre voiture ou votre maison.<\/li>\n<li>Certificat inclus : Cette pi\u00e8ce exquise est livr\u00e9e avec un certificat d&#039;authenticit\u00e9 pour plus de confiance dans votre achat.<\/li>\n<\/ul>\n<p><strong>Num\u00e9ros de certificat : ZS240117029<\/strong><\/p>\n<p><img fetchpriority=\"high\" decoding=\"async\" height=\"1080\" src=\"https:\/\/shop.yipinqian.com\/wp-content\/uploads\/2024\/10\/b6aecb8ab45e3fae72f73747ac0afbbd.jpg?from=476444299\" width=\"1080\"><br \/><img decoding=\"async\" height=\"1080\" src=\"https:\/\/shop.yipinqian.com\/wp-content\/uploads\/2024\/10\/5e1d846d6ecb70152cac6baf80796529.jpg?from=476444299\" width=\"1080\"><\/p>\n<p>Cet accessoire de style collier d\u00e9contract\u00e9 est fabriqu\u00e9 en jad\u00e9ite de haute qualit\u00e9 du Myanmar\u00a0; c&#039;est un cadeau id\u00e9al pour ajouter une touche d&#039;\u00e9l\u00e9gance \u00e0 n&#039;importe quelle occasion\u00a0!<\/p>\n<p>\u00a0<\/p>\n<p>Yi Pin Qian \u2013 N\u00e9gociant en pierres pr\u00e9cieuses et m\u00e9taux pr\u00e9cieux \u00e0 Singapour \u2013 Num\u00e9ro de licence PS20190000031<\/p>\n<p>\u00a0<\/p>\n<p>*Toutes les jad\u00e9ites achet\u00e9es chez Yi Pin Qian \u00e0 Singapour, les clients peuvent r\u00e9server des cr\u00e9neaux pour le polissage ou une r\u00e9paration mineure en cas de mauvaise manipulation - des frais s&#039;appliquent et uniquement pour les clients de Yi Pin Qian \u00e0 Singapour*<\/p>\n<p>\u00a0<\/p>\n<p><strong>**Types de certificats**<\/strong><\/p>\n<p>\u00a0<\/p>\n<p><strong>NGI (Nan Yang Gemmologie)<\/strong><\/p>\n<p>ou <strong>Certificats \u00e9trangers <\/strong>(Yi Pin Qian utilise uniquement des certificats authentiques provenant de laboratoires \u00e9trangers et contr\u00f4le \u00e9galement la qualit\u00e9 de chacun de nos produits avant de les mettre en vente \u00e0 Singapour)<\/p>\n<p>\u00a0<\/p>\n<p>Chaque produit sur TikTok aura le type de certificat fourni indiqu\u00e9 dans la description. Pour tout client souhaitant envoyer sa commande \u00e0 NGI Singapore, il y aura un d\u00e9lai d&#039;attente pour la livraison de la commande estim\u00e9 \u00e0 environ 4 semaines pour recevoir votre commande. <strong>Les demandes de rapport sur les pierres pr\u00e9cieuses NGI doivent \u00eatre effectu\u00e9es en envoyant un message \u00e0 la boutique TikTok de Yi Pin Qian.<\/strong> Merci, <strong><u>des frais suppl\u00e9mentaires s&#039;appliquent<\/u><\/strong>.<\/p>\n<p>\u00a0<\/p>\n<p><strong>La jad\u00e9ite naturelle n&#039;est pas parfaite, juste un petit rappel : notre jad\u00e9ite naturelle, comme toutes les belles choses de la nature, poss\u00e8de ses caract\u00e9ristiques et ses variations uniques. Nous invitons nos pr\u00e9cieux clients \u00e0 adopter ces variations naturelles. Bon shopping !<\/strong><\/p>\n<p>\u00a0<\/p>\n<p><strong><u>Aucune des photos et des s\u00e9quences vid\u00e9o n&#039;a \u00e9t\u00e9 filtr\u00e9e. Nous encourageons nos clients \u00e0 regarder \u00e9galement les vid\u00e9os d&#039;accompagnement pour une vue plus compl\u00e8te de nos produits<\/u><\/strong><\/p>","protected":false},"excerpt":{"rendered":"<p>Am\u00e9liorez votre style quotidien avec le pendentif en jad\u00e9ite naturelle noire de type A des quatre b\u00eates divines et des huit trigrammes Qian Kun Yin et Yang. Design exquis : le pendentif pr\u00e9sente les quatre b\u00eates divines et les huit trigrammes Qian Kun Yin et Yang, fabriqu\u00e9s en jad\u00e9ite naturelle noire de type A, ce qui en fait un accessoire \u00e9l\u00e9gant. Convient \u00e0 tous : [\u2026]<\/p>","protected":false},"featured_media":8259,"comment_status":"open","ping_status":"closed","template":"","meta":[],"product_brand":[],"product_cat":[48],"product_tag":[],"class_list":{"0":"post-1825","1":"product","2":"type-product","3":"status-publish","4":"has-post-thumbnail","6":"product_cat-pendants","8":"first","9":"instock","10":"sale","11":"shipping-taxable","12":"purchasable","13":"product-type-simple"},"_links":{"self":[{"href":"https:\/\/shop.yipinqian.com\/fr\/wp-json\/wp\/v2\/product\/1825","targetHints":{"allow":["GET"]}}],"collection":[{"href":"https:\/\/shop.yipinqian.com\/fr\/wp-json\/wp\/v2\/product"}],"about":[{"href":"https:\/\/shop.yipinqian.com\/fr\/wp-json\/wp\/v2\/types\/product"}],"replies":[{"embeddable":true,"href":"https:\/\/shop.yipinqian.com\/fr\/wp-json\/wp\/v2\/comments?post=1825"}],"version-history":[{"count":0,"href":"https:\/\/shop.yipinqian.com\/fr\/wp-json\/wp\/v2\/product\/1825\/revisions"}],"wp:featuredmedia":[{"embeddable":true,"href":"https:\/\/shop.yipinqian.com\/fr\/wp-json\/wp\/v2\/media\/8259"}],"wp:attachment":[{"href":"https:\/\/shop.yipinqian.com\/fr\/wp-json\/wp\/v2\/media?parent=1825"}],"wp:term":[{"taxonomy":"product_brand","embeddable":true,"href":"https:\/\/shop.yipinqian.com\/fr\/wp-json\/wp\/v2\/product_brand?post=1825"},{"taxonomy":"product_cat","embeddable":true,"href":"https:\/\/shop.yipinqian.com\/fr\/wp-json\/wp\/v2\/product_cat?post=1825"},{"taxonomy":"product_tag","embeddable":true,"href":"https:\/\/shop.yipinqian.com\/fr\/wp-json\/wp\/v2\/product_tag?post=1825"}],"curies":[{"name":"wp","href":"https:\/\/api.w.org\/{rel}","templated":true}]}}