{"id":1823,"date":"2024-10-24T23:22:48","date_gmt":"2024-10-24T15:22:48","guid":{"rendered":"https:\/\/shop.yipinqian.com\/product\/tea-green-yellow-natural-type-a-jadeite-pendant-carved-as-dragon-head-fish-body-meaning-prosperity-wealth-and-happiness-with-certificate-weighs-49-67-grams-62-60-43-50-12-10-mm-pendant93\/"},"modified":"2025-02-17T00:04:18","modified_gmt":"2025-02-16T16:04:18","slug":"tea-green-yellow-natural-type-a-jadeite-pendant-carved-as-dragon-head-fish-body-meaning-prosperity-wealth-and-happiness-with-certificate-weighs-49-67-grams-62-60-43-50-12-10-mm-pendant93","status":"publish","type":"product","link":"https:\/\/shop.yipinqian.com\/fr\/produit\/tea-green-yellow-natural-type-a-jadeite-pendant-carved-as-dragon-head-fish-body-meaning-prosperity-wealth-and-happiness-with-certificate-weighs-49-67-grams-62-60-43-50-12-10-mm-pendant93\/","title":{"rendered":"Pendentif en jad\u00e9ite naturelle de type A vert th\u00e9 jaune sculpt\u00e9 en forme de t\u00eate de dragon et de corps de poisson signifiant prosp\u00e9rit\u00e9, richesse et bonheur avec certificat p\u00e8se 49,67 grammes, 62,60 * 43,50 * 12,10 mm (pendentif93)"},"content":{"rendered":"<p>Rehaussez votre gamme d&#039;accessoires avec ce pendentif en jad\u00e9ite naturelle de type A vert th\u00e9 jaune sculpt\u00e9 en forme de t\u00eate de dragon et de corps de poisson. Fabriqu\u00e9 en jad\u00e9ite de haute qualit\u00e9, ce pendentif est finement sculpt\u00e9 pour repr\u00e9senter une t\u00eate de dragon et un corps de poisson, symbolisant la prosp\u00e9rit\u00e9, la richesse et le bonheur.<\/p>\n<ul>\n<li>\n<strong>Mat\u00e9riel:<\/strong> Fabriqu\u00e9 \u00e0 partir de jad\u00e9ite naturelle de type A de couleur vert th\u00e9 jaune de haute qualit\u00e9<\/li>\n<li>\n<strong>Conception:<\/strong> Pr\u00e9sente une t\u00eate de dragon et un corps de poisson finement sculpt\u00e9s<\/li>\n<li>\n<strong>Certificat:<\/strong> Livr\u00e9 avec un certificat d&#039;authenticit\u00e9<\/li>\n<\/ul>\n<p><strong>Num\u00e9ros de certificat : ZS240319048<\/strong><\/p>\n<p><img fetchpriority=\"high\" decoding=\"async\" height=\"1080\" src=\"https:\/\/shop.yipinqian.com\/wp-content\/uploads\/2024\/10\/c661b784bc84e8555594bde3a351a9b0.jpg?from=476444299\" width=\"1080\"><\/p>\n<ul>\n<li><strong>DIMENSIONS (mm) : Le pendentif p\u00e8se 49,67 grammes et mesure 62,60 * 43,50 * 12,10 (L * l * H)<\/strong><\/li>\n<\/ul>\n<p><strong>Cette pi\u00e8ce unisexe est parfaite pour ajouter une touche d&#039;\u00e9l\u00e9gance \u00e0 n&#039;importe quelle tenue d\u00e9contract\u00e9e ou quotidienne.<\/strong><\/p>\n<ul>\n<li><strong>Type de jade : jad\u00e9ite<\/strong><\/li>\n<li><strong>Certificat : Oui<\/strong><\/li>\n<\/ul>\n<p><strong>Fabriqu\u00e9 au Myanmar, il constitue un cadeau id\u00e9al ou un ajout \u00e0 votre propre collection de bijoux.<\/strong><\/p>\n<p>\u00a0<\/p>\n<p>Yi Pin Qian \u2013 N\u00e9gociant en pierres pr\u00e9cieuses et m\u00e9taux pr\u00e9cieux \u00e0 Singapour \u2013 Num\u00e9ro de licence PS20190000031<\/p>\n<p>\u00a0<\/p>\n<p>*Toutes les jad\u00e9ites achet\u00e9es chez Yi Pin Qian \u00e0 Singapour, les clients peuvent r\u00e9server des cr\u00e9neaux pour le polissage ou une r\u00e9paration mineure en cas de mauvaise manipulation - des frais s&#039;appliquent et uniquement pour les clients de Yi Pin Qian \u00e0 Singapour*<\/p>\n<p>\u00a0<\/p>\n<p><strong>**Types de certificats**<\/strong><\/p>\n<p>\u00a0<\/p>\n<p><strong>NGI (Nan Yang Gemmologie)<\/strong><\/p>\n<p>ou <strong>Certificats \u00e9trangers <\/strong>(Yi Pin Qian utilise uniquement des certificats authentiques provenant de laboratoires \u00e9trangers et contr\u00f4le \u00e9galement la qualit\u00e9 de chacun de nos produits avant de les mettre en vente \u00e0 Singapour)<\/p>\n<p>\u00a0<\/p>\n<p>Chaque produit sur TikTok aura le type de certificat fourni indiqu\u00e9 dans la description. Pour tout client souhaitant envoyer sa commande \u00e0 NGI Singapore, il y aura un d\u00e9lai d&#039;attente pour la livraison de la commande estim\u00e9 \u00e0 environ 4 semaines pour recevoir votre commande. <strong>Les demandes de rapport sur les pierres pr\u00e9cieuses NGI doivent \u00eatre effectu\u00e9es en envoyant un message \u00e0 la boutique TikTok de Yi Pin Qian.<\/strong> Merci, <strong><u>des frais suppl\u00e9mentaires s&#039;appliquent<\/u><\/strong>.<\/p>\n<p>\u00a0<\/p>\n<p><strong>.<\/strong><\/p>","protected":false},"excerpt":{"rendered":"<p>Elevate your accessory game with this Tea Green Yellow Natural Type A Jadeite Pendant Carved as Dragon Head Fish Body. Crafted from high-quality jadeite, this pendant is intricately carved to depict a dragon head and fish body, symbolizing prosperity, wealth and happiness. Material: Made from high-quality Tea Green Yellow Natural Type A Jadeite Design: Features [&hellip;]<\/p>","protected":false},"featured_media":8247,"comment_status":"open","ping_status":"closed","template":"","meta":[],"product_brand":[],"product_cat":[48],"product_tag":[],"class_list":{"0":"post-1823","1":"product","2":"type-product","3":"status-publish","4":"has-post-thumbnail","6":"product_cat-pendants","8":"first","9":"instock","10":"sale","11":"shipping-taxable","12":"purchasable","13":"product-type-simple"},"_links":{"self":[{"href":"https:\/\/shop.yipinqian.com\/fr\/wp-json\/wp\/v2\/product\/1823","targetHints":{"allow":["GET"]}}],"collection":[{"href":"https:\/\/shop.yipinqian.com\/fr\/wp-json\/wp\/v2\/product"}],"about":[{"href":"https:\/\/shop.yipinqian.com\/fr\/wp-json\/wp\/v2\/types\/product"}],"replies":[{"embeddable":true,"href":"https:\/\/shop.yipinqian.com\/fr\/wp-json\/wp\/v2\/comments?post=1823"}],"version-history":[{"count":0,"href":"https:\/\/shop.yipinqian.com\/fr\/wp-json\/wp\/v2\/product\/1823\/revisions"}],"wp:featuredmedia":[{"embeddable":true,"href":"https:\/\/shop.yipinqian.com\/fr\/wp-json\/wp\/v2\/media\/8247"}],"wp:attachment":[{"href":"https:\/\/shop.yipinqian.com\/fr\/wp-json\/wp\/v2\/media?parent=1823"}],"wp:term":[{"taxonomy":"product_brand","embeddable":true,"href":"https:\/\/shop.yipinqian.com\/fr\/wp-json\/wp\/v2\/product_brand?post=1823"},{"taxonomy":"product_cat","embeddable":true,"href":"https:\/\/shop.yipinqian.com\/fr\/wp-json\/wp\/v2\/product_cat?post=1823"},{"taxonomy":"product_tag","embeddable":true,"href":"https:\/\/shop.yipinqian.com\/fr\/wp-json\/wp\/v2\/product_tag?post=1823"}],"curies":[{"name":"wp","href":"https:\/\/api.w.org\/{rel}","templated":true}]}}