{"id":1818,"date":"2024-10-24T23:22:44","date_gmt":"2024-10-24T15:22:44","guid":{"rendered":"https:\/\/shop.yipinqian.com\/product\/super-rare-reddish-yellow-abd-tea-green-premium-quality-natural-type-a-jadeite-jade-crafted-with-pixiu-as-pendant-with-certificate-weigh-34-14-grams-measurement-45-2-19-5-22-1-mm-pendant221\/"},"modified":"2025-02-24T01:17:26","modified_gmt":"2025-02-23T17:17:26","slug":"super-rare-reddish-yellow-abd-tea-green-premium-quality-natural-type-a-jadeite-jade-crafted-with-pixiu-as-pendant-with-certificate-weigh-34-14-grams-measurement-45-2-19-5-22-1-mm-pendant221","status":"publish","type":"product","link":"https:\/\/shop.yipinqian.com\/fr\/produit\/super-rare-reddish-yellow-abd-tea-green-premium-quality-natural-type-a-jadeite-jade-crafted-with-pixiu-as-pendant-with-certificate-weigh-34-14-grams-measurement-45-2-19-5-22-1-mm-pendant221\/","title":{"rendered":"Jade jad\u00e9ite naturelle de type A de qualit\u00e9 sup\u00e9rieure rouge\u00e2tre, jaune et vert th\u00e9 super rare fabriqu\u00e9 avec Pixiu comme pendentif avec certificat pesant 34,14 grammes, mesurant 45,2 * 19,5 * 22,1 mm (pendentif221)"},"content":{"rendered":"<p>Pr\u00e9sentation de notre jade jad\u00e9ite naturel de type A de qualit\u00e9 sup\u00e9rieure rouge\u00e2tre, jaune et vert th\u00e9 super rare fabriqu\u00e9 avec Pixiu comme pendentif. Cette superbe pi\u00e8ce est un v\u00e9ritable chef-d&#039;\u0153uvre, pesant 34,14 grammes et mesurant 45,2 * 19,5 * 22,1 mm (pendentif221). C&#039;est le compl\u00e9ment parfait \u00e0 votre collection de bijoux.<\/p>\n<p>\u00a0<\/p>\n<p>Num\u00e9ros de certificat : GD2111H016490<\/p>\n<ul>\n<li>\n<strong>Mat\u00e9riau de haute qualit\u00e9 :<\/strong> Fabriqu\u00e9 en jade jad\u00e9ite naturel de type A de premi\u00e8re qualit\u00e9, ce pendentif est durable et durera toute une vie.<\/li>\n<li>\n<strong>Certificat inclus :<\/strong> Ce pendentif est livr\u00e9 avec un certificat d&#039;authenticit\u00e9 pour garantir que vous obtenez de la v\u00e9ritable jad\u00e9ite naturelle.<\/li>\n<li>\n<strong>Superbe design :<\/strong> Les couleurs rouge\u00e2tre, jaune et vert th\u00e9 super rares du jade sont parfaitement compl\u00e9t\u00e9es par le design Pixiu qui ajoute un \u00e9l\u00e9ment de style \u00e0 cette pi\u00e8ce.<\/li>\n<\/ul>\n<p>Ce style de collier unisexe est parfait pour une tenue d\u00e9contract\u00e9e ou pour des occasions sp\u00e9ciales o\u00f9 vous souhaitez affirmer votre go\u00fbt exquis en mati\u00e8re d&#039;accessoires de bijoux et de d\u00e9riv\u00e9s !<\/p>\n<ul>\n<li>\n<strong>Fabriqu\u00e9 au Myanmar :<\/strong>Cette magnifique pi\u00e8ce vient du Myanmar, connu pour son jade jad\u00e9ite naturel de type A de haute qualit\u00e9 !<\/li>\n<\/ul>\n<p>Vous ne trouverez pas un autre pendentif comme celui-ci ailleurs ! Si vous recherchez quelque chose d&#039;unique mais \u00e9l\u00e9gant, ne cherchez pas plus loin que notre pendentif en jad\u00e9ite naturelle de type A de qualit\u00e9 sup\u00e9rieure, rouge\u00e2tre, jaune et vert th\u00e9, fabriqu\u00e9 avec Pixiu !<\/p>\n<p>\u00a0<\/p>\n<p>Yi Pin Qian \u2013 N\u00e9gociant en pierres pr\u00e9cieuses et m\u00e9taux pr\u00e9cieux \u00e0 Singapour \u2013 Num\u00e9ro de licence PS20190000031<\/p>\n<p>\u00a0<\/p>\n<p>*Toutes les jad\u00e9ites achet\u00e9es chez Yi Pin Qian \u00e0 Singapour, les clients peuvent r\u00e9server des cr\u00e9neaux pour le polissage ou une r\u00e9paration mineure en cas de mauvaise manipulation - des frais s&#039;appliquent et uniquement pour les clients de Yi Pin Qian \u00e0 Singapour*<\/p>\n<p>\u00a0<\/p>\n<p><strong>**Types de certificats**<\/strong><\/p>\n<p>\u00a0<\/p>\n<p><strong>NGI (Nan Yang Gemmologie)<\/strong><\/p>\n<p>ou <strong>Certificats \u00e9trangers <\/strong>(Yi Pin Qian utilise uniquement des certificats authentiques provenant de laboratoires \u00e9trangers et contr\u00f4le \u00e9galement la qualit\u00e9 de chacun de nos produits avant de les mettre en vente \u00e0 Singapour)<\/p>\n<p>\u00a0<\/p>\n<p>Chaque produit sur TikTok aura le type de certificat fourni indiqu\u00e9 dans la description. Pour tout client souhaitant envoyer sa commande \u00e0 NGI Singapore, il y aura un d\u00e9lai d&#039;attente pour la livraison de la commande estim\u00e9 \u00e0 environ 4 semaines pour recevoir votre commande. <strong>Les demandes de rapport sur les pierres pr\u00e9cieuses NGI doivent \u00eatre effectu\u00e9es en envoyant un message \u00e0 la boutique TikTok de Yi Pin Qian.<\/strong> Merci, <strong><u>des frais suppl\u00e9mentaires s&#039;appliquent<\/u><\/strong>.<\/p>\n<p>\u00a0<\/p>\n<p><strong>La jad\u00e9ite naturelle n&#039;est pas parfaite, juste un petit rappel : notre jad\u00e9ite naturelle, comme toutes les belles choses de la nature, poss\u00e8de ses caract\u00e9ristiques et ses variations uniques. Nous invitons nos pr\u00e9cieux clients \u00e0 adopter ces variations naturelles. Bon shopping !<\/strong><\/p>\n<p>\u00a0<\/p>\n<p><strong><u>Aucune des photos et des s\u00e9quences vid\u00e9o n&#039;a \u00e9t\u00e9 filtr\u00e9e. Nous encourageons nos clients \u00e0 regarder \u00e9galement les vid\u00e9os d&#039;accompagnement pour une vue plus compl\u00e8te de nos produits<\/u><\/strong><\/p>","protected":false},"excerpt":{"rendered":"<p>Introducing our Super Rare Reddish, Yellow and Tea Green Premium Quality Natural Type A Jadeite Jade crafted with Pixiu as Pendant. This stunning piece is a true masterpiece, weighing 34.14 grams and measuring 45.2 * 19.5 * 22.1 mm (pendant221). It&#8217;s the perfect addition to your jewelry collection. \u00a0 Certificate numbers: GD2111H016490 High-Quality Material: Made [&hellip;]<\/p>","protected":false},"featured_media":8210,"comment_status":"open","ping_status":"closed","template":"","meta":[],"product_brand":[],"product_cat":[195],"product_tag":[],"class_list":{"0":"post-1818","1":"product","2":"type-product","3":"status-publish","4":"has-post-thumbnail","6":"product_cat-heirloom-grade","8":"first","9":"instock","10":"sale","11":"shipping-taxable","12":"purchasable","13":"product-type-simple"},"_links":{"self":[{"href":"https:\/\/shop.yipinqian.com\/fr\/wp-json\/wp\/v2\/product\/1818","targetHints":{"allow":["GET"]}}],"collection":[{"href":"https:\/\/shop.yipinqian.com\/fr\/wp-json\/wp\/v2\/product"}],"about":[{"href":"https:\/\/shop.yipinqian.com\/fr\/wp-json\/wp\/v2\/types\/product"}],"replies":[{"embeddable":true,"href":"https:\/\/shop.yipinqian.com\/fr\/wp-json\/wp\/v2\/comments?post=1818"}],"version-history":[{"count":0,"href":"https:\/\/shop.yipinqian.com\/fr\/wp-json\/wp\/v2\/product\/1818\/revisions"}],"wp:featuredmedia":[{"embeddable":true,"href":"https:\/\/shop.yipinqian.com\/fr\/wp-json\/wp\/v2\/media\/8210"}],"wp:attachment":[{"href":"https:\/\/shop.yipinqian.com\/fr\/wp-json\/wp\/v2\/media?parent=1818"}],"wp:term":[{"taxonomy":"product_brand","embeddable":true,"href":"https:\/\/shop.yipinqian.com\/fr\/wp-json\/wp\/v2\/product_brand?post=1818"},{"taxonomy":"product_cat","embeddable":true,"href":"https:\/\/shop.yipinqian.com\/fr\/wp-json\/wp\/v2\/product_cat?post=1818"},{"taxonomy":"product_tag","embeddable":true,"href":"https:\/\/shop.yipinqian.com\/fr\/wp-json\/wp\/v2\/product_tag?post=1818"}],"curies":[{"name":"wp","href":"https:\/\/api.w.org\/{rel}","templated":true}]}}