{"id":1817,"date":"2024-10-24T23:22:44","date_gmt":"2024-10-24T15:22:44","guid":{"rendered":"https:\/\/shop.yipinqian.com\/product\/super-rare-pure-white-semi-icy-natural-type-a-jadeite-jade-crafted-as-violin-pendant-certificate-weighs-3-92-grams-measurement-27-7-15-5-3-mm-pendant256\/"},"modified":"2025-02-24T00:49:51","modified_gmt":"2025-02-23T16:49:51","slug":"super-rare-pure-white-semi-icy-natural-type-a-jadeite-jade-crafted-as-violin-pendant-certificate-weighs-3-92-grams-measurement-27-7-15-5-3-mm-pendant256","status":"publish","type":"product","link":"https:\/\/shop.yipinqian.com\/fr\/produit\/super-rare-pure-white-semi-icy-natural-type-a-jadeite-jade-crafted-as-violin-pendant-certificate-weighs-3-92-grams-measurement-27-7-15-5-3-mm-pendant256\/","title":{"rendered":"Pendentif en jade jad\u00e9ite de type A semi-glac\u00e9 blanc pur super rare fabriqu\u00e9 en forme de violon, certificat p\u00e8se 3,92 grammes, mesure 27,7 * 15 * 5,3 mm (pendentif256)"},"content":{"rendered":"<p>Ce superbe pendentif violon est fabriqu\u00e9 \u00e0 partir de jade jad\u00e9ite de type A semi-glac\u00e9 blanc pur super rare, ce qui en fait un bijou vraiment unique.<\/p>\n<p><\/p>\n<p>Num\u00e9ros de certificat : 920660019223<\/p>\n<ul>\n<li>\n<strong>Mat\u00e9riel:<\/strong> Jade jad\u00e9ite de type A semi-glac\u00e9 blanc pur super rare<\/li>\n<li>\n<strong>Poids:<\/strong> 3,92 grammes<\/li>\n<li>\n<strong>Certificat:<\/strong> Oui<\/li>\n<li>\n<strong>Mesures:<\/strong> 27,7 * 15 * 5,3 mm (pendentif256)<\/li>\n<li><em>Fabriqu\u00e9 au Myanmar, ce pendentif est parfait pour un usage quotidien et convient aussi bien aux hommes qu&#039;aux femmes.<\/em><\/li>\n<\/ul>\n<p>Ajoutez une touche d&#039;\u00e9l\u00e9gance \u00e0 votre tenue avec ce pendentif en forme de violon, mettant en valeur la beaut\u00e9 de la jad\u00e9ite naturelle dans un style de collier d\u00e9contract\u00e9.<\/p>\n<p>.<\/p>\n<p><strong>La jad\u00e9ite naturelle n&#039;est pas parfaite, juste un petit rappel : notre jad\u00e9ite naturelle, comme toutes les belles choses de la nature, poss\u00e8de ses caract\u00e9ristiques et ses variations uniques. Nous invitons nos pr\u00e9cieux clients \u00e0 adopter ces variations naturelles. Bon shopping !<\/strong><\/p>\n<p><\/p>\n<p><strong><u>Aucune des photos et des s\u00e9quences vid\u00e9o n&#039;a \u00e9t\u00e9 filtr\u00e9e. Nous encourageons nos clients \u00e0 regarder \u00e9galement les vid\u00e9os d&#039;accompagnement pour une vue plus compl\u00e8te de nos produits<\/u><\/strong><\/p>","protected":false},"excerpt":{"rendered":"<p>Ce superbe pendentif violon est fabriqu\u00e9 \u00e0 partir de jade jad\u00e9ite de type A semi-glac\u00e9 blanc pur super rare, ce qui en fait un bijou vraiment unique. Num\u00e9ros de certificat : 920660019223 Mat\u00e9riau : jade jad\u00e9ite de type A semi-glac\u00e9 blanc pur super rare Poids : 3,92 grammes Certificat : Oui Dimensions : 27,7 * 15 * 5,3 mm (pendentif 256) Fabriqu\u00e9 [\u2026]<\/p>","protected":false},"featured_media":8193,"comment_status":"open","ping_status":"closed","template":"","meta":[],"product_brand":[],"product_cat":[194],"product_tag":[],"class_list":{"0":"post-1817","1":"product","2":"type-product","3":"status-publish","4":"has-post-thumbnail","6":"product_cat-value-picks","8":"first","9":"instock","10":"sale","11":"shipping-taxable","12":"purchasable","13":"product-type-simple"},"_links":{"self":[{"href":"https:\/\/shop.yipinqian.com\/fr\/wp-json\/wp\/v2\/product\/1817","targetHints":{"allow":["GET"]}}],"collection":[{"href":"https:\/\/shop.yipinqian.com\/fr\/wp-json\/wp\/v2\/product"}],"about":[{"href":"https:\/\/shop.yipinqian.com\/fr\/wp-json\/wp\/v2\/types\/product"}],"replies":[{"embeddable":true,"href":"https:\/\/shop.yipinqian.com\/fr\/wp-json\/wp\/v2\/comments?post=1817"}],"version-history":[{"count":0,"href":"https:\/\/shop.yipinqian.com\/fr\/wp-json\/wp\/v2\/product\/1817\/revisions"}],"wp:featuredmedia":[{"embeddable":true,"href":"https:\/\/shop.yipinqian.com\/fr\/wp-json\/wp\/v2\/media\/8193"}],"wp:attachment":[{"href":"https:\/\/shop.yipinqian.com\/fr\/wp-json\/wp\/v2\/media?parent=1817"}],"wp:term":[{"taxonomy":"product_brand","embeddable":true,"href":"https:\/\/shop.yipinqian.com\/fr\/wp-json\/wp\/v2\/product_brand?post=1817"},{"taxonomy":"product_cat","embeddable":true,"href":"https:\/\/shop.yipinqian.com\/fr\/wp-json\/wp\/v2\/product_cat?post=1817"},{"taxonomy":"product_tag","embeddable":true,"href":"https:\/\/shop.yipinqian.com\/fr\/wp-json\/wp\/v2\/product_tag?post=1817"}],"curies":[{"name":"wp","href":"https:\/\/api.w.org\/{rel}","templated":true}]}}