{"id":1816,"date":"2024-10-24T23:22:43","date_gmt":"2024-10-24T15:22:43","guid":{"rendered":"https:\/\/shop.yipinqian.com\/product\/super-rare-premium-high-quality-light-green-with-green-natural-type-a-jadeite-jade-crafted-as-standing-guanyin-set-on-18k-gold-with-diamonds-and-one-green-cabochon-certificate-weigh-27-19-grams-measur\/"},"modified":"2025-02-24T01:34:17","modified_gmt":"2025-02-23T17:34:17","slug":"super-rare-premium-high-quality-light-green-with-green-natural-type-a-jadeite-jade-crafted-as-standing-guanyin-set-on-18k-gold-with-diamonds-and-one-green-cabochon-certificate-weigh-27-19-grams-measur","status":"publish","type":"product","link":"https:\/\/shop.yipinqian.com\/fr\/produit\/super-rare-premium-high-quality-light-green-with-green-natural-type-a-jadeite-jade-crafted-as-standing-guanyin-set-on-18k-gold-with-diamonds-and-one-green-cabochon-certificate-weigh-27-19-grams-measur\/","title":{"rendered":"Jade jad\u00e9ite naturelle de type A de qualit\u00e9 sup\u00e9rieure, vert clair et vert, tr\u00e8s rare, fabriqu\u00e9 en tant que Guanyin debout, serti sur or 18 carats avec diamants et un cabochon vert, certificat pesant 27,19 grammes, mesurant 89,9 * 33,2 * 11,9 mm (18kp34)"},"content":{"rendered":"<p>D\u00e9couvrez la beaut\u00e9 exquise de ce collier en jade jad\u00e9ite naturelle de type A vert clair et vert de qualit\u00e9 sup\u00e9rieure, tr\u00e8s rare, avec un motif Guanyin debout. Mont\u00e9 sur or 18 carats, orn\u00e9 de diamants et d&#039;un superbe cabochon vert, cette pi\u00e8ce est vraiment unique en son genre.<\/p>\n<p>\u00a0<\/p>\n<p>Num\u00e9ros de certificat : GD2110H016123<\/p>\n<p>\u00a0<\/p>\n<p><strong>Poids de l&#039;or 18 carats = 6,61 grammes <\/strong><\/p>\n<p><strong>Mesure de la jad\u00e9ite = 74,3 * 29,5 * 6,3 mm<\/strong><\/p>\n<p><strong>Avec mesure de r\u00e9glage = 89,9 * 33,2 * 11,9 mm<\/strong><\/p>\n<p><strong>Diamants : 120 * 0,003 = 0,36 carats<\/strong><\/p>\n<p>\u00a0<\/p>\n<ul>\n<li>Qualit\u00e9 Premium Super Rare<\/li>\n<li>Jade jad\u00e9ite naturelle de type A<\/li>\n<li>Conception de Guanyin debout<\/li>\n<li>Monture en or 18 carats<\/li>\n<\/ul>\n<p>Pesant 27,19 grammes et mesurant 89,9 * 33,2 * 11,9 mm, ce collier respire l&#039;\u00e9l\u00e9gance et la sophistication.<\/p>\n<ul>\n<li>Certificat inclus : Oui<\/li>\n<li>Mat\u00e9riau secondaire du diamant Mat\u00e9riau de la monture en or pur carat<\/li>\n<\/ul>\n<p>Fabriqu\u00e9 au Myanmar (Birmanie)Jade<\/p>\n<p>Type : Jad\u00e9ite \/ Collier \u00e9l\u00e9gant<\/p>\n<p>\u00a0<\/p>\n<p>Yi Pin Qian \u2013 N\u00e9gociant en pierres pr\u00e9cieuses et m\u00e9taux pr\u00e9cieux \u00e0 Singapour \u2013 Num\u00e9ro de licence PS20190000031<\/p>\n<p>\u00a0<\/p>\n<p>*Toutes les jad\u00e9ites achet\u00e9es chez Yi Pin Qian \u00e0 Singapour, les clients peuvent r\u00e9server des cr\u00e9neaux pour le polissage ou une r\u00e9paration mineure en cas de mauvaise manipulation - des frais s&#039;appliquent et uniquement pour les clients de Yi Pin Qian \u00e0 Singapour*<\/p>\n<p>\u00a0<\/p>\n<p><strong>**Types de certificats**<\/strong><\/p>\n<p>\u00a0<\/p>\n<p><strong>NGI (Nan Yang Gemmologie)<\/strong><\/p>\n<p>ou <strong>Certificats \u00e9trangers <\/strong>(Yi Pin Qian utilise uniquement des certificats authentiques provenant de laboratoires \u00e9trangers et contr\u00f4le \u00e9galement la qualit\u00e9 de chacun de nos produits avant de les mettre en vente \u00e0 Singapour)<\/p>\n<p>\u00a0<\/p>\n<p>Chaque produit sur TikTok aura le type de certificat fourni indiqu\u00e9 dans la description. Pour tout client souhaitant envoyer sa commande \u00e0 NGI Singapore, il y aura un d\u00e9lai d&#039;attente pour la livraison de la commande estim\u00e9 \u00e0 environ 4 semaines pour recevoir votre commande. <strong>Les demandes de rapport sur les pierres pr\u00e9cieuses NGI doivent \u00eatre effectu\u00e9es en envoyant un message \u00e0 la boutique TikTok de Yi Pin Qian.<\/strong> Merci, <strong><u>des frais suppl\u00e9mentaires s&#039;appliquent<\/u><\/strong>.<\/p>\n<p>\u00a0<\/p>\n<p><strong>La jad\u00e9ite naturelle n&#039;est pas parfaite, juste un petit rappel : notre jad\u00e9ite naturelle, comme toutes les belles choses de la nature, poss\u00e8de ses caract\u00e9ristiques et ses variations uniques. Nous invitons nos pr\u00e9cieux clients \u00e0 adopter ces variations naturelles. Bon shopping !<\/strong><\/p>\n<p>\u00a0<\/p>\n<p><strong><u>Aucune des photos et des s\u00e9quences vid\u00e9o n&#039;a \u00e9t\u00e9 filtr\u00e9e. Nous encourageons nos clients \u00e0 regarder \u00e9galement les vid\u00e9os d&#039;accompagnement pour une vue plus compl\u00e8te de nos produits<\/u><\/strong><\/p>","protected":false},"excerpt":{"rendered":"<p>Experience the exquisite beauty of this Super Rare Premium High Quality Light Green with Green Natural Type A Jadeite Jade necklace featuring a Standing Guanyin design. Set on 18k Gold, adorned with diamonds and a stunning green cabochon, this piece is truly one-of-a-kind. \u00a0 Certificate numbers: GD2110H016123 \u00a0 18k Gold Weight = 6.61 grams Jadeite [&hellip;]<\/p>","protected":false},"featured_media":8176,"comment_status":"open","ping_status":"closed","template":"","meta":[],"product_brand":[],"product_cat":[196],"product_tag":[],"class_list":{"0":"post-1816","1":"product","2":"type-product","3":"status-publish","4":"has-post-thumbnail","6":"product_cat-vault-collection","8":"first","9":"instock","10":"sale","11":"shipping-taxable","12":"purchasable","13":"product-type-simple"},"_links":{"self":[{"href":"https:\/\/shop.yipinqian.com\/fr\/wp-json\/wp\/v2\/product\/1816","targetHints":{"allow":["GET"]}}],"collection":[{"href":"https:\/\/shop.yipinqian.com\/fr\/wp-json\/wp\/v2\/product"}],"about":[{"href":"https:\/\/shop.yipinqian.com\/fr\/wp-json\/wp\/v2\/types\/product"}],"replies":[{"embeddable":true,"href":"https:\/\/shop.yipinqian.com\/fr\/wp-json\/wp\/v2\/comments?post=1816"}],"version-history":[{"count":0,"href":"https:\/\/shop.yipinqian.com\/fr\/wp-json\/wp\/v2\/product\/1816\/revisions"}],"wp:featuredmedia":[{"embeddable":true,"href":"https:\/\/shop.yipinqian.com\/fr\/wp-json\/wp\/v2\/media\/8176"}],"wp:attachment":[{"href":"https:\/\/shop.yipinqian.com\/fr\/wp-json\/wp\/v2\/media?parent=1816"}],"wp:term":[{"taxonomy":"product_brand","embeddable":true,"href":"https:\/\/shop.yipinqian.com\/fr\/wp-json\/wp\/v2\/product_brand?post=1816"},{"taxonomy":"product_cat","embeddable":true,"href":"https:\/\/shop.yipinqian.com\/fr\/wp-json\/wp\/v2\/product_cat?post=1816"},{"taxonomy":"product_tag","embeddable":true,"href":"https:\/\/shop.yipinqian.com\/fr\/wp-json\/wp\/v2\/product_tag?post=1816"}],"curies":[{"name":"wp","href":"https:\/\/api.w.org\/{rel}","templated":true}]}}