{"id":1811,"date":"2024-10-24T23:22:41","date_gmt":"2024-10-24T15:22:41","guid":{"rendered":"https:\/\/shop.yipinqian.com\/product\/super-rare-multi-tones-collectible-natural-type-a-jadeite-jade-crafted-with-parrot-for-handheld-certificate-weighs-121-86-grams-measurement-76-42-5-34-3-mm-hand7\/"},"modified":"2025-02-24T01:34:17","modified_gmt":"2025-02-23T17:34:17","slug":"super-rare-multi-tones-collectible-natural-type-a-jadeite-jade-crafted-with-parrot-for-handheld-certificate-weighs-121-86-grams-measurement-76-42-5-34-3-mm-hand7","status":"publish","type":"product","link":"https:\/\/shop.yipinqian.com\/fr\/produit\/super-rare-multi-tones-collectible-natural-type-a-jadeite-jade-crafted-with-parrot-for-handheld-certificate-weighs-121-86-grams-measurement-76-42-5-34-3-mm-hand7\/","title":{"rendered":"Jade jad\u00e9ite naturelle de type A \u00e0 plusieurs tons super rare \u00e0 collectionner, fabriqu\u00e9 avec Parrot pour la main, le certificat p\u00e8se 121,86 grammes, mesure 76 * 42,5 * 34,3 mm (main7)"},"content":{"rendered":"<p>Enhance your collection with this Super Rare Multi Tones Collectible Natural Type A Jadeite Jade featuring a beautifully crafted Parrot design.<\/p>\n<p>\u00a0<\/p>\n<p>Certificate numbers: 920660031212<\/p>\n<p><img fetchpriority=\"high\" decoding=\"async\" height=\"1080\" src=\"https:\/\/shop.yipinqian.com\/wp-content\/uploads\/2024\/10\/68772d8f0c6cac34c4048dd139302a12.jpg?from=476444299\" width=\"1080\"><\/p>\n<ul>\n<li>Exquisite Craftsmanship<\/li>\n<li>Weighs 121.86 grams<\/li>\n<li>Measurements: 76 * 42.5 * 34.3 mm (hand7)<\/li>\n<\/ul>\n<p>This unique piece comes with a certificate, ensuring its authenticity and quality, making it a valuable addition to your jewelry accessories and derivatives collection.<\/p>\n<ul>\n<li>Certificat inclus : Oui<\/li>\n<\/ul>\n<ul>\n<li>Elevate your style with this stunning jade decoration, perfect for both handheld use and display purposes.<\/li>\n<li>Type de jade : Jad\u00e9ite<\/li>\n<\/ul>\n<p>Yi Pin Qian \u2013 N\u00e9gociant en pierres pr\u00e9cieuses et m\u00e9taux pr\u00e9cieux \u00e0 Singapour \u2013 Num\u00e9ro de licence PS20190000031<\/p>\n<p>\u00a0<\/p>\n<p>*Toutes les jad\u00e9ites achet\u00e9es chez Yi Pin Qian \u00e0 Singapour, les clients peuvent r\u00e9server des cr\u00e9neaux pour le polissage ou une r\u00e9paration mineure en cas de mauvaise manipulation - des frais s&#039;appliquent et uniquement pour les clients de Yi Pin Qian \u00e0 Singapour*<\/p>\n<p>\u00a0<\/p>\n<p><strong>**Types de certificats**<\/strong><\/p>\n<p>\u00a0<\/p>\n<p><strong>NGI (Nan Yang Gemmologie)<\/strong><\/p>\n<p>ou <strong>Certificats \u00e9trangers <\/strong>(Yi Pin Qian utilise uniquement des certificats authentiques provenant de laboratoires \u00e9trangers et contr\u00f4le \u00e9galement la qualit\u00e9 de chacun de nos produits avant de les mettre en vente \u00e0 Singapour)<\/p>\n<p>\u00a0<\/p>\n<p>Chaque produit sur TikTok aura le type de certificat fourni indiqu\u00e9 dans la description. Pour tout client souhaitant envoyer sa commande \u00e0 NGI Singapore, il y aura un d\u00e9lai d&#039;attente pour la livraison de la commande estim\u00e9 \u00e0 environ 4 semaines pour recevoir votre commande. <strong>Les demandes de rapport sur les pierres pr\u00e9cieuses NGI doivent \u00eatre effectu\u00e9es en envoyant un message \u00e0 la boutique TikTok de Yi Pin Qian.<\/strong> Merci, <strong><u>des frais suppl\u00e9mentaires s&#039;appliquent<\/u><\/strong>.<\/p>\n<p>\u00a0<\/p>\n<p><strong>La jad\u00e9ite naturelle n&#039;est pas parfaite, juste un petit rappel : notre jad\u00e9ite naturelle, comme toutes les belles choses de la nature, poss\u00e8de ses caract\u00e9ristiques et ses variations uniques. Nous invitons nos pr\u00e9cieux clients \u00e0 adopter ces variations naturelles. Bon shopping !<\/strong><\/p>\n<p>\u00a0<\/p>\n<p><strong><u>Aucune des photos et des s\u00e9quences vid\u00e9o n&#039;a \u00e9t\u00e9 filtr\u00e9e. Nous encourageons nos clients \u00e0 regarder \u00e9galement les vid\u00e9os d&#039;accompagnement pour une vue plus compl\u00e8te de nos produits<\/u><\/strong><\/p>\n<p>\u00a0<\/p>\n<ul>\n<li>Diff\u00e9rentes plates-formes ne peuvent visionner des vid\u00e9os que via le bureau<\/li>\n<\/ul>","protected":false},"excerpt":{"rendered":"<p>Enhance your collection with this Super Rare Multi Tones Collectible Natural Type A Jadeite Jade featuring a beautifully crafted Parrot design. \u00a0 Certificate numbers: 920660031212 Exquisite Craftsmanship Weighs 121.86 grams Measurements: 76 * 42.5 * 34.3 mm (hand7) This unique piece comes with a certificate, ensuring its authenticity and quality, making it a valuable addition [&hellip;]<\/p>","protected":false},"featured_media":8148,"comment_status":"open","ping_status":"closed","template":"","meta":[],"product_brand":[],"product_cat":[196],"product_tag":[],"class_list":{"0":"post-1811","1":"product","2":"type-product","3":"status-publish","4":"has-post-thumbnail","6":"product_cat-vault-collection","8":"first","9":"instock","10":"sale","11":"shipping-taxable","12":"purchasable","13":"product-type-simple"},"_links":{"self":[{"href":"https:\/\/shop.yipinqian.com\/fr\/wp-json\/wp\/v2\/product\/1811","targetHints":{"allow":["GET"]}}],"collection":[{"href":"https:\/\/shop.yipinqian.com\/fr\/wp-json\/wp\/v2\/product"}],"about":[{"href":"https:\/\/shop.yipinqian.com\/fr\/wp-json\/wp\/v2\/types\/product"}],"replies":[{"embeddable":true,"href":"https:\/\/shop.yipinqian.com\/fr\/wp-json\/wp\/v2\/comments?post=1811"}],"version-history":[{"count":0,"href":"https:\/\/shop.yipinqian.com\/fr\/wp-json\/wp\/v2\/product\/1811\/revisions"}],"wp:featuredmedia":[{"embeddable":true,"href":"https:\/\/shop.yipinqian.com\/fr\/wp-json\/wp\/v2\/media\/8148"}],"wp:attachment":[{"href":"https:\/\/shop.yipinqian.com\/fr\/wp-json\/wp\/v2\/media?parent=1811"}],"wp:term":[{"taxonomy":"product_brand","embeddable":true,"href":"https:\/\/shop.yipinqian.com\/fr\/wp-json\/wp\/v2\/product_brand?post=1811"},{"taxonomy":"product_cat","embeddable":true,"href":"https:\/\/shop.yipinqian.com\/fr\/wp-json\/wp\/v2\/product_cat?post=1811"},{"taxonomy":"product_tag","embeddable":true,"href":"https:\/\/shop.yipinqian.com\/fr\/wp-json\/wp\/v2\/product_tag?post=1811"}],"curies":[{"name":"wp","href":"https:\/\/api.w.org\/{rel}","templated":true}]}}