{"id":1807,"date":"2024-10-24T23:22:39","date_gmt":"2024-10-24T15:22:39","guid":{"rendered":"https:\/\/shop.yipinqian.com\/product\/super-rare-high-quality-light-green-and-yellow-natural-type-a-jadeite-jade-crafted-with-dragonfly-and-ruyi-as-pendant-certificate-weighs-60-60-grams-measurement-60-32-1-22-3-mm-pendant260\/"},"modified":"2025-02-24T01:17:26","modified_gmt":"2025-02-23T17:17:26","slug":"super-rare-high-quality-light-green-and-yellow-natural-type-a-jadeite-jade-crafted-with-dragonfly-and-ruyi-as-pendant-certificate-weighs-60-60-grams-measurement-60-32-1-22-3-mm-pendant260","status":"publish","type":"product","link":"https:\/\/shop.yipinqian.com\/fr\/produit\/super-rare-high-quality-light-green-and-yellow-natural-type-a-jadeite-jade-crafted-with-dragonfly-and-ruyi-as-pendant-certificate-weighs-60-60-grams-measurement-60-32-1-22-3-mm-pendant260\/","title":{"rendered":"Jade jad\u00e9ite naturelle de type A vert clair et jaune de haute qualit\u00e9 super rare fabriqu\u00e9 avec Dragonfly et Ruyi comme pendentif, le certificat p\u00e8se 60,60 grammes, mesure 60 * 32,1 * 22,3 mm (pendentif260)"},"content":{"rendered":"<p><span><\/span><\/p>\n<p><span>Ce pendentif en jade jad\u00e9ite naturelle de type A, vert clair et jaune, de tr\u00e8s haute qualit\u00e9, est un superbe bijou fabriqu\u00e9 avec des d\u00e9tails complexes d&#039;une libellule et d&#039;un Ruyi.<\/span><\/p>\n<p><span><\/span><\/p>\n<p><span>Num\u00e9ros de certificat : GD2011H021760<\/span><\/p>\n<p><span><\/span><\/p>\n<p><img fetchpriority=\"high\" decoding=\"async\" height=\"1080\" src=\"https:\/\/shop.yipinqian.com\/wp-content\/uploads\/2024\/10\/349df79ee371393e2150d6f172e2385e.jpg?from=476444299\" width=\"1080\"><\/p>\n<ul>\n<li>Artisanat exquis : le pendentif est m\u00e9ticuleusement con\u00e7u avec du jade de haute qualit\u00e9, pr\u00e9sentant un m\u00e9lange unique de couleurs vert clair et jaune.<\/li>\n<li>Design unique : les motifs libellule et Ruyi ajoutent une touche symbolique au pendentif, ce qui en fait une pi\u00e8ce de d\u00e9claration \u00e9l\u00e9gante.<\/li>\n<li>Mesures pr\u00e9cises : pesant 60,60 grammes et mesurant 60 * 32,1 * 22,3 mm, ce pendentif ne manquera pas de se d\u00e9marquer.<\/li>\n<\/ul>\n<p><span>S\u00e9lectionn\u00e9 \u00e0 la main au Myanmar, ce jade jad\u00e9ite de type A est accompagn\u00e9 d&#039;un certificat d&#039;authenticit\u00e9. Il convient \u00e0 un usage quotidien, ce qui le rend parfait pour toutes les occasions.<\/span><\/p>\n<ul>\n<li>Certificat inclus : Oui<\/li>\n<li>Pays d&#039;origine : Myanmar<\/li>\n<li>Occasion : Quotidien<\/li>\n<li>Type de garantie : Non<\/li>\n<li>Genre : Unisexe<\/li>\n<li>Le style collier pr\u00e9sente un design \u00e9l\u00e9gant qui compl\u00e8te parfaitement la beaut\u00e9 du jade.<\/li>\n<\/ul>\n<p><span>Yi Pin Qian \u2013 N\u00e9gociant en pierres pr\u00e9cieuses et m\u00e9taux pr\u00e9cieux \u00e0 Singapour \u2013 Num\u00e9ro de licence PS20190000031<\/span><\/p>\n<p><span><\/span><\/p>\n<p><span>*Toutes les jad\u00e9ites achet\u00e9es chez Yi Pin Qian \u00e0 Singapour, les clients peuvent r\u00e9server des cr\u00e9neaux pour le polissage ou une r\u00e9paration mineure en cas de mauvaise manipulation - des frais s&#039;appliquent et uniquement pour les clients de Yi Pin Qian \u00e0 Singapour*<\/span><\/p>\n<p><span><\/span><\/p>\n<p><span><strong>**Types de certificats**<\/strong><\/span><\/p>\n<p><span><\/span><\/p>\n<p><span><strong>NGI (Nan Yang Gemmologie)<\/strong><\/span><\/p>\n<p><span>ou <strong>Certificats \u00e9trangers <\/strong>(Yi Pin Qian utilise uniquement des certificats authentiques provenant de laboratoires \u00e9trangers et contr\u00f4le \u00e9galement la qualit\u00e9 de chacun de nos produits avant de les mettre en vente \u00e0 Singapour)<\/span><\/p>\n<p><span><\/span><\/p>\n<p><span>Chaque produit sur TikTok aura le type de certificat fourni indiqu\u00e9 dans la description. Pour tout client souhaitant envoyer sa commande \u00e0 NGI Singapore, il y aura un d\u00e9lai d&#039;attente pour la livraison de la commande estim\u00e9 \u00e0 environ 4 semaines pour recevoir votre commande. <strong>Les demandes de rapport sur les pierres pr\u00e9cieuses NGI doivent \u00eatre effectu\u00e9es en envoyant un message \u00e0 la boutique TikTok de Yi Pin Qian.<\/strong> Merci, <strong><u>des frais suppl\u00e9mentaires s&#039;appliquent<\/u><\/strong>.<\/span><\/p>\n<p><span><\/span><\/p>\n<p><span><strong>La jad\u00e9ite naturelle n&#039;est pas parfaite, juste un petit rappel : notre jad\u00e9ite naturelle, comme toutes les belles choses de la nature, poss\u00e8de ses caract\u00e9ristiques et ses variations uniques. Nous invitons nos pr\u00e9cieux clients \u00e0 adopter ces variations naturelles. Bon shopping !<\/strong><\/span><\/p>\n<p><span><\/span><\/p>\n<p><span><strong><u>Aucune des photos et des s\u00e9quences vid\u00e9o n&#039;a \u00e9t\u00e9 filtr\u00e9e. Nous encourageons nos clients \u00e0 regarder \u00e9galement les vid\u00e9os d&#039;accompagnement pour une vue plus compl\u00e8te de nos produits<\/u><\/strong><\/span><\/p>\n<p><span><\/span><\/p>","protected":false},"excerpt":{"rendered":"<p>This Super Rare High Quality Light Green and Yellow Natural Type A Jadeite Jade pendant is a stunning piece of jewelry crafted with intricate details of a Dragonfly and Ruyi. Certificate numbers: GD2011H021760 Exquisite Craftsmanship: The pendant is meticulously designed with high-quality jade, showcasing a unique blend of light green and yellow colors. Unique Design: [&hellip;]<\/p>","protected":false},"featured_media":8092,"comment_status":"open","ping_status":"closed","template":"","meta":[],"product_brand":[],"product_cat":[195],"product_tag":[],"class_list":{"0":"post-1807","1":"product","2":"type-product","3":"status-publish","4":"has-post-thumbnail","6":"product_cat-heirloom-grade","8":"first","9":"instock","10":"sale","11":"shipping-taxable","12":"purchasable","13":"product-type-simple"},"_links":{"self":[{"href":"https:\/\/shop.yipinqian.com\/fr\/wp-json\/wp\/v2\/product\/1807","targetHints":{"allow":["GET"]}}],"collection":[{"href":"https:\/\/shop.yipinqian.com\/fr\/wp-json\/wp\/v2\/product"}],"about":[{"href":"https:\/\/shop.yipinqian.com\/fr\/wp-json\/wp\/v2\/types\/product"}],"replies":[{"embeddable":true,"href":"https:\/\/shop.yipinqian.com\/fr\/wp-json\/wp\/v2\/comments?post=1807"}],"version-history":[{"count":0,"href":"https:\/\/shop.yipinqian.com\/fr\/wp-json\/wp\/v2\/product\/1807\/revisions"}],"wp:featuredmedia":[{"embeddable":true,"href":"https:\/\/shop.yipinqian.com\/fr\/wp-json\/wp\/v2\/media\/8092"}],"wp:attachment":[{"href":"https:\/\/shop.yipinqian.com\/fr\/wp-json\/wp\/v2\/media?parent=1807"}],"wp:term":[{"taxonomy":"product_brand","embeddable":true,"href":"https:\/\/shop.yipinqian.com\/fr\/wp-json\/wp\/v2\/product_brand?post=1807"},{"taxonomy":"product_cat","embeddable":true,"href":"https:\/\/shop.yipinqian.com\/fr\/wp-json\/wp\/v2\/product_cat?post=1807"},{"taxonomy":"product_tag","embeddable":true,"href":"https:\/\/shop.yipinqian.com\/fr\/wp-json\/wp\/v2\/product_tag?post=1807"}],"curies":[{"name":"wp","href":"https:\/\/api.w.org\/{rel}","templated":true}]}}