{"id":1804,"date":"2024-10-24T23:22:37","date_gmt":"2024-10-24T15:22:37","guid":{"rendered":"https:\/\/shop.yipinqian.com\/product\/super-rare-green-and-brown-natural-type-a-jadeite-pendant-carved-as-corn-with-butterfly-frog-ruyi-and-gourd-on-it-come-with-certificate-weight-51-60-grams-59-20-31-80-21-70-meaning-beautiful-rich-safe\/"},"modified":"2025-02-24T01:17:26","modified_gmt":"2025-02-23T17:17:26","slug":"super-rare-green-and-brown-natural-type-a-jadeite-pendant-carved-as-corn-with-butterfly-frog-ruyi-and-gourd-on-it-come-with-certificate-weight-51-60-grams-59-20-31-80-21-70-meaning-beautiful-rich-safe","status":"publish","type":"product","link":"https:\/\/shop.yipinqian.com\/fr\/produit\/super-rare-green-and-brown-natural-type-a-jadeite-pendant-carved-as-corn-with-butterfly-frog-ruyi-and-gourd-on-it-come-with-certificate-weight-51-60-grams-59-20-31-80-21-70-meaning-beautiful-rich-safe\/","title":{"rendered":"Super Rare Green and Brown Natural Type A Jadeite Pendant carved as Corn with butterfly, frog, ruyi and gourd on it, come with certificate weight 51.60 grams, 59.20 * 31.80 * 21.70 meaning Beautiful, rich, safe, prosperous, for daily wear (pendant106)"},"content":{"rendered":"<p>Enhance your daily look with this exquisite Super Rare Green and Brown Natural Type A Jadeite Pendant. Crafted in the shape of corn, this pendant is adorned with beautiful carvings of a butterfly, frog, ruyi and gourd that symbolize beauty, prosperity, safety and wealth.<\/p>\n<ul>\n<li>\n<strong>Rare Natural Type A Jadeite:<\/strong> Made from rare natural Type A jadeite from Myanmar.<\/li>\n<li>\n<strong>\u00c0 porter au quotidien :<\/strong> Suitable for daily wear to add a touch of elegance to your outfit.<\/li>\n<li>\n<strong>Certificat inclus :<\/strong> Livr\u00e9 avec un certificat pour garantir l&#039;authenticit\u00e9.<\/li>\n<\/ul>\n<p><strong>Certificate numbers: ZKS23021503188<\/strong><\/p>\n<p><img fetchpriority=\"high\" decoding=\"async\" height=\"1080\" src=\"https:\/\/shop.yipinqian.com\/wp-content\/uploads\/2024\/10\/1cb4a7cae75a5fdf2275fb16ce802fe4.jpg?from=476444299\" width=\"1080\"><\/p>\n<p>Weighing 51.60 grams and measuring 59.20 * 31.80 * 21.70 mm in size, this unisex pendant is perfect for casual wear as it has a simple yet elegant necklace style that complements any outfit effortlessly.<\/p>\n<p>Add an element of sophistication to your jewelry collection today with this stunning jade pendant!<\/p>\n<p>\u00a0<\/p>\n<p>Yi Pin Qian \u2013 N\u00e9gociant en pierres pr\u00e9cieuses et m\u00e9taux pr\u00e9cieux \u00e0 Singapour \u2013 Num\u00e9ro de licence PS20190000031<\/p>\n<p>\u00a0<\/p>\n<p>*Toutes les jad\u00e9ites achet\u00e9es chez Yi Pin Qian \u00e0 Singapour, les clients peuvent r\u00e9server des cr\u00e9neaux pour le polissage ou une r\u00e9paration mineure en cas de mauvaise manipulation - des frais s&#039;appliquent et uniquement pour les clients de Yi Pin Qian \u00e0 Singapour*<\/p>\n<p>\u00a0<\/p>\n<p><strong>**Types de certificats**<\/strong><\/p>\n<p>\u00a0<\/p>\n<p><strong>NGI (Nan Yang Gemmologie)<\/strong><\/p>\n<p>ou <strong>Certificats \u00e9trangers <\/strong>(Yi Pin Qian utilise uniquement des certificats authentiques provenant de laboratoires \u00e9trangers et contr\u00f4le \u00e9galement la qualit\u00e9 de chacun de nos produits avant de les mettre en vente \u00e0 Singapour)<\/p>\n<p>\u00a0<\/p>\n<p>Chaque produit sur TikTok aura le type de certificat fourni indiqu\u00e9 dans la description. Pour tout client souhaitant envoyer sa commande \u00e0 NGI Singapore, il y aura un d\u00e9lai d&#039;attente pour la livraison de la commande estim\u00e9 \u00e0 environ 4 semaines pour recevoir votre commande. <strong>Les demandes de rapport sur les pierres pr\u00e9cieuses NGI doivent \u00eatre effectu\u00e9es en envoyant un message \u00e0 la boutique TikTok de Yi Pin Qian.<\/strong> Merci, <strong><u>des frais suppl\u00e9mentaires s&#039;appliquent<\/u><\/strong>.<\/p>","protected":false},"excerpt":{"rendered":"<p>Enhance your daily look with this exquisite Super Rare Green and Brown Natural Type A Jadeite Pendant. Crafted in the shape of corn, this pendant is adorned with beautiful carvings of a butterfly, frog, ruyi and gourd that symbolize beauty, prosperity, safety and wealth. Rare Natural Type A Jadeite: Made from rare natural Type A [&hellip;]<\/p>","protected":false},"featured_media":8082,"comment_status":"open","ping_status":"closed","template":"","meta":[],"product_brand":[],"product_cat":[195],"product_tag":[],"class_list":{"0":"post-1804","1":"product","2":"type-product","3":"status-publish","4":"has-post-thumbnail","6":"product_cat-heirloom-grade","8":"first","9":"instock","10":"sale","11":"shipping-taxable","12":"purchasable","13":"product-type-simple"},"_links":{"self":[{"href":"https:\/\/shop.yipinqian.com\/fr\/wp-json\/wp\/v2\/product\/1804","targetHints":{"allow":["GET"]}}],"collection":[{"href":"https:\/\/shop.yipinqian.com\/fr\/wp-json\/wp\/v2\/product"}],"about":[{"href":"https:\/\/shop.yipinqian.com\/fr\/wp-json\/wp\/v2\/types\/product"}],"replies":[{"embeddable":true,"href":"https:\/\/shop.yipinqian.com\/fr\/wp-json\/wp\/v2\/comments?post=1804"}],"version-history":[{"count":0,"href":"https:\/\/shop.yipinqian.com\/fr\/wp-json\/wp\/v2\/product\/1804\/revisions"}],"wp:featuredmedia":[{"embeddable":true,"href":"https:\/\/shop.yipinqian.com\/fr\/wp-json\/wp\/v2\/media\/8082"}],"wp:attachment":[{"href":"https:\/\/shop.yipinqian.com\/fr\/wp-json\/wp\/v2\/media?parent=1804"}],"wp:term":[{"taxonomy":"product_brand","embeddable":true,"href":"https:\/\/shop.yipinqian.com\/fr\/wp-json\/wp\/v2\/product_brand?post=1804"},{"taxonomy":"product_cat","embeddable":true,"href":"https:\/\/shop.yipinqian.com\/fr\/wp-json\/wp\/v2\/product_cat?post=1804"},{"taxonomy":"product_tag","embeddable":true,"href":"https:\/\/shop.yipinqian.com\/fr\/wp-json\/wp\/v2\/product_tag?post=1804"}],"curies":[{"name":"wp","href":"https:\/\/api.w.org\/{rel}","templated":true}]}}