{"id":1803,"date":"2024-10-24T23:22:36","date_gmt":"2024-10-24T15:22:36","guid":{"rendered":"https:\/\/shop.yipinqian.com\/product\/super-rare-green-and-brown-natural-type-a-jadeite-jade-crafted-with-vermilion-bird-as-pendant-with-certificate-weigh-59-21-grams-measurement-45-8-32-27-3-mm-pendant231\/"},"modified":"2025-02-24T01:17:26","modified_gmt":"2025-02-23T17:17:26","slug":"super-rare-green-and-brown-natural-type-a-jadeite-jade-crafted-with-vermilion-bird-as-pendant-with-certificate-weigh-59-21-grams-measurement-45-8-32-27-3-mm-pendant231","status":"publish","type":"product","link":"https:\/\/shop.yipinqian.com\/fr\/produit\/super-rare-green-and-brown-natural-type-a-jadeite-jade-crafted-with-vermilion-bird-as-pendant-with-certificate-weigh-59-21-grams-measurement-45-8-32-27-3-mm-pendant231\/","title":{"rendered":"Jade jad\u00e9ite naturelle de type A vert et marron super rare fabriqu\u00e9 avec un oiseau vermillon comme pendentif avec certificat pesant 59,21 grammes, mesurant 45,8 * 32 * 27,3 mm (pendentif231)"},"content":{"rendered":"<p>Ce pendentif en jade jad\u00e9ite naturelle de type A vert et marron super rare est un v\u00e9ritable chef-d&#039;\u0153uvre, r\u00e9alis\u00e9 avec des d\u00e9tails complexes de l&#039;oiseau vermillon. Le pendentif p\u00e8se 59,21 grammes et mesure 45,8 * 32 * 27,3 mm, ce qui en fait un ajout unique \u00e0 votre collection de bijoux.<\/p>\n<p>\u00a0<\/p>\n<p>Num\u00e9ros de certificat : GD2109H018441<\/p>\n<ul>\n<li>\n<strong>Rare et naturel :<\/strong> Fabriqu\u00e9e \u00e0 partir de v\u00e9ritable jad\u00e9ite de type A du Myanmar, cette pi\u00e8ce est v\u00e9ritablement unique en son genre.<\/li>\n<li>\n<strong>Avec certificat :<\/strong> Ce pendentif est accompagn\u00e9 d&#039;un certificat d&#039;authenticit\u00e9 pour votre tranquillit\u00e9 d&#039;esprit.<\/li>\n<li>\n<strong>Occasion propice :<\/strong> L&#039;oiseau vermillon symbolise la bonne fortune et la prosp\u00e9rit\u00e9, ce qui le rend parfait pour toute occasion propice que vous pourriez c\u00e9l\u00e9brer.<\/li>\n<\/ul>\n<p>Le design unisexe de ce collier en fait un accessoire id\u00e9al pour tous ceux qui souhaitent ajouter une touche de style d\u00e9contract\u00e9 \u00e0 leur tenue. Veuillez noter que ce produit n&#039;est assorti d&#039;aucune garantie offerte par le fabricant ou le vendeur.<\/p>\n<p>\u00a0<\/p>\n<p>L&#039;oiseau vermillon est l&#039;un des quatre symboles des constellations chinoises. Selon Wu Xing, le syst\u00e8me tao\u00efste des cinq \u00e9l\u00e9ments, il repr\u00e9sente l&#039;\u00e9l\u00e9ment feu, la direction sud et la saison estivale.<\/p>\n<p>\u00a0<\/p>\n<p>Yi Pin Qian \u2013 N\u00e9gociant en pierres pr\u00e9cieuses et m\u00e9taux pr\u00e9cieux \u00e0 Singapour \u2013 Num\u00e9ro de licence PS20190000031<\/p>\n<p>\u00a0<\/p>\n<p>*Toutes les jad\u00e9ites achet\u00e9es chez Yi Pin Qian \u00e0 Singapour, les clients peuvent r\u00e9server des cr\u00e9neaux pour le polissage ou une r\u00e9paration mineure en cas de mauvaise manipulation - des frais s&#039;appliquent et uniquement pour les clients de Yi Pin Qian \u00e0 Singapour*<\/p>\n<p>\u00a0<\/p>\n<p><strong>**Types de certificats**<\/strong><\/p>\n<p>\u00a0<\/p>\n<p><strong>NGI (Nan Yang Gemmologie)<\/strong><\/p>\n<p>ou <strong>Certificats \u00e9trangers <\/strong>(Yi Pin Qian utilise uniquement des certificats authentiques provenant de laboratoires \u00e9trangers et contr\u00f4le \u00e9galement la qualit\u00e9 de chacun de nos produits avant de les mettre en vente \u00e0 Singapour)<\/p>\n<p>\u00a0<\/p>\n<p>Chaque produit sur TikTok aura le type de certificat fourni indiqu\u00e9 dans la description. Pour tout client souhaitant envoyer sa commande \u00e0 NGI Singapore, il y aura un d\u00e9lai d&#039;attente pour la livraison de la commande estim\u00e9 \u00e0 environ 4 semaines pour recevoir votre commande. <strong>Les demandes de rapport sur les pierres pr\u00e9cieuses NGI doivent \u00eatre effectu\u00e9es en envoyant un message \u00e0 la boutique TikTok de Yi Pin Qian.<\/strong> Merci, <strong><u>des frais suppl\u00e9mentaires s&#039;appliquent<\/u><\/strong>.<\/p>\n<p>\u00a0<\/p>\n<p><strong>La jad\u00e9ite naturelle n&#039;est pas parfaite, juste un petit rappel : notre jad\u00e9ite naturelle, comme toutes les belles choses de la nature, poss\u00e8de ses caract\u00e9ristiques et ses variations uniques. Nous invitons nos pr\u00e9cieux clients \u00e0 adopter ces variations naturelles. Bon shopping !<\/strong><\/p>\n<p>\u00a0<\/p>\n<p><strong><u>Aucune des photos et des s\u00e9quences vid\u00e9o n&#039;a \u00e9t\u00e9 filtr\u00e9e. Nous encourageons nos clients \u00e0 regarder \u00e9galement les vid\u00e9os d&#039;accompagnement pour une vue plus compl\u00e8te de nos produits<\/u><\/strong><\/p>","protected":false},"excerpt":{"rendered":"<p>This Super Rare Green and Brown Natural Type A Jadeite Jade pendant is a true masterpiece, crafted with intricate details of the Vermilion bird. The pendant weighs 59.21 grams and measures 45.8 * 32 * 27.3 mm, making it a unique addition to your jewelry collection. \u00a0 Certificate numbers: GD2109H018441 Rare &#038; Natural: Made from [&hellip;]<\/p>","protected":false},"featured_media":8063,"comment_status":"open","ping_status":"closed","template":"","meta":[],"product_brand":[],"product_cat":[195],"product_tag":[],"class_list":{"0":"post-1803","1":"product","2":"type-product","3":"status-publish","4":"has-post-thumbnail","6":"product_cat-heirloom-grade","8":"first","9":"instock","10":"sale","11":"shipping-taxable","12":"purchasable","13":"product-type-simple"},"_links":{"self":[{"href":"https:\/\/shop.yipinqian.com\/fr\/wp-json\/wp\/v2\/product\/1803","targetHints":{"allow":["GET"]}}],"collection":[{"href":"https:\/\/shop.yipinqian.com\/fr\/wp-json\/wp\/v2\/product"}],"about":[{"href":"https:\/\/shop.yipinqian.com\/fr\/wp-json\/wp\/v2\/types\/product"}],"replies":[{"embeddable":true,"href":"https:\/\/shop.yipinqian.com\/fr\/wp-json\/wp\/v2\/comments?post=1803"}],"version-history":[{"count":0,"href":"https:\/\/shop.yipinqian.com\/fr\/wp-json\/wp\/v2\/product\/1803\/revisions"}],"wp:featuredmedia":[{"embeddable":true,"href":"https:\/\/shop.yipinqian.com\/fr\/wp-json\/wp\/v2\/media\/8063"}],"wp:attachment":[{"href":"https:\/\/shop.yipinqian.com\/fr\/wp-json\/wp\/v2\/media?parent=1803"}],"wp:term":[{"taxonomy":"product_brand","embeddable":true,"href":"https:\/\/shop.yipinqian.com\/fr\/wp-json\/wp\/v2\/product_brand?post=1803"},{"taxonomy":"product_cat","embeddable":true,"href":"https:\/\/shop.yipinqian.com\/fr\/wp-json\/wp\/v2\/product_cat?post=1803"},{"taxonomy":"product_tag","embeddable":true,"href":"https:\/\/shop.yipinqian.com\/fr\/wp-json\/wp\/v2\/product_tag?post=1803"}],"curies":[{"name":"wp","href":"https:\/\/api.w.org\/{rel}","templated":true}]}}