{"id":1801,"date":"2024-10-24T23:22:35","date_gmt":"2024-10-24T15:22:35","guid":{"rendered":"https:\/\/shop.yipinqian.com\/product\/stunning-piece-of-natural-type-a-jadeite-pendant-necklace-crafted-with-nothing-symbols-of-peace-and-peace-everything-goes-well-with-gic-labs-approved-certificate-weigh-10-79-grams-35-5-18-3-8-8-mm-ver\/"},"modified":"2025-02-24T00:49:51","modified_gmt":"2025-02-23T16:49:51","slug":"stunning-piece-of-natural-type-a-jadeite-pendant-necklace-crafted-with-nothing-symbols-of-peace-and-peace-everything-goes-well-with-gic-labs-approved-certificate-weigh-10-79-grams-35-5-18-3-8-8-mm-ver","status":"publish","type":"product","link":"https:\/\/shop.yipinqian.com\/fr\/produit\/stunning-piece-of-natural-type-a-jadeite-pendant-necklace-crafted-with-nothing-symbols-of-peace-and-peace-everything-goes-well-with-gic-labs-approved-certificate-weigh-10-79-grams-35-5-18-3-8-8-mm-ver\/","title":{"rendered":"Superbe pi\u00e8ce de collier pendentif en jad\u00e9ite naturelle de type A fabriqu\u00e9e \u00e0 partir de rien, symboles de paix et de paix, tout va bien, avec certificat approuv\u00e9 par les laboratoires QIC pesant 10,79 grammes, 35,5 * 18,3 * 8,8 mm, tr\u00e8s appropri\u00e9 pour un usage quotidien (pendentif39)"},"content":{"rendered":"<p>Ce superbe collier pendentif en jad\u00e9ite naturelle de type A est un ajout parfait \u00e0 votre collection de bijoux. Le magnifique pendentif en jade est con\u00e7u avec les symboles de paix et d&#039;harmonie, ce qui en fait un choix parfait pour un usage quotidien ou pour les collections.<\/p>\n<ul>\n<li><strong>Symboles de paix :<\/strong> Le pendentif est con\u00e7u avec les symboles de paix et d&#039;harmonie, ce qui en fait un choix parfait pour ceux qui appr\u00e9cient la paix.<\/li>\n<li><strong>Certificat approuv\u00e9 par QIC Labs\u00a0:<\/strong> Avec le certificat approuv\u00e9 par les laboratoires QIC, vous pouvez \u00eatre s\u00fbr que vous obtenez une pi\u00e8ce authentique.<\/li>\n<\/ul>\n<p><strong>Num\u00e9ros de certificat : 5824030101469<\/strong><\/p>\n<p><img fetchpriority=\"high\" decoding=\"async\" src=\"https:\/\/shop.yipinqian.com\/wp-content\/uploads\/2024\/10\/93a91d90c980e2732207d83bf4603b8e.jpg?from=476444299\" width=\"1080\" height=\"1080\" \/><\/p>\n<ul>\n<li><strong>Jad\u00e9ite naturelle de type A :<\/strong> Fabriqu\u00e9 \u00e0 partir de jad\u00e9ite naturelle de type A, ce collier a un aspect et une sensation exquis qui rehausseront votre beaut\u00e9.<\/li>\n<\/ul>\n<p>Le collier p\u00e8se 10,79 grammes, ce qui le rend l\u00e9ger et confortable \u00e0 porter toute la journ\u00e9e. La taille mesure 35,5 * 18,3 * 8,8 mm, ce qui le rend adapt\u00e9 aux hommes et aux femmes qui pr\u00e9f\u00e8rent les styles de bijoux d\u00e9contract\u00e9s.<\/p>\n<ul>\n<li><strong>Style de collier d\u00e9contract\u00e9 : <\/strong>Le style du collier est d\u00e9contract\u00e9, ce qui rend ce pendentif adapt\u00e9 \u00e0 un usage quotidien ou \u00e0 des occasions informelles.<\/li>\n<li><strong>Fabriqu\u00e9 au Myanmar : <\/strong>Ce magnifique collier vient du Myanmar, connu comme le pays du jade en Asie ce qui garantit son authenticit\u00e9<\/li>\n<li>Ce superbe collier pendentif en jad\u00e9ite naturelle de type A avec certificat approuv\u00e9 par les laboratoires GIC n&#039;a aucun type de garantie, mais sa beaut\u00e9 durera pour toujours en tant que bien pr\u00e9cieux \u00e0 toute occasion ou tenue, quel que soit le sexe.<\/li>\n<\/ul>\n<p>Yi Pin Qian \u2013 N\u00e9gociant en pierres pr\u00e9cieuses et m\u00e9taux pr\u00e9cieux \u00e0 Singapour \u2013 Num\u00e9ro de licence PS20190000031<\/p>\n<p>\u00a0<\/p>\n<p>*Toutes les jad\u00e9ites achet\u00e9es chez Yi Pin Qian \u00e0 Singapour, les clients peuvent r\u00e9server des cr\u00e9neaux pour le polissage ou une r\u00e9paration mineure en cas de mauvaise manipulation - des frais s&#039;appliquent et uniquement pour les clients de Yi Pin Qian \u00e0 Singapour*<\/p>\n<p>\u00a0<\/p>\n<p><strong>**Types de certificats**<\/strong><\/p>\n<p>\u00a0<\/p>\n<p><strong>NGI (Nan Yang Gemmologie)<\/strong><\/p>\n<p>ou <strong>Certificats \u00e9trangers <\/strong>(Yi Pin Qian utilise uniquement des certificats authentiques provenant de laboratoires \u00e9trangers et contr\u00f4le \u00e9galement la qualit\u00e9 de chacun de nos produits avant de les mettre en vente \u00e0 Singapour)<\/p>\n<p>\u00a0<\/p>\n<p>Chaque produit sur TikTok aura le type de certificat fourni indiqu\u00e9 dans la description. Pour tout client souhaitant envoyer sa commande \u00e0 NGI Singapore, il y aura un d\u00e9lai d&#039;attente pour la livraison de la commande estim\u00e9 \u00e0 environ 4 semaines pour recevoir votre commande. <strong>Les demandes de rapport sur les pierres pr\u00e9cieuses NGI doivent \u00eatre effectu\u00e9es en envoyant un message \u00e0 la boutique TikTok de Yi Pin Qian.<\/strong> Merci, <strong><u>des frais suppl\u00e9mentaires s&#039;appliquent<\/u><\/strong>.<\/p>\n<p>\u00a0<\/p>\n<p><strong>La jad\u00e9ite naturelle n&#039;est pas parfaite, juste un petit rappel : notre jad\u00e9ite naturelle, comme toutes les belles choses de la nature, poss\u00e8de ses caract\u00e9ristiques et ses variations uniques. Nous invitons nos pr\u00e9cieux clients \u00e0 adopter ces variations naturelles. Bon shopping !<\/strong><\/p>\n<p>\u00a0<\/p>\n<p><strong><u>Aucune des photos et des s\u00e9quences vid\u00e9o n&#039;a \u00e9t\u00e9 filtr\u00e9e. Nous encourageons nos clients \u00e0 regarder \u00e9galement les vid\u00e9os d&#039;accompagnement pour une vue plus compl\u00e8te de nos produits<\/u><\/strong><\/p>","protected":false},"excerpt":{"rendered":"<p>Ce superbe collier pendentif en jad\u00e9ite naturelle de type A est un ajout parfait \u00e0 votre collection de bijoux. Le magnifique pendentif en jade est con\u00e7u avec les symboles de paix et d&#039;harmonie, ce qui en fait un choix parfait pour un usage quotidien ou des collections. Symboles de paix : Le pendentif est con\u00e7u avec les symboles de paix et d&#039;harmonie, [\u2026]<\/p>","protected":false},"featured_media":8045,"comment_status":"open","ping_status":"closed","template":"","meta":[],"product_brand":[],"product_cat":[194],"product_tag":[],"class_list":{"0":"post-1801","1":"product","2":"type-product","3":"status-publish","4":"has-post-thumbnail","6":"product_cat-value-picks","8":"first","9":"instock","10":"sale","11":"shipping-taxable","12":"purchasable","13":"product-type-simple"},"_links":{"self":[{"href":"https:\/\/shop.yipinqian.com\/fr\/wp-json\/wp\/v2\/product\/1801","targetHints":{"allow":["GET"]}}],"collection":[{"href":"https:\/\/shop.yipinqian.com\/fr\/wp-json\/wp\/v2\/product"}],"about":[{"href":"https:\/\/shop.yipinqian.com\/fr\/wp-json\/wp\/v2\/types\/product"}],"replies":[{"embeddable":true,"href":"https:\/\/shop.yipinqian.com\/fr\/wp-json\/wp\/v2\/comments?post=1801"}],"version-history":[{"count":0,"href":"https:\/\/shop.yipinqian.com\/fr\/wp-json\/wp\/v2\/product\/1801\/revisions"}],"wp:featuredmedia":[{"embeddable":true,"href":"https:\/\/shop.yipinqian.com\/fr\/wp-json\/wp\/v2\/media\/8045"}],"wp:attachment":[{"href":"https:\/\/shop.yipinqian.com\/fr\/wp-json\/wp\/v2\/media?parent=1801"}],"wp:term":[{"taxonomy":"product_brand","embeddable":true,"href":"https:\/\/shop.yipinqian.com\/fr\/wp-json\/wp\/v2\/product_brand?post=1801"},{"taxonomy":"product_cat","embeddable":true,"href":"https:\/\/shop.yipinqian.com\/fr\/wp-json\/wp\/v2\/product_cat?post=1801"},{"taxonomy":"product_tag","embeddable":true,"href":"https:\/\/shop.yipinqian.com\/fr\/wp-json\/wp\/v2\/product_tag?post=1801"}],"curies":[{"name":"wp","href":"https:\/\/api.w.org\/{rel}","templated":true}]}}