{"id":1799,"date":"2024-10-24T23:22:34","date_gmt":"2024-10-24T15:22:34","guid":{"rendered":"https:\/\/shop.yipinqian.com\/product\/stunning-30-spicy-green-5-9-mm-beads-natural-type-a-jadeite-bracelet-special-mid-year-offer-with-gic-labs-approved-certificate-weigh-10-52-grams-suitable-for-daily-wear-to-work-or-leisure-bracelet4\/"},"modified":"2025-02-24T00:49:51","modified_gmt":"2025-02-23T16:49:51","slug":"stunning-30-spicy-green-5-9-mm-beads-natural-type-a-jadeite-bracelet-special-mid-year-offer-with-gic-labs-approved-certificate-weigh-10-52-grams-suitable-for-daily-wear-to-work-or-leisure-bracelet4","status":"publish","type":"product","link":"https:\/\/shop.yipinqian.com\/fr\/produit\/stunning-30-spicy-green-5-9-mm-beads-natural-type-a-jadeite-bracelet-special-mid-year-offer-with-gic-labs-approved-certificate-weigh-10-52-grams-suitable-for-daily-wear-to-work-or-leisure-bracelet4\/","title":{"rendered":"Superbe bracelet en jad\u00e9ite naturelle de type A avec 30 perles vertes \u00e9pic\u00e9es de 5,9 mm Offre sp\u00e9ciale de mi-ann\u00e9e avec certificat approuv\u00e9 par les laboratoires QIC pesant 10,52 grammes, adapt\u00e9 \u00e0 un usage quotidien au travail ou aux loisirs (bracelet4)"},"content":{"rendered":"<p>This stunning Natural Type A Jadeite Bracelet is perfect for daily wear to work or leisure. With 30 spicy-green <strong>5,9 mm<\/strong> beads, it weighs a total of <strong>10.52 grams<\/strong>, making it lightweight and comfortable to wear.<\/p>\n<ul>\n<li>Beautiful Design: The bracelet features exquisite craftsmanship and a stylish design that will enhance any outfit.<\/li>\n<li>QIC Labs Approved Certificate: The bracelet comes with a QIC labs approved certificate, ensuring that you are getting a high-quality piece of jewelry.<\/li>\n<\/ul>\n<p><strong>Certificate numbers: 5924032407968<\/strong><\/p>\n<p><img fetchpriority=\"high\" decoding=\"async\" src=\"https:\/\/shop.yipinqian.com\/wp-content\/uploads\/2024\/10\/1b8b90c9ce891a0ff05906f1b32493d8.jpg?from=476444299\" width=\"1080\" height=\"1080\" \/><\/p>\n<ul>\n<li>Suitable for Daily Wear: This bracelet is perfect for daily wear to work or leisure due to its lightweight design and durability.<\/li>\n<\/ul>\n<p>With its unisex design, this Jadeite Bracelet makes the perfect gift for yourself or someone special in your life. It&#8217;s made in Myanmar and comes with certificate of authenticity confirming the natural Type A jadeite used in crafting this jewelry accessory. Please note that this product does not come with any warranty type offered by the manufacturer.<\/p>\n<p>\u00a0<\/p>\n<p>Yi Pin Qian \u2013 N\u00e9gociant en pierres pr\u00e9cieuses et m\u00e9taux pr\u00e9cieux \u00e0 Singapour \u2013 Num\u00e9ro de licence PS20190000031<\/p>\n<p>\u00a0<\/p>\n<p>*Toutes les jad\u00e9ites achet\u00e9es chez Yi Pin Qian \u00e0 Singapour, les clients peuvent r\u00e9server des cr\u00e9neaux pour le polissage ou une r\u00e9paration mineure en cas de mauvaise manipulation - des frais s&#039;appliquent et uniquement pour les clients de Yi Pin Qian \u00e0 Singapour*<\/p>\n<p>\u00a0<\/p>\n<p><strong>**Types de certificats**<\/strong><\/p>\n<p>\u00a0<\/p>\n<p><strong>NGI (Nan Yang Gemmologie)<\/strong><\/p>\n<p>ou <strong>Certificats \u00e9trangers <\/strong>(Yi Pin Qian utilise uniquement des certificats authentiques provenant de laboratoires \u00e9trangers et contr\u00f4le \u00e9galement la qualit\u00e9 de chacun de nos produits avant de les mettre en vente \u00e0 Singapour)<\/p>\n<p>\u00a0<\/p>\n<p>Chaque produit sur TikTok aura le type de certificat fourni indiqu\u00e9 dans la description. Pour tout client souhaitant envoyer sa commande \u00e0 NGI Singapore, il y aura un d\u00e9lai d&#039;attente pour la livraison de la commande estim\u00e9 \u00e0 environ 4 semaines pour recevoir votre commande. <strong>Les demandes de rapport sur les pierres pr\u00e9cieuses NGI doivent \u00eatre effectu\u00e9es en envoyant un message \u00e0 la boutique TikTok de Yi Pin Qian.<\/strong> Merci, <strong><u>des frais suppl\u00e9mentaires s&#039;appliquent<\/u><\/strong>.<\/p>\n<p>\u00a0<\/p>\n<p><strong>La jad\u00e9ite naturelle n&#039;est pas parfaite, juste un petit rappel : notre jad\u00e9ite naturelle, comme toutes les belles choses de la nature, poss\u00e8de ses caract\u00e9ristiques et ses variations uniques. Nous invitons nos pr\u00e9cieux clients \u00e0 adopter ces variations naturelles. Bon shopping !<\/strong><\/p>\n<p>\u00a0<\/p>\n<p><strong><u>Aucune des photos et des s\u00e9quences vid\u00e9o n&#039;a \u00e9t\u00e9 filtr\u00e9e. Nous encourageons nos clients \u00e0 regarder \u00e9galement les vid\u00e9os d&#039;accompagnement pour une vue plus compl\u00e8te de nos produits<\/u><\/strong><\/p>","protected":false},"excerpt":{"rendered":"<p>Ce superbe bracelet en jad\u00e9ite naturelle de type A est parfait pour un usage quotidien au travail ou pendant les loisirs. Avec 30 perles vertes \u00e9pic\u00e9es de 5,9 mm, il p\u00e8se au total 10,52 grammes, ce qui le rend l\u00e9ger et confortable \u00e0 porter. Beau design : le bracelet pr\u00e9sente un savoir-faire exquis et un design \u00e9l\u00e9gant qui mettra en valeur n&#039;importe quelle tenue. Approuv\u00e9 par QIC Labs [\u2026]<\/p>","protected":false},"featured_media":8035,"comment_status":"open","ping_status":"closed","template":"","meta":[],"product_brand":[],"product_cat":[194],"product_tag":[],"class_list":{"0":"post-1799","1":"product","2":"type-product","3":"status-publish","4":"has-post-thumbnail","6":"product_cat-value-picks","8":"first","9":"instock","10":"sale","11":"shipping-taxable","12":"purchasable","13":"product-type-simple"},"_links":{"self":[{"href":"https:\/\/shop.yipinqian.com\/fr\/wp-json\/wp\/v2\/product\/1799","targetHints":{"allow":["GET"]}}],"collection":[{"href":"https:\/\/shop.yipinqian.com\/fr\/wp-json\/wp\/v2\/product"}],"about":[{"href":"https:\/\/shop.yipinqian.com\/fr\/wp-json\/wp\/v2\/types\/product"}],"replies":[{"embeddable":true,"href":"https:\/\/shop.yipinqian.com\/fr\/wp-json\/wp\/v2\/comments?post=1799"}],"version-history":[{"count":0,"href":"https:\/\/shop.yipinqian.com\/fr\/wp-json\/wp\/v2\/product\/1799\/revisions"}],"wp:featuredmedia":[{"embeddable":true,"href":"https:\/\/shop.yipinqian.com\/fr\/wp-json\/wp\/v2\/media\/8035"}],"wp:attachment":[{"href":"https:\/\/shop.yipinqian.com\/fr\/wp-json\/wp\/v2\/media?parent=1799"}],"wp:term":[{"taxonomy":"product_brand","embeddable":true,"href":"https:\/\/shop.yipinqian.com\/fr\/wp-json\/wp\/v2\/product_brand?post=1799"},{"taxonomy":"product_cat","embeddable":true,"href":"https:\/\/shop.yipinqian.com\/fr\/wp-json\/wp\/v2\/product_cat?post=1799"},{"taxonomy":"product_tag","embeddable":true,"href":"https:\/\/shop.yipinqian.com\/fr\/wp-json\/wp\/v2\/product_tag?post=1799"}],"curies":[{"name":"wp","href":"https:\/\/api.w.org\/{rel}","templated":true}]}}