{"id":1796,"date":"2024-10-24T23:22:32","date_gmt":"2024-10-24T15:22:32","guid":{"rendered":"https:\/\/shop.yipinqian.com\/product\/special-sales-very-rare-brown-and-light-green-natural-type-a-jadeite-jade-crafted-with-guan-gong-as-pendant-with-certificate-weigh-66-01-grams-measurement-70-43-7-18-mm-pendant228\/"},"modified":"2025-02-24T01:34:17","modified_gmt":"2025-02-23T17:34:17","slug":"special-sales-very-rare-brown-and-light-green-natural-type-a-jadeite-jade-crafted-with-guan-gong-as-pendant-with-certificate-weigh-66-01-grams-measurement-70-43-7-18-mm-pendant228","status":"publish","type":"product","link":"https:\/\/shop.yipinqian.com\/fr\/produit\/special-sales-very-rare-brown-and-light-green-natural-type-a-jadeite-jade-crafted-with-guan-gong-as-pendant-with-certificate-weigh-66-01-grams-measurement-70-43-7-18-mm-pendant228\/","title":{"rendered":"Ventes sp\u00e9ciales \u2013 Jade jad\u00e9ite naturelle de type A brun et vert clair tr\u00e8s rare fabriqu\u00e9 avec Guan Gong comme pendentif avec certificat pesant 66,01 grammes, mesurant 70 * 43,7 * 18 mm (pendentif228)"},"content":{"rendered":"<p>Profitez de nos offres sp\u00e9ciales et achetez une pi\u00e8ce tr\u00e8s rare de jade jad\u00e9ite naturelle de type A avec la repr\u00e9sentation de Guan Gong en pendentif. Cet accessoire de bijouterie exquis est confectionn\u00e9 avec une belle combinaison de couleurs marron et vert clair, ce qui le rend vraiment unique.<\/p>\n<p><\/p>\n<p>Num\u00e9ros de certificat : ZGDX1014973<\/p>\n<ul>\n<li>\n<strong>Occasion propice :<\/strong> Ce pendentif est parfait pour toute occasion propice, ajoutant une touche d&#039;\u00e9l\u00e9gance suppl\u00e9mentaire \u00e0 votre tenue.<\/li>\n<li>\n<strong>Fabriqu\u00e9 avec Guan Gong :<\/strong> La repr\u00e9sentation de Guan Gong ajoute une touche de symbolisme \u00e0 cette pi\u00e8ce d\u00e9j\u00e0 magnifique, la rendant parfaite pour ceux qui appr\u00e9cient la signification culturelle de leurs bijoux.<\/li>\n<li>\n<strong>Certificat inclus :<\/strong> Vous pouvez \u00eatre s\u00fbr que vous obtenez un produit authentique car ce pendentif est livr\u00e9 avec son propre certificat afin que vous puissiez acheter en toute confiance.<\/li>\n<\/ul>\n<p>Fabriqu\u00e9 \u00e0 partir de jade jad\u00e9ite de type A naturel provenant du Myanmar, ce collier unisexe d\u00e9contract\u00e9 p\u00e8se 66,01 grammes et mesure 70 * 43,7 * 18 mm (pendentif 228). Son savoir-faire de qualit\u00e9 en fait un ajout id\u00e9al \u00e0 toute collection de bijoux sans avoir \u00e0 se soucier de la garantie - juste une pure beaut\u00e9 qui durera pour toujours<\/p>\n<p><\/p>\n<p>Yi Pin Qian \u2013 N\u00e9gociant en pierres pr\u00e9cieuses et m\u00e9taux pr\u00e9cieux \u00e0 Singapour \u2013 Num\u00e9ro de licence PS20190000031<\/p>\n<p><\/p>\n<p>*Toutes les jad\u00e9ites achet\u00e9es chez Yi Pin Qian \u00e0 Singapour, les clients peuvent r\u00e9server des cr\u00e9neaux pour le polissage ou une r\u00e9paration mineure en cas de mauvaise manipulation - des frais s&#039;appliquent et uniquement pour les clients de Yi Pin Qian \u00e0 Singapour*<\/p>\n<p><\/p>\n<p><strong>**Types de certificats**<\/strong><\/p>\n<p><\/p>\n<p><strong>NGI (Nan Yang Gemmologie)<\/strong><\/p>\n<p>ou <strong>Certificats \u00e9trangers <\/strong>(Yi Pin Qian utilise uniquement des certificats authentiques provenant de laboratoires \u00e9trangers et contr\u00f4le \u00e9galement la qualit\u00e9 de chacun de nos produits avant de les mettre en vente \u00e0 Singapour)<\/p>\n<p><\/p>\n<p>Chaque produit sur TikTok aura le type de certificat fourni indiqu\u00e9 dans la description. Pour tout client souhaitant envoyer sa commande \u00e0 NGI Singapore, il y aura un d\u00e9lai d&#039;attente pour la livraison de la commande estim\u00e9 \u00e0 environ 4 semaines pour recevoir votre commande. <strong>Les demandes de rapport sur les pierres pr\u00e9cieuses NGI doivent \u00eatre effectu\u00e9es en envoyant un message \u00e0 la boutique TikTok de Yi Pin Qian.<\/strong> Merci, <strong><u>des frais suppl\u00e9mentaires s&#039;appliquent<\/u><\/strong>.<\/p>\n<p><\/p>\n<p><strong>La jad\u00e9ite naturelle n&#039;est pas parfaite, juste un petit rappel : notre jad\u00e9ite naturelle, comme toutes les belles choses de la nature, poss\u00e8de ses caract\u00e9ristiques et ses variations uniques. Nous invitons nos pr\u00e9cieux clients \u00e0 adopter ces variations naturelles. Bon shopping !<\/strong><\/p>\n<p><\/p>\n<p><strong><u>Aucune des photos et des s\u00e9quences vid\u00e9o n&#039;a \u00e9t\u00e9 filtr\u00e9e. Nous encourageons nos clients \u00e0 regarder \u00e9galement les vid\u00e9os d&#039;accompagnement pour une vue plus compl\u00e8te de nos produits<\/u><\/strong><\/p>\n<p><\/p>\n<p>.<\/p>","protected":false},"excerpt":{"rendered":"<p>Profitez de nos ventes sp\u00e9ciales et achetez une pi\u00e8ce tr\u00e8s rare de jade jad\u00e9ite naturelle de type A avec la repr\u00e9sentation de Guan Gong en pendentif. Cet accessoire de bijouterie exquis est confectionn\u00e9 avec une belle combinaison de couleurs marron et vert clair, ce qui le rend vraiment unique. Num\u00e9ros de certificat : ZGDX1014973 Occasion propice : Ce pendentif est [\u2026]<\/p>","protected":false},"featured_media":7995,"comment_status":"open","ping_status":"closed","template":"","meta":[],"product_brand":[],"product_cat":[196],"product_tag":[],"class_list":{"0":"post-1796","1":"product","2":"type-product","3":"status-publish","4":"has-post-thumbnail","6":"product_cat-vault-collection","8":"first","9":"instock","10":"sale","11":"shipping-taxable","12":"purchasable","13":"product-type-simple"},"_links":{"self":[{"href":"https:\/\/shop.yipinqian.com\/fr\/wp-json\/wp\/v2\/product\/1796","targetHints":{"allow":["GET"]}}],"collection":[{"href":"https:\/\/shop.yipinqian.com\/fr\/wp-json\/wp\/v2\/product"}],"about":[{"href":"https:\/\/shop.yipinqian.com\/fr\/wp-json\/wp\/v2\/types\/product"}],"replies":[{"embeddable":true,"href":"https:\/\/shop.yipinqian.com\/fr\/wp-json\/wp\/v2\/comments?post=1796"}],"version-history":[{"count":0,"href":"https:\/\/shop.yipinqian.com\/fr\/wp-json\/wp\/v2\/product\/1796\/revisions"}],"wp:featuredmedia":[{"embeddable":true,"href":"https:\/\/shop.yipinqian.com\/fr\/wp-json\/wp\/v2\/media\/7995"}],"wp:attachment":[{"href":"https:\/\/shop.yipinqian.com\/fr\/wp-json\/wp\/v2\/media?parent=1796"}],"wp:term":[{"taxonomy":"product_brand","embeddable":true,"href":"https:\/\/shop.yipinqian.com\/fr\/wp-json\/wp\/v2\/product_brand?post=1796"},{"taxonomy":"product_cat","embeddable":true,"href":"https:\/\/shop.yipinqian.com\/fr\/wp-json\/wp\/v2\/product_cat?post=1796"},{"taxonomy":"product_tag","embeddable":true,"href":"https:\/\/shop.yipinqian.com\/fr\/wp-json\/wp\/v2\/product_tag?post=1796"}],"curies":[{"name":"wp","href":"https:\/\/api.w.org\/{rel}","templated":true}]}}