{"id":1794,"date":"2024-10-24T23:22:31","date_gmt":"2024-10-24T15:22:31","guid":{"rendered":"https:\/\/shop.yipinqian.com\/product\/special-sales-quality-semi-icy-spicy-green-natural-type-a-jadeite-jade-crafted-as-gourd-set-on-s925-silver-with-zircon-finger-size-adjustable-certificate-weigh-2-59-grams-12-9-9-2-5-mm-s925ring6\/"},"modified":"2025-02-24T00:49:51","modified_gmt":"2025-02-23T16:49:51","slug":"special-sales-quality-semi-icy-spicy-green-natural-type-a-jadeite-jade-crafted-as-gourd-set-on-s925-silver-with-zircon-finger-size-adjustable-certificate-weigh-2-59-grams-12-9-9-2-5-mm-s925ring6","status":"publish","type":"product","link":"https:\/\/shop.yipinqian.com\/fr\/produit\/special-sales-quality-semi-icy-spicy-green-natural-type-a-jadeite-jade-crafted-as-gourd-set-on-s925-silver-with-zircon-finger-size-adjustable-certificate-weigh-2-59-grams-12-9-9-2-5-mm-s925ring6\/","title":{"rendered":"Ventes sp\u00e9ciales \u2013 Jade jad\u00e9ite de type A naturel vert \u00e9pic\u00e9 semi-glac\u00e9 de qualit\u00e9 fabriqu\u00e9 comme une gourde sertie sur argent S925 avec zircon, taille de doigt r\u00e9glable, poids du certificat 2,59 grammes, 12 * 9,9 * 2,5 mm (s925ring6)"},"content":{"rendered":"<p>Am\u00e9liorez votre collection de bijoux avec cette superbe bague en jade jad\u00e9ite naturelle de type A verte \u00e9pic\u00e9e semi-glac\u00e9e, fabriqu\u00e9e comme une gourde et sertie sur de l&#039;argent S925 avec du zircon.<\/p>\n<p><\/p>\n<p>Num\u00e9ros de certificat : Gd2203H005247<\/p>\n<ul>\n<li>\n<strong>Qualit\u00e9 authentique :<\/strong> Fabriqu\u00e9e en jad\u00e9ite naturelle de type A, cette bague poss\u00e8de un certificat attestant de son authenticit\u00e9.<\/li>\n<li>\n<strong>Taille des doigts r\u00e9glable :<\/strong> La bague est r\u00e9glable pour s&#039;adapter \u00e0 la taille de votre doigt pour un confort maximal.<\/li>\n<li>\n<strong>Monture en argent S925 :<\/strong> Le jade en forme de gourde est serti sur un mat\u00e9riau en argent S925 durable et brillant.<\/li>\n<li>\n<strong>D\u00e9tails en zircon :<\/strong>Les d\u00e9tails en zircon ajoutent un \u00e9clat suppl\u00e9mentaire \u00e0 la pi\u00e8ce d\u00e9j\u00e0 magnifique.<\/li>\n<\/ul>\n<p>Cette pi\u00e8ce exquise p\u00e8se 2,59 grammes et mesure 12 * 9,9 * 2,5 mm, ce qui en fait la taille parfaite pour un usage quotidien ou des occasions sp\u00e9ciales.<\/p>\n<ul>\n<li>\n<strong>OCCASION: <\/strong>Ce magnifique bijou est parfait pour un usage quotidien ou pour des \u00e9v\u00e9nements sp\u00e9ciaux gr\u00e2ce \u00e0 son design \u00e9l\u00e9gant<\/li>\n<\/ul>\n<p>Le mat\u00e9riau secondaire de ce produit est le zircon tandis que le mat\u00e9riau de monture principal utilis\u00e9 dans sa fabrication est l&#039;argent S925, ce qui le rend suffisamment durable pour vous durer longtemps. Cette magnifique bague est un excellent choix de cadeau pour toute occasion, surtout si vous recherchez quelque chose d&#039;unique mais \u00e9l\u00e9gant qui sera ch\u00e9ri par quiconque le recevra. Veuillez noter qu&#039;aucune garantie n&#039;est attach\u00e9e \u00e0 cet achat, mais nous sommes fiers de fournir des produits de qualit\u00e9 fabriqu\u00e9s \u00e0 partir de mat\u00e9riaux authentiques qui vous dureront de nombreuses ann\u00e9es d&#039;utilisation. Cette superbe bague en jad\u00e9ite est un excellent ajout \u00e0 toute collection de bijoux ! Commandez le v\u00f4tre d\u00e8s aujourd&#039;hui !<\/p>\n<p><\/p>\n<p><strong>La jad\u00e9ite naturelle n&#039;est pas parfaite, juste un petit rappel : notre jad\u00e9ite naturelle, comme toutes les belles choses de la nature, poss\u00e8de ses caract\u00e9ristiques et ses variations uniques. Nous invitons nos pr\u00e9cieux clients \u00e0 adopter ces variations naturelles. Bon shopping !<\/strong><\/p>\n<p><\/p>\n<p><strong><u>Aucune des photos et des s\u00e9quences vid\u00e9o n&#039;a \u00e9t\u00e9 filtr\u00e9e. Nous encourageons nos clients \u00e0 regarder \u00e9galement les vid\u00e9os d&#039;accompagnement pour une vue plus compl\u00e8te de nos produits<\/u><\/strong><\/p>","protected":false},"excerpt":{"rendered":"<p>Am\u00e9liorez votre collection de bijoux avec cette superbe bague en jade jad\u00e9ite naturelle de type A, d&#039;un vert \u00e9pic\u00e9 et semi-glac\u00e9, fa\u00e7onn\u00e9e en forme de gourde et mont\u00e9e sur argent S925 avec zircon. Num\u00e9ros de certificat : Gd2203H005247 Qualit\u00e9 authentique : Fabriqu\u00e9e en jad\u00e9ite naturelle de type A, cette bague est dot\u00e9e d&#039;un certificat attestant de son authenticit\u00e9. Taille de doigt r\u00e9glable : La bague est r\u00e9glable [\u2026]<\/p>","protected":false},"featured_media":7979,"comment_status":"open","ping_status":"closed","template":"","meta":[],"product_brand":[],"product_cat":[194],"product_tag":[],"class_list":{"0":"post-1794","1":"product","2":"type-product","3":"status-publish","4":"has-post-thumbnail","6":"product_cat-value-picks","8":"first","9":"instock","10":"sale","11":"shipping-taxable","12":"purchasable","13":"product-type-simple"},"_links":{"self":[{"href":"https:\/\/shop.yipinqian.com\/fr\/wp-json\/wp\/v2\/product\/1794","targetHints":{"allow":["GET"]}}],"collection":[{"href":"https:\/\/shop.yipinqian.com\/fr\/wp-json\/wp\/v2\/product"}],"about":[{"href":"https:\/\/shop.yipinqian.com\/fr\/wp-json\/wp\/v2\/types\/product"}],"replies":[{"embeddable":true,"href":"https:\/\/shop.yipinqian.com\/fr\/wp-json\/wp\/v2\/comments?post=1794"}],"version-history":[{"count":0,"href":"https:\/\/shop.yipinqian.com\/fr\/wp-json\/wp\/v2\/product\/1794\/revisions"}],"wp:featuredmedia":[{"embeddable":true,"href":"https:\/\/shop.yipinqian.com\/fr\/wp-json\/wp\/v2\/media\/7979"}],"wp:attachment":[{"href":"https:\/\/shop.yipinqian.com\/fr\/wp-json\/wp\/v2\/media?parent=1794"}],"wp:term":[{"taxonomy":"product_brand","embeddable":true,"href":"https:\/\/shop.yipinqian.com\/fr\/wp-json\/wp\/v2\/product_brand?post=1794"},{"taxonomy":"product_cat","embeddable":true,"href":"https:\/\/shop.yipinqian.com\/fr\/wp-json\/wp\/v2\/product_cat?post=1794"},{"taxonomy":"product_tag","embeddable":true,"href":"https:\/\/shop.yipinqian.com\/fr\/wp-json\/wp\/v2\/product_tag?post=1794"}],"curies":[{"name":"wp","href":"https:\/\/api.w.org\/{rel}","templated":true}]}}