{"id":1793,"date":"2024-10-24T23:22:30","date_gmt":"2024-10-24T15:22:30","guid":{"rendered":"https:\/\/shop.yipinqian.com\/product\/special-price-unique-rare-crafted-with-mogao-caves-on-brown-natural-type-a-jadeite-jade-as-pendant-certificate-weighs-23-9-grams-measurement-23-1-41-5-13-mm-pendant287\/"},"modified":"2025-02-24T00:49:51","modified_gmt":"2025-02-23T16:49:51","slug":"special-price-unique-rare-crafted-with-mogao-caves-on-brown-natural-type-a-jadeite-jade-as-pendant-certificate-weighs-23-9-grams-measurement-23-1-41-5-13-mm-pendant287","status":"publish","type":"product","link":"https:\/\/shop.yipinqian.com\/fr\/produit\/special-price-unique-rare-crafted-with-mogao-caves-on-brown-natural-type-a-jadeite-jade-as-pendant-certificate-weighs-23-9-grams-measurement-23-1-41-5-13-mm-pendant287\/","title":{"rendered":"Prix sp\u00e9cial \u2013 Pendentif en jade jad\u00e9ite de type A naturel brun fabriqu\u00e9 \u00e0 partir de grottes de Mogao, pi\u00e8ce unique et rare, le certificat p\u00e8se 23,9 grammes et mesure 23,1 * 41,5 * 13 mm (pendentif287)"},"content":{"rendered":"<p>D\u00e9couvrez une pi\u00e8ce unique en son genre avec ce pendentif unique et rare des grottes de Mogao en jade jad\u00e9ite de type A naturel brun. Ce pendentif exquis pr\u00e9sente un savoir-faire complexe et un design unique inspir\u00e9 des grottes de Mogao.<\/p>\n<p>\u00a0<\/p>\n<p>Num\u00e9ros de certificat : ZSJ12207066726<\/p>\n<p><img fetchpriority=\"high\" decoding=\"async\" height=\"1080\" src=\"https:\/\/shop.yipinqian.com\/wp-content\/uploads\/2024\/10\/a3cc65bd43a2ef09555d9a91b5d8ddb2.jpg?from=476444299\" width=\"1080\"><\/p>\n<ul>\n<li>\n<strong>Mat\u00e9riel:<\/strong> Jade jad\u00e9ite marron naturel de type A<\/li>\n<li>\n<strong>P\u00e8se :<\/strong> 23,9 grammes<\/li>\n<li>\n<strong>Mesures:<\/strong> 23,1 * 41,5 * 13 mm<\/li>\n<li><strong>Certificat inclus :<\/strong><\/li>\n<\/ul>\n<p><img decoding=\"async\" height=\"1080\" src=\"https:\/\/shop.yipinqian.com\/wp-content\/uploads\/2024\/10\/d9880be6ff114baea5a0cd75261a8083.jpg?from=476444299\" width=\"1080\"><\/p>\n<p><strong>Ce pendentif n&#039;est pas seulement un accessoire \u00e9poustouflant, mais il rev\u00eat \u00e9galement une signification culturelle, ce qui le rend parfait pour les occasions propices.<\/strong><\/p>\n<ul>\n<li><strong>Certificat inclus :<\/strong><\/li>\n<\/ul>\n<p><strong>Cette pi\u00e8ce unisexe est le compl\u00e9ment parfait \u00e0 toute collection de bijoux, avec un style de collier d\u00e9contract\u00e9 qui peut \u00eatre port\u00e9 sans effort en toute occasion.<\/strong><\/p>\n<ul>\n<li><strong>Fabriqu\u00e9 en : Birmanie<\/strong><\/li>\n<\/ul>\n<p><strong>La jad\u00e9ite naturelle n&#039;est pas parfaite, juste un petit rappel : notre jad\u00e9ite naturelle, comme toutes les belles choses de la nature, poss\u00e8de ses caract\u00e9ristiques et ses variations uniques. Nous invitons nos pr\u00e9cieux clients \u00e0 adopter ces variations naturelles. Bon shopping !<\/strong><\/p>\n<p>\u00a0<\/p>\n<p><strong><u>Aucune des photos et des s\u00e9quences vid\u00e9o n&#039;a \u00e9t\u00e9 filtr\u00e9e. Nous encourageons nos clients \u00e0 regarder \u00e9galement les vid\u00e9os d&#039;accompagnement pour une vue plus compl\u00e8te de nos produits<\/u><\/strong><\/p>\n<p>\u00a0<\/p>\n<ul>\n<li>Diff\u00e9rentes plates-formes ne peuvent visionner des vid\u00e9os que via le bureau<\/li>\n<\/ul>","protected":false},"excerpt":{"rendered":"<p>Experience a one-of-a-kind piece with this Unique Rare Crafted Mogao Caves Pendant made from Brown Natural Type A Jadeite Jade. This exquisite pendant showcases intricate craftsmanship and a unique design inspired by the Mogao Caves. \u00a0 Certificate numbers: ZSJ12207066726 Material: Brown Natural Type A Jadeite Jade Weighs: 23.9 grams Measurements: 23.1 * 41.5 * 13 [&hellip;]<\/p>","protected":false},"featured_media":7960,"comment_status":"open","ping_status":"closed","template":"","meta":[],"product_brand":[],"product_cat":[194],"product_tag":[],"class_list":{"0":"post-1793","1":"product","2":"type-product","3":"status-publish","4":"has-post-thumbnail","6":"product_cat-value-picks","8":"first","9":"instock","10":"sale","11":"shipping-taxable","12":"purchasable","13":"product-type-simple"},"_links":{"self":[{"href":"https:\/\/shop.yipinqian.com\/fr\/wp-json\/wp\/v2\/product\/1793","targetHints":{"allow":["GET"]}}],"collection":[{"href":"https:\/\/shop.yipinqian.com\/fr\/wp-json\/wp\/v2\/product"}],"about":[{"href":"https:\/\/shop.yipinqian.com\/fr\/wp-json\/wp\/v2\/types\/product"}],"replies":[{"embeddable":true,"href":"https:\/\/shop.yipinqian.com\/fr\/wp-json\/wp\/v2\/comments?post=1793"}],"version-history":[{"count":0,"href":"https:\/\/shop.yipinqian.com\/fr\/wp-json\/wp\/v2\/product\/1793\/revisions"}],"wp:featuredmedia":[{"embeddable":true,"href":"https:\/\/shop.yipinqian.com\/fr\/wp-json\/wp\/v2\/media\/7960"}],"wp:attachment":[{"href":"https:\/\/shop.yipinqian.com\/fr\/wp-json\/wp\/v2\/media?parent=1793"}],"wp:term":[{"taxonomy":"product_brand","embeddable":true,"href":"https:\/\/shop.yipinqian.com\/fr\/wp-json\/wp\/v2\/product_brand?post=1793"},{"taxonomy":"product_cat","embeddable":true,"href":"https:\/\/shop.yipinqian.com\/fr\/wp-json\/wp\/v2\/product_cat?post=1793"},{"taxonomy":"product_tag","embeddable":true,"href":"https:\/\/shop.yipinqian.com\/fr\/wp-json\/wp\/v2\/product_tag?post=1793"}],"curies":[{"name":"wp","href":"https:\/\/api.w.org\/{rel}","templated":true}]}}