{"id":1790,"date":"2024-10-24T23:22:28","date_gmt":"2024-10-24T15:22:28","guid":{"rendered":"https:\/\/shop.yipinqian.com\/product\/special-offer-price-semi-icy-bamboo-natural-type-a-jadeite-pendant-necklace-with-qic-approved-labs-certificate-weigh-13-67-grams-44-3-16-8-7-mm-symbols-of-rising-higher-and-everlasting-suitable-for-da\/"},"modified":"2025-02-24T00:49:51","modified_gmt":"2025-02-23T16:49:51","slug":"special-offer-price-semi-icy-bamboo-natural-type-a-jadeite-pendant-necklace-with-qic-approved-labs-certificate-weigh-13-67-grams-44-3-16-8-7-mm-symbols-of-rising-higher-and-everlasting-suitable-for-da","status":"publish","type":"product","link":"https:\/\/shop.yipinqian.com\/fr\/produit\/special-offer-price-semi-icy-bamboo-natural-type-a-jadeite-pendant-necklace-with-qic-approved-labs-certificate-weigh-13-67-grams-44-3-16-8-7-mm-symbols-of-rising-higher-and-everlasting-suitable-for-da\/","title":{"rendered":"Special Offer Price Semi Icy Bamboo Natural Type A Jadeite Pendant Necklace with QIC approved labs certificate weigh 13.67 grams, 44.3 * 16 * 8.7 mm, symbols of Rising higher and everlasting, suitable for daily wear (pendant53)"},"content":{"rendered":"<p>This Special Offer Price Semi Icy Bamboo Natural Type A Jadeite Pendant Necklace is a symbol of rising higher and everlasting. With QIC approved labs certificate and weighing 13.67 grams, this necklace is made of natural type A jadeite from Myanmar.<\/p>\n<p>\u00a0<\/p>\n<p><strong>Certificate numbers: SD24030201981<\/strong><\/p>\n<p><img fetchpriority=\"high\" decoding=\"async\" height=\"1080\" src=\"https:\/\/shop.yipinqian.com\/wp-content\/uploads\/2024\/10\/f4679271aacb1eb96222059207c67e36.jpg?from=476444299\" width=\"1080\"><\/p>\n<ul>\n<li><strong>Caract\u00e9ristiques principales :<\/strong><\/li>\n<li>&#8211; Weighs 13.67 grams<\/li>\n<li>&#8211; Measures 44.3 * 16 * 8.7 mm<\/li>\n<li>&#8211; QIC approved labs certificate included<\/li>\n<li>&#8211; Symbolizes rising higher and everlasting<\/li>\n<\/ul>\n<p>This necklace is perfect for daily wear, thanks to its casual style, making it suitable for anyone to wear.<\/p>\n<ul>\n<li><strong>The attributes of this product include:<\/strong><\/li>\n<li>The With Certificate: Yes\u00a0 The Country Of Origin: Myanmar\u00a0 The Occasion: Daily The Warranty Type: No \u00a0\u00a0\u00a0The Gender : Unisex \u00a0\u00a0\u00a0\u00a0<\/li>\n<li>Jade Type : Jadeite<\/li>\n<li>Necklace Style : Casual \u00a0\u00a0\u00a0\u00a0\u00a0 \u00a0\u00a0\u00a0\u00a0\u00a0\u00a0 \u00a0\u00a0\u00a0\u00a0\u00a0\u00a0\u00a0\u00a0\u00a0\u00a0\u00a0 \u00a0\u00a0\u00a0\u00a0\u00a0\u00a0\u00a0 \u00a0\u00a0\u00a0\u00a0\u00a0\u00a0\u00a0\u00a0\u00a0<\/li>\n<\/ul>\n<p>Yi Pin Qian \u2013 N\u00e9gociant en pierres pr\u00e9cieuses et m\u00e9taux pr\u00e9cieux \u00e0 Singapour \u2013 Num\u00e9ro de licence PS20190000031<\/p>\n<p>\u00a0<\/p>\n<p>*Toutes les jad\u00e9ites achet\u00e9es chez Yi Pin Qian \u00e0 Singapour, les clients peuvent r\u00e9server des cr\u00e9neaux pour le polissage ou une r\u00e9paration mineure en cas de mauvaise manipulation - des frais s&#039;appliquent et uniquement pour les clients de Yi Pin Qian \u00e0 Singapour*<\/p>\n<p>\u00a0<\/p>\n<p><strong>**Types de certificats**<\/strong><\/p>\n<p>\u00a0<\/p>\n<p><strong>NGI (Nan Yang Gemmologie)<\/strong><\/p>\n<p>ou <strong>Certificats \u00e9trangers <\/strong>(Yi Pin Qian utilise uniquement des certificats authentiques provenant de laboratoires \u00e9trangers et contr\u00f4le \u00e9galement la qualit\u00e9 de chacun de nos produits avant de les mettre en vente \u00e0 Singapour)<\/p>\n<p>\u00a0<\/p>\n<p>Chaque produit sur TikTok aura le type de certificat fourni indiqu\u00e9 dans la description. Pour tout client souhaitant envoyer sa commande \u00e0 NGI Singapore, il y aura un d\u00e9lai d&#039;attente pour la livraison de la commande estim\u00e9 \u00e0 environ 4 semaines pour recevoir votre commande. <strong>Les demandes de rapport sur les pierres pr\u00e9cieuses NGI doivent \u00eatre effectu\u00e9es en envoyant un message \u00e0 la boutique TikTok de Yi Pin Qian.<\/strong> Merci, <strong><u>des frais suppl\u00e9mentaires s&#039;appliquent<\/u><\/strong>.<\/p>\n<p>\u00a0<\/p>\n<p><strong>La jad\u00e9ite naturelle n&#039;est pas parfaite, juste un petit rappel : notre jad\u00e9ite naturelle, comme toutes les belles choses de la nature, poss\u00e8de ses caract\u00e9ristiques et ses variations uniques. Nous invitons nos pr\u00e9cieux clients \u00e0 adopter ces variations naturelles. Bon shopping !<\/strong><\/p>\n<p>\u00a0<\/p>\n<p><strong><u>Aucune des photos et des s\u00e9quences vid\u00e9o n&#039;a \u00e9t\u00e9 filtr\u00e9e. Nous encourageons nos clients \u00e0 regarder \u00e9galement les vid\u00e9os d&#039;accompagnement pour une vue plus compl\u00e8te de nos produits<\/u><\/strong><\/p>","protected":false},"excerpt":{"rendered":"<p>This Special Offer Price Semi Icy Bamboo Natural Type A Jadeite Pendant Necklace is a symbol of rising higher and everlasting. With QIC approved labs certificate and weighing 13.67 grams, this necklace is made of natural type A jadeite from Myanmar. \u00a0 Certificate numbers: SD24030201981 Key Features: &#8211; Weighs 13.67 grams &#8211; Measures 44.3 * [&hellip;]<\/p>","protected":false},"featured_media":7938,"comment_status":"open","ping_status":"closed","template":"","meta":[],"product_brand":[],"product_cat":[194],"product_tag":[],"class_list":{"0":"post-1790","1":"product","2":"type-product","3":"status-publish","4":"has-post-thumbnail","6":"product_cat-value-picks","8":"first","9":"instock","10":"sale","11":"shipping-taxable","12":"purchasable","13":"product-type-simple"},"_links":{"self":[{"href":"https:\/\/shop.yipinqian.com\/fr\/wp-json\/wp\/v2\/product\/1790","targetHints":{"allow":["GET"]}}],"collection":[{"href":"https:\/\/shop.yipinqian.com\/fr\/wp-json\/wp\/v2\/product"}],"about":[{"href":"https:\/\/shop.yipinqian.com\/fr\/wp-json\/wp\/v2\/types\/product"}],"replies":[{"embeddable":true,"href":"https:\/\/shop.yipinqian.com\/fr\/wp-json\/wp\/v2\/comments?post=1790"}],"version-history":[{"count":0,"href":"https:\/\/shop.yipinqian.com\/fr\/wp-json\/wp\/v2\/product\/1790\/revisions"}],"wp:featuredmedia":[{"embeddable":true,"href":"https:\/\/shop.yipinqian.com\/fr\/wp-json\/wp\/v2\/media\/7938"}],"wp:attachment":[{"href":"https:\/\/shop.yipinqian.com\/fr\/wp-json\/wp\/v2\/media?parent=1790"}],"wp:term":[{"taxonomy":"product_brand","embeddable":true,"href":"https:\/\/shop.yipinqian.com\/fr\/wp-json\/wp\/v2\/product_brand?post=1790"},{"taxonomy":"product_cat","embeddable":true,"href":"https:\/\/shop.yipinqian.com\/fr\/wp-json\/wp\/v2\/product_cat?post=1790"},{"taxonomy":"product_tag","embeddable":true,"href":"https:\/\/shop.yipinqian.com\/fr\/wp-json\/wp\/v2\/product_tag?post=1790"}],"curies":[{"name":"wp","href":"https:\/\/api.w.org\/{rel}","templated":true}]}}