{"id":1789,"date":"2024-10-24T23:22:27","date_gmt":"2024-10-24T15:22:27","guid":{"rendered":"https:\/\/shop.yipinqian.com\/product\/special-offer-icy-translucent-crafted-as-pixiu-natural-type-a-jadeite-pendant-necklace-with-certificate-weigh-9-39-grams-30-16-3-13-4-mm-symbols-of-bring-in-money-keep-you-safe-and-healthy-suitable-fo\/"},"modified":"2025-02-24T00:49:51","modified_gmt":"2025-02-23T16:49:51","slug":"special-offer-icy-translucent-crafted-as-pixiu-natural-type-a-jadeite-pendant-necklace-with-certificate-weigh-9-39-grams-30-16-3-13-4-mm-symbols-of-bring-in-money-keep-you-safe-and-healthy-suitable-fo","status":"publish","type":"product","link":"https:\/\/shop.yipinqian.com\/fr\/produit\/special-offer-icy-translucent-crafted-as-pixiu-natural-type-a-jadeite-pendant-necklace-with-certificate-weigh-9-39-grams-30-16-3-13-4-mm-symbols-of-bring-in-money-keep-you-safe-and-healthy-suitable-fo\/","title":{"rendered":"Special Offer Icy Translucent crafted as Pixiu Natural Type A Jadeite Pendant Necklace with certificate weigh 9.39 grams, 30 * 16.3 * 13.4 mm, symbols of Bring in money, keep you safe and healthy, suitable for daily wear or collection (pendant45)"},"content":{"rendered":"<p>Get this beautiful Special Mid Year Offer Icy Translucent Pixiu Natural Type A Jadeite Pendant Necklace with certificate! Weighing 9.39 grams and measuring 30 * 16.3 * 13.4 mm, this necklace is a symbol of good fortune, bringing money and keeping you safe and healthy.<\/p>\n<ul>\n<li>\n<strong>High-Quality Jade:<\/strong> The necklace is made of natural Type A jadeite from Myanmar, known for its beautiful color and translucency.<\/li>\n<li>\n<strong>Certificat inclus :<\/strong> This product comes with a certificate for your peace of mind.<\/li>\n<li>\n<strong>Convient pour un usage quotidien :<\/strong> This pendant necklace is perfect for everyday wear or as a collectible item.<\/li>\n<\/ul>\n<p><strong>Certificate numbers: SJ2312020144<\/strong><\/p>\n<p><img fetchpriority=\"high\" decoding=\"async\" height=\"1080\" src=\"https:\/\/shop.yipinqian.com\/wp-content\/uploads\/2024\/10\/3197d8d5f059ca199ad41677dca16f5e.jpg?from=476444299\" width=\"1080\"><\/p>\n<p>The Pixiu symbolizes wealth and good luck while also providing protection to the wearer. The icy translucent jade adds to the beauty of the pendant making it an elegant accessory that can be worn on any occasion.<\/p>\n<ul>\n<li>\n<strong>Aucune garantie incluse\u00a0:<\/strong> Please note that this product does not come with any warranty type<\/li>\n<li>\n<strong>A Unisex Necklace Style: <\/strong>This Casual style necklce can be worn by anyone who wants to add elegance in their everyday look<\/li>\n<li>.<\/li>\n<\/ul>\n<p>Add some luck in your life by getting this Icy Translucent Pixiu Natural Type A Jadeite Pendant Necklace on Special Mid Year Offer today!<\/p>\n<p>\u00a0<\/p>\n<p>Yi Pin Qian \u2013 N\u00e9gociant en pierres pr\u00e9cieuses et m\u00e9taux pr\u00e9cieux \u00e0 Singapour \u2013 Num\u00e9ro de licence PS20190000031<\/p>\n<p>\u00a0<\/p>\n<p>*Toutes les jad\u00e9ites achet\u00e9es chez Yi Pin Qian \u00e0 Singapour, les clients peuvent r\u00e9server des cr\u00e9neaux pour le polissage ou une r\u00e9paration mineure en cas de mauvaise manipulation - des frais s&#039;appliquent et uniquement pour les clients de Yi Pin Qian \u00e0 Singapour*<\/p>\n<p>\u00a0<\/p>\n<p><strong>**Types de certificats**<\/strong><\/p>\n<p>\u00a0<\/p>\n<p><strong>NGI (Nan Yang Gemmologie)<\/strong><\/p>\n<p>ou <strong>Certificats \u00e9trangers <\/strong>(Yi Pin Qian utilise uniquement des certificats authentiques provenant de laboratoires \u00e9trangers et contr\u00f4le \u00e9galement la qualit\u00e9 de chacun de nos produits avant de les mettre en vente \u00e0 Singapour)<\/p>\n<p>\u00a0<\/p>\n<p>Chaque produit sur TikTok aura le type de certificat fourni indiqu\u00e9 dans la description. Pour tout client souhaitant envoyer sa commande \u00e0 NGI Singapore, il y aura un d\u00e9lai d&#039;attente pour la livraison de la commande estim\u00e9 \u00e0 environ 4 semaines pour recevoir votre commande. <strong>Les demandes de rapport sur les pierres pr\u00e9cieuses NGI doivent \u00eatre effectu\u00e9es en envoyant un message \u00e0 la boutique TikTok de Yi Pin Qian.<\/strong> Merci, <strong><u>des frais suppl\u00e9mentaires s&#039;appliquent<\/u><\/strong>.<\/p>\n<p>\u00a0<\/p>\n<p><strong>La jad\u00e9ite naturelle n&#039;est pas parfaite, juste un petit rappel : notre jad\u00e9ite naturelle, comme toutes les belles choses de la nature, poss\u00e8de ses caract\u00e9ristiques et ses variations uniques. Nous invitons nos pr\u00e9cieux clients \u00e0 adopter ces variations naturelles. Bon shopping !<\/strong><\/p>\n<p>\u00a0<\/p>\n<p><strong><u>Aucune des photos et des s\u00e9quences vid\u00e9o n&#039;a \u00e9t\u00e9 filtr\u00e9e. Nous encourageons nos clients \u00e0 regarder \u00e9galement les vid\u00e9os d&#039;accompagnement pour une vue plus compl\u00e8te de nos produits<\/u><\/strong><\/p>","protected":false},"excerpt":{"rendered":"<p>Get this beautiful Special Mid Year Offer Icy Translucent Pixiu Natural Type A Jadeite Pendant Necklace with certificate! Weighing 9.39 grams and measuring 30 * 16.3 * 13.4 mm, this necklace is a symbol of good fortune, bringing money and keeping you safe and healthy. High-Quality Jade: The necklace is made of natural Type A [&hellip;]<\/p>","protected":false},"featured_media":7928,"comment_status":"open","ping_status":"closed","template":"","meta":[],"product_brand":[],"product_cat":[194],"product_tag":[],"class_list":{"0":"post-1789","1":"product","2":"type-product","3":"status-publish","4":"has-post-thumbnail","6":"product_cat-value-picks","8":"first","9":"instock","10":"sale","11":"shipping-taxable","12":"purchasable","13":"product-type-simple"},"_links":{"self":[{"href":"https:\/\/shop.yipinqian.com\/fr\/wp-json\/wp\/v2\/product\/1789","targetHints":{"allow":["GET"]}}],"collection":[{"href":"https:\/\/shop.yipinqian.com\/fr\/wp-json\/wp\/v2\/product"}],"about":[{"href":"https:\/\/shop.yipinqian.com\/fr\/wp-json\/wp\/v2\/types\/product"}],"replies":[{"embeddable":true,"href":"https:\/\/shop.yipinqian.com\/fr\/wp-json\/wp\/v2\/comments?post=1789"}],"version-history":[{"count":0,"href":"https:\/\/shop.yipinqian.com\/fr\/wp-json\/wp\/v2\/product\/1789\/revisions"}],"wp:featuredmedia":[{"embeddable":true,"href":"https:\/\/shop.yipinqian.com\/fr\/wp-json\/wp\/v2\/media\/7928"}],"wp:attachment":[{"href":"https:\/\/shop.yipinqian.com\/fr\/wp-json\/wp\/v2\/media?parent=1789"}],"wp:term":[{"taxonomy":"product_brand","embeddable":true,"href":"https:\/\/shop.yipinqian.com\/fr\/wp-json\/wp\/v2\/product_brand?post=1789"},{"taxonomy":"product_cat","embeddable":true,"href":"https:\/\/shop.yipinqian.com\/fr\/wp-json\/wp\/v2\/product_cat?post=1789"},{"taxonomy":"product_tag","embeddable":true,"href":"https:\/\/shop.yipinqian.com\/fr\/wp-json\/wp\/v2\/product_tag?post=1789"}],"curies":[{"name":"wp","href":"https:\/\/api.w.org\/{rel}","templated":true}]}}