{"id":1788,"date":"2024-10-24T23:22:27","date_gmt":"2024-10-24T15:22:27","guid":{"rendered":"https:\/\/shop.yipinqian.com\/product\/special-offer-green-natural-type-a-jadeite-jade-crafted-as-three-legs-toad-set-on-18k-gold-with-diamonds-as-a-ring-with-certificate-weigh-3-75-grams-measurement-16-2-12-6-6-8-mm-18kring21\/"},"modified":"2025-02-17T00:04:17","modified_gmt":"2025-02-16T16:04:17","slug":"special-offer-green-natural-type-a-jadeite-jade-crafted-as-three-legs-toad-set-on-18k-gold-with-diamonds-as-a-ring-with-certificate-weigh-3-75-grams-measurement-16-2-12-6-6-8-mm-18kring21","status":"publish","type":"product","link":"https:\/\/shop.yipinqian.com\/fr\/produit\/special-offer-green-natural-type-a-jadeite-jade-crafted-as-three-legs-toad-set-on-18k-gold-with-diamonds-as-a-ring-with-certificate-weigh-3-75-grams-measurement-16-2-12-6-6-8-mm-18kring21\/","title":{"rendered":"Offre sp\u00e9ciale - Jade jad\u00e9ite naturelle verte de type A r\u00e9alis\u00e9e en forme de crapaud \u00e0 trois pattes serti sur or 18 carats avec diamants comme bague avec certificat pesant 3,75 grammes, mesurant 16,2 * 12,6 * 6,8 mm (18kring21)"},"content":{"rendered":"<p>Rehaussez votre collection de bijoux avec cette superbe bague en jade jad\u00e9ite naturelle verte de type A, con\u00e7ue comme un crapaud \u00e0 trois pattes serti sur or 18 carats avec diamants. Le design complexe et les mat\u00e9riaux de haute qualit\u00e9 font de cette bague un ajout parfait \u00e0 n&#039;importe quelle tenue.<\/p>\n<p>\u00a0<\/p>\n<p><strong>Num\u00e9ros de certificat : GD2110H012009<\/strong><\/p>\n<p><strong>Poids de l&#039;or 18 carats : 1,44 gramme<\/strong><\/p>\n<p><strong>Diamants : 2 * 0,012 = 0,024 carats<\/strong><\/p>\n<p><strong>Taille des doigts : 15,5 mm<\/strong><\/p>\n<p><strong>Jad\u00e9ite Poids : 2,3 grammes<\/strong><\/p>\n<p><strong>Poids total : 3,75 grammes<\/strong><\/p>\n<p><img fetchpriority=\"high\" decoding=\"async\" height=\"1080\" src=\"https:\/\/shop.yipinqian.com\/wp-content\/uploads\/2024\/10\/2cfd948791de2b980efd0d5458dfeb7f.jpg?from=476444299\" width=\"1080\"><\/p>\n<ul>\n<li>\n<strong>Authenticit\u00e9 certifi\u00e9e :<\/strong> Cette bague en jade jad\u00e9ite naturelle verte de type A est livr\u00e9e avec un certificat d&#039;authenticit\u00e9, garantissant que vous obtenez du jade v\u00e9ritable.<\/li>\n<li>\n<strong>Diamants \u00e9tincelants :<\/strong> Le mat\u00e9riau secondaire de cette pi\u00e8ce est le diamant, ajoutant une touche de glamour au design.<\/li>\n<li>\n<strong>Mat\u00e9riaux de qualit\u00e9 sup\u00e9rieure :<\/strong> Fabriqu\u00e9e en or PT\/Carat et pesant seulement 3,75 grammes, cette superbe pi\u00e8ce est \u00e0 la fois l\u00e9g\u00e8re et durable.<\/li>\n<\/ul>\n<p>Cette magnifique bague en jade mesure une taille impressionnante de 16,2 * 12,6 * 6,8 mm (18kring21), ce qui la rend parfaite pour un usage quotidien ou pour des occasions sp\u00e9ciales - ajoutant de la sophistication \u00e0 n&#039;importe quelle tenue.<\/p>\n<ul>\n<li>\n<strong>Fabriqu\u00e9 au Myanmar :<\/strong>Le pays d&#039;origine de la jad\u00e9ite naturelle verte de type A utilis\u00e9e dans la fabrication de la bague \u00e0 trois pattes du crapaud est le Myanmar, ce qui ajoute un \u00e9l\u00e9ment d&#039;exotisme \u00e0 votre collection de bijoux.<\/li>\n<li><strong>Un cadeau parfait : que ce soit pour vous-m\u00eame ou pour quelqu&#039;un de sp\u00e9cial, cette magnifique bague en jad\u00e9ite \u00e0 trois pattes sera un cadeau inoubliable qui sera ch\u00e9ri pour toujours.<\/strong><\/li>\n<\/ul>\n<p><strong>Cette pi\u00e8ce \u00e0 couper le souffle a \u00e9t\u00e9 con\u00e7ue sp\u00e9cialement pour les femmes qui aiment les bijoux uniques et de haute qualit\u00e9. Commandez le v\u00f4tre d\u00e8s aujourd&#039;hui !<\/strong><\/p>\n<p>\u00a0<\/p>\n<p>Yi Pin Qian \u2013 N\u00e9gociant en pierres pr\u00e9cieuses et m\u00e9taux pr\u00e9cieux \u00e0 Singapour \u2013 Num\u00e9ro de licence PS20190000031<\/p>\n<p>\u00a0<\/p>\n<p>*Toutes les jad\u00e9ites achet\u00e9es chez Yi Pin Qian \u00e0 Singapour, les clients peuvent r\u00e9server des cr\u00e9neaux pour le polissage ou une r\u00e9paration mineure en cas de mauvaise manipulation - des frais s&#039;appliquent et uniquement pour les clients de Yi Pin Qian \u00e0 Singapour*<\/p>\n<p>\u00a0<\/p>\n<p><strong>**Types de certificats**<\/strong><\/p>\n<p>\u00a0<\/p>\n<p><strong>NGI (Nan Yang Gemmologie)<\/strong><\/p>\n<p>ou <strong>Certificats \u00e9trangers <\/strong>(Yi Pin Qian utilise uniquement des certificats authentiques provenant de laboratoires \u00e9trangers et contr\u00f4le \u00e9galement la qualit\u00e9 de chacun de nos produits avant de les mettre en vente \u00e0 Singapour)<\/p>\n<p>\u00a0<\/p>\n<p>Chaque produit sur TikTok aura le type de certificat fourni indiqu\u00e9 dans la description. Pour tout client souhaitant envoyer sa commande \u00e0 NGI Singapore, il y aura un d\u00e9lai d&#039;attente pour la livraison de la commande estim\u00e9 \u00e0 environ 4 semaines pour recevoir votre commande. <strong>Les demandes de rapport sur les pierres pr\u00e9cieuses NGI doivent \u00eatre effectu\u00e9es en envoyant un message \u00e0 la boutique TikTok de Yi Pin Qian.<\/strong> Merci, <strong><u>des frais suppl\u00e9mentaires s&#039;appliquent<\/u><\/strong>.<\/p>\n<p>\u00a0<\/p>\n<p><strong>La jad\u00e9ite naturelle n&#039;est pas parfaite, juste un petit rappel : notre jad\u00e9ite naturelle, comme toutes les belles choses de la nature, poss\u00e8de ses caract\u00e9ristiques et ses variations uniques. Nous invitons nos pr\u00e9cieux clients \u00e0 adopter ces variations naturelles. Bon shopping !<\/strong><\/p>\n<p>\u00a0<\/p>\n<p><strong><u>Aucune des photos et des s\u00e9quences vid\u00e9o n&#039;a \u00e9t\u00e9 filtr\u00e9e. Nous encourageons nos clients \u00e0 regarder \u00e9galement les vid\u00e9os d&#039;accompagnement pour une vue plus compl\u00e8te de nos produits<\/u><\/strong><\/p>","protected":false},"excerpt":{"rendered":"<p>Rehaussez votre collection de bijoux avec cette superbe bague en jade jad\u00e9ite naturelle verte de type A, fabriqu\u00e9e en forme de crapaud \u00e0 trois pattes serti sur or 18 carats avec diamants. Le design complexe et les mat\u00e9riaux de haute qualit\u00e9 font de cette bague un ajout parfait \u00e0 n&#039;importe quelle tenue. Num\u00e9ros de certificat : GD2110H012009 Poids en or 18 carats : 1,44 gramme Diamants : 2 * 0,012 = [\u2026]<\/p>","protected":false},"featured_media":7918,"comment_status":"open","ping_status":"closed","template":"","meta":[],"product_brand":[],"product_cat":[119,49],"product_tag":[],"class_list":{"0":"post-1788","1":"product","2":"type-product","3":"status-publish","4":"has-post-thumbnail","6":"product_cat-18k-gold-ring-setting","7":"product_cat-rings","9":"first","10":"instock","11":"sale","12":"shipping-taxable","13":"purchasable","14":"product-type-simple"},"_links":{"self":[{"href":"https:\/\/shop.yipinqian.com\/fr\/wp-json\/wp\/v2\/product\/1788","targetHints":{"allow":["GET"]}}],"collection":[{"href":"https:\/\/shop.yipinqian.com\/fr\/wp-json\/wp\/v2\/product"}],"about":[{"href":"https:\/\/shop.yipinqian.com\/fr\/wp-json\/wp\/v2\/types\/product"}],"replies":[{"embeddable":true,"href":"https:\/\/shop.yipinqian.com\/fr\/wp-json\/wp\/v2\/comments?post=1788"}],"version-history":[{"count":0,"href":"https:\/\/shop.yipinqian.com\/fr\/wp-json\/wp\/v2\/product\/1788\/revisions"}],"wp:featuredmedia":[{"embeddable":true,"href":"https:\/\/shop.yipinqian.com\/fr\/wp-json\/wp\/v2\/media\/7918"}],"wp:attachment":[{"href":"https:\/\/shop.yipinqian.com\/fr\/wp-json\/wp\/v2\/media?parent=1788"}],"wp:term":[{"taxonomy":"product_brand","embeddable":true,"href":"https:\/\/shop.yipinqian.com\/fr\/wp-json\/wp\/v2\/product_brand?post=1788"},{"taxonomy":"product_cat","embeddable":true,"href":"https:\/\/shop.yipinqian.com\/fr\/wp-json\/wp\/v2\/product_cat?post=1788"},{"taxonomy":"product_tag","embeddable":true,"href":"https:\/\/shop.yipinqian.com\/fr\/wp-json\/wp\/v2\/product_tag?post=1788"}],"curies":[{"name":"wp","href":"https:\/\/api.w.org\/{rel}","templated":true}]}}