{"id":1784,"date":"2024-10-24T23:22:24","date_gmt":"2024-10-24T15:22:24","guid":{"rendered":"https:\/\/shop.yipinqian.com\/product\/sky-blue-natural-type-a-jadeite-pendant-with-certificate-faceless-buddha-weight-22-44-grams-50-60-23-60-9-30-mm-suitable-for-daily-wear-pendant123\/"},"modified":"2025-02-24T00:49:51","modified_gmt":"2025-02-23T16:49:51","slug":"sky-blue-natural-type-a-jadeite-pendant-with-certificate-faceless-buddha-weight-22-44-grams-50-60-23-60-9-30-mm-suitable-for-daily-wear-pendant123","status":"publish","type":"product","link":"https:\/\/shop.yipinqian.com\/fr\/produit\/sky-blue-natural-type-a-jadeite-pendant-with-certificate-faceless-buddha-weight-22-44-grams-50-60-23-60-9-30-mm-suitable-for-daily-wear-pendant123\/","title":{"rendered":"Pendentif en jad\u00e9ite naturelle bleu ciel de type A avec certificat Bouddha sans visage poids 22,44 grammes, 50,60 * 23,60 * 9,30 mm adapt\u00e9 \u00e0 un usage quotidien (pendentif123)"},"content":{"rendered":"<p>Ce pendentif en jad\u00e9ite naturelle bleu ciel de type A avec certificat est un ajout \u00e9tonnant \u00e0 toute collection de bijoux. Le design du bouddha sans visage ajoute une touche \u00e9l\u00e9gante, tandis que le poids de 22,44 grammes et les dimensions de 50,60 * 23,60 * 9,30 mm le rendent adapt\u00e9 \u00e0 un usage quotidien. Caract\u00e9ristiques principales :<\/p>\n<ul>\n<li>Jad\u00e9ite naturelle de type A bleu ciel<\/li>\n<li>Conception de Bouddha sans visage<\/li>\n<li>22,44 grammes, 50,60 * 23,60 * 9,30 mm<\/li>\n<li>Collier style d\u00e9contract\u00e9<\/li>\n<\/ul>\n<p>Fabriqu\u00e9 \u00e0 partir de jad\u00e9ite de haute qualit\u00e9 et certifi\u00e9 authentique, ce pendentif est parfait pour les hommes et les femmes \u00e0 porter en toute occasion quotidienne.<\/p>\n<p>\u00a0<\/p>\n<p><strong>Num\u00e9ro de certificat : ZS24040200296<\/strong><\/p>\n<p><img fetchpriority=\"high\" decoding=\"async\" height=\"1080\" src=\"https:\/\/shop.yipinqian.com\/wp-content\/uploads\/2024\/10\/1731f7709b8c344bbd2b352dfe91294f.jpg?from=476444299\" width=\"1080\"><\/p>\n<ul>\n<li>\n<strong>OCCASION:<\/strong> \u00c0 porter au quotidien <strong>GENRE:<\/strong> Unisexe <strong>TYPE DE JADE:<\/strong>Jad\u00e9ite <strong>AVEC CERTIFICAT : <\/strong>Si vous \u00eates pr\u00e9occup\u00e9 par les probl\u00e8mes d&#039;authenticit\u00e9, ce produit est livr\u00e9 avec un certificat d&#039;authentification. <strong>TYPE DE GARANTIE : <\/strong>Aucune garantie n&#039;est disponible avec le produit. Donc, si vous recherchez une pi\u00e8ce \u00e9l\u00e9gante, \u00e0 la fois styl\u00e9e et adapt\u00e9e \u00e0 un usage quotidien, ce pendentif en jad\u00e9ite naturelle bleu ciel de type A devrait \u00eatre votre premier choix\u00a0!<\/li>\n<\/ul>\n<p>\u00a0<\/p>\n<p>Yi Pin Qian \u2013 N\u00e9gociant en pierres pr\u00e9cieuses et m\u00e9taux pr\u00e9cieux \u00e0 Singapour \u2013 Num\u00e9ro de licence PS20190000031<\/p>\n<p>\u00a0<\/p>\n<p>*Toutes les jad\u00e9ites achet\u00e9es chez Yi Pin Qian \u00e0 Singapour, les clients peuvent r\u00e9server des cr\u00e9neaux pour le polissage ou une r\u00e9paration mineure en cas de mauvaise manipulation - des frais s&#039;appliquent et uniquement pour les clients de Yi Pin Qian \u00e0 Singapour*<\/p>\n<p>\u00a0<\/p>\n<p><strong>**Types de certificats**<\/strong><\/p>\n<p>\u00a0<\/p>\n<p><strong>NGI (Nan Yang Gemmologie)<\/strong><\/p>\n<p>ou <strong>Certificats \u00e9trangers <\/strong>(Yi Pin Qian utilise uniquement des certificats authentiques provenant de laboratoires \u00e9trangers et contr\u00f4le \u00e9galement la qualit\u00e9 de chacun de nos produits avant de les mettre en vente \u00e0 Singapour)<\/p>\n<p>\u00a0<\/p>\n<p>Chaque produit sur TikTok aura le type de certificat fourni indiqu\u00e9 dans la description. Pour tout client souhaitant envoyer sa commande \u00e0 NGI Singapore, il y aura un d\u00e9lai d&#039;attente pour la livraison de la commande estim\u00e9 \u00e0 environ 4 semaines pour recevoir votre commande. <strong>Les demandes de rapport sur les pierres pr\u00e9cieuses NGI doivent \u00eatre effectu\u00e9es en envoyant un message \u00e0 la boutique TikTok de Yi Pin Qian.<\/strong> Merci, <strong><u>des frais suppl\u00e9mentaires s&#039;appliquent<\/u><\/strong>.<\/p>","protected":false},"excerpt":{"rendered":"<p>Ce pendentif en jad\u00e9ite naturelle bleu ciel de type A avec certificat est un ajout \u00e9tonnant \u00e0 toute collection de bijoux. Le design du bouddha sans visage ajoute une touche \u00e9l\u00e9gante, tandis que le poids de 22,44 grammes et les dimensions de 50,60 * 23,60 * 9,30 mm le rendent adapt\u00e9 \u00e0 un usage quotidien. Principales caract\u00e9ristiques : Pendentif en jad\u00e9ite naturelle bleu ciel de type A [\u2026]<\/p>","protected":false},"featured_media":7898,"comment_status":"open","ping_status":"closed","template":"","meta":[],"product_brand":[],"product_cat":[194],"product_tag":[],"class_list":{"0":"post-1784","1":"product","2":"type-product","3":"status-publish","4":"has-post-thumbnail","6":"product_cat-value-picks","8":"first","9":"instock","10":"sale","11":"shipping-taxable","12":"purchasable","13":"product-type-simple"},"_links":{"self":[{"href":"https:\/\/shop.yipinqian.com\/fr\/wp-json\/wp\/v2\/product\/1784","targetHints":{"allow":["GET"]}}],"collection":[{"href":"https:\/\/shop.yipinqian.com\/fr\/wp-json\/wp\/v2\/product"}],"about":[{"href":"https:\/\/shop.yipinqian.com\/fr\/wp-json\/wp\/v2\/types\/product"}],"replies":[{"embeddable":true,"href":"https:\/\/shop.yipinqian.com\/fr\/wp-json\/wp\/v2\/comments?post=1784"}],"version-history":[{"count":0,"href":"https:\/\/shop.yipinqian.com\/fr\/wp-json\/wp\/v2\/product\/1784\/revisions"}],"wp:featuredmedia":[{"embeddable":true,"href":"https:\/\/shop.yipinqian.com\/fr\/wp-json\/wp\/v2\/media\/7898"}],"wp:attachment":[{"href":"https:\/\/shop.yipinqian.com\/fr\/wp-json\/wp\/v2\/media?parent=1784"}],"wp:term":[{"taxonomy":"product_brand","embeddable":true,"href":"https:\/\/shop.yipinqian.com\/fr\/wp-json\/wp\/v2\/product_brand?post=1784"},{"taxonomy":"product_cat","embeddable":true,"href":"https:\/\/shop.yipinqian.com\/fr\/wp-json\/wp\/v2\/product_cat?post=1784"},{"taxonomy":"product_tag","embeddable":true,"href":"https:\/\/shop.yipinqian.com\/fr\/wp-json\/wp\/v2\/product_tag?post=1784"}],"curies":[{"name":"wp","href":"https:\/\/api.w.org\/{rel}","templated":true}]}}