{"id":1783,"date":"2024-10-24T23:22:23","date_gmt":"2024-10-24T15:22:23","guid":{"rendered":"https:\/\/shop.yipinqian.com\/product\/semi-translucent-with-mix-of-wuji-buckle-of-mother-and-child-donut-natural-type-a-jadeite-pendant-symbols-of-peace-wishfulness-happiness-and-auspiciousness-certificate-included-weigh-18-72-grams-41-3\/"},"modified":"2025-02-17T00:04:17","modified_gmt":"2025-02-16T16:04:17","slug":"semi-translucent-with-mix-of-wuji-buckle-of-mother-and-child-donut-natural-type-a-jadeite-pendant-symbols-of-peace-wishfulness-happiness-and-auspiciousness-certificate-included-weigh-18-72-grams-41-3","status":"publish","type":"product","link":"https:\/\/shop.yipinqian.com\/fr\/produit\/semi-translucent-with-mix-of-wuji-buckle-of-mother-and-child-donut-natural-type-a-jadeite-pendant-symbols-of-peace-wishfulness-happiness-and-auspiciousness-certificate-included-weigh-18-72-grams-41-3\/","title":{"rendered":"Pendentif en jad\u00e9ite naturelle de type A semi-translucide avec m\u00e9lange de Wuji, boucle de m\u00e8re et d&#039;enfant, symboles de paix, de souhait, de bonheur et de bon augure, certificat inclus, p\u00e8se 18,72 grammes, 41,3 * 5,6 mm, convient \u00e0 un usage quotidien (pendentif71)"},"content":{"rendered":"<p>Ce pendentif en jad\u00e9ite naturelle semi-translucide de type A est un incontournable pour tous ceux qui aiment les beaux bijoux. Le m\u00e9lange de Wuji, de boucle de m\u00e8re et de conception de beignet pour enfant est \u00e0 la fois unique et magnifique.<\/p>\n<ul>\n<li>\n<strong>Symbolique:<\/strong> Le pendentif est orn\u00e9 de symboles de paix, de v\u0153ux, de bonheur et de bon augure. C&#039;est un cadeau parfait pour une personne sp\u00e9ciale.<\/li>\n<li>\n<strong>Certificat inclus :<\/strong> Ce pendentif est accompagn\u00e9 d&#039;un certificat prouvant son authenticit\u00e9.<\/li>\n<\/ul>\n<p><strong>Num\u00e9ros de certificat : ZS24031003176<\/strong><\/p>\n<p><img fetchpriority=\"high\" decoding=\"async\" height=\"1080\" src=\"https:\/\/shop.yipinqian.com\/wp-content\/uploads\/2024\/10\/011742d0fb8a6cc8144431b75c2ffc37.jpg?from=476444299\" width=\"1080\"><\/p>\n<ul>\n<li>\n<strong>\u00c0 porter au quotidien :<\/strong> Avec son poids de 18,72 grammes et sa taille de 41,3 * 5,6 mm, ce pendentif convient \u00e0 un port quotidien.<\/li>\n<\/ul>\n<p><img decoding=\"async\" height=\"1080\" src=\"https:\/\/shop.yipinqian.com\/wp-content\/uploads\/2024\/10\/4717ca6ece8e498884689c0bc595f87a.jpg?from=476444299\" width=\"1080\"><\/p>\n<p>Ce pendentif unisexe en jad\u00e9ite naturelle de type A vient du Myanmar, ce qui en fait un ajout exotique \u00e0 votre collection de bijoux qui ajoutera du caract\u00e8re \u00e0 votre style d\u00e9contract\u00e9 en toute occasion.<\/p>\n<p>Vous adorerez le style de collier d\u00e9contract\u00e9 qui le rend parfait \u00e0 porter seul ou en superposition avec d&#039;autres colliers que vous pourriez avoir dans votre collection.<\/p>\n<ul>\n<li>\n<strong>Certificat inclus :<\/strong> Oui<\/li>\n<li>\n<strong>Type de jade : <\/strong>Jad\u00e9ite<\/li>\n<li>\n<strong>Le pays d&#039;origine : <\/strong>Myanmar<\/li>\n<li>L&#039;occasion : \u00c0 porter au quotidien\/D\u00e9contract\u00e9 Le type de garantie : Aucune garantie disponible<\/li>\n<\/ul>\n<p>Yi Pin Qian \u2013 N\u00e9gociant en pierres pr\u00e9cieuses et m\u00e9taux pr\u00e9cieux \u00e0 Singapour \u2013 Num\u00e9ro de licence PS20190000031<\/p>\n<p>\u00a0<\/p>\n<p>*Toutes les jad\u00e9ites achet\u00e9es chez Yi Pin Qian \u00e0 Singapour, les clients peuvent r\u00e9server des cr\u00e9neaux pour le polissage ou une r\u00e9paration mineure en cas de mauvaise manipulation - des frais s&#039;appliquent et uniquement pour les clients de Yi Pin Qian \u00e0 Singapour*<\/p>\n<p>\u00a0<\/p>\n<p><strong>**Types de certificats**<\/strong><\/p>\n<p>\u00a0<\/p>\n<p><strong>NGI (Nan Yang Gemmologie)<\/strong><\/p>\n<p>ou <strong>Certificats \u00e9trangers <\/strong>(Yi Pin Qian utilise uniquement des certificats authentiques provenant de laboratoires \u00e9trangers et contr\u00f4le \u00e9galement la qualit\u00e9 de chacun de nos produits avant de les mettre en vente \u00e0 Singapour)<\/p>\n<p>\u00a0<\/p>\n<p>Chaque produit sur TikTok aura le type de certificat fourni indiqu\u00e9 dans la description. Pour tout client souhaitant envoyer sa commande \u00e0 NGI Singapore, il y aura un d\u00e9lai d&#039;attente pour la livraison de la commande estim\u00e9 \u00e0 environ 4 semaines pour recevoir votre commande. <strong>Les demandes de rapport sur les pierres pr\u00e9cieuses NGI doivent \u00eatre effectu\u00e9es en envoyant un message \u00e0 la boutique TikTok de Yi Pin Qian.<\/strong> Merci, <strong><u>des frais suppl\u00e9mentaires s&#039;appliquent<\/u><\/strong>.<\/p>\n<p>\u00a0<\/p>\n<p><strong>La jad\u00e9ite naturelle n&#039;est pas parfaite, juste un petit rappel : notre jad\u00e9ite naturelle, comme toutes les belles choses de la nature, poss\u00e8de ses caract\u00e9ristiques et ses variations uniques. Nous invitons nos pr\u00e9cieux clients \u00e0 adopter ces variations naturelles. Bon shopping !<\/strong><\/p>\n<p>\u00a0<\/p>\n<p><strong><u>Aucune des photos et des s\u00e9quences vid\u00e9o n&#039;a \u00e9t\u00e9 filtr\u00e9e. Nous encourageons nos clients \u00e0 regarder \u00e9galement les vid\u00e9os d&#039;accompagnement pour une vue plus compl\u00e8te de nos produits<\/u><\/strong><\/p>","protected":false},"excerpt":{"rendered":"<p>This Semi Translucent Natural Type A Jadeite Pendant is a must-have for anyone who loves fine jewelry. The mix of Wuji, Buckle of mother and child Donut design is both unique and beautiful. Symbolic: The pendant is adorned with symbols of Peace, wishfulness, happiness and auspiciousness. It makes a perfect gift for someone special. Certificate [&hellip;]<\/p>","protected":false},"featured_media":7888,"comment_status":"open","ping_status":"closed","template":"","meta":[],"product_brand":[],"product_cat":[48],"product_tag":[],"class_list":{"0":"post-1783","1":"product","2":"type-product","3":"status-publish","4":"has-post-thumbnail","6":"product_cat-pendants","8":"first","9":"instock","10":"sale","11":"shipping-taxable","12":"purchasable","13":"product-type-simple"},"_links":{"self":[{"href":"https:\/\/shop.yipinqian.com\/fr\/wp-json\/wp\/v2\/product\/1783","targetHints":{"allow":["GET"]}}],"collection":[{"href":"https:\/\/shop.yipinqian.com\/fr\/wp-json\/wp\/v2\/product"}],"about":[{"href":"https:\/\/shop.yipinqian.com\/fr\/wp-json\/wp\/v2\/types\/product"}],"replies":[{"embeddable":true,"href":"https:\/\/shop.yipinqian.com\/fr\/wp-json\/wp\/v2\/comments?post=1783"}],"version-history":[{"count":0,"href":"https:\/\/shop.yipinqian.com\/fr\/wp-json\/wp\/v2\/product\/1783\/revisions"}],"wp:featuredmedia":[{"embeddable":true,"href":"https:\/\/shop.yipinqian.com\/fr\/wp-json\/wp\/v2\/media\/7888"}],"wp:attachment":[{"href":"https:\/\/shop.yipinqian.com\/fr\/wp-json\/wp\/v2\/media?parent=1783"}],"wp:term":[{"taxonomy":"product_brand","embeddable":true,"href":"https:\/\/shop.yipinqian.com\/fr\/wp-json\/wp\/v2\/product_brand?post=1783"},{"taxonomy":"product_cat","embeddable":true,"href":"https:\/\/shop.yipinqian.com\/fr\/wp-json\/wp\/v2\/product_cat?post=1783"},{"taxonomy":"product_tag","embeddable":true,"href":"https:\/\/shop.yipinqian.com\/fr\/wp-json\/wp\/v2\/product_tag?post=1783"}],"curies":[{"name":"wp","href":"https:\/\/api.w.org\/{rel}","templated":true}]}}