{"id":1779,"date":"2024-10-24T23:22:22","date_gmt":"2024-10-24T15:22:22","guid":{"rendered":"https:\/\/shop.yipinqian.com\/product\/semi-icy-translucent-natural-type-a-jadeite-jade-crafted-with-fubei-as-pendant-with-certificate-weigh-9-97-grams-measurement-34-9-25-7-mm-pendant195\/"},"modified":"2025-02-24T00:49:51","modified_gmt":"2025-02-23T16:49:51","slug":"semi-icy-translucent-natural-type-a-jadeite-jade-crafted-with-fubei-as-pendant-with-certificate-weigh-9-97-grams-measurement-34-9-25-7-mm-pendant195","status":"publish","type":"product","link":"https:\/\/shop.yipinqian.com\/fr\/produit\/semi-icy-translucent-natural-type-a-jadeite-jade-crafted-with-fubei-as-pendant-with-certificate-weigh-9-97-grams-measurement-34-9-25-7-mm-pendant195\/","title":{"rendered":"Semi Icy Translucent Natural Type A Jadeite Jade crafted with Fubei as pendant with certificate weigh 9.97 grams, measurement 34.9 * 25 * 7 mm (pendant195)"},"content":{"rendered":"<p>This Semi Icy Translucent Natural Type A Jadeite Pendant with Fubei crafted intricately is an exquisite piece of jewelry accessory, perfect for daily wear and casual occasions.<\/p>\n<p><\/p>\n<p><strong>Certificate numbers: 90159011532<\/strong><\/p>\n<ul>\n<li>\n<strong>Type de jade :<\/strong> Jad\u00e9ite<\/li>\n<li>\n<strong>Poids:<\/strong> 9.97 grams<\/li>\n<li>\n<strong>Mesures:<\/strong> 34.9 * 25 * 7 mm (pendant195)<\/li>\n<li>\n<strong>Jade Color:<\/strong> Semi Icy Translucent Natural<\/li>\n<li><em>Certificate included.<\/em><\/li>\n<\/ul>\n<p>The pendant with Fubei design adds a distinguishing charm to the natural jade, making it a perfect fashion statement for both men and women alike. The jade used in this pendant is of high quality and handpicked from the mines of Myanmar, also known as Burma.<\/p>\n<p>This piece will make an ideal gift for your loved ones who appreciate unique jewelry pieces or can be added to your personal jewelry collection as its transparency will complement any outfit you pair it with!<\/p>\n<ul>\n<li>The necklace style is casual, making it suitable for everyday wear without being too flashy or overwhelming.<\/li>\n<\/ul>\n<p>Please note that this product comes without any warranty type but rest assured that you are investing in a quality product that has been crafted intricately by skilled artisans who have years of expertise in creating such masterpieces!<\/p>\n<p><\/p>\n<p>Yi Pin Qian \u2013 N\u00e9gociant en pierres pr\u00e9cieuses et m\u00e9taux pr\u00e9cieux \u00e0 Singapour \u2013 Num\u00e9ro de licence PS20190000031<\/p>\n<p><\/p>\n<p>*Toutes les jad\u00e9ites achet\u00e9es chez Yi Pin Qian \u00e0 Singapour, les clients peuvent r\u00e9server des cr\u00e9neaux pour le polissage ou une r\u00e9paration mineure en cas de mauvaise manipulation - des frais s&#039;appliquent et uniquement pour les clients de Yi Pin Qian \u00e0 Singapour*<\/p>\n<p><\/p>\n<p><strong>**Types de certificats**<\/strong><\/p>\n<p><\/p>\n<p><strong>NGI (Nan Yang Gemmologie)<\/strong><\/p>\n<p>ou <strong>Certificats \u00e9trangers <\/strong>(Yi Pin Qian utilise uniquement des certificats authentiques provenant de laboratoires \u00e9trangers et contr\u00f4le \u00e9galement la qualit\u00e9 de chacun de nos produits avant de les mettre en vente \u00e0 Singapour)<\/p>\n<p><\/p>\n<p>Chaque produit sur TikTok aura le type de certificat fourni indiqu\u00e9 dans la description. Pour tout client souhaitant envoyer sa commande \u00e0 NGI Singapore, il y aura un d\u00e9lai d&#039;attente pour la livraison de la commande estim\u00e9 \u00e0 environ 4 semaines pour recevoir votre commande. <strong>Les demandes de rapport sur les pierres pr\u00e9cieuses NGI doivent \u00eatre effectu\u00e9es en envoyant un message \u00e0 la boutique TikTok de Yi Pin Qian.<\/strong> Merci, <strong><u>des frais suppl\u00e9mentaires s&#039;appliquent<\/u><\/strong>.<\/p>\n<p><\/p>\n<p><strong>La jad\u00e9ite naturelle n&#039;est pas parfaite, juste un petit rappel : notre jad\u00e9ite naturelle, comme toutes les belles choses de la nature, poss\u00e8de ses caract\u00e9ristiques et ses variations uniques. Nous invitons nos pr\u00e9cieux clients \u00e0 adopter ces variations naturelles. Bon shopping !<\/strong><\/p>\n<p><\/p>\n<p><strong><u>Aucune des photos et des s\u00e9quences vid\u00e9o n&#039;a \u00e9t\u00e9 filtr\u00e9e. Nous encourageons nos clients \u00e0 regarder \u00e9galement les vid\u00e9os d&#039;accompagnement pour une vue plus compl\u00e8te de nos produits<\/u><\/strong><\/p>\n<p><\/p>\n<p>.<\/p>","protected":false},"excerpt":{"rendered":"<p>This Semi Icy Translucent Natural Type A Jadeite Pendant with Fubei crafted intricately is an exquisite piece of jewelry accessory, perfect for daily wear and casual occasions. Certificate numbers: 90159011532 Jade Type: Jadeite Weight: 9.97 grams Measurement: 34.9 * 25 * 7 mm (pendant195) Jade Color: Semi Icy Translucent Natural Certificate included. The pendant with [&hellip;]<\/p>","protected":false},"featured_media":7858,"comment_status":"open","ping_status":"closed","template":"","meta":[],"product_brand":[],"product_cat":[194],"product_tag":[],"class_list":{"0":"post-1779","1":"product","2":"type-product","3":"status-publish","4":"has-post-thumbnail","6":"product_cat-value-picks","8":"first","9":"instock","10":"sale","11":"shipping-taxable","12":"purchasable","13":"product-type-simple"},"_links":{"self":[{"href":"https:\/\/shop.yipinqian.com\/fr\/wp-json\/wp\/v2\/product\/1779","targetHints":{"allow":["GET"]}}],"collection":[{"href":"https:\/\/shop.yipinqian.com\/fr\/wp-json\/wp\/v2\/product"}],"about":[{"href":"https:\/\/shop.yipinqian.com\/fr\/wp-json\/wp\/v2\/types\/product"}],"replies":[{"embeddable":true,"href":"https:\/\/shop.yipinqian.com\/fr\/wp-json\/wp\/v2\/comments?post=1779"}],"version-history":[{"count":0,"href":"https:\/\/shop.yipinqian.com\/fr\/wp-json\/wp\/v2\/product\/1779\/revisions"}],"wp:featuredmedia":[{"embeddable":true,"href":"https:\/\/shop.yipinqian.com\/fr\/wp-json\/wp\/v2\/media\/7858"}],"wp:attachment":[{"href":"https:\/\/shop.yipinqian.com\/fr\/wp-json\/wp\/v2\/media?parent=1779"}],"wp:term":[{"taxonomy":"product_brand","embeddable":true,"href":"https:\/\/shop.yipinqian.com\/fr\/wp-json\/wp\/v2\/product_brand?post=1779"},{"taxonomy":"product_cat","embeddable":true,"href":"https:\/\/shop.yipinqian.com\/fr\/wp-json\/wp\/v2\/product_cat?post=1779"},{"taxonomy":"product_tag","embeddable":true,"href":"https:\/\/shop.yipinqian.com\/fr\/wp-json\/wp\/v2\/product_tag?post=1779"}],"curies":[{"name":"wp","href":"https:\/\/api.w.org\/{rel}","templated":true}]}}