{"id":1774,"date":"2024-10-24T23:22:19","date_gmt":"2024-10-24T15:22:19","guid":{"rendered":"https:\/\/shop.yipinqian.com\/product\/semi-icy-rare-old-school-natural-type-a-jadeite-jade-pendant-necklace-crafted-as-manjushri-bodhisattva-without-mount-with-certificate-weigh-25-28-grams-58-33-2-7-3-mm-pendant167\/"},"modified":"2025-02-17T00:04:16","modified_gmt":"2025-02-16T16:04:16","slug":"semi-icy-rare-old-school-natural-type-a-jadeite-jade-pendant-necklace-crafted-as-manjushri-bodhisattva-without-mount-with-certificate-weigh-25-28-grams-58-33-2-7-3-mm-pendant167","status":"publish","type":"product","link":"https:\/\/shop.yipinqian.com\/fr\/produit\/semi-icy-rare-old-school-natural-type-a-jadeite-jade-pendant-necklace-crafted-as-manjushri-bodhisattva-without-mount-with-certificate-weigh-25-28-grams-58-33-2-7-3-mm-pendant167\/","title":{"rendered":"Semi Icy Rare Old School Natural Type A Jadeite Jade Pendant Necklace crafted as Manjushri Bodhisattva without Mount with certificate weigh 25.28 grams, 58 * 33.2 * 7.3 mm (pendant167)"},"content":{"rendered":"<p>This Semi Icy Rare Old School Natural Type A Jadeite Jade Pendant Necklace is a stunning piece crafted as Manjushri Bodhisattva without Mount. With a weight of 25.28 grams and dimensions of <strong>58 * 33.2 * 7.3 mm<\/strong>, it&#8217;s both elegant and unique.<\/p>\n<p>Num\u00e9ros de certificat : <strong>920770039706<\/strong><\/p>\n<p>Caract\u00e9ristiques principales :<\/p>\n<ul>\n<li>Handcrafted as Manjushri Bodhisattva without Mount<\/li>\n<li>Semi Icy Rare Old School Natural Type A Jadeite Jade<\/li>\n<li>Comes with certificate,<\/li>\n<li>Pays d&#039;origine : Myanmar<\/li>\n<li>Unisex design, Necklace Style: Casual<\/li>\n<li>Auspicious Occasion for wearing this necklace.<\/li>\n<li>This pendant necklace is made from high-quality natural jadeite jade and is perfect for both casual and auspicious occasions.<\/li>\n<\/ul>\n<p>The unisex design makes it suitable for anyone to wear. Crafted as Manjushri Bodhisattva without Mount, this pendant necklace has a unique artistic touch that makes it stand out from the rest. It&#8217;s also semi-icy rare old school natural type A jadeite jade that adds to its beauty.<\/p>\n<p>You can rest assured that you&#8217;re getting an authentic piece as this pendant necklace comes with a certificate of authenticity from Myanmar &#8211; the country of origin.<\/p>\n<p>Yi Pin Qian \u2013 N\u00e9gociant en pierres pr\u00e9cieuses et m\u00e9taux pr\u00e9cieux \u00e0 Singapour \u2013 Num\u00e9ro de licence PS20190000031<\/p>\n<p>*Toutes les jad\u00e9ites achet\u00e9es chez Yi Pin Qian \u00e0 Singapour, les clients peuvent r\u00e9server des cr\u00e9neaux pour le polissage ou une r\u00e9paration mineure en cas de mauvaise manipulation - des frais s&#039;appliquent et uniquement pour les clients de Yi Pin Qian \u00e0 Singapour*<\/p>\n<p><strong>**Types de certificats**<\/strong><\/p>\n<p><strong>NGI (Nan Yang Gemmologie)<\/strong><\/p>\n<p>ou <strong>Certificats \u00e9trangers <\/strong>(Yi Pin Qian utilise uniquement des certificats authentiques provenant de laboratoires \u00e9trangers et contr\u00f4le \u00e9galement la qualit\u00e9 de chacun de nos produits avant de les mettre en vente \u00e0 Singapour)<\/p>\n<p>Chaque produit sur TikTok aura le type de certificat fourni indiqu\u00e9 dans la description. Pour tout client souhaitant envoyer sa commande \u00e0 NGI Singapore, il y aura un d\u00e9lai d&#039;attente pour la livraison de la commande estim\u00e9 \u00e0 environ 4 semaines pour recevoir votre commande. <strong>Les demandes de rapport sur les pierres pr\u00e9cieuses NGI doivent \u00eatre effectu\u00e9es en envoyant un message \u00e0 la boutique TikTok de Yi Pin Qian.<\/strong> Merci, <strong><u>des frais suppl\u00e9mentaires s&#039;appliquent<\/u><\/strong>.<\/p>\n<p><strong>La jad\u00e9ite naturelle n&#039;est pas parfaite, juste un petit rappel : notre jad\u00e9ite naturelle, comme toutes les belles choses de la nature, poss\u00e8de ses caract\u00e9ristiques et ses variations uniques. Nous invitons nos pr\u00e9cieux clients \u00e0 adopter ces variations naturelles. Bon shopping !<\/strong><\/p>\n<p><strong><u>Aucune des photos et des s\u00e9quences vid\u00e9o n&#039;a \u00e9t\u00e9 filtr\u00e9e. Nous encourageons nos clients \u00e0 regarder \u00e9galement les vid\u00e9os d&#039;accompagnement pour une vue plus compl\u00e8te de nos produits<\/u><\/strong><\/p>","protected":false},"excerpt":{"rendered":"<p>Ce collier pendentif en jade jad\u00e9ite naturelle de type A de l&#039;ancienne \u00e9cole, rare et semi-glac\u00e9e, est une pi\u00e8ce \u00e9poustouflante con\u00e7ue comme le Bodhisattva Manjushri sans monture. Avec un poids de 25,28 grammes et des dimensions de 58 * 33,2 * 7,3 mm, il est \u00e0 la fois \u00e9l\u00e9gant et unique. Num\u00e9ros de certificat : 920770039706 Principales caract\u00e9ristiques : Fabriqu\u00e9 \u00e0 la main comme le Bodhisattva Manjushri sans monture Semi [\u2026]<\/p>","protected":false},"featured_media":7842,"comment_status":"open","ping_status":"closed","template":"","meta":[],"product_brand":[],"product_cat":[48],"product_tag":[],"class_list":{"0":"post-1774","1":"product","2":"type-product","3":"status-publish","4":"has-post-thumbnail","6":"product_cat-pendants","8":"first","9":"instock","10":"sale","11":"shipping-taxable","12":"purchasable","13":"product-type-simple"},"_links":{"self":[{"href":"https:\/\/shop.yipinqian.com\/fr\/wp-json\/wp\/v2\/product\/1774","targetHints":{"allow":["GET"]}}],"collection":[{"href":"https:\/\/shop.yipinqian.com\/fr\/wp-json\/wp\/v2\/product"}],"about":[{"href":"https:\/\/shop.yipinqian.com\/fr\/wp-json\/wp\/v2\/types\/product"}],"replies":[{"embeddable":true,"href":"https:\/\/shop.yipinqian.com\/fr\/wp-json\/wp\/v2\/comments?post=1774"}],"version-history":[{"count":0,"href":"https:\/\/shop.yipinqian.com\/fr\/wp-json\/wp\/v2\/product\/1774\/revisions"}],"wp:featuredmedia":[{"embeddable":true,"href":"https:\/\/shop.yipinqian.com\/fr\/wp-json\/wp\/v2\/media\/7842"}],"wp:attachment":[{"href":"https:\/\/shop.yipinqian.com\/fr\/wp-json\/wp\/v2\/media?parent=1774"}],"wp:term":[{"taxonomy":"product_brand","embeddable":true,"href":"https:\/\/shop.yipinqian.com\/fr\/wp-json\/wp\/v2\/product_brand?post=1774"},{"taxonomy":"product_cat","embeddable":true,"href":"https:\/\/shop.yipinqian.com\/fr\/wp-json\/wp\/v2\/product_cat?post=1774"},{"taxonomy":"product_tag","embeddable":true,"href":"https:\/\/shop.yipinqian.com\/fr\/wp-json\/wp\/v2\/product_tag?post=1774"}],"curies":[{"name":"wp","href":"https:\/\/api.w.org\/{rel}","templated":true}]}}